 {"id":20,"date":"2012-11-27T09:49:47","date_gmt":"2012-11-27T08:49:47","guid":{"rendered":"https:\/\/blogs.univ-tlse2.fr\/colloquevinalbi2013\/?page_id=20"},"modified":"2012-11-27T09:49:47","modified_gmt":"2012-11-27T08:49:47","slug":"vin-naturel","status":"publish","type":"page","link":"https:\/\/blogs.univ-tlse2.fr\/invinovarietas\/colloque-albi-2013\/vin-naturel\/","title":{"rendered":"Partenaires"},"content":{"rendered":"<p><strong>Avec le soutien de<\/strong> :<\/p>\n<p><a href=\"http:\/\/www.univ-tlse2.fr\/\">Universit\u00e9 de Toulouse II -Le Mirail<\/a>, <a href=\"http:\/\/geo.univ-tlse2.fr\/\">D\u00e9partement de G\u00e9ographie<\/a>, <a href=\"http:\/\/www.isthia.fr\/\">ISTHIA<\/a>,<br \/>\nLaboratoires de recherches : <a href=\"w3.certop.univ-tlse2.fr\/\">CERTOP<\/a>, <a href=\"plh.univ-tlse2.fr\/\">PLH<\/a><br \/>\n<a href=\"www.univ-tlse3.fr\/\">Universit\u00e9 Paul Sabatier<\/a>, Laboratoire <a href=\"http:\/\/w3.dtp.obs-mip.fr\/index.htm\">GET OMP<\/a><br \/>\n<a href=\"www.midipyrenees.fr\/\">Conseil R\u00e9gional de Midi-Pyr\u00e9n\u00e9es<\/a><br \/>\n<a href=\"www.cg81.fr\/\">Conseil G\u00e9n\u00e9ral du Tarn<\/a><br \/>\n<a href=\"www.mairie-albi.fr\/\">Mairie d&rsquo;Albi<\/a><\/p>\n<p><strong>Avec la participation de<\/strong> :<\/p>\n<p>Universit\u00e9 de Toulouse II -Le Mirail, Dynamiques Rurales, FRAMESPA, GEODE, LISST, TRACES, service DTICE<br \/>\nINPT-ENSAT<br \/>\nINPT-EI Purpan<br \/>\nENS Architecture Toulouse<br \/>\nUniversit\u00e9 Paul Sabatier, IRIT<br \/>\nLGC, UMR CNRS\/INPT\/UPS<br \/>\nCentre Edgar Morin, CNRS \/ EHESS<br \/>\nEHESS<br \/>\nUniversity of Arizona, Department of History<br \/>\nCentre Universitaire de Formation et de Recherche Jean-Fran\u00e7ois Champollion &#8211; Albi<\/p>\n<p>La DRAC de Midi-Pyr\u00e9n\u00e9es<\/p>\n<p><strong>En collaboration avec<\/strong> :<\/p>\n<p>Festival des Vins Naturels et Association Valeurs de l&rsquo;Albigeois.<\/p>\n","protected":false},"excerpt":{"rendered":"<p>Avec le soutien de : Universit\u00e9 de Toulouse II -Le Mirail, D\u00e9partement de G\u00e9ographie, ISTHIA, Laboratoires de recherches : CERTOP, PLH Universit\u00e9 Paul Sabatier, Laboratoire GET OMP Conseil R\u00e9gional de Midi-Pyr\u00e9n\u00e9es Conseil G\u00e9n\u00e9ral du Tarn Mairie d&rsquo;Albi Avec la participation de : Universit\u00e9 de Toulouse II -Le Mirail, Dynamiques Rurales, FRAMESPA, GEODE, LISST, TRACES, service [&hellip;]<\/p>\n","protected":false},"author":251,"featured_media":0,"parent":344,"menu_order":0,"comment_status":"closed","ping_status":"closed","template":"","meta":{"footnotes":""},"class_list":["post-20","page","type-page","status-publish","hentry"],"_links":{"self":[{"href":"https:\/\/blogs.univ-tlse2.fr\/invinovarietas\/wp-json\/wp\/v2\/pages\/20","targetHints":{"allow":["GET"]}}],"collection":[{"href":"https:\/\/blogs.univ-tlse2.fr\/invinovarietas\/wp-json\/wp\/v2\/pages"}],"about":[{"href":"https:\/\/blogs.univ-tlse2.fr\/invinovarietas\/wp-json\/wp\/v2\/types\/page"}],"author":[{"embeddable":true,"href":"https:\/\/blogs.univ-tlse2.fr\/invinovarietas\/wp-json\/wp\/v2\/users\/251"}],"replies":[{"embeddable":true,"href":"https:\/\/blogs.univ-tlse2.fr\/invinovarietas\/wp-json\/wp\/v2\/comments?post=20"}],"version-history":[{"count":0,"href":"https:\/\/blogs.univ-tlse2.fr\/invinovarietas\/wp-json\/wp\/v2\/pages\/20\/revisions"}],"up":[{"embeddable":true,"href":"https:\/\/blogs.univ-tlse2.fr\/invinovarietas\/wp-json\/wp\/v2\/pages\/344"}],"wp:attachment":[{"href":"https:\/\/blogs.univ-tlse2.fr\/invinovarietas\/wp-json\/wp\/v2\/media?parent=20"}],"curies":[{"name":"wp","href":"https:\/\/api.w.org\/{rel}","templated":true}]}}