 {"id":377,"date":"2014-10-30T16:50:34","date_gmt":"2014-10-30T15:50:34","guid":{"rendered":"https:\/\/blogs.univ-tlse2.fr\/colloquevinalbi2013\/?page_id=377"},"modified":"2014-10-30T16:50:34","modified_gmt":"2014-10-30T15:50:34","slug":"377-2","status":"publish","type":"page","link":"https:\/\/blogs.univ-tlse2.fr\/invinovarietas\/appel-a-communications-2015\/377-2\/","title":{"rendered":"Organisation"},"content":{"rendered":"<p style=\"text-align: justify\">Cette manifestation est port\u00e9e par <strong>deux Unit\u00e9s de Recherche de l&rsquo;Universit\u00e9 Toulouse &#8211; Jean Jaur\u00e8s<\/strong> : le <strong><a href=\"http:\/\/www.certop.cnrs.fr\/\">CERTOP<\/a><\/strong> &#8211; UMR5044 &#8211;\u00a0 (Centre d\u2019\u00c9tude et de Recherche Travail Organisation Pouvoir)\u00a0 et <strong><a href=\"http:\/\/dynamiques-rurales.univ-tlse2.fr\/\">Dynamiques Rurales<\/a><\/strong> &#8211; UMR MA 104.<\/p>\n<p style=\"text-align: justify\">Ce Colloque <strong>b\u00e9n\u00e9ficie du soutien du Conseil Scientifique<\/strong> de l&rsquo;Universit\u00e9 Toulouse &#8211; Jean Jaur\u00e8s <strong>et de l&rsquo;appui du CPRS<\/strong> de la Maison de Recherche.<\/p>\n<p><strong>Co-responsables du Symposium\u00a0: <\/strong><\/p>\n<p><strong>Danielle Cornot, UT2J, CERTOP, <a href=\"mai&#108;&#x74;&#x6f;&#x3a;&#x63;orn&#111;&#x74;&#x2e;&#x69;&#x6e;vin&#111;&#118;&#x61;&#x72;&#x69;&#x65;tas&#64;&#x75;&#x6e;&#x69;&#x76;-tl&#115;&#x65;&#x32;&#x2e;&#x66;r\">co&#114;&#x6e;&#x6f;&#x74;&#46;i&#110;&#x76;&#x69;&#x6e;ov&#97;&#x72;&#x69;&#x65;tas&#64;&#x75;&#x6e;&#x69;v-&#116;&#x6c;&#x73;&#x65;2&#46;&#102;&#x72;<\/a><br \/>\nMicha\u00ebl Pouzenc, UT2J,\u00a0 Dynamiques rurales, <a href=\"&#x6d;&#x61;&#x69;&#x6c;&#x74;&#x6f;&#x3a;&#x70;&#x6f;&#x75;&#x7a;&#x65;&#x6e;&#x63;&#x40;&#x75;&#x6e;&#x69;&#x76;&#x2d;&#x74;&#x6c;&#x73;&#x65;&#x32;&#x2e;&#x66;&#x72;\">&#x70;&#x6f;&#x75;&#x7a;&#x65;&#x6e;&#x63;&#x40;&#x75;&#x6e;&#x69;&#x76;&#x2d;&#x74;&#x6c;&#x73;&#x65;&#x32;&#x2e;&#x66;&#x72;<\/a><\/strong><\/p>\n<p><strong>\u00a0Comit\u00e9 Scientifique\u00a0:<\/strong><\/p>\n<p style=\"text-align: justify\">Jean-Pierre Albert (LISST, EHESS, Universit\u00e9 Toulouse &#8211; Jean Jaur\u00e8s), Alain Alcouffe (Universit\u00e9 de Toulouse I-Capitole), William Beezley (Department of History, University of Arizona, Etats-Unis), Marek Bienczyk (Institut de recherches litt\u00e9raires, Acad\u00e9mie Polonaise des Sciences, Varsovie, Pologne), G\u00e9rard Briane (Geode, Universit\u00e9 Toulouse \u2013 Jean Jaur\u00e8s), Alessandro Carassale (CeSA, Centro di studi sulla storia dell\u2019alimentazione e della cultura materiale, Italie), Eugenio Climent-Lopez (Institut Universitaire des Sciences Environnementales, Universit\u00e9 de Saragosse, Espagne), Maurice Comtat (LGC, Universit\u00e9 Toulouse III-Paul Sabatier), Danielle Cornot (CERTOP, Universit\u00e9 Toulouse &#8211; Jean Jaur\u00e8s), Christian Darles (LRA, ENS Architecture, Universit\u00e9 de Toulouse), Claude Fischler (Centre Edgar Morin, EHESS &amp; CNRS), Choi Hae-Wook (Department of wine and food fermentation technology, Young-Dong University, Cor\u00e9e du Sud), Peter Hayes (RMIT University, Australie), Ara Hovhannisyan (Armenian National Agrarian University, Yerevan, Arm\u00e9nie), Olivier Jacquet (Chaire UNESCO-Culture et Traditions du Vin, Universit\u00e9 de Bourgogne), Jean-Yves Laurichesse (PLH, Universit\u00e9 Toulouse &#8211; Jean Jaur\u00e8s), Alexandra Mendoza-Caminade (CDA, Universit\u00e9 de Toulouse I-Capitole), Val\u00e9rie Olivier-Salvagnac (AGIR, INPT-ENSAT), Jean-Marie Pailler (TRACES, Universit\u00e9 Toulouse &#8211; Jean Jaur\u00e8s), R\u00e9my Pech (FRAMESPA, Universit\u00e9 Toulouse &#8211; Jean Jaur\u00e8s), Jean-Pierre Poulain (CERTOP, Universit\u00e9 Toulouse &#8211; Jean Jaur\u00e8s &amp; Chair of Food Studies, Taylor\u2019s University, Malaisie), Micha\u00ebl Pouzenc (Dynamiques Rurales, Universit\u00e9 Toulouse &#8211; Jean-Jaur\u00e8s), Gilles de Revel (ISVV, Universit\u00e9 de Bordeaux), Eric Rouvellac (GEOLAB, Universit\u00e9 de Limoges), Jean-Marie Sablayrolles (Supagro-INRA Montpellier), Dominique Salameh (Facult\u00e9 des sciences de l\u2019Universit\u00e9 Saint-Joseph, Beyrouth, Liban), Rapha\u00ebl Schirmer (Ades, Universit\u00e9 de Bordeaux), Eva Schreck (GET, Universit\u00e9 de Toulouse III-Paul Sabatier), Jorge M. Ricardo-Da-Silva (Institut des Sciences Agronomiques, University of Lisbon, Portugal), Patricia Taillandier (LGC, INPT-ENSIACET, Universit\u00e9 de Toulouse), Panagiotis Tataridis (Department of Enology, Technological Educational Institute of Athens &amp; PANEPO, Gr\u00e8ce), Nathalie Vincent-Arnaud (CAS &amp; IRPALL, Universit\u00e9 Toulouse &#8211; Jean Jaur\u00e8s), Leanne White (School of International Business, Victoria University, Australie)<\/p>\n<p><strong>Comit\u00e9 d\u2019organisation\u00a0: <\/strong><\/p>\n<p style=\"text-align: justify\">Joseph Buosi (D\u00e9partement de G\u00e9ographie, Universit\u00e9 Toulouse &#8211; Jean Jaur\u00e8s), Christine Calvet (IRPALL, Universit\u00e9 Toulouse &#8211; Jean Jaur\u00e8s), Maurice Comtat (LGC, Universit\u00e9 de Toulouse III-Paul Sabatier), Danielle Cornot (CERTOP, Universit\u00e9 Toulouse &#8211; Jean Jaur\u00e8s), Pierre Courjault-Rad\u00e9 (GET, Universit\u00e9 de Toulouse III-Paul Sabatier), Christian Darles (ENS Architecture Toulouse, LRA, Universit\u00e9 de Toulouse), Paul Fabre (IVSO, Interprofession des Vins du Sud-Ouest), Louis F\u00e9raud (IRIT, Universit\u00e9 de Toulouse III-Paul Sabatier), J\u00e9r\u00f4me Grapy (D\u00e9partement de G\u00e9ographie, Universit\u00e9 Toulouse &#8211; Jean Jaur\u00e8s), Micha\u00ebl Pouzenc (Dynamiques Rurales, Universit\u00e9 Toulouse &#8211; Jean Jaur\u00e8s), Anne Razous (CERTOP, Universit\u00e9 Toulouse &#8211; Jean Jaur\u00e8s), Eric Rouvellac (GEOLAB, Universit\u00e9 de Limoges), Pierre Strehaiano (LGC, INPT-ENSIACET, Universit\u00e9 de Toulouse), Nathalie Vincent-Arnaud (CAS &amp; IRPALL, Universit\u00e9 Toulouse &#8211; Jean Jaur\u00e8s)<\/p>\n","protected":false},"excerpt":{"rendered":"<p>Cette manifestation est port\u00e9e par deux Unit\u00e9s de Recherche de l&rsquo;Universit\u00e9 Toulouse &#8211; Jean Jaur\u00e8s : le CERTOP &#8211; UMR5044 &#8211;\u00a0 (Centre d\u2019\u00c9tude et de Recherche Travail Organisation Pouvoir)\u00a0 et Dynamiques Rurales &#8211; UMR MA 104. Ce Colloque b\u00e9n\u00e9ficie du soutien du Conseil Scientifique de l&rsquo;Universit\u00e9 Toulouse &#8211; Jean Jaur\u00e8s et de l&rsquo;appui du CPRS [&hellip;]<\/p>\n","protected":false},"author":251,"featured_media":0,"parent":350,"menu_order":0,"comment_status":"closed","ping_status":"closed","template":"","meta":{"footnotes":""},"class_list":["post-377","page","type-page","status-publish","hentry"],"_links":{"self":[{"href":"https:\/\/blogs.univ-tlse2.fr\/invinovarietas\/wp-json\/wp\/v2\/pages\/377","targetHints":{"allow":["GET"]}}],"collection":[{"href":"https:\/\/blogs.univ-tlse2.fr\/invinovarietas\/wp-json\/wp\/v2\/pages"}],"about":[{"href":"https:\/\/blogs.univ-tlse2.fr\/invinovarietas\/wp-json\/wp\/v2\/types\/page"}],"author":[{"embeddable":true,"href":"https:\/\/blogs.univ-tlse2.fr\/invinovarietas\/wp-json\/wp\/v2\/users\/251"}],"replies":[{"embeddable":true,"href":"https:\/\/blogs.univ-tlse2.fr\/invinovarietas\/wp-json\/wp\/v2\/comments?post=377"}],"version-history":[{"count":0,"href":"https:\/\/blogs.univ-tlse2.fr\/invinovarietas\/wp-json\/wp\/v2\/pages\/377\/revisions"}],"up":[{"embeddable":true,"href":"https:\/\/blogs.univ-tlse2.fr\/invinovarietas\/wp-json\/wp\/v2\/pages\/350"}],"wp:attachment":[{"href":"https:\/\/blogs.univ-tlse2.fr\/invinovarietas\/wp-json\/wp\/v2\/media?parent=377"}],"curies":[{"name":"wp","href":"https:\/\/api.w.org\/{rel}","templated":true}]}}