 {"id":416,"date":"2012-11-27T09:42:58","date_gmt":"2012-11-27T08:42:58","guid":{"rendered":"https:\/\/blogs.univ-tlse2.fr\/colloquevinalbi2013\/?page_id=4"},"modified":"2012-11-27T09:42:58","modified_gmt":"2012-11-27T08:42:58","slug":"contacts","status":"publish","type":"page","link":"https:\/\/blogs.univ-tlse2.fr\/invinovarietas\/colloque-albi-2013\/informations-pratiques\/contacts\/","title":{"rendered":"Contacts Albi 2013"},"content":{"rendered":"<p style=\"text-align: justify\"><strong>informations scientifiques :<\/strong> Danielle CORNOT,\u00a0 <a href=\"&#x6d;&#x61;&#x69;&#x6c;&#x74;&#x6f;&#x3a;&#x63;&#x6f;&#x72;&#x6e;&#111;&#116;&#46;&#105;nvinovari&#x65;&#x74;&#x61;&#x73;&#x40;&#x75;&#x6e;&#x69;&#x76;&#x2d;&#x74;&#x6c;&#115;&#101;&#50;&#46;fr\">c&#111;&#x72;no&#x74;&#x2e;in&#x76;&#x69;no&#x76;&#x61;r&#105;&#x65;&#x74;a&#115;&#x40;&#x75;n&#105;&#x76;-t&#108;&#x73;e2&#x2e;&#x66;r<\/a><\/p>\n<p style=\"text-align: justify\"><strong> informations administratives et financi\u00e8res<\/strong> <strong>:<\/strong><\/p>\n<p style=\"text-align: justify\">J\u00e9r\u00f4me GRAPY,<strong>\u00a0<\/strong> <a href=\"&#x6d;a&#x69;&#x6c;t&#x6f;&#58;d&#x6f;&#99;g&#x65;o&#x40;&#x75;n&#x69;&#118;-&#x74;&#108;s&#x65;2&#x2e;&#x66;r\">docgeo&#64;univ-tlse2&#46;fr<\/a> 05.61.50.44.42<br \/>\nUniversit\u00e9 Toulouse &#8211; Jean Jaur\u00e8s<br \/>\nD\u00e9partement de G\u00e9ographie, Am\u00e9nagement et Environnement<br \/>\n5 All\u00e9es Antonio Machado, 31058 TOULOUSE cedex 9<\/p>\n<p>&nbsp;<\/p>\n<p>&nbsp;<\/p>\n","protected":false},"excerpt":{"rendered":"<p>informations scientifiques : Danielle CORNOT,\u00a0 &#x63;or&#x6e;&#111;t&#x2e;&#105;n&#x76;&#x69;n&#x6f;&#x76;ar&#x69;&#101;t&#x61;&#115;&#64;&#x75;&#x6e;i&#x76;&#x2d;tl&#x73;e2&#x2e;&#102;r informations administratives et financi\u00e8res : J\u00e9r\u00f4me GRAPY,\u00a0 &#100;&#x6f;c&#x67;e&#x6f;&#64;&#x75;n&#105;&#x76;&#45;&#x74;l&#x73;e&#x32;&#46;&#102;&#x72; 05.61.50.44.42 Universit\u00e9 Toulouse &#8211; Jean Jaur\u00e8s D\u00e9partement de G\u00e9ographie, Am\u00e9nagement et Environnement 5 All\u00e9es Antonio Machado, 31058 TOULOUSE cedex 9 &nbsp; &nbsp;<\/p>\n","protected":false},"author":251,"featured_media":0,"parent":17,"menu_order":0,"comment_status":"closed","ping_status":"closed","template":"","meta":{"footnotes":""},"class_list":["post-416","page","type-page","status-publish","hentry"],"_links":{"self":[{"href":"https:\/\/blogs.univ-tlse2.fr\/invinovarietas\/wp-json\/wp\/v2\/pages\/416","targetHints":{"allow":["GET"]}}],"collection":[{"href":"https:\/\/blogs.univ-tlse2.fr\/invinovarietas\/wp-json\/wp\/v2\/pages"}],"about":[{"href":"https:\/\/blogs.univ-tlse2.fr\/invinovarietas\/wp-json\/wp\/v2\/types\/page"}],"author":[{"embeddable":true,"href":"https:\/\/blogs.univ-tlse2.fr\/invinovarietas\/wp-json\/wp\/v2\/users\/251"}],"replies":[{"embeddable":true,"href":"https:\/\/blogs.univ-tlse2.fr\/invinovarietas\/wp-json\/wp\/v2\/comments?post=416"}],"version-history":[{"count":0,"href":"https:\/\/blogs.univ-tlse2.fr\/invinovarietas\/wp-json\/wp\/v2\/pages\/416\/revisions"}],"up":[{"embeddable":true,"href":"https:\/\/blogs.univ-tlse2.fr\/invinovarietas\/wp-json\/wp\/v2\/pages\/17"}],"wp:attachment":[{"href":"https:\/\/blogs.univ-tlse2.fr\/invinovarietas\/wp-json\/wp\/v2\/media?parent=416"}],"curies":[{"name":"wp","href":"https:\/\/api.w.org\/{rel}","templated":true}]}}