 {"id":424,"date":"2014-11-05T16:22:41","date_gmt":"2014-11-05T15:22:41","guid":{"rendered":"https:\/\/blogs.univ-tlse2.fr\/colloquevinalbi2013\/?page_id=424"},"modified":"2016-05-18T12:47:41","modified_gmt":"2016-05-18T11:47:41","slug":"journees-detude","status":"publish","type":"page","link":"https:\/\/blogs.univ-tlse2.fr\/invinovarietas\/journees-detude\/","title":{"rendered":"S\u00e9minaires"},"content":{"rendered":"<p>Des s\u00e9minaires r\u00e9guliers \u00ab\u00a0In Vino Varietas\u00a0\u00bb sont organis\u00e9s pour discuter et rencontrer des chercheurs sur des th\u00e9matiques vari\u00e9es.<\/p>\n<p>L&rsquo;\u00e9dition 2015-2016 est ax\u00e9 sur le th\u00e8me \u00ab\u00a0<strong>De la Vigne au Vin\u00a0: H\u00e9ritage, Innovation et M\u00e9tissage\u00a0\u00bb<\/strong><\/p>\n<p><strong>Wokshop 2016 :<br \/>\n<\/strong><\/p>\n<ul>\n<li><a href=\"https:\/\/blogs.univ-tlse2.fr\/invinovarietas\/journees-detude\/workshop-2016\/\">Workshop du 31 mars 2016<\/a><\/li>\n<li><a href=\"https:\/\/blogs.univ-tlse2.fr\/invinovarietas\/journees-detude\/711-2\/\">Workshop du 3 juin 2016<\/a><\/li>\n<\/ul>\n<p><strong>\u00a0<\/strong>L\u2019\u00e9dition 2014-2015 avait pour th\u00e8me le concept de m\u00e9tissage. Ce concept\u00a0 a \u00e9t\u00e9 explor\u00e9 et discut\u00e9 dans le cadre de conf\u00e9rences. Nous avons invit\u00e9 les chercheurs suivants : Pr. Alma Amalia Gonzalez, Universit\u00e9 Nationale Autonome du Mexique, Pr. Shamsul A.B, Chaire Etudes Ethniques, Universit\u00e9 Kebangsaan, Malaisie, Dr. Laurence Tib\u00e8re, CERTOP, Universit\u00e9 Toulouse \u2013 Jean Jaur\u00e8s, &amp; Taylor\u2019s University, Malaisie, Dr. Christophe Serra-Mallol, CERTOP, Universit\u00e9 Toulouse \u2013 Jean Jaur\u00e8s, Olivier Yobregat, Institut Fran\u00e7ais de la Vigne et du Vin du Sud-Ouest.<\/p>\n<ul>\n<li><a href=\"https:\/\/blogs.univ-tlse2.fr\/invinovarietas\/journees-detude\/workshop-2014\/\">workshop du 19-20 juin 2014<\/a><\/li>\n<\/ul>\n<p>&nbsp;<\/p>\n<p>&nbsp;<\/p>\n<p>&nbsp;<\/p>\n","protected":false},"excerpt":{"rendered":"<p>Des s\u00e9minaires r\u00e9guliers \u00ab\u00a0In Vino Varietas\u00a0\u00bb sont organis\u00e9s pour discuter et rencontrer des chercheurs sur des th\u00e9matiques vari\u00e9es. L&rsquo;\u00e9dition 2015-2016 est ax\u00e9 sur le th\u00e8me \u00ab\u00a0De la Vigne au Vin\u00a0: H\u00e9ritage, Innovation et M\u00e9tissage\u00a0\u00bb Wokshop 2016 : Workshop du 31 mars 2016 Workshop du 3 juin 2016 \u00a0L\u2019\u00e9dition 2014-2015 avait pour th\u00e8me le concept de [&hellip;]<\/p>\n","protected":false},"author":251,"featured_media":0,"parent":0,"menu_order":0,"comment_status":"closed","ping_status":"closed","template":"","meta":{"footnotes":""},"class_list":["post-424","page","type-page","status-publish","hentry"],"_links":{"self":[{"href":"https:\/\/blogs.univ-tlse2.fr\/invinovarietas\/wp-json\/wp\/v2\/pages\/424","targetHints":{"allow":["GET"]}}],"collection":[{"href":"https:\/\/blogs.univ-tlse2.fr\/invinovarietas\/wp-json\/wp\/v2\/pages"}],"about":[{"href":"https:\/\/blogs.univ-tlse2.fr\/invinovarietas\/wp-json\/wp\/v2\/types\/page"}],"author":[{"embeddable":true,"href":"https:\/\/blogs.univ-tlse2.fr\/invinovarietas\/wp-json\/wp\/v2\/users\/251"}],"replies":[{"embeddable":true,"href":"https:\/\/blogs.univ-tlse2.fr\/invinovarietas\/wp-json\/wp\/v2\/comments?post=424"}],"version-history":[{"count":6,"href":"https:\/\/blogs.univ-tlse2.fr\/invinovarietas\/wp-json\/wp\/v2\/pages\/424\/revisions"}],"predecessor-version":[{"id":717,"href":"https:\/\/blogs.univ-tlse2.fr\/invinovarietas\/wp-json\/wp\/v2\/pages\/424\/revisions\/717"}],"wp:attachment":[{"href":"https:\/\/blogs.univ-tlse2.fr\/invinovarietas\/wp-json\/wp\/v2\/media?parent=424"}],"curies":[{"name":"wp","href":"https:\/\/api.w.org\/{rel}","templated":true}]}}