 {"id":430,"date":"2014-11-05T16:19:07","date_gmt":"2014-11-05T15:19:07","guid":{"rendered":"https:\/\/blogs.univ-tlse2.fr\/colloquevinalbi2013\/?page_id=430"},"modified":"2016-03-21T09:43:52","modified_gmt":"2016-03-21T08:43:52","slug":"appel-a-communications","status":"publish","type":"page","link":"https:\/\/blogs.univ-tlse2.fr\/invinovarietas\/journees-detude\/workshop-2014\/appel-a-communications\/","title":{"rendered":"Appel \u00e0 communications"},"content":{"rendered":"<p style=\"text-align: justify\"><strong>Comit\u00e9 de programme :<\/strong><br \/>\nJean-Pierre Albert (LISST, EHESS, Universit\u00e9 de Toulouse), Alain Alcouffe (Universit\u00e9 de Toulouse I-Capitole), Saloua Bennaghmouch (LISEC, Universit\u00e9 de Haute-Alsace), Danielle Cornot (CERTOP, Universit\u00e9 Toulouse &#8211; Jean Jaur\u00e8s), Pierre Courjault-Rad\u00e9 (GET, Universit\u00e9 de Toulouse III-Paul Sabatier), Christian Darles (ENS Architecture Toulouse, LRA, Universit\u00e9 de Toulouse), Louis F\u00e9raud (IRIT, Universit\u00e9 de Toulouse III-Paul Sabatier), Olivier Jacquet (Chaire UNESCO-Culture et Traditions du vin, Universit\u00e9 de Bourgogne), Jean-Pierre Jessel (IRIT, Universit\u00e9 de Toulouse III-Paul Sabatier), Michel Grossetti (LISST-Cers, Universit\u00e9 Toulouse &#8211; Jean Jaur\u00e8s), Charilaos Kephaliacos (LEREPS, ENFA, Universit\u00e9 de Toulouse), Nathalie Mailhac (INPT-EI Purpan, Universit\u00e9 de Toulouse), Alexandra Mendoza-Caminade (CDA, Universit\u00e9 de Toulouse I-Capitole), Jean-Marie Pailler (TRACES, Universit\u00e9 Toulouse Jean Jaur\u00e8s), R\u00e9my Pech (FRAMESPA, Universit\u00e9 Toulouse -Jean Jaur\u00e8s), Catherine Pivot (CRM, Universit\u00e9 Jean Moulin, Lyon III), Jean-Pierre Poulain (CERTOP, Universit\u00e9 Toulouse &#8211; Jean Jaur\u00e8s &amp; Chair of Food Studies, Taylor\u2019s University, Malaisie), Micha\u00ebl Pouzenc (Dynamiques Rurales, Universit\u00e9 Toulouse &#8211; Jean Jaur\u00e8s), Gilles de Revel (ISVV, Universit\u00e9 de Bordeaux), Jean-Marie Sablayrolles (INRA Montpellier), Eva Schreck-Silvano (GET, Universit\u00e9 de Toulouse III-Paul Sabatier), Patricia Taillandier (LGC, INPT-ENSIACET, Universit\u00e9 de Toulouse), Eric Rouvellac (GEOLAB, Universit\u00e9 de Limoges), Pierre Strehaiano (LGC, INPT-ENSIACET, Universit\u00e9 de Toulouse)<\/p>\n<p style=\"text-align: justify\"><strong>Soumission :<\/strong><\/p>\n<p>In Vino Varietas se voulant un vecteur d\u2019\u00e9changes et un cadre favorisant les contacts nationaux et internationaux, les communications \u00e9manant d\u2019\u00e9quipes pluridisciplinaires, plurinationales ou \u00e9trang\u00e8res seront particuli\u00e8rement bienvenues.<br \/>\nChaque abstract doit comporter :<\/p>\n<ul>\n<li style=\"text-align: justify\">Nom, pr\u00e9nom, fonction, affiliation, laboratoire, courriel, num\u00e9ro de t\u00e9l\u00e9phone<\/li>\n<li style=\"text-align: justify\">Mots cl\u00e9s 4<\/li>\n<li style=\"text-align: justify\">Texte<br \/>\nLes communications se feront en fran\u00e7ais, la dur\u00e9e de chacune est limit\u00e9e \u00e0 30mn, questions comprises. Les actes de cet atelier feront l\u2019objet d\u2019une publication \u00e9lectronique. Vous trouverez en pi\u00e8ce jointe les normes \u00e9ditoriales.<\/li>\n<\/ul>\n<p><strong>Dates importantes :<\/strong><\/p>\n<ul>\n<li>Soumission des abstracts (250 \u00e0 300 mots, format Word) : 5 mai 2014<\/li>\n<li>Date de notification : 19 mai 2014<\/li>\n<li>Soumission de la version finale (10 pages, illustrations et bibliographie comprises) : 2 juin 2014.<br \/>\nNous invitons les personnes int\u00e9ress\u00e9es \u00e0 nous faire parvenir leur proposition d\u2019ici le 5 mai.<\/li>\n<\/ul>\n<p>Merci de bien vouloir envoyer vos r\u00e9sum\u00e9s uniquement par mail \u00e0 Danielle Cornot et J\u00e9r\u00f4me Grapy :<br \/>\nDanielle Cornot, <a href=\"&#109;&#x61;i&#x6c;t&#111;&#x3a;c&#x6f;r&#110;&#x6f;t&#x2e;i&#x6e;&#x76;i&#x6e;o&#x76;a&#114;&#x69;e&#x74;a&#115;&#x40;u&#x6e;i&#118;&#x2d;t&#x6c;s&#x65;&#x32;&#46;&#x66;r\">&#x63;o&#x72;n&#x6f;t&#x2e;&#105;n&#x76;i&#x6e;o&#x76;&#97;&#x72;&#105;e&#x74;a&#x73;&#64;&#x75;&#110;&#x69;&#x76;-&#x74;l&#x73;e&#x32;&#46;f&#x72;<\/a><br \/>\nJ\u00e9r\u00f4me Grapy, <a href=\"mail&#116;&#111;&#x3a;&#x67;&#x72;&#x61;&#x70;&#x79;&#64;univ&#45;&#116;&#x6c;&#x73;&#x65;&#x32;&#x2e;&#x66;r\">&#x67;&#x72;&#x61;&#x70;&#x79;&#x40;&#x75;&#x6e;&#x69;&#x76;&#x2d;&#x74;&#x6c;&#x73;&#x65;&#x32;&#x2e;&#x66;&#x72;<\/a><\/p>\n","protected":false},"excerpt":{"rendered":"<p>Comit\u00e9 de programme : Jean-Pierre Albert (LISST, EHESS, Universit\u00e9 de Toulouse), Alain Alcouffe (Universit\u00e9 de Toulouse I-Capitole), Saloua Bennaghmouch (LISEC, Universit\u00e9 de Haute-Alsace), Danielle Cornot (CERTOP, Universit\u00e9 Toulouse &#8211; Jean Jaur\u00e8s), Pierre Courjault-Rad\u00e9 (GET, Universit\u00e9 de Toulouse III-Paul Sabatier), Christian Darles (ENS Architecture Toulouse, LRA, Universit\u00e9 de Toulouse), Louis F\u00e9raud (IRIT, Universit\u00e9 de Toulouse III-Paul [&hellip;]<\/p>\n","protected":false},"author":251,"featured_media":0,"parent":661,"menu_order":0,"comment_status":"closed","ping_status":"closed","template":"","meta":{"footnotes":""},"class_list":["post-430","page","type-page","status-publish","hentry"],"_links":{"self":[{"href":"https:\/\/blogs.univ-tlse2.fr\/invinovarietas\/wp-json\/wp\/v2\/pages\/430","targetHints":{"allow":["GET"]}}],"collection":[{"href":"https:\/\/blogs.univ-tlse2.fr\/invinovarietas\/wp-json\/wp\/v2\/pages"}],"about":[{"href":"https:\/\/blogs.univ-tlse2.fr\/invinovarietas\/wp-json\/wp\/v2\/types\/page"}],"author":[{"embeddable":true,"href":"https:\/\/blogs.univ-tlse2.fr\/invinovarietas\/wp-json\/wp\/v2\/users\/251"}],"replies":[{"embeddable":true,"href":"https:\/\/blogs.univ-tlse2.fr\/invinovarietas\/wp-json\/wp\/v2\/comments?post=430"}],"version-history":[{"count":1,"href":"https:\/\/blogs.univ-tlse2.fr\/invinovarietas\/wp-json\/wp\/v2\/pages\/430\/revisions"}],"predecessor-version":[{"id":668,"href":"https:\/\/blogs.univ-tlse2.fr\/invinovarietas\/wp-json\/wp\/v2\/pages\/430\/revisions\/668"}],"up":[{"embeddable":true,"href":"https:\/\/blogs.univ-tlse2.fr\/invinovarietas\/wp-json\/wp\/v2\/pages\/661"}],"wp:attachment":[{"href":"https:\/\/blogs.univ-tlse2.fr\/invinovarietas\/wp-json\/wp\/v2\/media?parent=430"}],"curies":[{"name":"wp","href":"https:\/\/api.w.org\/{rel}","templated":true}]}}