 {"id":509,"date":"2014-11-27T10:31:12","date_gmt":"2014-11-27T09:31:12","guid":{"rendered":"https:\/\/blogs.univ-tlse2.fr\/invinovarietas\/?page_id=509"},"modified":"2015-03-27T16:39:01","modified_gmt":"2015-03-27T15:39:01","slug":"partenaires","status":"publish","type":"page","link":"https:\/\/blogs.univ-tlse2.fr\/invinovarietas\/appel-a-communications-2015\/partenaires\/","title":{"rendered":"Partenaires \/ Sponsors"},"content":{"rendered":"<p><strong>Avec le soutien de<\/strong> :<\/p>\n<p><strong><a href=\"http:\/\/www.univ-tlse2.fr\/\">Universit\u00e9 Toulouse &#8211; Jean Jaur\u00e8s<\/a><\/strong>,<br \/>\n<a href=\"http:\/\/geo.univ-tlse2.fr\/\">D\u00e9partement de G\u00e9ographie<\/a>, <a href=\"http:\/\/www.isthia.fr\/\">ISTHIA<\/a>,<br \/>\nLaboratoires de recherches : <a href=\"https:\/\/blogs.univ-tlse2.fr\/colloquevinalbi2013\/colloque-albi-2013\/vin-naturel\/w3.certop.univ-tlse2.fr\/\">CERTOP<\/a>, <a href=\"http:\/\/dynamiques-rurales.univ-tlse2.fr\/\">Dynamiques Rurales<\/a>, <a href=\"www.univ-tlse2.fr\/geode\">GEODE<\/a>,<\/p>\n<p><a href=\"https:\/\/blogs.univ-tlse2.fr\/colloquevinalbi2013\/colloque-albi-2013\/vin-naturel\/www.univ-tlse3.fr\/\">Universit\u00e9 Paul Sabatier<\/a>, Laboratoire <a href=\"http:\/\/w3.dtp.obs-mip.fr\/index.htm\">GET OMP<\/a><br \/>\n<a href=\"http:\/\/www.lallemandwine.com\/fr\/?market=24\">Lallemand SAS<\/a><br \/>\n<a href=\"www.proenol.pt\/\">Proenol<\/a><\/p>\n<p><strong>Avec la participation de<\/strong> :<\/p>\n<p>&nbsp;<\/p>\n","protected":false},"excerpt":{"rendered":"<p>Avec le soutien de : Universit\u00e9 Toulouse &#8211; Jean Jaur\u00e8s, D\u00e9partement de G\u00e9ographie, ISTHIA, Laboratoires de recherches : CERTOP, Dynamiques Rurales, GEODE, Universit\u00e9 Paul Sabatier, Laboratoire GET OMP Lallemand SAS Proenol Avec la participation de : &nbsp;<\/p>\n","protected":false},"author":251,"featured_media":0,"parent":350,"menu_order":0,"comment_status":"closed","ping_status":"closed","template":"","meta":{"footnotes":""},"class_list":["post-509","page","type-page","status-publish","hentry"],"_links":{"self":[{"href":"https:\/\/blogs.univ-tlse2.fr\/invinovarietas\/wp-json\/wp\/v2\/pages\/509","targetHints":{"allow":["GET"]}}],"collection":[{"href":"https:\/\/blogs.univ-tlse2.fr\/invinovarietas\/wp-json\/wp\/v2\/pages"}],"about":[{"href":"https:\/\/blogs.univ-tlse2.fr\/invinovarietas\/wp-json\/wp\/v2\/types\/page"}],"author":[{"embeddable":true,"href":"https:\/\/blogs.univ-tlse2.fr\/invinovarietas\/wp-json\/wp\/v2\/users\/251"}],"replies":[{"embeddable":true,"href":"https:\/\/blogs.univ-tlse2.fr\/invinovarietas\/wp-json\/wp\/v2\/comments?post=509"}],"version-history":[{"count":5,"href":"https:\/\/blogs.univ-tlse2.fr\/invinovarietas\/wp-json\/wp\/v2\/pages\/509\/revisions"}],"predecessor-version":[{"id":616,"href":"https:\/\/blogs.univ-tlse2.fr\/invinovarietas\/wp-json\/wp\/v2\/pages\/509\/revisions\/616"}],"up":[{"embeddable":true,"href":"https:\/\/blogs.univ-tlse2.fr\/invinovarietas\/wp-json\/wp\/v2\/pages\/350"}],"wp:attachment":[{"href":"https:\/\/blogs.univ-tlse2.fr\/invinovarietas\/wp-json\/wp\/v2\/media?parent=509"}],"curies":[{"name":"wp","href":"https:\/\/api.w.org\/{rel}","templated":true}]}}