 {"id":644,"date":"2015-04-30T15:57:10","date_gmt":"2015-04-30T14:57:10","guid":{"rendered":"https:\/\/blogs.univ-tlse2.fr\/invinovarietas\/?page_id=644"},"modified":"2015-05-19T07:51:42","modified_gmt":"2015-05-19T06:51:42","slug":"acces-au-campus-mirail","status":"publish","type":"page","link":"https:\/\/blogs.univ-tlse2.fr\/invinovarietas\/appel-a-communications-2015\/acces-au-campus-mirail\/","title":{"rendered":"Acc\u00e8s au campus Mirail"},"content":{"rendered":"<p>Vous trouverez des informations concernant les moyens d&rsquo;acc\u00e8s au Campus du Mirail, sur le site de l&rsquo;universit\u00e9 <a href=\"http:\/\/www.univ-tlse2.fr\/accueil\/infos\/pratique\/adresses-et-acces\/moyens-d-acces-au-campus-du-mirail-256988.kjsp?RH=adrloc\">en cliquant sur ce lien<\/a>.<\/p>\n","protected":false},"excerpt":{"rendered":"<p>Vous trouverez des informations concernant les moyens d&rsquo;acc\u00e8s au Campus du Mirail, sur le site de l&rsquo;universit\u00e9 en cliquant sur ce lien.<\/p>\n","protected":false},"author":251,"featured_media":0,"parent":350,"menu_order":0,"comment_status":"closed","ping_status":"closed","template":"","meta":{"footnotes":""},"class_list":["post-644","page","type-page","status-publish","hentry"],"_links":{"self":[{"href":"https:\/\/blogs.univ-tlse2.fr\/invinovarietas\/wp-json\/wp\/v2\/pages\/644","targetHints":{"allow":["GET"]}}],"collection":[{"href":"https:\/\/blogs.univ-tlse2.fr\/invinovarietas\/wp-json\/wp\/v2\/pages"}],"about":[{"href":"https:\/\/blogs.univ-tlse2.fr\/invinovarietas\/wp-json\/wp\/v2\/types\/page"}],"author":[{"embeddable":true,"href":"https:\/\/blogs.univ-tlse2.fr\/invinovarietas\/wp-json\/wp\/v2\/users\/251"}],"replies":[{"embeddable":true,"href":"https:\/\/blogs.univ-tlse2.fr\/invinovarietas\/wp-json\/wp\/v2\/comments?post=644"}],"version-history":[{"count":1,"href":"https:\/\/blogs.univ-tlse2.fr\/invinovarietas\/wp-json\/wp\/v2\/pages\/644\/revisions"}],"predecessor-version":[{"id":645,"href":"https:\/\/blogs.univ-tlse2.fr\/invinovarietas\/wp-json\/wp\/v2\/pages\/644\/revisions\/645"}],"up":[{"embeddable":true,"href":"https:\/\/blogs.univ-tlse2.fr\/invinovarietas\/wp-json\/wp\/v2\/pages\/350"}],"wp:attachment":[{"href":"https:\/\/blogs.univ-tlse2.fr\/invinovarietas\/wp-json\/wp\/v2\/media?parent=644"}],"curies":[{"name":"wp","href":"https:\/\/api.w.org\/{rel}","templated":true}]}}