 {"id":698,"date":"2016-03-29T12:51:41","date_gmt":"2016-03-29T11:51:41","guid":{"rendered":"https:\/\/blogs.univ-tlse2.fr\/invinovarietas\/?page_id=698"},"modified":"2016-03-29T12:59:05","modified_gmt":"2016-03-29T11:59:05","slug":"compte-rendu-symposium","status":"publish","type":"page","link":"https:\/\/blogs.univ-tlse2.fr\/invinovarietas\/appel-a-communications-2015\/compte-rendu-symposium\/","title":{"rendered":"Compte rendu Symposium"},"content":{"rendered":"<p>Un article intitul\u00e9 \u00a0\u00bb <a href=\"https:\/\/blogs.univ-tlse2.fr\/invinovarietas\/files\/2016\/03\/RFOE-I2V.pdf\" rel=\"\">Premi\u00e8res conclusions du Symposium<\/a> \u00a0\u00bb a \u00e9t\u00e9 publi\u00e9 dans la Revue Fran\u00e7aise d\u2019\u0153nologie n\u00b0 272 de septembre \/d\u00e9cembre 2015.<\/p>\n","protected":false},"excerpt":{"rendered":"<p>Un article intitul\u00e9 \u00a0\u00bb Premi\u00e8res conclusions du Symposium \u00a0\u00bb a \u00e9t\u00e9 publi\u00e9 dans la Revue Fran\u00e7aise d\u2019\u0153nologie n\u00b0 272 de septembre \/d\u00e9cembre 2015.<\/p>\n","protected":false},"author":251,"featured_media":0,"parent":350,"menu_order":0,"comment_status":"closed","ping_status":"closed","template":"","meta":{"footnotes":""},"class_list":["post-698","page","type-page","status-publish","hentry"],"_links":{"self":[{"href":"https:\/\/blogs.univ-tlse2.fr\/invinovarietas\/wp-json\/wp\/v2\/pages\/698","targetHints":{"allow":["GET"]}}],"collection":[{"href":"https:\/\/blogs.univ-tlse2.fr\/invinovarietas\/wp-json\/wp\/v2\/pages"}],"about":[{"href":"https:\/\/blogs.univ-tlse2.fr\/invinovarietas\/wp-json\/wp\/v2\/types\/page"}],"author":[{"embeddable":true,"href":"https:\/\/blogs.univ-tlse2.fr\/invinovarietas\/wp-json\/wp\/v2\/users\/251"}],"replies":[{"embeddable":true,"href":"https:\/\/blogs.univ-tlse2.fr\/invinovarietas\/wp-json\/wp\/v2\/comments?post=698"}],"version-history":[{"count":1,"href":"https:\/\/blogs.univ-tlse2.fr\/invinovarietas\/wp-json\/wp\/v2\/pages\/698\/revisions"}],"predecessor-version":[{"id":700,"href":"https:\/\/blogs.univ-tlse2.fr\/invinovarietas\/wp-json\/wp\/v2\/pages\/698\/revisions\/700"}],"up":[{"embeddable":true,"href":"https:\/\/blogs.univ-tlse2.fr\/invinovarietas\/wp-json\/wp\/v2\/pages\/350"}],"wp:attachment":[{"href":"https:\/\/blogs.univ-tlse2.fr\/invinovarietas\/wp-json\/wp\/v2\/media?parent=698"}],"curies":[{"name":"wp","href":"https:\/\/api.w.org\/{rel}","templated":true}]}}