 {"id":711,"date":"2016-05-18T12:41:58","date_gmt":"2016-05-18T11:41:58","guid":{"rendered":"https:\/\/blogs.univ-tlse2.fr\/invinovarietas\/?page_id=711"},"modified":"2016-05-18T13:21:53","modified_gmt":"2016-05-18T12:21:53","slug":"711-2","status":"publish","type":"page","link":"https:\/\/blogs.univ-tlse2.fr\/invinovarietas\/journees-detude\/711-2\/","title":{"rendered":"S\u00e9minaire du 3 juin 2016"},"content":{"rendered":"<header class=\"entry-header\">\n<h1 class=\"entry-title\" style=\"text-align: center\">Les nouvelles cultures du vin \u2013 UT2J- <strong>Nouvelle Maison de la Recherche, Salle F 315<\/strong> &#8211; Toulouse<\/h1>\n<\/header>\n<div class=\"entry-content\">\n<p style=\"text-align: center\"><strong>De la Vigne au Vin\u00a0: H\u00e9ritage, Innovation et M\u00e9tissage<\/strong><br \/>\n\u00ab\u00a0Quelles adaptations de la vitiviniculture dans un contexte mondialis\u00e9, de changement climatique\u00a0 et de construction d\u2019une nouvelle culture du vin ?\u00a0\u00bb<\/p>\n<div id=\"attachment_705\" class=\"wp-caption alignright\">\n<p><a href=\"https:\/\/blogs.univ-tlse2.fr\/invinovarietas\/files\/2016\/05\/I2V-affiche-2016-A3.jpg\"><img loading=\"lazy\" decoding=\"async\" class=\"size-medium wp-image-705\" src=\"https:\/\/blogs.univ-tlse2.fr\/invinovarietas\/files\/2016\/05\/I2V-affiche-2016-A3-212x300.jpg\" alt=\"Affiche seminaire 3 juin 2016\" width=\"212\" height=\"300\" srcset=\"https:\/\/blogs.univ-tlse2.fr\/invinovarietas\/files\/2016\/05\/I2V-affiche-2016-A3-212x300.jpg 212w, https:\/\/blogs.univ-tlse2.fr\/invinovarietas\/files\/2016\/05\/I2V-affiche-2016-A3.jpg 452w\" sizes=\"auto, (max-width: 212px) 100vw, 212px\" \/><\/a><\/p>\n<p class=\"wp-caption-text\">Affiche s\u00e9minaire 3 juin 2016<\/p>\n<\/div>\n<p><strong>S\u00e9minaire organis\u00e9 avec le soutien de la Maison des Sciences de l\u2019Homme et de la Soci\u00e9t\u00e9 Toulouse (MSHS-T) et des laboratoires Certop et LISST-Dynamiques Rurales, UT2J<\/strong><\/p>\n<p><strong><u>Coordination\u00a0<\/u><\/strong><strong>: Danielle Cornot et Micha\u00ebl Pouzenc<br \/>\n<\/strong><\/p>\n<p><strong>9h45-10h\u00a0: Accueil<\/strong><\/p>\n<p><strong>\u00a0<u>10h-12h15\u00a0: Session du matin<\/u><\/strong><u>\u00a0<\/u><\/p>\n<p><strong>10h-10h30\u00a0: Val\u00e9rie Olivier-Salvagnac, AGIR-ODYCEE, INRA, INPT-ENSAT, Toulouse<\/strong><br \/>\n\u00ab\u00a0La mondialisation viti-vinicole : une question \u00e9conomique en 3D\u00a0\u00bb<\/p>\n<p><strong>\u00a010h30-11h\u00a0: Eric Rouvellac, GEOLAB, Universit\u00e9 de Limoges<\/strong><br \/>\n\u00ab\u00a0Comment construire une nouvelle image de la vitiviniculture \u00e0 travers l\u2019architecture des chais. Exemples en Europe et dans le Nouveau Monde\u00a0\u00bb<\/p>\n<p><strong>\u00a011h-11h30 : Melisa Suarez del Real Adalid, Mexique\/Espagne, conceptrice d\u2019outils interactifs, Master Cr\u00e9ation num\u00e9rique, IRIT, Universit\u00e9 de Toulouse<br \/>\n<\/strong>\u00ab\u00a0Vin et multisensorialit\u00e9\u00a0: une d\u00e9gustation augment\u00e9e\u00a0\u00bb<\/p>\n<p><strong>\u00a011h30-12h15 : D\u00e9bat\/discussion<\/strong><\/p>\n<p><strong>12h15-14h<\/strong>\u00a0: D\u00e9jeuner \u00e0 la table de Georges<\/p>\n<p><strong><u>14h15-18h\u00a0: Session de l\u2019apr\u00e8s-midi<\/u><\/strong><\/p>\n<p><strong>14h15-15h\u00a0: Olivier Jacquet, Chaire Unesco \u00ab\u00a0Culture et Traditions du Vin\u00a0\u00bb, Universit\u00e9 de Bourgogne, UMS CNRS 351, UMR CNRS 7366 CGC<\/strong><br \/>\n\u00ab\u00a0L\u2019\u00e9mergence, les mutations et le renouveau contemporain du vignoble\u00a0 br\u00e9silien, fin XIX\u00e8me \u2013 d\u00e9but XXI\u00e8me si\u00e8cle\u00a0\u00bb<\/p>\n<p><strong>15h-15h45 Guillaume Giroir, CEDETE, Universit\u00e9 d\u2019Orl\u00e9ans<\/strong><br \/>\n\u00ab\u00a0Les vignobles en\u00a0 Chine, creuset de modernit\u00e9s, entre Orient et Occident\u00a0\u00bb<\/p>\n<p><strong>15h45-16h\u00a0: Paus\u00e9 caf\u00e9\/th\u00e9<\/strong><\/p>\n<p><strong>\u00a016h-16h45\u00a0: Peter Hayes, Charles Sturt University, Australie, Pr\u00e9sident honoraire de l\u2019Organisation Internationale de la Vigne et du Vin (OIV)<\/strong><br \/>\n\u00ab Wine in Australia, yesterday, today and tomorrow \u00bb<\/p>\n<p><strong>\u00a016h45-\u00a017h30 : Danielle Cornot, CERTOP CNRS \u00a0et LISST-Dynamiques rurales<\/strong><br \/>\n\u00ab\u00a0Wine in Western Malaysia: Weaving Webs of Worlds\u00a0\u00bb<\/p>\n<p><strong>17h30-18h : synth\u00e8se et conclusion<\/strong><\/p>\n<p><strong>19h30 : D\u00eener <\/strong><\/p>\n<p><strong>\u00a0Pour tout renseignement\u00a0:<\/strong><\/p>\n<p>Danielle Cornot, Certop et LISST-Dynamiques rurales<br \/>\n<a href=\"&#109;&#x61;&#105;&#x6c;&#116;&#x6f;&#58;&#x63;&#111;&#x72;&#110;&#x6f;&#116;&#x2e;&#105;&#x6e;&#118;&#x69;&#110;&#x6f;&#118;&#x61;&#114;&#x69;&#101;&#x74;&#97;&#x73;&#64;&#x75;&#110;&#x69;&#118;&#x2d;&#116;&#x6c;&#115;&#x65;&#50;&#x2e;&#102;&#x72;\">&#x63;&#111;r&#x6e;&#x6f;t&#46;&#x69;&#110;v&#x69;&#x6e;ov&#x61;&#114;i&#x65;&#x74;&#97;s&#x40;&#x75;n&#x69;&#x76;&#45;t&#x6c;&#x73;e2&#x2e;&#102;r<\/a><\/p>\n<p>Micha\u00ebl Pouzenc, LISST-Dynamiques rurales<br \/>\n<a href=\"&#x6d;ai&#x6c;to&#x3a;po&#x75;ze&#x6e;c&#64;&#x75;ni&#x76;&#45;t&#x6c;&#115;e&#x32;&#46;f&#x72;\">&#112;o&#x75;z&#x65;n&#x63;&#64;&#x75;n&#x69;v&#x2d;t&#x6c;s&#x65;2&#x2e;&#102;&#x72;<\/a><\/p>\n<p><a href=\"https:\/\/www.facebook.com\/In-Vino-Varietas-613030732183008\/?fref=ts\">https:\/\/www.facebook.com\/In-Vino-Varietas<\/a><\/p>\n<\/div>\n","protected":false},"excerpt":{"rendered":"<p>Les nouvelles cultures du vin \u2013 UT2J- Nouvelle Maison de la Recherche, Salle F 315 &#8211; Toulouse De la Vigne au Vin\u00a0: H\u00e9ritage, Innovation et M\u00e9tissage \u00ab\u00a0Quelles adaptations de la vitiviniculture dans un contexte mondialis\u00e9, de changement climatique\u00a0 et de construction d\u2019une nouvelle culture du vin ?\u00a0\u00bb Affiche s\u00e9minaire 3 juin 2016 S\u00e9minaire organis\u00e9 avec [&hellip;]<\/p>\n","protected":false},"author":251,"featured_media":0,"parent":424,"menu_order":0,"comment_status":"closed","ping_status":"closed","template":"","meta":{"footnotes":""},"class_list":["post-711","page","type-page","status-publish","hentry"],"_links":{"self":[{"href":"https:\/\/blogs.univ-tlse2.fr\/invinovarietas\/wp-json\/wp\/v2\/pages\/711","targetHints":{"allow":["GET"]}}],"collection":[{"href":"https:\/\/blogs.univ-tlse2.fr\/invinovarietas\/wp-json\/wp\/v2\/pages"}],"about":[{"href":"https:\/\/blogs.univ-tlse2.fr\/invinovarietas\/wp-json\/wp\/v2\/types\/page"}],"author":[{"embeddable":true,"href":"https:\/\/blogs.univ-tlse2.fr\/invinovarietas\/wp-json\/wp\/v2\/users\/251"}],"replies":[{"embeddable":true,"href":"https:\/\/blogs.univ-tlse2.fr\/invinovarietas\/wp-json\/wp\/v2\/comments?post=711"}],"version-history":[{"count":4,"href":"https:\/\/blogs.univ-tlse2.fr\/invinovarietas\/wp-json\/wp\/v2\/pages\/711\/revisions"}],"predecessor-version":[{"id":720,"href":"https:\/\/blogs.univ-tlse2.fr\/invinovarietas\/wp-json\/wp\/v2\/pages\/711\/revisions\/720"}],"up":[{"embeddable":true,"href":"https:\/\/blogs.univ-tlse2.fr\/invinovarietas\/wp-json\/wp\/v2\/pages\/424"}],"wp:attachment":[{"href":"https:\/\/blogs.univ-tlse2.fr\/invinovarietas\/wp-json\/wp\/v2\/media?parent=711"}],"curies":[{"name":"wp","href":"https:\/\/api.w.org\/{rel}","templated":true}]}}