 {"id":723,"date":"2016-11-28T10:46:42","date_gmt":"2016-11-28T09:46:42","guid":{"rendered":"https:\/\/blogs.univ-tlse2.fr\/invinovarietas\/?page_id=723"},"modified":"2016-11-28T15:24:39","modified_gmt":"2016-11-28T14:24:39","slug":"seminaire-du-11-novembre-2016","status":"publish","type":"page","link":"https:\/\/blogs.univ-tlse2.fr\/invinovarietas\/journees-detude\/seminaire-du-11-novembre-2016\/","title":{"rendered":"S\u00e9minaire du 11 novembre 2016"},"content":{"rendered":"<p style=\"text-align: center\"><strong>Universit\u00e9 de Toulouse Jean Jaur\u00e8s<\/strong><br \/>\n<strong> Projet \u00ab Vins, vignes et vignerons : passages, messages et m\u00e9tissages \u00bb<\/strong><br \/>\n<strong> In Vino Varietas Workshop, Jeudi 3 novembre 2016 &#8211; Salle E323 <\/strong><br \/>\n<strong> \u00ab Vin, innovation et mondialisation : enjeux et perspectives \u00bb<\/strong><\/p>\n<p style=\"text-align: center\">Th\u00e8me du s\u00e9minaire : <em><strong>Terroir et changement climatique, quelles adaptations ?<\/strong><\/em><\/p>\n<p style=\"text-align: center\"><a href=\"https:\/\/blogs.univ-tlse2.fr\/invinovarietas\/files\/2016\/11\/I2V-affiche-2016-A3-01.jpg\"><img loading=\"lazy\" decoding=\"async\" class=\"alignnone size-medium wp-image-726\" src=\"https:\/\/blogs.univ-tlse2.fr\/invinovarietas\/files\/2016\/11\/I2V-affiche-2016-A3-01-212x300.jpg\" alt=\"i2v-affiche-2016-a3-01\" width=\"212\" height=\"300\" srcset=\"https:\/\/blogs.univ-tlse2.fr\/invinovarietas\/files\/2016\/11\/I2V-affiche-2016-A3-01-212x300.jpg 212w, https:\/\/blogs.univ-tlse2.fr\/invinovarietas\/files\/2016\/11\/I2V-affiche-2016-A3-01.jpg 724w, https:\/\/blogs.univ-tlse2.fr\/invinovarietas\/files\/2016\/11\/I2V-affiche-2016-A3-01-624x883.jpg 624w\" sizes=\"auto, (max-width: 212px) 100vw, 212px\" \/><\/a><\/p>\n<p style=\"text-align: left\">Cette question a \u00e9t\u00e9 trait\u00e9e de trois points de vue diff\u00e9rents :<\/p>\n<ul>\n<li style=\"text-align: left\">14h-15h : <strong>Pierre Courjault-Rad\u00e9<\/strong> (G\u00e9ologue-P\u00e9dologue, G\u00e9osciences Environnement Toulouse (GET), Toulouse 3)<br \/>\n<em>Climat et complexe sol\/sous-sol<\/em><\/li>\n<li style=\"text-align: left\">15h-16h : <strong>Olivier Yobregat<\/strong> (Ing\u00e9nieur Agronome-\u0152nologue, Institut Fran\u00e7ais de la Vigne et du Vin, P\u00f4le Sud-Ouest)<br \/>\n<em><a href=\"https:\/\/blogs.univ-tlse2.fr\/invinovarietas\/files\/2016\/11\/OY-2016-Adaptations.pdf\">Mat\u00e9rielv\u00e9g\u00e9tal et techniques culturales<\/a> (Cliquez sur le lien pour visualiser la pr\u00e9sentation)<\/em><\/li>\n<li style=\"text-align: left\">16h30-17h30 : <strong>Eric Rouvelac<\/strong> (G\u00e9ographe, G\u00e9olab, Universit\u00e9 de Limoges)<br \/>\n<em>\u00c9volutions des repr\u00e9sentations et des pratiques<\/em><\/li>\n<\/ul>\n","protected":false},"excerpt":{"rendered":"<p>Universit\u00e9 de Toulouse Jean Jaur\u00e8s Projet \u00ab Vins, vignes et vignerons : passages, messages et m\u00e9tissages \u00bb In Vino Varietas Workshop, Jeudi 3 novembre 2016 &#8211; Salle E323 \u00ab Vin, innovation et mondialisation : enjeux et perspectives \u00bb Th\u00e8me du s\u00e9minaire : Terroir et changement climatique, quelles adaptations ? Cette question a \u00e9t\u00e9 trait\u00e9e de [&hellip;]<\/p>\n","protected":false},"author":251,"featured_media":0,"parent":424,"menu_order":0,"comment_status":"closed","ping_status":"closed","template":"","meta":{"footnotes":""},"class_list":["post-723","page","type-page","status-publish","hentry"],"_links":{"self":[{"href":"https:\/\/blogs.univ-tlse2.fr\/invinovarietas\/wp-json\/wp\/v2\/pages\/723","targetHints":{"allow":["GET"]}}],"collection":[{"href":"https:\/\/blogs.univ-tlse2.fr\/invinovarietas\/wp-json\/wp\/v2\/pages"}],"about":[{"href":"https:\/\/blogs.univ-tlse2.fr\/invinovarietas\/wp-json\/wp\/v2\/types\/page"}],"author":[{"embeddable":true,"href":"https:\/\/blogs.univ-tlse2.fr\/invinovarietas\/wp-json\/wp\/v2\/users\/251"}],"replies":[{"embeddable":true,"href":"https:\/\/blogs.univ-tlse2.fr\/invinovarietas\/wp-json\/wp\/v2\/comments?post=723"}],"version-history":[{"count":4,"href":"https:\/\/blogs.univ-tlse2.fr\/invinovarietas\/wp-json\/wp\/v2\/pages\/723\/revisions"}],"predecessor-version":[{"id":729,"href":"https:\/\/blogs.univ-tlse2.fr\/invinovarietas\/wp-json\/wp\/v2\/pages\/723\/revisions\/729"}],"up":[{"embeddable":true,"href":"https:\/\/blogs.univ-tlse2.fr\/invinovarietas\/wp-json\/wp\/v2\/pages\/424"}],"wp:attachment":[{"href":"https:\/\/blogs.univ-tlse2.fr\/invinovarietas\/wp-json\/wp\/v2\/media?parent=723"}],"curies":[{"name":"wp","href":"https:\/\/api.w.org\/{rel}","templated":true}]}}