 {"id":9,"date":"2012-11-27T09:45:34","date_gmt":"2012-11-27T08:45:34","guid":{"rendered":"https:\/\/blogs.univ-tlse2.fr\/colloquevinalbi2013\/?page_id=9"},"modified":"2014-12-03T15:10:54","modified_gmt":"2014-12-03T14:10:54","slug":"presentation-du-projet","status":"publish","type":"page","link":"https:\/\/blogs.univ-tlse2.fr\/invinovarietas\/colloque-albi-2013\/presentation-du-projet\/","title":{"rendered":"Pr\u00e9sentation du projet"},"content":{"rendered":"<p align=\"center\"><strong>Universit\u00e9 de Toulouse II-Le Mirail, Colloques Vin 2013 &#8211; 2015<\/strong><br \/>\nSynth\u00e8se du projet colloques vin 2013-2014, Danielle Cornot, UTM, CERTOP \u2013 juin 2012<\/p>\n<p align=\"center\"><strong>Projet \u201cVins, vignes et vignerons : passages, messages et m\u00e9tissages\u201d<\/strong><br \/>\n<strong>Colloque national \u201c(R)\u00e9volution des savoirs et des savoir-faire : les<\/strong><br \/>\n<strong>arts et les m\u00e9tiers de la vigne et du vin\u201d, Albi 2013<\/strong><\/p>\n<p align=\"center\"><strong>Symposium international \u201cVins, vignes et vignerons : passages,<\/strong><br \/>\n<strong>messages et m\u00e9tissages\u201d, Toulouse 2015<\/strong><\/p>\n<p style=\"text-align: left\" align=\"center\"><a href=\"https:\/\/blogs.univ-tlse2.fr\/invinovarietas\/files\/2012\/11\/WebsitePresentationProjetColloquesVinAlbi2013Toulouse2015.pdf\">T\u00e9l\u00e9charger le document complet<\/a><\/p>\n<h1>I.\u00a0\u00a0\u00a0\u00a0\u00a0\u00a0\u00a0\u00a0\u00a0\u00a0\u00a0\u00a0\u00a0\u00a0\u00a0\u00a0\u00a0\u00a0 Particularit\u00e9 du projet<\/h1>\n<ul>\n<li style=\"text-align: justify\"><strong>Une manifestation en deux temps :<br \/>\n<\/strong>Un projet \u00ab vins, vignes et vignerons : passages, messages et m\u00e9tissages \u00bb qui comprend un colloque national en 2013 et un colloque international en 2015, International Wine Symposium of Toulouse.<\/li>\n<\/ul>\n<ul>\n<li style=\"text-align: justify\"><strong>Coop\u00e9ration avec les professionnels de la fili\u00e8re vitivinicole et la ville d\u2019accueil du colloque :<br \/>\n<\/strong>Le colloque se d\u00e9roule en partenariat avec des professionnels de la fili\u00e8re afin de travailler ensemble et de favoriser les \u00e9changes, et avec la ville d\u2019accueil du colloque.<\/li>\n<\/ul>\n<ul>\n<li style=\"text-align: justify\"><strong>Dimension p\u00e9dagogique du projet :<br \/>\n<\/strong>Les \u00e9tudiants sont int\u00e9gr\u00e9s \u00e0 ce projet dans le cadre de certains cours\/projets\/ateliers de Master : h\u00f4tellerie, restauration, tourisme, langues, arts, musicologie, communication interculturelle, etc.<\/li>\n<\/ul>\n<ul>\n<li style=\"text-align: justify\"><strong>Dimension culturelle et artistique :<br \/>\n<\/strong>Une r\u00e9flexion est men\u00e9e sur les arts et le vin avec des artistes et des \u00e9tudiants en arts (th\u00e9\u00e2tre, musique, danse, chant, etc.) afin de cr\u00e9er des spectacles\/affiches\/courts m\u00e9trages, etc. Des animations\/activit\u00e9s\/expositions etc. sont propos\u00e9es dans diff\u00e9rents lieux, m\u00e9diath\u00e8ques, mus\u00e9es, cin\u00e9math\u00e8ques, biblioth\u00e8ques, centres culturels, etc.<\/li>\n<\/ul>\n<ul>\n<li><strong>Lieu des colloques : au sein de l\u2019universit\u00e9 et\/ou dans un lieu strat\u00e9gique de la ville d\u2019accueil.<\/strong><\/li>\n<\/ul>\n<h1>II. Objectifs \u00e0 moyen et long termes du projet :<\/h1>\n<p style=\"text-align: justify\" align=\"left\"><b>\u00a0Ces deux colloques compl\u00e9mentaires constituent la premi\u00e8re \u00e9tape d\u2019une d\u00e9marche acad\u00e9mique \u00e0 plus long terme dont les objectifs majeurs sont les suivants :<\/b><\/p>\n<ul>\n<li>F\u00e9d\u00e9rer tous les chercheurs qui travaillent sur l\u2019objet \u00ab vin \u00bb dans les universit\u00e9s et \u00e9coles en Midi-Pyr\u00e9n\u00e9es.<\/li>\n<li>Cr\u00e9er un Groupe de Recherche et d\u2019Etude Interuniversitaire et Interdisciplinaire\/pluridisciplinaire sur le vin.<\/li>\n<li>Publier un ouvrage collectif : <i>Vins, vignes et vignerons : passages, messages et m\u00e9tissages.<\/i><\/li>\n<li>Transf\u00e9rer les savoirs dans l\u2019enseignement (cr\u00e9ation d\u2019un Master vin) et la formation.<\/li>\n<li>Travailler \u00e9troitement avec la r\u00e9gion et la fili\u00e8re vin en Midi-Pyr\u00e9n\u00e9es.<\/li>\n<li>Constituer un patrimoine, \u00ab Un vigneron\/un c\u00e9page du Sud-Ouest \u00bb, sous forme de films illustrant les histoires de vie, les savoir-faire et les terroirs du Sud-Ouest, de l\u2019Aveyron au Pays Basque.<\/li>\n<li>P\u00e9renniser les colloques : une ann\u00e9e \u00e0 Albi, une ann\u00e9e \u00e0 Toulouse, une ann\u00e9e dans un des vignobles du Sud-Ouest.<\/li>\n<li>Cr\u00e9er un \u00e9v\u00e9nement autour du vin \u00e0 Toulouse \u00ab Entre ciel et terre : la vigne au coeur du Sud-Ouest \u00bb : colloque scientifique, animations culturelles et artistiques, circuits oenotouristiques, salon international des vins du Sud-Ouest, film\/photos \u00ab Le vignoble du Sud-Ouest vu de l\u2019A380 \u00bb.<\/li>\n<\/ul>\n","protected":false},"excerpt":{"rendered":"<p>Universit\u00e9 de Toulouse II-Le Mirail, Colloques Vin 2013 &#8211; 2015 Synth\u00e8se du projet colloques vin 2013-2014, Danielle Cornot, UTM, CERTOP \u2013 juin 2012 Projet \u201cVins, vignes et vignerons : passages, messages et m\u00e9tissages\u201d Colloque national \u201c(R)\u00e9volution des savoirs et des savoir-faire : les arts et les m\u00e9tiers de la vigne et du vin\u201d, Albi 2013 [&hellip;]<\/p>\n","protected":false},"author":251,"featured_media":0,"parent":344,"menu_order":0,"comment_status":"closed","ping_status":"closed","template":"","meta":{"footnotes":""},"class_list":["post-9","page","type-page","status-publish","hentry"],"_links":{"self":[{"href":"https:\/\/blogs.univ-tlse2.fr\/invinovarietas\/wp-json\/wp\/v2\/pages\/9","targetHints":{"allow":["GET"]}}],"collection":[{"href":"https:\/\/blogs.univ-tlse2.fr\/invinovarietas\/wp-json\/wp\/v2\/pages"}],"about":[{"href":"https:\/\/blogs.univ-tlse2.fr\/invinovarietas\/wp-json\/wp\/v2\/types\/page"}],"author":[{"embeddable":true,"href":"https:\/\/blogs.univ-tlse2.fr\/invinovarietas\/wp-json\/wp\/v2\/users\/251"}],"replies":[{"embeddable":true,"href":"https:\/\/blogs.univ-tlse2.fr\/invinovarietas\/wp-json\/wp\/v2\/comments?post=9"}],"version-history":[{"count":1,"href":"https:\/\/blogs.univ-tlse2.fr\/invinovarietas\/wp-json\/wp\/v2\/pages\/9\/revisions"}],"predecessor-version":[{"id":518,"href":"https:\/\/blogs.univ-tlse2.fr\/invinovarietas\/wp-json\/wp\/v2\/pages\/9\/revisions\/518"}],"up":[{"embeddable":true,"href":"https:\/\/blogs.univ-tlse2.fr\/invinovarietas\/wp-json\/wp\/v2\/pages\/344"}],"wp:attachment":[{"href":"https:\/\/blogs.univ-tlse2.fr\/invinovarietas\/wp-json\/wp\/v2\/media?parent=9"}],"curies":[{"name":"wp","href":"https:\/\/api.w.org\/{rel}","templated":true}]}}