 {"id":114,"date":"2019-12-04T12:35:21","date_gmt":"2019-12-04T11:35:21","guid":{"rendered":"https:\/\/blogs.univ-tlse2.fr\/ip3a\/?page_id=114"},"modified":"2019-12-05T10:44:06","modified_gmt":"2019-12-05T09:44:06","slug":"accueil","status":"publish","type":"page","link":"https:\/\/blogs.univ-tlse2.fr\/ip3a\/","title":{"rendered":"ACCUEIL"},"content":{"rendered":"\n\n<p class=\"has-text-color has-small-font-size has-cyan-bluish-gray-color\"><em>Notice concernant les droits d&rsquo;auteur<br>Les documents distribu\u00e9s par ce serveur sont gracieusement fournis par les auteurs pour permettre une diffusion rapide de travaux  sur une base non commerciale, uniquement pour un usage strictement personnel ou \u00e0 des fins d&rsquo;enseignement.<\/em><\/p>\n\n\n\n<p class=\"has-text-color has-small-font-size has-cyan-bluish-gray-color\"> <em>Les droits d&rsquo;auteur, de commercialisation et d&rsquo;indexation \u00e0 des fins commerciales sont conserv\u00e9s par les auteurs et qui de droit malgr\u00e9 le fait que leurs travaux sont accessibles \u00e9lectroniquement. Toutes les personnes et organismes faisant une copie \u00e9lectronique de ces documents s&rsquo;engagent, par le fait m\u00eame de faire cette copie, \u00e0 respecter les droits d&rsquo;auteurs et droits de distribution associ\u00e9s. En particulier ces documents ne pourront pas \u00eatre rediffus\u00e9s, sous quelque forme que ce soit, sans l&rsquo;accord explicite des b\u00e9n\u00e9ficiaires des droits d&rsquo;auteurs.<\/em><\/p>\n","protected":false},"excerpt":{"rendered":"<p>Notice concernant les droits d&rsquo;auteurLes documents distribu\u00e9s par ce serveur sont gracieusement fournis par les auteurs pour permettre une diffusion rapide de travaux sur une base non commerciale, uniquement pour un usage strictement personnel ou \u00e0 des fins d&rsquo;enseignement. Les droits d&rsquo;auteur, de commercialisation et d&rsquo;indexation \u00e0 des fins commerciales sont conserv\u00e9s par les auteurs [&hellip;]<\/p>\n","protected":false},"author":756,"featured_media":104,"parent":0,"menu_order":0,"comment_status":"closed","ping_status":"closed","template":"page-templates\/template-blog.php","meta":{"footnotes":""},"class_list":["post-114","page","type-page","status-publish","has-post-thumbnail","hentry"],"_links":{"self":[{"href":"https:\/\/blogs.univ-tlse2.fr\/ip3a\/wp-json\/wp\/v2\/pages\/114","targetHints":{"allow":["GET"]}}],"collection":[{"href":"https:\/\/blogs.univ-tlse2.fr\/ip3a\/wp-json\/wp\/v2\/pages"}],"about":[{"href":"https:\/\/blogs.univ-tlse2.fr\/ip3a\/wp-json\/wp\/v2\/types\/page"}],"author":[{"embeddable":true,"href":"https:\/\/blogs.univ-tlse2.fr\/ip3a\/wp-json\/wp\/v2\/users\/756"}],"replies":[{"embeddable":true,"href":"https:\/\/blogs.univ-tlse2.fr\/ip3a\/wp-json\/wp\/v2\/comments?post=114"}],"version-history":[{"count":5,"href":"https:\/\/blogs.univ-tlse2.fr\/ip3a\/wp-json\/wp\/v2\/pages\/114\/revisions"}],"predecessor-version":[{"id":243,"href":"https:\/\/blogs.univ-tlse2.fr\/ip3a\/wp-json\/wp\/v2\/pages\/114\/revisions\/243"}],"wp:featuredmedia":[{"embeddable":true,"href":"https:\/\/blogs.univ-tlse2.fr\/ip3a\/wp-json\/wp\/v2\/media\/104"}],"wp:attachment":[{"href":"https:\/\/blogs.univ-tlse2.fr\/ip3a\/wp-json\/wp\/v2\/media?parent=114"}],"curies":[{"name":"wp","href":"https:\/\/api.w.org\/{rel}","templated":true}]}}