 {"id":186,"date":"2019-12-04T21:08:22","date_gmt":"2019-12-04T20:08:22","guid":{"rendered":"https:\/\/blogs.univ-tlse2.fr\/ip3a\/?page_id=186"},"modified":"2024-12-04T18:17:12","modified_gmt":"2024-12-04T17:17:12","slug":"formation-de-formateurs","status":"publish","type":"page","link":"https:\/\/blogs.univ-tlse2.fr\/ip3a\/formation-de-formateurs\/","title":{"rendered":"Formation de formateurs"},"content":{"rendered":"\n<div class=\"wp-block-media-text has-media-on-the-right is-stacked-on-mobile\" style=\"grid-template-columns:auto 46%\"><div class=\"wp-block-media-text__content\">\n<p class=\"has-background\" style=\"background-color:#e6eaea\">Exemple de conception d&rsquo;un court expos\u00e9 de pr\u00e9sentation de la d\u00e9marche de conception p\u00e9dagogique T3A : <a href=\"https:\/\/blogs.univ-tlse2.fr\/ip3a\/presenter-la-demarche-de-conception-t3a-en-master-meef\/\">Pr\u00e9senter la d\u00e9marche T3A<\/a><\/p>\n<\/div><figure class=\"wp-block-media-text__media\"><img loading=\"lazy\" decoding=\"async\" width=\"1024\" height=\"507\" src=\"https:\/\/blogs.univ-tlse2.fr\/ip3a\/files\/2024\/12\/IMA_T3A_MEEF_LOGO-1024x507.jpg\" alt=\"\" class=\"wp-image-2072 size-full\" srcset=\"https:\/\/blogs.univ-tlse2.fr\/ip3a\/files\/2024\/12\/IMA_T3A_MEEF_LOGO-1024x507.jpg 1024w, https:\/\/blogs.univ-tlse2.fr\/ip3a\/files\/2024\/12\/IMA_T3A_MEEF_LOGO-300x149.jpg 300w, https:\/\/blogs.univ-tlse2.fr\/ip3a\/files\/2024\/12\/IMA_T3A_MEEF_LOGO-768x380.jpg 768w, https:\/\/blogs.univ-tlse2.fr\/ip3a\/files\/2024\/12\/IMA_T3A_MEEF_LOGO-1536x760.jpg 1536w, https:\/\/blogs.univ-tlse2.fr\/ip3a\/files\/2024\/12\/IMA_T3A_MEEF_LOGO.jpg 2004w\" sizes=\"auto, (max-width: 1024px) 100vw, 1024px\" \/><\/figure><\/div>\n\n\n\n<p><\/p>\n\n\n\n<div class=\"wp-block-media-text alignwide has-media-on-the-right is-stacked-on-mobile\" style=\"grid-template-columns:auto 45%\"><div class=\"wp-block-media-text__content\">\n<p class=\"has-background has-normal-font-size\" style=\"background-color:#e6eaec\">Exemple de conception d\u2019un <strong><a rel=\"noreferrer noopener\" href=\"https:\/\/blogs.univ-tlse2.fr\/ip3a\/concevoir-un-curriculum-de-formation-en-master-meef-sciences-de-lingenieur\/\" target=\"_blank\">curriculum de formation d\u2019un master MEEF en Sciences de l\u2019ing\u00e9nieur<\/a><\/strong>, dans le cadre de la r\u00e9forme de la formation initiale des enseignants en&nbsp;Insp\u00e9&nbsp;(M.E.N., 2019).<\/p>\n<\/div><figure class=\"wp-block-media-text__media\"><img loading=\"lazy\" decoding=\"async\" width=\"1024\" height=\"515\" src=\"https:\/\/blogs.univ-tlse2.fr\/ip3a\/files\/2021\/04\/MasterSII_IMA-1024x515.jpg\" alt=\"\" class=\"wp-image-1546 size-full\" srcset=\"https:\/\/blogs.univ-tlse2.fr\/ip3a\/files\/2021\/04\/MasterSII_IMA-1024x515.jpg 1024w, https:\/\/blogs.univ-tlse2.fr\/ip3a\/files\/2021\/04\/MasterSII_IMA-300x151.jpg 300w, https:\/\/blogs.univ-tlse2.fr\/ip3a\/files\/2021\/04\/MasterSII_IMA-768x386.jpg 768w, https:\/\/blogs.univ-tlse2.fr\/ip3a\/files\/2021\/04\/MasterSII_IMA-1536x773.jpg 1536w, https:\/\/blogs.univ-tlse2.fr\/ip3a\/files\/2021\/04\/MasterSII_IMA.jpg 1940w\" sizes=\"auto, (max-width: 1024px) 100vw, 1024px\" \/><\/figure><\/div>\n\n\n\n<p><\/p>\n\n\n\n<div class=\"wp-block-media-text alignwide has-media-on-the-right is-stacked-on-mobile\" style=\"grid-template-columns:auto 45%\"><div class=\"wp-block-media-text__content\">\n<p class=\"has-background has-normal-font-size\" style=\"background-color:#e3e7ea\">Exemple de conception d\u2019un module de formation, en master CIES, \u00e0 une comp\u00e9tence professionnelle concernant la <strong>conception de dispositif de formation<\/strong> :<br><a rel=\"noreferrer noopener\" href=\"https:\/\/blogs.univ-tlse2.fr\/ip3a\/enseigner-lingenierie-pedagogique-en-master-cies\/\" target=\"_blank\"><strong>Enseigner l\u2019ing\u00e9nierie p\u00e9dagogique en master MEEF-CIES<\/strong><\/a> \u2013&nbsp;<em>Auteur : Manuel MUSIAL<\/em><\/p>\n<\/div><figure class=\"wp-block-media-text__media\"><img loading=\"lazy\" decoding=\"async\" width=\"1024\" height=\"500\" src=\"https:\/\/blogs.univ-tlse2.fr\/ip3a\/files\/2020\/04\/IP3A_CIES_IMAGE-1024x500.png\" alt=\"\" class=\"wp-image-720 size-full\" srcset=\"https:\/\/blogs.univ-tlse2.fr\/ip3a\/files\/2020\/04\/IP3A_CIES_IMAGE-1024x500.png 1024w, https:\/\/blogs.univ-tlse2.fr\/ip3a\/files\/2020\/04\/IP3A_CIES_IMAGE-300x147.png 300w, https:\/\/blogs.univ-tlse2.fr\/ip3a\/files\/2020\/04\/IP3A_CIES_IMAGE-768x375.png 768w, https:\/\/blogs.univ-tlse2.fr\/ip3a\/files\/2020\/04\/IP3A_CIES_IMAGE-1536x751.png 1536w, https:\/\/blogs.univ-tlse2.fr\/ip3a\/files\/2020\/04\/IP3A_CIES_IMAGE.png 1850w\" sizes=\"auto, (max-width: 1024px) 100vw, 1024px\" \/><\/figure><\/div>\n\n\n\n<p><\/p>\n\n\n\n<div class=\"wp-block-media-text alignwide has-media-on-the-right is-stacked-on-mobile\" style=\"grid-template-columns:auto 45%\"><div class=\"wp-block-media-text__content\">\n<p class=\"has-background has-normal-font-size\" style=\"background-color:#e0e3e6\">Exemple de conception d\u2019un module de formation, en master CIES, sur le mod\u00e8le de <strong>conception p\u00e9dagogique IP3A<\/strong> :<br><a rel=\"noreferrer noopener\" href=\"https:\/\/blogs.univ-tlse2.fr\/ip3a\/enseigner-la-conception-pedagogique-en-master-meef-cies\/\" target=\"_blank\"><strong>Enseigner le mod\u00e8le IP3A en master MEEF-CIES<\/strong><\/a> \u2013&nbsp;<em>Auteur : Manuel MUSIAL<\/em><\/p>\n<\/div><figure class=\"wp-block-media-text__media\"><img loading=\"lazy\" decoding=\"async\" width=\"1024\" height=\"517\" src=\"https:\/\/blogs.univ-tlse2.fr\/ip3a\/files\/2020\/05\/Cartographie_IP3A_IMA-1024x517.jpg\" alt=\"\" class=\"wp-image-869 size-full\" srcset=\"https:\/\/blogs.univ-tlse2.fr\/ip3a\/files\/2020\/05\/Cartographie_IP3A_IMA-1024x517.jpg 1024w, https:\/\/blogs.univ-tlse2.fr\/ip3a\/files\/2020\/05\/Cartographie_IP3A_IMA-300x152.jpg 300w, https:\/\/blogs.univ-tlse2.fr\/ip3a\/files\/2020\/05\/Cartographie_IP3A_IMA-768x388.jpg 768w, https:\/\/blogs.univ-tlse2.fr\/ip3a\/files\/2020\/05\/Cartographie_IP3A_IMA-1536x776.jpg 1536w, https:\/\/blogs.univ-tlse2.fr\/ip3a\/files\/2020\/05\/Cartographie_IP3A_IMA.jpg 1936w\" sizes=\"auto, (max-width: 1024px) 100vw, 1024px\" \/><\/figure><\/div>\n\n\n\n<p><\/p>\n\n\n\n<div class=\"wp-block-media-text alignwide has-media-on-the-right is-stacked-on-mobile\" style=\"grid-template-columns:auto 46%\"><div class=\"wp-block-media-text__content\">\n<p class=\"has-background has-normal-font-size\" style=\"background-color:#e5e7ea\">Exemple de conception d\u2019un module de formation, en master CIES, sur le mod\u00e8le de <strong>conception p\u00e9dagogique 4C\/ID<\/strong> :<br><strong><a rel=\"noreferrer noopener\" href=\"https:\/\/blogs.univ-tlse2.fr\/ip3a\/enseigner-le-modele-de-conception-pedagogique-4c-id-en-master-meef-cies\/\" target=\"_blank\">Enseigner le mod\u00e8le 4C\/ID en master MEEF-CIES<\/a><\/strong> \u2013&nbsp;<em>Auteur : Manuel MUSIAL<\/em><\/p>\n<\/div><figure class=\"wp-block-media-text__media\"><img loading=\"lazy\" decoding=\"async\" width=\"1024\" height=\"513\" src=\"https:\/\/blogs.univ-tlse2.fr\/ip3a\/files\/2020\/11\/4C-ID_IMA-1024x513.jpg\" alt=\"\" class=\"wp-image-1038 size-full\" srcset=\"https:\/\/blogs.univ-tlse2.fr\/ip3a\/files\/2020\/11\/4C-ID_IMA-1024x513.jpg 1024w, https:\/\/blogs.univ-tlse2.fr\/ip3a\/files\/2020\/11\/4C-ID_IMA-300x150.jpg 300w, https:\/\/blogs.univ-tlse2.fr\/ip3a\/files\/2020\/11\/4C-ID_IMA-768x385.jpg 768w, https:\/\/blogs.univ-tlse2.fr\/ip3a\/files\/2020\/11\/4C-ID_IMA-1536x770.jpg 1536w, https:\/\/blogs.univ-tlse2.fr\/ip3a\/files\/2020\/11\/4C-ID_IMA.jpg 1936w\" sizes=\"auto, (max-width: 1024px) 100vw, 1024px\" \/><\/figure><\/div>\n\n\n\n<p><\/p>\n\n\n\n<div class=\"wp-block-media-text alignwide has-media-on-the-right is-stacked-on-mobile\" style=\"grid-template-columns:auto 46%\"><div class=\"wp-block-media-text__content\">\n<p class=\"has-background has-normal-font-size\" style=\"background-color:#dbe0e5\">Exemple de conception d\u2019une conf\u00e9rence, en formation de formateurs, sur le mod\u00e8le de <strong>conception p\u00e9dagogique IP3A<\/strong> :<br><a href=\"https:\/\/blogs.univ-tlse2.fr\/ip3a\/faire-comprendre-le-modele-de-lacte-dapprendre-a-lecole-du-cadre-ip3a-a-des-professionnels-de-lenseignement\/\" data-type=\"URL\" data-id=\"https:\/\/blogs.univ-tlse2.fr\/ip3a\/faire-comprendre-le-modele-de-lacte-dapprendre-a-lecole-du-cadre-ip3a-a-des-professionnels-de-lenseignement\/\" target=\"_blank\" rel=\"noreferrer noopener\"><strong>Faire comprendre mod\u00e8le APPRENDRE IP3A<\/strong> <\/a>\u2013&nbsp;<em>Auteur : Manuel MUSIAL<\/em><\/p>\n<\/div><figure class=\"wp-block-media-text__media\"><img loading=\"lazy\" decoding=\"async\" width=\"1024\" height=\"516\" src=\"https:\/\/blogs.univ-tlse2.fr\/ip3a\/files\/2020\/12\/IP3A-Ife_IMA-1024x516.jpg\" alt=\"\" class=\"wp-image-1154 size-full\" srcset=\"https:\/\/blogs.univ-tlse2.fr\/ip3a\/files\/2020\/12\/IP3A-Ife_IMA-1024x516.jpg 1024w, https:\/\/blogs.univ-tlse2.fr\/ip3a\/files\/2020\/12\/IP3A-Ife_IMA-300x151.jpg 300w, https:\/\/blogs.univ-tlse2.fr\/ip3a\/files\/2020\/12\/IP3A-Ife_IMA-768x387.jpg 768w, https:\/\/blogs.univ-tlse2.fr\/ip3a\/files\/2020\/12\/IP3A-Ife_IMA-1536x774.jpg 1536w, https:\/\/blogs.univ-tlse2.fr\/ip3a\/files\/2020\/12\/IP3A-Ife_IMA.jpg 1926w\" sizes=\"auto, (max-width: 1024px) 100vw, 1024px\" \/><\/figure><\/div>\n\n\n\n<p><\/p>\n","protected":false},"excerpt":{"rendered":"<p>Exemple de conception d&rsquo;un court expos\u00e9 de pr\u00e9sentation de la d\u00e9marche de conception p\u00e9dagogique T3A : Pr\u00e9senter la d\u00e9marche T3A Exemple de conception d\u2019un curriculum de formation d\u2019un master MEEF en Sciences de l\u2019ing\u00e9nieur, dans le cadre de la r\u00e9forme de la formation initiale des enseignants en&nbsp;Insp\u00e9&nbsp;(M.E.N., 2019). Exemple de conception d\u2019un module de formation, [&hellip;]<\/p>\n","protected":false},"author":756,"featured_media":0,"parent":0,"menu_order":0,"comment_status":"closed","ping_status":"closed","template":"page-templates\/template-full-width.php","meta":{"footnotes":""},"class_list":["post-186","page","type-page","status-publish","hentry"],"_links":{"self":[{"href":"https:\/\/blogs.univ-tlse2.fr\/ip3a\/wp-json\/wp\/v2\/pages\/186","targetHints":{"allow":["GET"]}}],"collection":[{"href":"https:\/\/blogs.univ-tlse2.fr\/ip3a\/wp-json\/wp\/v2\/pages"}],"about":[{"href":"https:\/\/blogs.univ-tlse2.fr\/ip3a\/wp-json\/wp\/v2\/types\/page"}],"author":[{"embeddable":true,"href":"https:\/\/blogs.univ-tlse2.fr\/ip3a\/wp-json\/wp\/v2\/users\/756"}],"replies":[{"embeddable":true,"href":"https:\/\/blogs.univ-tlse2.fr\/ip3a\/wp-json\/wp\/v2\/comments?post=186"}],"version-history":[{"count":37,"href":"https:\/\/blogs.univ-tlse2.fr\/ip3a\/wp-json\/wp\/v2\/pages\/186\/revisions"}],"predecessor-version":[{"id":2097,"href":"https:\/\/blogs.univ-tlse2.fr\/ip3a\/wp-json\/wp\/v2\/pages\/186\/revisions\/2097"}],"wp:attachment":[{"href":"https:\/\/blogs.univ-tlse2.fr\/ip3a\/wp-json\/wp\/v2\/media?parent=186"}],"curies":[{"name":"wp","href":"https:\/\/api.w.org\/{rel}","templated":true}]}}