 {"id":28,"date":"2019-12-03T10:37:43","date_gmt":"2019-12-03T09:37:43","guid":{"rendered":"https:\/\/blogs.univ-tlse2.fr\/ip3a\/?page_id=28"},"modified":"2023-05-01T18:08:41","modified_gmt":"2023-05-01T16:08:41","slug":"qui-sommes-nous","status":"publish","type":"page","link":"https:\/\/blogs.univ-tlse2.fr\/ip3a\/qui-sommes-nous\/","title":{"rendered":"CONTACT"},"content":{"rendered":"\n<h2 class=\"wp-block-heading\">Manuel MUSIAL<\/h2>\n\n\n\n<div class=\"wp-block-media-text alignwide has-media-on-the-right is-stacked-on-mobile is-image-fill\" style=\"grid-template-columns:auto 34%\"><div class=\"wp-block-media-text__content\">\n<p style=\"font-size:17px\">Formateur \u00e0 l&rsquo;INSP\u00e9 Toulouse Occitanie-Pyr\u00e9n\u00e9es<br>Professeur agr\u00e9g\u00e9 en Sciences de l&rsquo;ing\u00e9nieur<\/p>\n<\/div><figure class=\"wp-block-media-text__media\" style=\"background-image:url(https:\/\/blogs.univ-tlse2.fr\/ip3a\/files\/2023\/05\/Manuel_MUSIAL-845x1024.jpg);background-position:47% 40%\"><img loading=\"lazy\" decoding=\"async\" width=\"845\" height=\"1024\" src=\"https:\/\/blogs.univ-tlse2.fr\/ip3a\/files\/2023\/05\/Manuel_MUSIAL-845x1024.jpg\" alt=\"\" class=\"wp-image-1961 size-full\" srcset=\"https:\/\/blogs.univ-tlse2.fr\/ip3a\/files\/2023\/05\/Manuel_MUSIAL-845x1024.jpg 845w, https:\/\/blogs.univ-tlse2.fr\/ip3a\/files\/2023\/05\/Manuel_MUSIAL-248x300.jpg 248w, https:\/\/blogs.univ-tlse2.fr\/ip3a\/files\/2023\/05\/Manuel_MUSIAL-768x931.jpg 768w, https:\/\/blogs.univ-tlse2.fr\/ip3a\/files\/2023\/05\/Manuel_MUSIAL.jpg 1020w\" sizes=\"auto, (max-width: 845px) 100vw, 845px\" \/><\/figure><\/div>\n\n\n\n<p>Enseignement en master MEEF <br><em>(M\u00e9tiers de l&rsquo;Enseignement, de l&rsquo;\u00c9ducation et de la Formation)<\/em><br>Enseignement en master CIES <br>(<em>Conseil et Ing\u00e9nierie&nbsp;pour l&rsquo;Enseignement Sup\u00e9rieur<\/em>)<\/p>\n\n\n\n<hr class=\"wp-block-separator has-css-opacity\" \/>\n\n\n\n<p>Je travaille avec <a href=\"http:\/\/andre.tricot.pagesperso-orange.fr\">Andr\u00e9 <\/a><a rel=\"noreferrer noopener\" aria-label=\"TRICOT (s\u2019ouvre dans un nouvel onglet)\" href=\"http:\/\/andre.tricot.pagesperso-orange.fr\" target=\"_blank\">TRICOT<\/a><a href=\"http:\/\/andre.tricot.pagesperso-orange.fr\"> <\/a> depuis pr\u00e8s de 20 ans \u00e0 \u00e9tablir un cadre th\u00e9orique et pratique \u00e0 propos de la pr\u00e9paration d&rsquo;un enseignement. <br>Nous concilions une approche de la formation des enseignants fond\u00e9e sur la didactique des savoirs disciplinaires avec une approche centr\u00e9e sur les apprentissages des \u00e9l\u00e8ves.<\/p>\n\n\n\n<figure class=\"wp-block-image size-large\"><img loading=\"lazy\" decoding=\"async\" width=\"1024\" height=\"868\" src=\"https:\/\/blogs.univ-tlse2.fr\/ip3a\/files\/2019\/12\/MMAT-1024x868.jpg\" alt=\"\" class=\"wp-image-104\" srcset=\"https:\/\/blogs.univ-tlse2.fr\/ip3a\/files\/2019\/12\/MMAT-1024x868.jpg 1024w, https:\/\/blogs.univ-tlse2.fr\/ip3a\/files\/2019\/12\/MMAT-300x254.jpg 300w, https:\/\/blogs.univ-tlse2.fr\/ip3a\/files\/2019\/12\/MMAT-768x651.jpg 768w, https:\/\/blogs.univ-tlse2.fr\/ip3a\/files\/2019\/12\/MMAT.jpg 1064w\" sizes=\"auto, (max-width: 1024px) 100vw, 1024px\" \/><figcaption class=\"wp-element-caption\"><em>Nous partageons aussi le plaisir d&rsquo;encourager le STADE TOULOUSAIN<\/em><\/figcaption><\/figure>\n\n\n\n<p><\/p>\n","protected":false},"excerpt":{"rendered":"<p>Manuel MUSIAL Formateur \u00e0 l&rsquo;INSP\u00e9 Toulouse Occitanie-Pyr\u00e9n\u00e9esProfesseur agr\u00e9g\u00e9 en Sciences de l&rsquo;ing\u00e9nieur Enseignement en master MEEF (M\u00e9tiers de l&rsquo;Enseignement, de l&rsquo;\u00c9ducation et de la Formation)Enseignement en master CIES (Conseil et Ing\u00e9nierie&nbsp;pour l&rsquo;Enseignement Sup\u00e9rieur) Je travaille avec Andr\u00e9 TRICOT depuis pr\u00e8s de 20 ans \u00e0 \u00e9tablir un cadre th\u00e9orique et pratique \u00e0 propos de la pr\u00e9paration [&hellip;]<\/p>\n","protected":false},"author":756,"featured_media":0,"parent":0,"menu_order":0,"comment_status":"closed","ping_status":"closed","template":"","meta":{"footnotes":""},"class_list":["post-28","page","type-page","status-publish","hentry"],"_links":{"self":[{"href":"https:\/\/blogs.univ-tlse2.fr\/ip3a\/wp-json\/wp\/v2\/pages\/28","targetHints":{"allow":["GET"]}}],"collection":[{"href":"https:\/\/blogs.univ-tlse2.fr\/ip3a\/wp-json\/wp\/v2\/pages"}],"about":[{"href":"https:\/\/blogs.univ-tlse2.fr\/ip3a\/wp-json\/wp\/v2\/types\/page"}],"author":[{"embeddable":true,"href":"https:\/\/blogs.univ-tlse2.fr\/ip3a\/wp-json\/wp\/v2\/users\/756"}],"replies":[{"embeddable":true,"href":"https:\/\/blogs.univ-tlse2.fr\/ip3a\/wp-json\/wp\/v2\/comments?post=28"}],"version-history":[{"count":23,"href":"https:\/\/blogs.univ-tlse2.fr\/ip3a\/wp-json\/wp\/v2\/pages\/28\/revisions"}],"predecessor-version":[{"id":1965,"href":"https:\/\/blogs.univ-tlse2.fr\/ip3a\/wp-json\/wp\/v2\/pages\/28\/revisions\/1965"}],"wp:attachment":[{"href":"https:\/\/blogs.univ-tlse2.fr\/ip3a\/wp-json\/wp\/v2\/media?parent=28"}],"curies":[{"name":"wp","href":"https:\/\/api.w.org\/{rel}","templated":true}]}}