 {"id":62,"date":"2019-12-03T22:32:59","date_gmt":"2019-12-03T21:32:59","guid":{"rendered":"https:\/\/blogs.univ-tlse2.fr\/ip3a\/?page_id=62"},"modified":"2025-01-15T14:29:43","modified_gmt":"2025-01-15T13:29:43","slug":"ens-college","status":"publish","type":"page","link":"https:\/\/blogs.univ-tlse2.fr\/ip3a\/ens-college\/","title":{"rendered":"Ens pr\u00e9-bac"},"content":{"rendered":"\n<p>Vous trouverez ici des exemples d&rsquo;ing\u00e9nierie p\u00e9dagogique de dispositifs d&rsquo;enseignement en pr\u00e9-bac : <\/p>\n\n\n\n<p class=\"has-text-align-center\"><strong><a href=\"https:\/\/blogs.univ-tlse2.fr\/ip3a\/enseignement-au-lycee\/\">Enseignement  au lyc\u00e9e<\/a><\/strong><\/p>\n\n\n\n<figure class=\"wp-block-gallery has-nested-images columns-default is-cropped wp-block-gallery-1 is-layout-flex wp-block-gallery-is-layout-flex\">\n<figure class=\"wp-block-image size-large is-style-default\"><img loading=\"lazy\" decoding=\"async\" width=\"1024\" height=\"507\" data-id=\"2015\" src=\"https:\/\/blogs.univ-tlse2.fr\/ip3a\/files\/2024\/06\/IMA_PFS-1024x507.jpg\" alt=\"\" class=\"wp-image-2015\" srcset=\"https:\/\/blogs.univ-tlse2.fr\/ip3a\/files\/2024\/06\/IMA_PFS-1024x507.jpg 1024w, https:\/\/blogs.univ-tlse2.fr\/ip3a\/files\/2024\/06\/IMA_PFS-300x149.jpg 300w, https:\/\/blogs.univ-tlse2.fr\/ip3a\/files\/2024\/06\/IMA_PFS-768x380.jpg 768w, https:\/\/blogs.univ-tlse2.fr\/ip3a\/files\/2024\/06\/IMA_PFS-1536x760.jpg 1536w, https:\/\/blogs.univ-tlse2.fr\/ip3a\/files\/2024\/06\/IMA_PFS.jpg 2008w\" sizes=\"auto, (max-width: 1024px) 100vw, 1024px\" \/><figcaption class=\"wp-element-caption\"><a href=\"https:\/\/blogs.univ-tlse2.fr\/ip3a\/enseigner-le-pfs-au-lycee-en-sti2d\/\"><mark class=\"has-inline-color has-luminous-vivid-orange-color\">Enseigner le PFS<\/mark><\/a><\/figcaption><\/figure>\n\n\n\n<figure class=\"wp-block-image size-large\"><img loading=\"lazy\" decoding=\"async\" width=\"1024\" height=\"646\" data-id=\"763\" src=\"https:\/\/blogs.univ-tlse2.fr\/ip3a\/files\/2020\/04\/ImpactEnv_IMAGE-1024x646.jpg\" alt=\"\" class=\"wp-image-763\" srcset=\"https:\/\/blogs.univ-tlse2.fr\/ip3a\/files\/2020\/04\/ImpactEnv_IMAGE-1024x646.jpg 1024w, https:\/\/blogs.univ-tlse2.fr\/ip3a\/files\/2020\/04\/ImpactEnv_IMAGE-300x189.jpg 300w, https:\/\/blogs.univ-tlse2.fr\/ip3a\/files\/2020\/04\/ImpactEnv_IMAGE-768x485.jpg 768w, https:\/\/blogs.univ-tlse2.fr\/ip3a\/files\/2020\/04\/ImpactEnv_IMAGE-1536x969.jpg 1536w, https:\/\/blogs.univ-tlse2.fr\/ip3a\/files\/2020\/04\/ImpactEnv_IMAGE.jpg 1822w\" sizes=\"auto, (max-width: 1024px) 100vw, 1024px\" \/><figcaption class=\"wp-element-caption\"><a href=\"https:\/\/blogs.univ-tlse2.fr\/ip3a\/enseigner-la-schematisation-cinematique-en-lycee\/\" data-type=\"URL\" data-id=\"https:\/\/blogs.univ-tlse2.fr\/ip3a\/enseigner-la-schematisation-cinematique-en-lycee\/\" target=\"_blank\" rel=\"noreferrer noopener\"><mark class=\"has-inline-color has-luminous-vivid-orange-color\">Enseigner le concept d&rsquo;INDICATEUR d&rsquo;IMPACT ENVIRONNEMENTAL<\/mark><\/a><br><\/figcaption><\/figure>\n\n\n\n<figure class=\"wp-block-image size-large\"><img loading=\"lazy\" decoding=\"async\" width=\"1024\" height=\"832\" data-id=\"696\" src=\"https:\/\/blogs.univ-tlse2.fr\/ip3a\/files\/2020\/04\/SchemCin_IMAGE-1024x832.jpg\" alt=\"\" class=\"wp-image-696\" srcset=\"https:\/\/blogs.univ-tlse2.fr\/ip3a\/files\/2020\/04\/SchemCin_IMAGE-1024x832.jpg 1024w, https:\/\/blogs.univ-tlse2.fr\/ip3a\/files\/2020\/04\/SchemCin_IMAGE-300x244.jpg 300w, https:\/\/blogs.univ-tlse2.fr\/ip3a\/files\/2020\/04\/SchemCin_IMAGE-768x624.jpg 768w, https:\/\/blogs.univ-tlse2.fr\/ip3a\/files\/2020\/04\/SchemCin_IMAGE-1536x1247.jpg 1536w, https:\/\/blogs.univ-tlse2.fr\/ip3a\/files\/2020\/04\/SchemCin_IMAGE-2048x1663.jpg 2048w\" sizes=\"auto, (max-width: 1024px) 100vw, 1024px\" \/><figcaption class=\"wp-element-caption\"><a href=\"https:\/\/blogs.univ-tlse2.fr\/ip3a\/enseigner-la-schematisation-cinematique-en-lycee\/\" data-type=\"URL\" data-id=\"https:\/\/blogs.univ-tlse2.fr\/ip3a\/enseigner-la-schematisation-cinematique-en-lycee\/\" target=\"_blank\" rel=\"noreferrer noopener\"><mark class=\"has-inline-color has-luminous-vivid-orange-color\">Enseigner la SCH\u00c9MATISATION d&rsquo;iun m\u00e9canisme, au Lyc\u00e9e<\/mark><\/a><\/figcaption><\/figure>\n\n\n\n<figure class=\"wp-block-image size-large\"><img loading=\"lazy\" decoding=\"async\" width=\"1024\" height=\"517\" data-id=\"1725\" src=\"https:\/\/blogs.univ-tlse2.fr\/ip3a\/files\/2021\/11\/IMA_STI2D_Drone-1024x517.jpg\" alt=\"\" class=\"wp-image-1725\" srcset=\"https:\/\/blogs.univ-tlse2.fr\/ip3a\/files\/2021\/11\/IMA_STI2D_Drone-1024x517.jpg 1024w, https:\/\/blogs.univ-tlse2.fr\/ip3a\/files\/2021\/11\/IMA_STI2D_Drone-300x151.jpg 300w, https:\/\/blogs.univ-tlse2.fr\/ip3a\/files\/2021\/11\/IMA_STI2D_Drone-768x388.jpg 768w, https:\/\/blogs.univ-tlse2.fr\/ip3a\/files\/2021\/11\/IMA_STI2D_Drone.jpg 1204w\" sizes=\"auto, (max-width: 1024px) 100vw, 1024px\" \/><figcaption class=\"wp-element-caption\"><a href=\"https:\/\/blogs.univ-tlse2.fr\/ip3a\/enseigner-en-sti2d-a-laide-dun-drone\/\" data-type=\"URL\" data-id=\"https:\/\/blogs.univ-tlse2.fr\/ip3a\/enseigner-en-sti2d-a-laide-dun-drone\/\"><mark class=\"has-inline-color has-luminous-vivid-orange-color\">Enseigner en STI2D, \u00e0 l&rsquo;aide d&rsquo;un drone<\/mark><\/a><\/figcaption><\/figure>\n\n\n\n<figure class=\"wp-block-image size-large\"><img loading=\"lazy\" decoding=\"async\" width=\"1024\" height=\"491\" data-id=\"722\" src=\"https:\/\/blogs.univ-tlse2.fr\/ip3a\/files\/2020\/04\/Resonance_IMAGE-1024x491.jpg\" alt=\"\" class=\"wp-image-722\" srcset=\"https:\/\/blogs.univ-tlse2.fr\/ip3a\/files\/2020\/04\/Resonance_IMAGE-1024x491.jpg 1024w, https:\/\/blogs.univ-tlse2.fr\/ip3a\/files\/2020\/04\/Resonance_IMAGE-300x144.jpg 300w, https:\/\/blogs.univ-tlse2.fr\/ip3a\/files\/2020\/04\/Resonance_IMAGE-768x368.jpg 768w, https:\/\/blogs.univ-tlse2.fr\/ip3a\/files\/2020\/04\/Resonance_IMAGE-1536x736.jpg 1536w, https:\/\/blogs.univ-tlse2.fr\/ip3a\/files\/2020\/04\/Resonance_IMAGE-2048x982.jpg 2048w\" sizes=\"auto, (max-width: 1024px) 100vw, 1024px\" \/><figcaption class=\"wp-element-caption\"><a href=\"https:\/\/blogs.univ-tlse2.fr\/ip3a\/enseigner-le-phenomene-de-resonance-dune-structure-au-lycee\/\" data-type=\"URL\" data-id=\"https:\/\/blogs.univ-tlse2.fr\/ip3a\/enseigner-le-phenomene-de-resonance-dune-structure-au-lycee\/\" target=\"_blank\" rel=\"noreferrer noopener\"><mark class=\"has-inline-color has-luminous-vivid-orange-color\">Enseigner la RESONANCE<\/mark><\/a><br><\/figcaption><\/figure>\n\n\n\n<figure class=\"wp-block-image size-large\"><img loading=\"lazy\" decoding=\"async\" width=\"1024\" height=\"724\" data-id=\"719\" src=\"https:\/\/blogs.univ-tlse2.fr\/ip3a\/files\/2020\/04\/DescenteCharges_IMAGE-1024x724.jpg\" alt=\"\" class=\"wp-image-719\" srcset=\"https:\/\/blogs.univ-tlse2.fr\/ip3a\/files\/2020\/04\/DescenteCharges_IMAGE-1024x724.jpg 1024w, https:\/\/blogs.univ-tlse2.fr\/ip3a\/files\/2020\/04\/DescenteCharges_IMAGE-300x212.jpg 300w, https:\/\/blogs.univ-tlse2.fr\/ip3a\/files\/2020\/04\/DescenteCharges_IMAGE-768x543.jpg 768w, https:\/\/blogs.univ-tlse2.fr\/ip3a\/files\/2020\/04\/DescenteCharges_IMAGE-1536x1086.jpg 1536w, https:\/\/blogs.univ-tlse2.fr\/ip3a\/files\/2020\/04\/DescenteCharges_IMAGE-2048x1447.jpg 2048w\" sizes=\"auto, (max-width: 1024px) 100vw, 1024px\" \/><figcaption class=\"wp-element-caption\"><a href=\"https:\/\/blogs.univ-tlse2.fr\/ip3a\/enseigner-la-descente-de-charges-au-lycee\/\" data-type=\"URL\" data-id=\"https:\/\/blogs.univ-tlse2.fr\/ip3a\/enseigner-la-descente-de-charges-au-lycee\/\" target=\"_blank\" rel=\"noreferrer noopener\"><mark class=\"has-inline-color has-luminous-vivid-orange-color\">Enseigner la DESCENTE de CHARGE<\/mark><\/a><\/figcaption><\/figure>\n\n\n\n<figure class=\"wp-block-image size-large\"><img loading=\"lazy\" decoding=\"async\" width=\"1024\" height=\"474\" data-id=\"970\" src=\"https:\/\/blogs.univ-tlse2.fr\/ip3a\/files\/2020\/06\/CourbeCroissance_IMA-1-1024x474.jpg\" alt=\"\" class=\"wp-image-970\" srcset=\"https:\/\/blogs.univ-tlse2.fr\/ip3a\/files\/2020\/06\/CourbeCroissance_IMA-1-1024x474.jpg 1024w, https:\/\/blogs.univ-tlse2.fr\/ip3a\/files\/2020\/06\/CourbeCroissance_IMA-1-300x139.jpg 300w, https:\/\/blogs.univ-tlse2.fr\/ip3a\/files\/2020\/06\/CourbeCroissance_IMA-1-768x355.jpg 768w, https:\/\/blogs.univ-tlse2.fr\/ip3a\/files\/2020\/06\/CourbeCroissance_IMA-1-1536x711.jpg 1536w, https:\/\/blogs.univ-tlse2.fr\/ip3a\/files\/2020\/06\/CourbeCroissance_IMA-1.jpg 1790w\" sizes=\"auto, (max-width: 1024px) 100vw, 1024px\" \/><figcaption class=\"wp-element-caption\"><a href=\"https:\/\/blogs.univ-tlse2.fr\/ip3a\/faire-comprendre-le-suivi-de-croissance-bacterienne-au-lycee\/\" data-type=\"URL\" data-id=\"https:\/\/blogs.univ-tlse2.fr\/ip3a\/faire-comprendre-le-suivi-de-croissance-bacterienne-au-lycee\/\" target=\"_blank\" rel=\"noreferrer noopener\"><mark class=\"has-inline-color has-luminous-vivid-orange-color\">Enseigner le SUIVI de CROISSANCE MICROBIENNE<\/mark><\/a><\/figcaption><\/figure>\n\n\n\n<figure class=\"wp-block-image size-large\"><img loading=\"lazy\" decoding=\"async\" width=\"1024\" height=\"522\" data-id=\"1344\" src=\"https:\/\/blogs.univ-tlse2.fr\/ip3a\/files\/2021\/02\/Enzyme_IMA-1024x522.jpg\" alt=\"\" class=\"wp-image-1344\" srcset=\"https:\/\/blogs.univ-tlse2.fr\/ip3a\/files\/2021\/02\/Enzyme_IMA-1024x522.jpg 1024w, https:\/\/blogs.univ-tlse2.fr\/ip3a\/files\/2021\/02\/Enzyme_IMA-300x153.jpg 300w, https:\/\/blogs.univ-tlse2.fr\/ip3a\/files\/2021\/02\/Enzyme_IMA-768x392.jpg 768w, https:\/\/blogs.univ-tlse2.fr\/ip3a\/files\/2021\/02\/Enzyme_IMA-1536x783.jpg 1536w, https:\/\/blogs.univ-tlse2.fr\/ip3a\/files\/2021\/02\/Enzyme_IMA.jpg 1910w\" sizes=\"auto, (max-width: 1024px) 100vw, 1024px\" \/><figcaption class=\"wp-element-caption\"><a href=\"https:\/\/blogs.univ-tlse2.fr\/ip3a\/enseigner-la-cinetique-enzymatique-au-lycee\/\" data-type=\"URL\" data-id=\"https:\/\/blogs.univ-tlse2.fr\/ip3a\/enseigner-la-cinetique-enzymatique-au-lycee\/\" target=\"_blank\" rel=\"noreferrer noopener\"><mark class=\"has-inline-color has-luminous-vivid-orange-color\">Enseigner la<strong>&nbsp;CIN\u00c9TIQUE ENZYMATIQUE<\/strong>, en Biotechnologie, au Lyc\u00e9e&nbsp;<\/mark><\/a><\/figcaption><\/figure>\n\n\n\n<figure class=\"wp-block-image size-large\"><img loading=\"lazy\" decoding=\"async\" width=\"1024\" height=\"862\" data-id=\"694\" src=\"https:\/\/blogs.univ-tlse2.fr\/ip3a\/files\/2020\/04\/Tabagisme_IMAGE-1024x862.jpg\" alt=\"\" class=\"wp-image-694\" srcset=\"https:\/\/blogs.univ-tlse2.fr\/ip3a\/files\/2020\/04\/Tabagisme_IMAGE-1024x862.jpg 1024w, https:\/\/blogs.univ-tlse2.fr\/ip3a\/files\/2020\/04\/Tabagisme_IMAGE-300x253.jpg 300w, https:\/\/blogs.univ-tlse2.fr\/ip3a\/files\/2020\/04\/Tabagisme_IMAGE-768x647.jpg 768w, https:\/\/blogs.univ-tlse2.fr\/ip3a\/files\/2020\/04\/Tabagisme_IMAGE.jpg 1394w\" sizes=\"auto, (max-width: 1024px) 100vw, 1024px\" \/><figcaption class=\"wp-element-caption\"><a href=\"https:\/\/blogs.univ-tlse2.fr\/ip3a\/enseigner-le-tabagisme-au-lycee\/\" data-type=\"URL\" data-id=\"https:\/\/blogs.univ-tlse2.fr\/ip3a\/enseigner-le-tabagisme-au-lycee\/\" target=\"_blank\" rel=\"noreferrer noopener\"><mark class=\"has-inline-color has-luminous-vivid-orange-color\">Enseigner le  TABAGISME, au Lyc\u00e9e<\/mark><\/a><\/figcaption><\/figure>\n<\/figure>\n\n\n\n<p class=\"has-text-align-center\"><strong><a href=\"https:\/\/blogs.univ-tlse2.fr\/ip3a\/enseignement-au-college\/\">Enseignement au coll\u00e8ge<\/a><\/strong><\/p>\n\n\n\n<figure class=\"wp-block-gallery has-nested-images columns-default is-cropped wp-block-gallery-2 is-layout-flex wp-block-gallery-is-layout-flex\">\n<figure class=\"wp-block-image size-large\"><img loading=\"lazy\" decoding=\"async\" width=\"1024\" height=\"516\" data-id=\"1977\" src=\"https:\/\/blogs.univ-tlse2.fr\/ip3a\/files\/2024\/04\/IMA_Reparabilite-1024x516.jpg\" alt=\"\" class=\"wp-image-1977\" srcset=\"https:\/\/blogs.univ-tlse2.fr\/ip3a\/files\/2024\/04\/IMA_Reparabilite-1024x516.jpg 1024w, https:\/\/blogs.univ-tlse2.fr\/ip3a\/files\/2024\/04\/IMA_Reparabilite-300x151.jpg 300w, https:\/\/blogs.univ-tlse2.fr\/ip3a\/files\/2024\/04\/IMA_Reparabilite-768x387.jpg 768w, https:\/\/blogs.univ-tlse2.fr\/ip3a\/files\/2024\/04\/IMA_Reparabilite-1536x774.jpg 1536w, https:\/\/blogs.univ-tlse2.fr\/ip3a\/files\/2024\/04\/IMA_Reparabilite.jpg 1984w\" sizes=\"auto, (max-width: 1024px) 100vw, 1024px\" \/><figcaption class=\"wp-element-caption\"><a href=\"https:\/\/blogs.univ-tlse2.fr\/ip3a\/enseigner-la-reparabilite-dun-objet-technique-au-college\/\"><mark class=\"has-inline-color has-vivid-purple-color\">Enseigner la r\u00e9parabilit\u00e9<\/mark><\/a><\/figcaption><\/figure>\n\n\n\n<figure class=\"wp-block-image size-large\"><img loading=\"lazy\" decoding=\"async\" width=\"1024\" height=\"517\" data-id=\"2148\" src=\"https:\/\/blogs.univ-tlse2.fr\/ip3a\/files\/2025\/01\/Relief_IMA-1024x517.jpg\" alt=\"\" class=\"wp-image-2148\" srcset=\"https:\/\/blogs.univ-tlse2.fr\/ip3a\/files\/2025\/01\/Relief_IMA-1024x517.jpg 1024w, https:\/\/blogs.univ-tlse2.fr\/ip3a\/files\/2025\/01\/Relief_IMA-300x152.jpg 300w, https:\/\/blogs.univ-tlse2.fr\/ip3a\/files\/2025\/01\/Relief_IMA-768x388.jpg 768w, https:\/\/blogs.univ-tlse2.fr\/ip3a\/files\/2025\/01\/Relief_IMA.jpg 1164w\" sizes=\"auto, (max-width: 1024px) 100vw, 1024px\" \/><figcaption class=\"wp-element-caption\"><a href=\"https:\/\/blogs.univ-tlse2.fr\/ip3a\/enseigner-le-concept-de-relief-au-college\/?doing_wp_cron=1643053030.8447339534759521484375\" data-type=\"URL\" data-id=\"https:\/\/blogs.univ-tlse2.fr\/ip3a\/enseigner-le-concept-de-relief-au-college\/?doing_wp_cron=1643053030.8447339534759521484375\" target=\"_blank\" rel=\"noreferrer noopener\"><mark class=\"has-inline-color has-vivid-purple-color\">Enseigner le concept de RELIEF<\/mark><\/a><\/figcaption><\/figure>\n\n\n\n<figure class=\"wp-block-image size-large\"><img loading=\"lazy\" decoding=\"async\" width=\"1024\" height=\"511\" data-id=\"1926\" src=\"https:\/\/blogs.univ-tlse2.fr\/ip3a\/files\/2023\/02\/Lecture_IMAGE-1024x511.jpg\" alt=\"\" class=\"wp-image-1926\" srcset=\"https:\/\/blogs.univ-tlse2.fr\/ip3a\/files\/2023\/02\/Lecture_IMAGE-1024x511.jpg 1024w, https:\/\/blogs.univ-tlse2.fr\/ip3a\/files\/2023\/02\/Lecture_IMAGE-300x150.jpg 300w, https:\/\/blogs.univ-tlse2.fr\/ip3a\/files\/2023\/02\/Lecture_IMAGE-768x383.jpg 768w, https:\/\/blogs.univ-tlse2.fr\/ip3a\/files\/2023\/02\/Lecture_IMAGE.jpg 1226w\" sizes=\"auto, (max-width: 1024px) 100vw, 1024px\" \/><figcaption class=\"wp-element-caption\"><a href=\"https:\/\/blogs.univ-tlse2.fr\/ip3a\/enseigner-la-lecture-litteraire-au-college\/\" data-type=\"URL\" data-id=\"https:\/\/blogs.univ-tlse2.fr\/ip3a\/enseigner-la-lecture-litteraire-au-college\/\" target=\"_blank\" rel=\"noreferrer noopener\"><mark class=\"has-inline-color has-vivid-purple-color\">Enseigner la lecture litt\u00e9raire<\/mark><\/a><\/figcaption><\/figure>\n<\/figure>\n\n\n\n<figure class=\"wp-block-gallery has-nested-images columns-default is-cropped wp-block-gallery-3 is-layout-flex wp-block-gallery-is-layout-flex\">\n<figure class=\"wp-block-image size-large\"><img loading=\"lazy\" decoding=\"async\" width=\"1024\" height=\"531\" data-id=\"1490\" src=\"https:\/\/blogs.univ-tlse2.fr\/ip3a\/files\/2021\/03\/THALES_IMA-1024x531.jpg\" alt=\"\" class=\"wp-image-1490\" srcset=\"https:\/\/blogs.univ-tlse2.fr\/ip3a\/files\/2021\/03\/THALES_IMA-1024x531.jpg 1024w, https:\/\/blogs.univ-tlse2.fr\/ip3a\/files\/2021\/03\/THALES_IMA-300x156.jpg 300w, https:\/\/blogs.univ-tlse2.fr\/ip3a\/files\/2021\/03\/THALES_IMA-768x398.jpg 768w, https:\/\/blogs.univ-tlse2.fr\/ip3a\/files\/2021\/03\/THALES_IMA-1536x797.jpg 1536w, https:\/\/blogs.univ-tlse2.fr\/ip3a\/files\/2021\/03\/THALES_IMA.jpg 1882w\" sizes=\"auto, (max-width: 1024px) 100vw, 1024px\" \/><figcaption class=\"wp-element-caption\"><mark class=\"has-inline-color has-vivid-purple-color\"><a href=\"https:\/\/blogs.univ-tlse2.fr\/ip3a\/enseigner-le-theoreme-de-thales-au-college\/\" data-type=\"URL\" data-id=\"https:\/\/blogs.univ-tlse2.fr\/ip3a\/enseigner-le-theoreme-de-thales-au-college\/\" target=\"_blank\" rel=\"noreferrer noopener\">Enseigner le TH\u00c9OR\u00c8ME de THAL\u00c8<\/a>S<\/mark><\/figcaption><\/figure>\n\n\n\n<figure class=\"wp-block-image size-large\"><img loading=\"lazy\" decoding=\"async\" width=\"1024\" height=\"482\" data-id=\"905\" src=\"https:\/\/blogs.univ-tlse2.fr\/ip3a\/files\/2020\/06\/Eval-Info_Web2-1024x482.jpg\" alt=\"\" class=\"wp-image-905\" srcset=\"https:\/\/blogs.univ-tlse2.fr\/ip3a\/files\/2020\/06\/Eval-Info_Web2-1024x482.jpg 1024w, https:\/\/blogs.univ-tlse2.fr\/ip3a\/files\/2020\/06\/Eval-Info_Web2-300x141.jpg 300w, https:\/\/blogs.univ-tlse2.fr\/ip3a\/files\/2020\/06\/Eval-Info_Web2-768x361.jpg 768w, https:\/\/blogs.univ-tlse2.fr\/ip3a\/files\/2020\/06\/Eval-Info_Web2-1536x722.jpg 1536w, https:\/\/blogs.univ-tlse2.fr\/ip3a\/files\/2020\/06\/Eval-Info_Web2.jpg 1816w\" sizes=\"auto, (max-width: 1024px) 100vw, 1024px\" \/><figcaption class=\"wp-element-caption\"><a href=\"https:\/\/blogs.univ-tlse2.fr\/ip3a\/former-a-levaluation-de-linformation-au-college\/\" data-type=\"URL\" data-id=\"https:\/\/blogs.univ-tlse2.fr\/ip3a\/former-a-levaluation-de-linformation-au-college\/\" target=\"_blank\" rel=\"noreferrer noopener\"><mark class=\"has-inline-color has-vivid-purple-color\">Enseigner le concept de FAKE NEWS<\/mark><\/a><\/figcaption><\/figure>\n\n\n\n<figure class=\"wp-block-image size-large\"><img loading=\"lazy\" decoding=\"async\" width=\"1024\" height=\"416\" data-id=\"695\" src=\"https:\/\/blogs.univ-tlse2.fr\/ip3a\/files\/2020\/04\/MecaVol_Avion_IMAGE-1024x416.jpg\" alt=\"\" class=\"wp-image-695\" srcset=\"https:\/\/blogs.univ-tlse2.fr\/ip3a\/files\/2020\/04\/MecaVol_Avion_IMAGE-1024x416.jpg 1024w, https:\/\/blogs.univ-tlse2.fr\/ip3a\/files\/2020\/04\/MecaVol_Avion_IMAGE-300x122.jpg 300w, https:\/\/blogs.univ-tlse2.fr\/ip3a\/files\/2020\/04\/MecaVol_Avion_IMAGE-768x312.jpg 768w, https:\/\/blogs.univ-tlse2.fr\/ip3a\/files\/2020\/04\/MecaVol_Avion_IMAGE-1536x624.jpg 1536w, https:\/\/blogs.univ-tlse2.fr\/ip3a\/files\/2020\/04\/MecaVol_Avion_IMAGE-2048x832.jpg 2048w\" sizes=\"auto, (max-width: 1024px) 100vw, 1024px\" \/><figcaption class=\"wp-element-caption\"><a href=\"https:\/\/blogs.univ-tlse2.fr\/ip3a\/enseigner-la-mecanique-du-vol-dun-avion-au-college\/\" data-type=\"URL\" data-id=\"https:\/\/blogs.univ-tlse2.fr\/ip3a\/enseigner-la-mecanique-du-vol-dun-avion-au-college\/\" target=\"_blank\" rel=\"noreferrer noopener\"><mark class=\"has-inline-color has-vivid-purple-color\">Enseigner la MECANIQUE du VOL<\/mark><\/a><\/figcaption><\/figure>\n\n\n\n<figure class=\"wp-block-image size-large\"><img loading=\"lazy\" decoding=\"async\" width=\"1024\" height=\"537\" data-id=\"697\" src=\"https:\/\/blogs.univ-tlse2.fr\/ip3a\/files\/2020\/04\/Programmation_IMAGE-1024x537.jpg\" alt=\"\" class=\"wp-image-697\" srcset=\"https:\/\/blogs.univ-tlse2.fr\/ip3a\/files\/2020\/04\/Programmation_IMAGE-1024x537.jpg 1024w, https:\/\/blogs.univ-tlse2.fr\/ip3a\/files\/2020\/04\/Programmation_IMAGE-300x157.jpg 300w, https:\/\/blogs.univ-tlse2.fr\/ip3a\/files\/2020\/04\/Programmation_IMAGE-768x403.jpg 768w, https:\/\/blogs.univ-tlse2.fr\/ip3a\/files\/2020\/04\/Programmation_IMAGE-1536x805.jpg 1536w, https:\/\/blogs.univ-tlse2.fr\/ip3a\/files\/2020\/04\/Programmation_IMAGE-2048x1074.jpg 2048w\" sizes=\"auto, (max-width: 1024px) 100vw, 1024px\" \/><figcaption class=\"wp-element-caption\"><a href=\"https:\/\/blogs.univ-tlse2.fr\/ip3a\/enseigner-la-programmation-dun-objet-technique-au-college\/\" data-type=\"URL\" data-id=\"https:\/\/blogs.univ-tlse2.fr\/ip3a\/enseigner-la-programmation-dun-objet-technique-au-college\/\" target=\"_blank\" rel=\"noreferrer noopener\"><mark class=\"has-inline-color has-vivid-purple-color\">Enseigner la PROGRAMMATION d&rsquo;un objet technique<\/mark><\/a><\/figcaption><\/figure>\n\n\n\n<figure class=\"wp-block-image size-large\"><img loading=\"lazy\" decoding=\"async\" width=\"1024\" height=\"512\" data-id=\"693\" src=\"https:\/\/blogs.univ-tlse2.fr\/ip3a\/files\/2020\/04\/Paysage_IMAGE-1024x512.jpg\" alt=\"\" class=\"wp-image-693\" srcset=\"https:\/\/blogs.univ-tlse2.fr\/ip3a\/files\/2020\/04\/Paysage_IMAGE-1024x512.jpg 1024w, https:\/\/blogs.univ-tlse2.fr\/ip3a\/files\/2020\/04\/Paysage_IMAGE-300x150.jpg 300w, https:\/\/blogs.univ-tlse2.fr\/ip3a\/files\/2020\/04\/Paysage_IMAGE-768x384.jpg 768w, https:\/\/blogs.univ-tlse2.fr\/ip3a\/files\/2020\/04\/Paysage_IMAGE-1536x768.jpg 1536w, https:\/\/blogs.univ-tlse2.fr\/ip3a\/files\/2020\/04\/Paysage_IMAGE-2048x1024.jpg 2048w\" sizes=\"auto, (max-width: 1024px) 100vw, 1024px\" \/><figcaption class=\"wp-element-caption\"><a href=\"https:\/\/blogs.univ-tlse2.fr\/ip3a\/enseigner-la-lecture-dun-paysage-au-college\/\" data-type=\"URL\" data-id=\"https:\/\/blogs.univ-tlse2.fr\/ip3a\/enseigner-la-lecture-dun-paysage-au-college\/\" target=\"_blank\" rel=\"noreferrer noopener\"><mark class=\"has-inline-color has-vivid-purple-color\">Enseigner le concept de PAYSAGE<\/mark><\/a><\/figcaption><\/figure>\n\n\n\n<figure class=\"wp-block-image size-large\"><img loading=\"lazy\" decoding=\"async\" width=\"1024\" height=\"522\" data-id=\"1268\" src=\"https:\/\/blogs.univ-tlse2.fr\/ip3a\/files\/2021\/01\/PrototypageCollab_IMA-1024x522.jpg\" alt=\"\" class=\"wp-image-1268\" srcset=\"https:\/\/blogs.univ-tlse2.fr\/ip3a\/files\/2021\/01\/PrototypageCollab_IMA-1024x522.jpg 1024w, https:\/\/blogs.univ-tlse2.fr\/ip3a\/files\/2021\/01\/PrototypageCollab_IMA-300x153.jpg 300w, https:\/\/blogs.univ-tlse2.fr\/ip3a\/files\/2021\/01\/PrototypageCollab_IMA-768x392.jpg 768w, https:\/\/blogs.univ-tlse2.fr\/ip3a\/files\/2021\/01\/PrototypageCollab_IMA-1536x783.jpg 1536w, https:\/\/blogs.univ-tlse2.fr\/ip3a\/files\/2021\/01\/PrototypageCollab_IMA.jpg 1906w\" sizes=\"auto, (max-width: 1024px) 100vw, 1024px\" \/><figcaption class=\"wp-element-caption\"><a href=\"https:\/\/blogs.univ-tlse2.fr\/ip3a\/former-au-travail-collaboratif-en-technologie-au-college\/\" data-type=\"URL\" data-id=\"https:\/\/blogs.univ-tlse2.fr\/ip3a\/former-au-travail-collaboratif-en-technologie-au-college\/\" target=\"_blank\" rel=\"noreferrer noopener\"><mark class=\"has-inline-color has-vivid-purple-color\">Enseigner le TRAVAIL COLLABORATIF<\/mark><\/a><\/figcaption><\/figure>\n<\/figure>\n\n\n\n<p class=\"has-text-align-center\"><strong><a href=\"https:\/\/blogs.univ-tlse2.fr\/ip3a\/enseignement-a-lecole-primaire\/\">Enseignement \u00e0 l&rsquo;\u00e9cole primaire<\/a><\/strong><\/p>\n\n\n\n<figure class=\"wp-block-gallery has-nested-images columns-default is-cropped wp-block-gallery-4 is-layout-flex wp-block-gallery-is-layout-flex\">\n<figure class=\"wp-block-image size-large\"><img loading=\"lazy\" decoding=\"async\" width=\"1024\" height=\"523\" data-id=\"1143\" src=\"https:\/\/blogs.univ-tlse2.fr\/ip3a\/files\/2020\/11\/EX_a_venir_2-1024x523.jpg\" alt=\"\" class=\"wp-image-1143\" srcset=\"https:\/\/blogs.univ-tlse2.fr\/ip3a\/files\/2020\/11\/EX_a_venir_2-1024x523.jpg 1024w, https:\/\/blogs.univ-tlse2.fr\/ip3a\/files\/2020\/11\/EX_a_venir_2-300x153.jpg 300w, https:\/\/blogs.univ-tlse2.fr\/ip3a\/files\/2020\/11\/EX_a_venir_2-768x393.jpg 768w, https:\/\/blogs.univ-tlse2.fr\/ip3a\/files\/2020\/11\/EX_a_venir_2.jpg 1252w\" sizes=\"auto, (max-width: 1024px) 100vw, 1024px\" \/><\/figure>\n\n\n\n<figure class=\"wp-block-image size-large\"><img loading=\"lazy\" decoding=\"async\" width=\"1024\" height=\"523\" data-id=\"1140\" src=\"https:\/\/blogs.univ-tlse2.fr\/ip3a\/files\/2020\/11\/EX_a_venir-1024x523.jpg\" alt=\"\" class=\"wp-image-1140\" srcset=\"https:\/\/blogs.univ-tlse2.fr\/ip3a\/files\/2020\/11\/EX_a_venir-1024x523.jpg 1024w, https:\/\/blogs.univ-tlse2.fr\/ip3a\/files\/2020\/11\/EX_a_venir-300x153.jpg 300w, https:\/\/blogs.univ-tlse2.fr\/ip3a\/files\/2020\/11\/EX_a_venir-768x393.jpg 768w, https:\/\/blogs.univ-tlse2.fr\/ip3a\/files\/2020\/11\/EX_a_venir.jpg 1252w\" sizes=\"auto, (max-width: 1024px) 100vw, 1024px\" \/><\/figure>\n<\/figure>\n","protected":false},"excerpt":{"rendered":"<p>Vous trouverez ici des exemples d&rsquo;ing\u00e9nierie p\u00e9dagogique de dispositifs d&rsquo;enseignement en pr\u00e9-bac : Enseignement au lyc\u00e9e Enseignement au coll\u00e8ge Enseignement \u00e0 l&rsquo;\u00e9cole primaire<\/p>\n","protected":false},"author":756,"featured_media":0,"parent":0,"menu_order":0,"comment_status":"closed","ping_status":"closed","template":"","meta":{"footnotes":""},"class_list":["post-62","page","type-page","status-publish","hentry"],"_links":{"self":[{"href":"https:\/\/blogs.univ-tlse2.fr\/ip3a\/wp-json\/wp\/v2\/pages\/62","targetHints":{"allow":["GET"]}}],"collection":[{"href":"https:\/\/blogs.univ-tlse2.fr\/ip3a\/wp-json\/wp\/v2\/pages"}],"about":[{"href":"https:\/\/blogs.univ-tlse2.fr\/ip3a\/wp-json\/wp\/v2\/types\/page"}],"author":[{"embeddable":true,"href":"https:\/\/blogs.univ-tlse2.fr\/ip3a\/wp-json\/wp\/v2\/users\/756"}],"replies":[{"embeddable":true,"href":"https:\/\/blogs.univ-tlse2.fr\/ip3a\/wp-json\/wp\/v2\/comments?post=62"}],"version-history":[{"count":49,"href":"https:\/\/blogs.univ-tlse2.fr\/ip3a\/wp-json\/wp\/v2\/pages\/62\/revisions"}],"predecessor-version":[{"id":2151,"href":"https:\/\/blogs.univ-tlse2.fr\/ip3a\/wp-json\/wp\/v2\/pages\/62\/revisions\/2151"}],"wp:attachment":[{"href":"https:\/\/blogs.univ-tlse2.fr\/ip3a\/wp-json\/wp\/v2\/media?parent=62"}],"curies":[{"name":"wp","href":"https:\/\/api.w.org\/{rel}","templated":true}]}}