 {"id":72,"date":"2019-12-04T10:07:20","date_gmt":"2019-12-04T09:07:20","guid":{"rendered":"https:\/\/blogs.univ-tlse2.fr\/ip3a\/?page_id=72"},"modified":"2025-01-15T14:29:07","modified_gmt":"2025-01-15T13:29:07","slug":"enseignement-au-college","status":"publish","type":"page","link":"https:\/\/blogs.univ-tlse2.fr\/ip3a\/enseignement-au-college\/","title":{"rendered":"Enseignement au coll\u00e8ge"},"content":{"rendered":"\n<div class=\"wp-block-media-text has-media-on-the-right is-stacked-on-mobile\"><div class=\"wp-block-media-text__content\">\n<p><\/p>\n\n\n\n<p class=\"has-background\" style=\"background-color:#e4e7ea\">Exemple de conception d&rsquo;une s\u00e9quence d&rsquo;enseignement, au coll\u00e8ge, concernant la <strong>r\u00e9parabilit\u00e9 d&rsquo;un objet technique<\/strong> :<br><strong><a href=\"https:\/\/blogs.univ-tlse2.fr\/ip3a\/enseigner-la-reparabilite-dun-objet-technique-au-college\/\" target=\"_blank\" rel=\"noreferrer noopener\">Enseigner \u00ab\u00a0la r\u00e9parabilit\u00e9 d&rsquo;un objet technique\u00a0\u00bb<\/a><\/strong><\/p>\n\n\n\n<p><\/p>\n<\/div><figure class=\"wp-block-media-text__media\"><img loading=\"lazy\" decoding=\"async\" width=\"1024\" height=\"516\" src=\"https:\/\/blogs.univ-tlse2.fr\/ip3a\/files\/2024\/04\/IMA_Reparabilite-1024x516.jpg\" alt=\"\" class=\"wp-image-1977 size-full\" srcset=\"https:\/\/blogs.univ-tlse2.fr\/ip3a\/files\/2024\/04\/IMA_Reparabilite-1024x516.jpg 1024w, https:\/\/blogs.univ-tlse2.fr\/ip3a\/files\/2024\/04\/IMA_Reparabilite-300x151.jpg 300w, https:\/\/blogs.univ-tlse2.fr\/ip3a\/files\/2024\/04\/IMA_Reparabilite-768x387.jpg 768w, https:\/\/blogs.univ-tlse2.fr\/ip3a\/files\/2024\/04\/IMA_Reparabilite-1536x774.jpg 1536w, https:\/\/blogs.univ-tlse2.fr\/ip3a\/files\/2024\/04\/IMA_Reparabilite.jpg 1984w\" sizes=\"auto, (max-width: 1024px) 100vw, 1024px\" \/><\/figure><\/div>\n\n\n\n<p><\/p>\n\n\n\n<div class=\"wp-block-media-text alignwide has-media-on-the-right is-stacked-on-mobile\"><div class=\"wp-block-media-text__content\">\n<p class=\"has-background has-normal-font-size\" style=\"background-color:#e5e6e7\">Exemple d&rsquo;ANALYSE REFLEXIVE d&rsquo;une pratique d&rsquo;enseignement le \u00ab\u00a0<strong><a rel=\"noreferrer noopener\" href=\"https:\/\/blogs.univ-tlse2.fr\/ip3a\/enseigner-le-concept-de-relief-au-college\/\" target=\"_blank\">concept de RELIEF<\/a><\/strong>\u00ab\u00a0, au coll\u00e8ge<\/p>\n<\/div><figure class=\"wp-block-media-text__media\"><img loading=\"lazy\" decoding=\"async\" width=\"1024\" height=\"517\" src=\"https:\/\/blogs.univ-tlse2.fr\/ip3a\/files\/2025\/01\/Relief_IMA-1024x517.jpg\" alt=\"\" class=\"wp-image-2148 size-full\" srcset=\"https:\/\/blogs.univ-tlse2.fr\/ip3a\/files\/2025\/01\/Relief_IMA-1024x517.jpg 1024w, https:\/\/blogs.univ-tlse2.fr\/ip3a\/files\/2025\/01\/Relief_IMA-300x152.jpg 300w, https:\/\/blogs.univ-tlse2.fr\/ip3a\/files\/2025\/01\/Relief_IMA-768x388.jpg 768w, https:\/\/blogs.univ-tlse2.fr\/ip3a\/files\/2025\/01\/Relief_IMA.jpg 1164w\" sizes=\"auto, (max-width: 1024px) 100vw, 1024px\" \/><\/figure><\/div>\n\n\n\n<p><\/p>\n\n\n\n<div class=\"wp-block-media-text alignwide has-media-on-the-right is-stacked-on-mobile\" style=\"grid-template-columns:auto 46%\"><div class=\"wp-block-media-text__content\">\n<p class=\"has-background has-normal-font-size\" style=\"background-color:#e8ecee\">Exemple de conception d&rsquo;une s\u00e9quence d&rsquo;enseignement, au coll\u00e8ge, concernant le \u00ab\u00a0Th\u00e9or\u00e8me de Thal\u00e8s\u00a0\u00bb : Enseigner le \u00ab\u00a0<strong><a rel=\"noreferrer noopener\" href=\"https:\/\/blogs.univ-tlse2.fr\/ip3a\/enseigner-le-theoreme-de-thales-au-college\/\" data-type=\"URL\" data-id=\"https:\/\/blogs.univ-tlse2.fr\/ip3a\/enseigner-le-theoreme-de-thales-au-college\/\" target=\"_blank\">Th\u00e9or\u00e8me de Thal\u00e8s<\/a><\/strong>  \u00a0\u00bb <\/p>\n<\/div><figure class=\"wp-block-media-text__media\"><img loading=\"lazy\" decoding=\"async\" width=\"1024\" height=\"531\" src=\"https:\/\/blogs.univ-tlse2.fr\/ip3a\/files\/2021\/03\/THALES_IMA-1024x531.jpg\" alt=\"\" class=\"wp-image-1490 size-full\" srcset=\"https:\/\/blogs.univ-tlse2.fr\/ip3a\/files\/2021\/03\/THALES_IMA-1024x531.jpg 1024w, https:\/\/blogs.univ-tlse2.fr\/ip3a\/files\/2021\/03\/THALES_IMA-300x156.jpg 300w, https:\/\/blogs.univ-tlse2.fr\/ip3a\/files\/2021\/03\/THALES_IMA-768x398.jpg 768w, https:\/\/blogs.univ-tlse2.fr\/ip3a\/files\/2021\/03\/THALES_IMA-1536x797.jpg 1536w, https:\/\/blogs.univ-tlse2.fr\/ip3a\/files\/2021\/03\/THALES_IMA.jpg 1882w\" sizes=\"auto, (max-width: 1024px) 100vw, 1024px\" \/><\/figure><\/div>\n\n\n\n<p><\/p>\n\n\n\n<div class=\"wp-block-media-text alignwide has-media-on-the-right is-stacked-on-mobile\" style=\"grid-template-columns:auto 46%\"><div class=\"wp-block-media-text__content\">\n<p class=\"has-background has-normal-font-size\" style=\"background-color:#e4ebee\">Exemple de conception d&rsquo;une s\u00e9quence d&rsquo;enseignement, au coll\u00e8ge, concernant le \u00ab\u00a0<strong>prototypage collaboratif<\/strong> \u00a0\u00bb :<br><strong><a rel=\"noreferrer noopener\" href=\"https:\/\/blogs.univ-tlse2.fr\/ip3a\/former-au-travail-collaboratif-en-technologie-au-college\/\" data-type=\"URL\" data-id=\"https:\/\/blogs.univ-tlse2.fr\/ip3a\/former-au-travail-collaboratif-en-technologie-au-college\/\" target=\"_blank\">Former au  \u00ab\u00a0Travail collaboratif\u00a0\u00bb<\/a><\/strong><\/p>\n<\/div><figure class=\"wp-block-media-text__media\"><img loading=\"lazy\" decoding=\"async\" width=\"1024\" height=\"522\" src=\"https:\/\/blogs.univ-tlse2.fr\/ip3a\/files\/2021\/01\/PrototypageCollab_IMA-1024x522.jpg\" alt=\"\" class=\"wp-image-1268 size-full\" srcset=\"https:\/\/blogs.univ-tlse2.fr\/ip3a\/files\/2021\/01\/PrototypageCollab_IMA-1024x522.jpg 1024w, https:\/\/blogs.univ-tlse2.fr\/ip3a\/files\/2021\/01\/PrototypageCollab_IMA-300x153.jpg 300w, https:\/\/blogs.univ-tlse2.fr\/ip3a\/files\/2021\/01\/PrototypageCollab_IMA-768x392.jpg 768w, https:\/\/blogs.univ-tlse2.fr\/ip3a\/files\/2021\/01\/PrototypageCollab_IMA-1536x783.jpg 1536w, https:\/\/blogs.univ-tlse2.fr\/ip3a\/files\/2021\/01\/PrototypageCollab_IMA.jpg 1906w\" sizes=\"auto, (max-width: 1024px) 100vw, 1024px\" \/><\/figure><\/div>\n\n\n\n<p><\/p>\n\n\n\n<div class=\"wp-block-media-text alignwide has-media-on-the-right is-stacked-on-mobile\" style=\"grid-template-columns:auto 46%\"><div class=\"wp-block-media-text__content\">\n<p class=\"has-background has-normal-font-size\" style=\"background-color:#e7ebef\">Exemple de conception d&rsquo;une s\u00e9quence d&rsquo;enseignement, au coll\u00e8ge, concernant l<strong>&lsquo;\u00e9valuation d&rsquo;une information (EMI)<\/strong> :<br><strong><a href=\"https:\/\/blogs.univ-tlse2.fr\/ip3a\/former-a-levaluation-de-linformation-au-college\/\">Enseigner \u00ab\u00a0\u00e9valuation d&rsquo;une information\u00a0\u00bb<\/a><\/strong> <\/p>\n<\/div><figure class=\"wp-block-media-text__media\"><img loading=\"lazy\" decoding=\"async\" width=\"1024\" height=\"482\" src=\"https:\/\/blogs.univ-tlse2.fr\/ip3a\/files\/2020\/06\/Eval-Info_Web2-1024x482.jpg\" alt=\"\" class=\"wp-image-905 size-full\" srcset=\"https:\/\/blogs.univ-tlse2.fr\/ip3a\/files\/2020\/06\/Eval-Info_Web2-1024x482.jpg 1024w, https:\/\/blogs.univ-tlse2.fr\/ip3a\/files\/2020\/06\/Eval-Info_Web2-300x141.jpg 300w, https:\/\/blogs.univ-tlse2.fr\/ip3a\/files\/2020\/06\/Eval-Info_Web2-768x361.jpg 768w, https:\/\/blogs.univ-tlse2.fr\/ip3a\/files\/2020\/06\/Eval-Info_Web2-1536x722.jpg 1536w, https:\/\/blogs.univ-tlse2.fr\/ip3a\/files\/2020\/06\/Eval-Info_Web2.jpg 1816w\" sizes=\"auto, (max-width: 1024px) 100vw, 1024px\" \/><\/figure><\/div>\n\n\n\n<p><\/p>\n\n\n\n<div class=\"wp-block-media-text alignwide has-media-on-the-right is-stacked-on-mobile\" style=\"grid-template-columns:auto 46%\"><div class=\"wp-block-media-text__content\">\n<p class=\"has-background has-normal-font-size\" style=\"background-color:#e3e7ea\">Exemple de conception d&rsquo;une s\u00e9quence d&rsquo;enseignement, au coll\u00e8ge, concernant la <strong>programmation d&rsquo;un objet technique<\/strong> :<br><strong><a rel=\"noreferrer noopener\" href=\"https:\/\/blogs.univ-tlse2.fr\/ip3a\/enseigner-la-programmation-dun-objet-technique-au-college\/\" target=\"_blank\">Enseigner \u00ab\u00a0la programmation d&rsquo;un objet technique\u00a0\u00bb<\/a><\/strong><\/p>\n<\/div><figure class=\"wp-block-media-text__media\"><img loading=\"lazy\" decoding=\"async\" width=\"1024\" height=\"537\" src=\"https:\/\/blogs.univ-tlse2.fr\/ip3a\/files\/2020\/04\/Programmation_IMAGE-1024x537.jpg\" alt=\"\" class=\"wp-image-697 size-full\" srcset=\"https:\/\/blogs.univ-tlse2.fr\/ip3a\/files\/2020\/04\/Programmation_IMAGE-1024x537.jpg 1024w, https:\/\/blogs.univ-tlse2.fr\/ip3a\/files\/2020\/04\/Programmation_IMAGE-300x157.jpg 300w, https:\/\/blogs.univ-tlse2.fr\/ip3a\/files\/2020\/04\/Programmation_IMAGE-768x403.jpg 768w, https:\/\/blogs.univ-tlse2.fr\/ip3a\/files\/2020\/04\/Programmation_IMAGE-1536x805.jpg 1536w, https:\/\/blogs.univ-tlse2.fr\/ip3a\/files\/2020\/04\/Programmation_IMAGE-2048x1074.jpg 2048w\" sizes=\"auto, (max-width: 1024px) 100vw, 1024px\" \/><\/figure><\/div>\n\n\n\n<p><\/p>\n\n\n\n<div class=\"wp-block-media-text alignwide has-media-on-the-right is-stacked-on-mobile\" style=\"grid-template-columns:auto 46%\"><div class=\"wp-block-media-text__content\">\n<p class=\"has-background has-normal-font-size\" style=\"background-color:#e6e9eb\">Exemple de conception <em>a posteriori<\/em> et <em>a priori<\/em> d&rsquo;une s\u00e9quence d&rsquo;enseignement, au coll\u00e8ge, concernant la <strong>lecture d&rsquo;un paysage<\/strong> :<br><strong><a rel=\"noreferrer noopener\" href=\"https:\/\/blogs.univ-tlse2.fr\/ip3a\/enseigner-la-lecture-dun-paysage-au-college\/\" target=\"_blank\">Enseigner \u00ab\u00a0la lecture d&rsquo;un paysage\u00a0\u00bb<\/a><\/strong><\/p>\n<\/div><figure class=\"wp-block-media-text__media\"><img loading=\"lazy\" decoding=\"async\" width=\"1024\" height=\"512\" src=\"https:\/\/blogs.univ-tlse2.fr\/ip3a\/files\/2020\/04\/Paysage_IMAGE-1024x512.jpg\" alt=\"\" class=\"wp-image-693 size-full\" srcset=\"https:\/\/blogs.univ-tlse2.fr\/ip3a\/files\/2020\/04\/Paysage_IMAGE-1024x512.jpg 1024w, https:\/\/blogs.univ-tlse2.fr\/ip3a\/files\/2020\/04\/Paysage_IMAGE-300x150.jpg 300w, https:\/\/blogs.univ-tlse2.fr\/ip3a\/files\/2020\/04\/Paysage_IMAGE-768x384.jpg 768w, https:\/\/blogs.univ-tlse2.fr\/ip3a\/files\/2020\/04\/Paysage_IMAGE-1536x768.jpg 1536w, https:\/\/blogs.univ-tlse2.fr\/ip3a\/files\/2020\/04\/Paysage_IMAGE-2048x1024.jpg 2048w\" sizes=\"auto, (max-width: 1024px) 100vw, 1024px\" \/><\/figure><\/div>\n\n\n\n<p><\/p>\n\n\n\n<div class=\"wp-block-media-text alignwide has-media-on-the-right is-stacked-on-mobile\" style=\"grid-template-columns:auto 46%\"><div class=\"wp-block-media-text__content\">\n<p class=\"has-background has-normal-font-size\" style=\"background-color:#e5e9eb\">Exemple de Exemple de conception d&rsquo;une s\u00e9quence d&rsquo;enseignement, au coll\u00e8ge, concernant la <strong>m\u00e9canique du vol d&rsquo;un avion<\/strong> :<br><a rel=\"noreferrer noopener\" href=\"https:\/\/blogs.univ-tlse2.fr\/ip3a\/enseigner-la-mecanique-du-vol-dun-avion-au-college\/\" target=\"_blank\"><strong>Enseigner \u00ab\u00a0la m\u00e9canique du vol d&rsquo;un avion\u00a0\u00bb<\/strong><\/a><\/p>\n<\/div><figure class=\"wp-block-media-text__media\"><img loading=\"lazy\" decoding=\"async\" width=\"1024\" height=\"416\" src=\"https:\/\/blogs.univ-tlse2.fr\/ip3a\/files\/2020\/04\/MecaVol_Avion_IMAGE-1024x416.jpg\" alt=\"\" class=\"wp-image-695 size-full\" srcset=\"https:\/\/blogs.univ-tlse2.fr\/ip3a\/files\/2020\/04\/MecaVol_Avion_IMAGE-1024x416.jpg 1024w, https:\/\/blogs.univ-tlse2.fr\/ip3a\/files\/2020\/04\/MecaVol_Avion_IMAGE-300x122.jpg 300w, https:\/\/blogs.univ-tlse2.fr\/ip3a\/files\/2020\/04\/MecaVol_Avion_IMAGE-768x312.jpg 768w, https:\/\/blogs.univ-tlse2.fr\/ip3a\/files\/2020\/04\/MecaVol_Avion_IMAGE-1536x624.jpg 1536w, https:\/\/blogs.univ-tlse2.fr\/ip3a\/files\/2020\/04\/MecaVol_Avion_IMAGE-2048x832.jpg 2048w\" sizes=\"auto, (max-width: 1024px) 100vw, 1024px\" \/><\/figure><\/div>\n","protected":false},"excerpt":{"rendered":"<p>Exemple de conception d&rsquo;une s\u00e9quence d&rsquo;enseignement, au coll\u00e8ge, concernant la r\u00e9parabilit\u00e9 d&rsquo;un objet technique :Enseigner \u00ab\u00a0la r\u00e9parabilit\u00e9 d&rsquo;un objet technique\u00a0\u00bb Exemple d&rsquo;ANALYSE REFLEXIVE d&rsquo;une pratique d&rsquo;enseignement le \u00ab\u00a0concept de RELIEF\u00ab\u00a0, au coll\u00e8ge Exemple de conception d&rsquo;une s\u00e9quence d&rsquo;enseignement, au coll\u00e8ge, concernant le \u00ab\u00a0Th\u00e9or\u00e8me de Thal\u00e8s\u00a0\u00bb : Enseigner le \u00ab\u00a0Th\u00e9or\u00e8me de Thal\u00e8s \u00a0\u00bb Exemple de conception [&hellip;]<\/p>\n","protected":false},"author":756,"featured_media":0,"parent":0,"menu_order":0,"comment_status":"closed","ping_status":"closed","template":"page-templates\/template-full-width.php","meta":{"footnotes":""},"class_list":["post-72","page","type-page","status-publish","hentry"],"_links":{"self":[{"href":"https:\/\/blogs.univ-tlse2.fr\/ip3a\/wp-json\/wp\/v2\/pages\/72","targetHints":{"allow":["GET"]}}],"collection":[{"href":"https:\/\/blogs.univ-tlse2.fr\/ip3a\/wp-json\/wp\/v2\/pages"}],"about":[{"href":"https:\/\/blogs.univ-tlse2.fr\/ip3a\/wp-json\/wp\/v2\/types\/page"}],"author":[{"embeddable":true,"href":"https:\/\/blogs.univ-tlse2.fr\/ip3a\/wp-json\/wp\/v2\/users\/756"}],"replies":[{"embeddable":true,"href":"https:\/\/blogs.univ-tlse2.fr\/ip3a\/wp-json\/wp\/v2\/comments?post=72"}],"version-history":[{"count":38,"href":"https:\/\/blogs.univ-tlse2.fr\/ip3a\/wp-json\/wp\/v2\/pages\/72\/revisions"}],"predecessor-version":[{"id":2150,"href":"https:\/\/blogs.univ-tlse2.fr\/ip3a\/wp-json\/wp\/v2\/pages\/72\/revisions\/2150"}],"wp:attachment":[{"href":"https:\/\/blogs.univ-tlse2.fr\/ip3a\/wp-json\/wp\/v2\/media?parent=72"}],"curies":[{"name":"wp","href":"https:\/\/api.w.org\/{rel}","templated":true}]}}