 {"id":85,"date":"2019-12-04T10:14:11","date_gmt":"2019-12-04T09:14:11","guid":{"rendered":"https:\/\/blogs.univ-tlse2.fr\/ip3a\/?page_id=85"},"modified":"2021-06-10T16:01:32","modified_gmt":"2021-06-10T14:01:32","slug":"theorie-ip-des-3-actes","status":"publish","type":"page","link":"https:\/\/blogs.univ-tlse2.fr\/ip3a\/theorie-ip-des-3-actes\/","title":{"rendered":"Th\u00e9orie IP des 3 Actes"},"content":{"rendered":"\n<p class=\"has-cyan-bluish-gray-color has-text-color\"><em>La Th\u00e9orie d&rsquo;<strong>I<\/strong>ng\u00e9nierie <strong>P<\/strong>\u00e9dagogique des <strong>3 A<\/strong>ctes (<strong>IP3A<\/strong>) est le r\u00e9sultat d&rsquo;un travail collaboratif, engag\u00e9 il y a plus de 15 ans, entre Manuel MUSIAL, formateur d&rsquo;enseignants, et Andr\u00e9 TRICOT, chercheur en psychologie des apprentissages.<\/em> <br><em>Ils concilient une approche de la formation des enseignants fond\u00e9e sur la didactique des savoirs disciplinaires avec une approche centr\u00e9e sur les apprentissages des \u00e9l\u00e8ves.<\/em><\/p>\n\n\n\n<p>Nous, les auteurs pensons que ce qui fonde l\u2019objet du processus de conception, c\u2019est-\u00e0-dire la planification d\u2019un enseignement, ce n\u2019est pas l\u2019action d\u2019enseignement mais, ce pourquoi elle existe, l\u2019action d\u2019apprendre. <br>Nous revendiquons une \u00ab&nbsp;<strong>conception d\u2019enseignement dirig\u00e9e par les apprentissages<\/strong>&nbsp;\u00bb, qui repose sur une perm\u00e9abilit\u00e9 entre les r\u00f4les du concepteur p\u00e9dagogique (sp\u00e9cialiste de l\u2019enseignement), de l\u2019expert du contenu (sp\u00e9cialiste du savoir) et du psycho-ergonome (sp\u00e9cialiste des apprentissages et de ce qui favorise leur mise en \u0153uvre).&nbsp;<\/p>\n\n\n\n<p>Le mod\u00e8le-th\u00e9orie d\u2019ing\u00e9nierie p\u00e9dagogique IP3A s&rsquo;articule autour de trois composantes&nbsp;: deux th\u00e9ories \u00ab descriptives&nbsp;\u00bb (celle de la connaissance et celle de la strat\u00e9gie d\u2019enseignement) et une th\u00e9orie \u00ab prescriptive&nbsp;\u00bb qui relie les connaissances et les strat\u00e9gies (Merrill, 1996). <\/p>\n\n\n\n<div class=\"wp-block-media-text alignwide is-stacked-on-mobile\"><figure class=\"wp-block-media-text__media\"><img loading=\"lazy\" decoding=\"async\" width=\"1024\" height=\"674\" src=\"https:\/\/blogs.univ-tlse2.fr\/ip3a\/files\/2020\/05\/0_Blog_IP3A_IMA_VO_1-1024x674.jpg\" alt=\"\" class=\"wp-image-842 size-full\" srcset=\"https:\/\/blogs.univ-tlse2.fr\/ip3a\/files\/2020\/05\/0_Blog_IP3A_IMA_VO_1-1024x674.jpg 1024w, https:\/\/blogs.univ-tlse2.fr\/ip3a\/files\/2020\/05\/0_Blog_IP3A_IMA_VO_1-300x198.jpg 300w, https:\/\/blogs.univ-tlse2.fr\/ip3a\/files\/2020\/05\/0_Blog_IP3A_IMA_VO_1-768x506.jpg 768w, https:\/\/blogs.univ-tlse2.fr\/ip3a\/files\/2020\/05\/0_Blog_IP3A_IMA_VO_1-1536x1012.jpg 1536w, https:\/\/blogs.univ-tlse2.fr\/ip3a\/files\/2020\/05\/0_Blog_IP3A_IMA_VO_1-2048x1349.jpg 2048w\" sizes=\"auto, (max-width: 1024px) 100vw, 1024px\" \/><\/figure><div class=\"wp-block-media-text__content\">\n<p>La \u00ab Th\u00e9orie des 3 actes \u00bb est un cadre prescriptif sur le \u00ab <strong>Comment s\u2019y prendre<\/strong> \u00bb pour \u00ab <strong>faire apprendre<\/strong> \u00bb sachant ce qu\u2019est \u00ab <strong>apprendre <\/strong>\u00bb, en accord avec les r\u00e9sultats des recherches empiriques actuelles en sciences cognitives.<\/p>\n<\/div><\/div>\n\n\n\n<div class=\"wp-block-media-text alignwide has-media-on-the-right is-stacked-on-mobile\"><figure class=\"wp-block-media-text__media\"><img loading=\"lazy\" decoding=\"async\" width=\"1024\" height=\"684\" src=\"https:\/\/blogs.univ-tlse2.fr\/ip3a\/files\/2020\/05\/0_Blog_IP3A_IMA_VO_3-1024x684.jpg\" alt=\"\" class=\"wp-image-843 size-full\" srcset=\"https:\/\/blogs.univ-tlse2.fr\/ip3a\/files\/2020\/05\/0_Blog_IP3A_IMA_VO_3-1024x684.jpg 1024w, https:\/\/blogs.univ-tlse2.fr\/ip3a\/files\/2020\/05\/0_Blog_IP3A_IMA_VO_3-300x201.jpg 300w, https:\/\/blogs.univ-tlse2.fr\/ip3a\/files\/2020\/05\/0_Blog_IP3A_IMA_VO_3-768x513.jpg 768w, https:\/\/blogs.univ-tlse2.fr\/ip3a\/files\/2020\/05\/0_Blog_IP3A_IMA_VO_3-1536x1027.jpg 1536w, https:\/\/blogs.univ-tlse2.fr\/ip3a\/files\/2020\/05\/0_Blog_IP3A_IMA_VO_3-2048x1369.jpg 2048w\" sizes=\"auto, (max-width: 1024px) 100vw, 1024px\" \/><\/figure><div class=\"wp-block-media-text__content\">\n<p>Cette base th\u00e9orique de \u00ab l\u2019<strong>Acte de concevoir l\u2019Acte d\u2019enseigner pour favoriser l\u2019Acte d\u2019apprendre<\/strong> \u00bb prend appui sur une th\u00e9orie de l\u2019\u00ab <strong>Acte d\u2019enseigner <\/strong>\u00bb, elle-m\u00eame fond\u00e9e sur une th\u00e9orie de l\u2019\u00ab <strong>Acte d\u2019apprendre \u00e0 l\u2019\u00e9cole<\/strong> \u00bb.<\/p>\n<\/div><\/div>\n\n\n\n<hr class=\"wp-block-separator\" \/>\n\n\n\n<p class=\"has-medium-font-size\"><strong>D\u00e9couvrir le mod\u00e8le-th\u00e9orie d&rsquo;ing\u00e9nierie p\u00e9dagogique IP3A :<\/strong><\/p>\n\n\n\n<div class=\"wp-block-media-text alignwide has-media-on-the-right\"><figure class=\"wp-block-media-text__media\"><img loading=\"lazy\" decoding=\"async\" width=\"678\" height=\"1024\" src=\"https:\/\/blogs.univ-tlse2.fr\/ip3a\/files\/2019\/12\/Theorie_2019-678x1024.jpg\" alt=\"\" class=\"wp-image-170 size-full\" srcset=\"https:\/\/blogs.univ-tlse2.fr\/ip3a\/files\/2019\/12\/Theorie_2019-678x1024.jpg 678w, https:\/\/blogs.univ-tlse2.fr\/ip3a\/files\/2019\/12\/Theorie_2019-199x300.jpg 199w, https:\/\/blogs.univ-tlse2.fr\/ip3a\/files\/2019\/12\/Theorie_2019-768x1160.jpg 768w, https:\/\/blogs.univ-tlse2.fr\/ip3a\/files\/2019\/12\/Theorie_2019.jpg 912w\" sizes=\"auto, (max-width: 678px) 100vw, 678px\" \/><\/figure><div class=\"wp-block-media-text__content\">\n<p class=\"has-very-dark-gray-color has-text-color has-normal-font-size\">Musial, M. &amp; Tricot, A. (2020).&nbsp;<em>Pr\u00e9cis d&rsquo;ing\u00e9nierie p\u00e9dagogique. <\/em>De Boeck Sup\u00e9rieur.<\/p>\n\n\n\n<p class=\"has-cyan-bluish-gray-color has-text-color\"><br><em>L\u2019ouvrage propose 11 exemples applications de cette  th\u00e9orie-prescriptive de l\u2019ing\u00e9nierie  p\u00e9dagogique, dans  des disciplines \u00e0 identit\u00e9 didactique tr\u00e8s diff\u00e9rente et de  niveaux d\u2019enseignement allant du coll\u00e8ge \u00e0 l\u2019universit\u00e9.<\/em><\/p>\n\n\n\n<p>\u00e0 propos de l&rsquo;ouvrage :<\/p>\n\n\n\n<p>  <a href=\"http:\/\/www.cafepedagogique.net\/lexpresso\/Pages\/2020\/02\/28022020Article637184715107832043.aspx\">caf\u00e9_p\u00e9dagogique<\/a><\/p>\n\n\n\n<p> <a rel=\"noreferrer noopener\" href=\"https:\/\/clio-cr.clionautes.org\/precis-dingenierie-pedagogique.html?unapproved=10397&amp;moderation-hash=d40ba7417e9768e2bce8c6af8c644ec3#comment-10397\" target=\"_blank\">Clioth\u00e8que<\/a>  et    <a rel=\"noreferrer noopener\" href=\"https:\/\/fairecours.com\/2020\/04\/09\/precis-dingenierie-pedagogique\/\" target=\"_blank\">Faire_cours<\/a><\/p>\n<\/div><\/div>\n\n\n\n<div class=\"wp-block-file\"><a href=\"https:\/\/blogs.univ-tlse2.fr\/ip3a\/files\/2020\/04\/ERRATUM_MUSIAL-TRICOT_Avril-2020.pdf\">ERRATUM_MUSIAL-TRICOT_Avril-2020<\/a><a href=\"https:\/\/blogs.univ-tlse2.fr\/ip3a\/files\/2020\/04\/ERRATUM_MUSIAL-TRICOT_Avril-2020.pdf\" class=\"wp-block-file__button\" download>T\u00e9l\u00e9charger<\/a><\/div>\n\n\n\n<div class=\"wp-block-group\"><div class=\"wp-block-group__inner-container is-layout-flow wp-block-group-is-layout-flow\">\n<p>Avis de <a href=\"https:\/\/en.wikipedia.org\/wiki\/Jean-Marie_De_Ketele\" data-type=\"URL\" data-id=\"https:\/\/en.wikipedia.org\/wiki\/Jean-Marie_De_Ketele\">Jean-Marie DE KELTELE <\/a>: <\/p>\n\n\n\n<p class=\"has-small-font-size\">Il s\u2019agit de l\u2019ouvrage francophone actuel le plus abouti que j\u2019ai lu sur le sujet. Sur le plan scientifique, je le mets sur le m\u00eame pied que l\u2019ouvrage de D\u2019Hainaut publi\u00e9 en 1977 chez Labor-Nathan \u00ab Des fins aux objectifs p\u00e9dagogiques \u00bb, ouvrage qui jusqu\u2019\u00e0 pr\u00e9sent n\u2019a pas d\u2019\u00e9quivalent de m\u00eame valeur. Alors que l\u2019ouvrage de D\u2019Hainaut portait plut\u00f4t sur la conception du curriculum, l\u2019ouvrage de Musial &amp; Tricot porte plut\u00f4t sur la conception d\u2019une enseignement de qualit\u00e9, fond\u00e9 sur ce que les recherches r\u00e9centes (notamment les recherches sur la \u00ab charge cognitive \u00bb men\u00e9es d\u2019abord en Australie, puis en France) sur le comment apprendre et donc le comment enseigner et concevoir un enseignement. A mes yeux, l\u2019ouvrage de D\u2019Hainaut et celui de Musial &amp; Tricot sont extr\u00eamement compl\u00e9mentaires \u2026 et devraient \u00eatre des ouvrages de base pour la formation des enseignants. Ceci dit, les deux ouvrages ne sont abordables que si le lecteur fait un grand effort de concentration pour comprendre les aspects conceptuels d\u00e9velopp\u00e9s. Il s\u2019agit en effet d\u2019aspects th\u00e9oriques et techniques forts abstraits. Certains lecteurs, peu habitu\u00e9s aux formalisations et aux formules (elles sont nombreuses) vont devoir s\u2019accrocher. L\u2019introduction de l\u2019ouvrage devrait peut-\u00eatre conseiller aux lecteurs de ne pas avoir peur de faire un va-et-vient entre la partie th\u00e9orique (les 4 premiers chapitres) et la partie applications (5\u00b0 chapitre).<\/p>\n\n\n\n<div class=\"wp-block-group\"><div class=\"wp-block-group__inner-container is-layout-flow wp-block-group-is-layout-flow\">\n<p class=\"has-small-font-size\">C\u2019est, \u00e0 mes yeux, le meilleur ouvrage \u00e0 ce sujet dans le domaine de l\u2019ing\u00e9nierie p\u00e9dagogique sous forme de \u00ab pr\u00e9cis \u00bb. Il est avant tout destin\u00e9 aux formateurs d\u2019enseignants ; mais on peut y ajouter les enseignants qui ont le souci de se d\u00e9velopper sur le plan professionnel et qui feront l\u2019effort de concentration n\u00e9cessaire pour entrer dans cet expos\u00e9 tr\u00e8s scientifique (effort facilit\u00e9 par le va-et-vient avec la partie applications) ; et on pense aussi aux chercheurs qui y trouveront une synth\u00e8se articul\u00e9e (la th\u00e9orie des 3 actes) des travaux les plus importants sur l\u2019apprentissage, l\u2019enseignement et la conception des dispositifs d\u2019enseignement (\u00e0 l\u2019avenir, on fera sans doute souvent r\u00e9f\u00e9rence \u00e0 la th\u00e9orie des 3 actes.<\/p>\n<\/div><\/div>\n<\/div><\/div>\n\n\n\n<hr class=\"wp-block-separator\" \/>\n\n\n\n<div class=\"wp-block-media-text alignwide has-media-on-the-right\"><figure class=\"wp-block-media-text__media\"><img loading=\"lazy\" decoding=\"async\" width=\"1024\" height=\"872\" src=\"https:\/\/blogs.univ-tlse2.fr\/ip3a\/files\/2019\/12\/Ife-1024x872.jpg\" alt=\"\" class=\"wp-image-175 size-full\" srcset=\"https:\/\/blogs.univ-tlse2.fr\/ip3a\/files\/2019\/12\/Ife-1024x872.jpg 1024w, https:\/\/blogs.univ-tlse2.fr\/ip3a\/files\/2019\/12\/Ife-300x255.jpg 300w, https:\/\/blogs.univ-tlse2.fr\/ip3a\/files\/2019\/12\/Ife-768x654.jpg 768w, https:\/\/blogs.univ-tlse2.fr\/ip3a\/files\/2019\/12\/Ife-1536x1308.jpg 1536w, https:\/\/blogs.univ-tlse2.fr\/ip3a\/files\/2019\/12\/Ife.jpg 1712w\" sizes=\"auto, (max-width: 1024px) 100vw, 1024px\" \/><\/figure><div class=\"wp-block-media-text__content\">\n<p>Une pr\u00e9sentation vid\u00e9o du cadre th\u00e9orique : <br>      lien vers le site <a href=\"http:\/\/centre-alain-savary.ens-lyon.fr\/CAS\/education-prioritaire\/ressources\/theme-2-perspectives-relatives-a-laccompagnement-et-a-la-formation\/copy_of_formats-de-connaissances-et-processus-dapprentissages-1\" target=\"_blank\" rel=\"noreferrer noopener\" aria-label=\"if\u00e9 - Centre Alain savary (s\u2019ouvre dans un nouvel onglet)\"><strong>if\u00e9<\/strong> &#8211; <strong>Centre Alain savary<\/strong><\/a> <\/p>\n<\/div><\/div>\n\n\n\n<p><\/p>\n\n\n\n<hr class=\"wp-block-separator\" \/>\n\n\n\n<div class=\"wp-block-media-text alignwide has-media-on-the-right\"><figure class=\"wp-block-media-text__media\"><img loading=\"lazy\" decoding=\"async\" width=\"550\" height=\"825\" src=\"https:\/\/blogs.univ-tlse2.fr\/ip3a\/files\/2019\/12\/Guide_2012.jpg\" alt=\"\" class=\"wp-image-162 size-full\" srcset=\"https:\/\/blogs.univ-tlse2.fr\/ip3a\/files\/2019\/12\/Guide_2012.jpg 550w, https:\/\/blogs.univ-tlse2.fr\/ip3a\/files\/2019\/12\/Guide_2012-200x300.jpg 200w\" sizes=\"auto, (max-width: 550px) 100vw, 550px\" \/><\/figure><div class=\"wp-block-media-text__content\">\n<p class=\"has-normal-font-size\">Musial, M., Prad\u00e8re, F., &amp; Tricot, A (2012).&nbsp;<em>Comment concevoir un enseignement&nbsp;?<\/em>&nbsp;Bruxelles&nbsp;: De Boeck.<\/p>\n<\/div><\/div>\n","protected":false},"excerpt":{"rendered":"<p>La Th\u00e9orie d&rsquo;Ing\u00e9nierie P\u00e9dagogique des 3 Actes (IP3A) est le r\u00e9sultat d&rsquo;un travail collaboratif, engag\u00e9 il y a plus de 15 ans, entre Manuel MUSIAL, formateur d&rsquo;enseignants, et Andr\u00e9 TRICOT, chercheur en psychologie des apprentissages. Ils concilient une approche de la formation des enseignants fond\u00e9e sur la didactique des savoirs disciplinaires avec une approche centr\u00e9e [&hellip;]<\/p>\n","protected":false},"author":756,"featured_media":0,"parent":0,"menu_order":0,"comment_status":"closed","ping_status":"closed","template":"","meta":{"footnotes":""},"class_list":["post-85","page","type-page","status-publish","hentry"],"_links":{"self":[{"href":"https:\/\/blogs.univ-tlse2.fr\/ip3a\/wp-json\/wp\/v2\/pages\/85","targetHints":{"allow":["GET"]}}],"collection":[{"href":"https:\/\/blogs.univ-tlse2.fr\/ip3a\/wp-json\/wp\/v2\/pages"}],"about":[{"href":"https:\/\/blogs.univ-tlse2.fr\/ip3a\/wp-json\/wp\/v2\/types\/page"}],"author":[{"embeddable":true,"href":"https:\/\/blogs.univ-tlse2.fr\/ip3a\/wp-json\/wp\/v2\/users\/756"}],"replies":[{"embeddable":true,"href":"https:\/\/blogs.univ-tlse2.fr\/ip3a\/wp-json\/wp\/v2\/comments?post=85"}],"version-history":[{"count":47,"href":"https:\/\/blogs.univ-tlse2.fr\/ip3a\/wp-json\/wp\/v2\/pages\/85\/revisions"}],"predecessor-version":[{"id":1661,"href":"https:\/\/blogs.univ-tlse2.fr\/ip3a\/wp-json\/wp\/v2\/pages\/85\/revisions\/1661"}],"wp:attachment":[{"href":"https:\/\/blogs.univ-tlse2.fr\/ip3a\/wp-json\/wp\/v2\/media?parent=85"}],"curies":[{"name":"wp","href":"https:\/\/api.w.org\/{rel}","templated":true}]}}