 {"id":88,"date":"2019-12-04T10:14:43","date_gmt":"2019-12-04T09:14:43","guid":{"rendered":"https:\/\/blogs.univ-tlse2.fr\/ip3a\/?page_id=88"},"modified":"2019-12-04T21:54:11","modified_gmt":"2019-12-04T20:54:11","slug":"ingenierie-pedagogique","status":"publish","type":"page","link":"https:\/\/blogs.univ-tlse2.fr\/ip3a\/ingenierie-pedagogique\/","title":{"rendered":"Ing\u00e9nierie p\u00e9dagogique"},"content":{"rendered":"\n<p>Voici quelques liens vers des ressources pour mieux connaitre l&rsquo;ing\u00e9nierie p\u00e9dagogique :<\/p>\n\n\n\n<p class=\"has-background has-very-light-gray-background-color\"><a rel=\"noreferrer noopener\" aria-label=\"&nbsp;Introduction \u00e0 l\u2019ing\u00e9nierie p\u00e9dagogique (s\u2019ouvre dans un nouvel onglet)\" href=\"https:\/\/ted6313v2.teluq.ca\/teluqDownload.php?file=2014\/04\/19_TED6313_Texte_Intro_IP.pdf\" target=\"_blank\">&nbsp;<strong>Introduction \u00e0 l\u2019ing\u00e9nierie p\u00e9dagogique<\/strong><\/a><strong>&nbsp;<\/strong>: Josianne Basque, Universit\u00e9 T\u00c9LUQ, &nbsp;Montr\u00e9al, Canada.<\/p>\n\n\n\n<p class=\"has-background has-very-light-gray-background-color\"><strong><a href=\"http:\/\/espe-rtd-reflexpro.u-ga.fr\/docs\/sciedu-general\/fr\/latest\/conception-cours.html\" target=\"_blank\" rel=\"noreferrer noopener\" aria-label=\"Conception d'un enseignement  (s\u2019ouvre dans un nouvel onglet)\">Conception d&rsquo;un enseignement <\/a><\/strong>: Philippe Dessus, Univ. Grenoble Alpes.<\/p>\n\n\n\n<p class=\"has-background has-very-light-gray-background-color\"><a href=\"https:\/\/www.instructionaldesign.org\" target=\"_blank\" rel=\"noreferrer noopener\" aria-label=\"Instructional Design (s\u2019ouvre dans un nouvel onglet)\"><strong>Instructional Design<\/strong><\/a> <\/p>\n","protected":false},"excerpt":{"rendered":"<p>Voici quelques liens vers des ressources pour mieux connaitre l&rsquo;ing\u00e9nierie p\u00e9dagogique : &nbsp;Introduction \u00e0 l\u2019ing\u00e9nierie p\u00e9dagogique&nbsp;: Josianne Basque, Universit\u00e9 T\u00c9LUQ, &nbsp;Montr\u00e9al, Canada. Conception d&rsquo;un enseignement : Philippe Dessus, Univ. Grenoble Alpes. Instructional Design<\/p>\n","protected":false},"author":756,"featured_media":0,"parent":0,"menu_order":0,"comment_status":"closed","ping_status":"closed","template":"","meta":{"footnotes":""},"class_list":["post-88","page","type-page","status-publish","hentry"],"_links":{"self":[{"href":"https:\/\/blogs.univ-tlse2.fr\/ip3a\/wp-json\/wp\/v2\/pages\/88","targetHints":{"allow":["GET"]}}],"collection":[{"href":"https:\/\/blogs.univ-tlse2.fr\/ip3a\/wp-json\/wp\/v2\/pages"}],"about":[{"href":"https:\/\/blogs.univ-tlse2.fr\/ip3a\/wp-json\/wp\/v2\/types\/page"}],"author":[{"embeddable":true,"href":"https:\/\/blogs.univ-tlse2.fr\/ip3a\/wp-json\/wp\/v2\/users\/756"}],"replies":[{"embeddable":true,"href":"https:\/\/blogs.univ-tlse2.fr\/ip3a\/wp-json\/wp\/v2\/comments?post=88"}],"version-history":[{"count":5,"href":"https:\/\/blogs.univ-tlse2.fr\/ip3a\/wp-json\/wp\/v2\/pages\/88\/revisions"}],"predecessor-version":[{"id":211,"href":"https:\/\/blogs.univ-tlse2.fr\/ip3a\/wp-json\/wp\/v2\/pages\/88\/revisions\/211"}],"wp:attachment":[{"href":"https:\/\/blogs.univ-tlse2.fr\/ip3a\/wp-json\/wp\/v2\/media?parent=88"}],"curies":[{"name":"wp","href":"https:\/\/api.w.org\/{rel}","templated":true}]}}