 {"id":34,"date":"2020-01-15T18:35:50","date_gmt":"2020-01-15T17:35:50","guid":{"rendered":"https:\/\/blogs.univ-tlse2.fr\/irp-danube\/?page_id=34"},"modified":"2020-01-22T09:11:17","modified_gmt":"2020-01-22T08:11:17","slug":"les-membres","status":"publish","type":"page","link":"https:\/\/blogs.univ-tlse2.fr\/irp-danube\/les-membres\/","title":{"rendered":"Les membres et la gouvernance de l&rsquo;IRP"},"content":{"rendered":"\n<h2 class=\"wp-block-heading\">Responsables du projet \/ Project managers<\/h2>\n\n\n\n<p><strong>Laurent Carozza<\/strong> (CNRS &#8211; UMR 5602 GEODE, Toulouse, France)<\/p>\n\n\n\n<p> <strong>Mihaela Danu<\/strong>  (Universit\u00e9 de Iasi, Roumanie)<\/p>\n\n\n\n<p><\/p>\n\n\n\n<p>    <\/p>\n\n\n\n<h2 class=\"wp-block-heading\"><strong>Le <\/strong><b>Comit\u00e9<\/b> de Pilotage \/ Steering Commitee<\/h2>\n\n\n\n<p><strong>Adrian Balasescu<\/strong> &#8211; Acad\u00e9mie Roumaine, Institut d&rsquo;Arch\u00e9ologie Vasile Parvan  , Bucarest<\/p>\n\n\n\n<p><strong>Albane Burens<\/strong> &#8211; CNRS, UMR 5602 GEODE, Universit\u00e9 Toulouse 2 Jean Jaur\u00e8s  <\/p>\n\n\n\n<p><strong>Jean-Michel Carozza<\/strong> &#8211; Universit\u00e9 de La Rochelle, LIENSs UMR 7266       <\/p>\n\n\n\n<p><strong>Laurent Carozza<\/strong> &#8211; CNRS, UMR 5602 GEODE, Universit\u00e9 Toulouse 2 Jean Jaur\u00e8s  <\/p>\n\n\n\n<p><strong>Mihaela Danu<\/strong>  &#8211; Universit\u00e9 Ioan Cuza de Iasi        <\/p>\n\n\n\n<p><strong>Cristian Micu<\/strong> &#8211; ICEM &nbsp;Institut Gravila Simion, Tulcea<\/p>\n\n\n\n<p><strong> Catalin Lazar<\/strong> &#8211; Universit\u00e9 de Bucarest   <\/p>\n\n\n\n<p>    <\/p>\n\n\n\n<p><\/p>\n\n\n\n<h2 class=\"wp-block-heading\"><strong>Les membres <\/strong> de l&rsquo;IRP \/ IRP&rsquo;s Members <\/h2>\n\n\n\n<p><strong>Sorin Ailincai<\/strong>&nbsp;&#8211; ICEM &nbsp;Institut Gravila Simion                 <em> [sa&#105;&#x6c;&#x69;&#x6e;cai&#64;&#x67;&#x6d;&#x61;il&#46;&#99;&#x6f;&#x6d;<\/em>]<\/p>\n\n\n\n<p><strong>Jean-Marc Antoine<\/strong> &#8211; UMR 5602 GEODE, Universit\u00e9 Toulouse 2 Jean Jaur\u00e8s             <em>[jea&#110;&#45;&#x6d;&#x61;&#x72;&#x63;&#x2e;ant&#111;&#105;&#x6e;&#x65;&#x40;&#x75;&#x6e;iv-&#116;&#108;&#x73;&#x65;&#x32;&#x2e;&#x66;r<\/em>]<\/p>\n\n\n\n<p><strong>Andrei Asandulesei<\/strong>  &#8211; Universit\u00e9 Ioan Cuza de Iasi          [<em>&#x61;&#110;d&#x72;&#101;i&#x2e;&#x61;sa&#x6e;&#100;u&#x6c;&#x65;se&#x69;&#64;y&#x61;&#x68;oo&#x2e;&#99;o&#x6d;<\/em>]<\/p>\n\n\n\n<p><strong>Adrian Balasescu<\/strong>&nbsp;&#8211; Acad\u00e9mie Roumaine, Institut d&rsquo;Arch\u00e9ologie Vasile Parvan             [<em>a&#x2e;&#x62;a&#x6c;&#x61;s&#x65;&#x73;c&#x75;&#x40;g&#x6d;&#x61;i&#x6c;&#x2e;c&#x6f;&#x6d;<\/em>]<\/p>\n\n\n\n<p><strong>Luminita Bejenaru<\/strong>  &#8211; Universit\u00e9 Ioan Cuza de Iasi         [<em>&#x6c;&#117;m&#x69;&#98;&#64;&#x75;&#x61;i&#x63;&#x2e;&#114;o]<\/em><\/p>\n\n\n\n<p><strong>Radu Bajenaru<\/strong> &#8211; Acad\u00e9mie Roumaine, Institut d&rsquo;Arch\u00e9ologie Vasile Parvan         [<em>&#x72;&#x61;&#100;u&#x2e;&#x62;&#x61;&#106;e&#x6e;&#x61;&#x72;&#117;&#64;&#x67;&#x6d;&#x61;&#105;l&#x2e;&#x63;&#x6f;&#109;<\/em>]<\/p>\n\n\n\n<p><strong>William Bertrand<\/strong> &#8211; UMR 5602 GEODE, Universit\u00e9 Toulouse 2 Jean Jaur\u00e8s           [<em>w&#x69;&#x6c;l&#105;&#x61;m&#46;&#x62;e&#114;&#x74;ra&#x6e;&#x64;&#64;&#x65;&#x74;u&#46;&#x75;n&#105;&#x76;-t&#x6c;&#x73;e&#x32;&#x2e;f&#114;<\/em>]<\/p>\n\n\n\n<p><strong>Mihaela Bleoanca<\/strong>&nbsp;&#8211; ICEM &nbsp;Institut Gravila Simion                     [<em>m&#105;&#x68;&#x61;e&#108;&#x61;&#x2e;b&#108;&#x65;&#x6f;a&#110;&#x63;&#x61;&#64;&#121;&#x61;&#x68;o&#111;&#x2e;&#x63;o&#109;<\/em>]<\/p>\n\n\n\n<p><strong>Albane Burens<\/strong> &#8211; CNRS, UMR 5602 GEODE, Universit\u00e9 Toulouse 2 Jean Jaur\u00e8s         <em> [&#x61;&#x6c;&#x62;&#x61;&#x6e;&#101;&#46;buren&#x73;&#x2d;&#x63;&#x61;&#x72;&#x6f;&#122;&#122;a&#64;un&#x69;&#x76;&#x2d;&#x74;&#x6c;&#x73;&#101;&#50;&#46;fr<\/em>]<\/p>\n\n\n\n<p><strong>Jean-Michel Carozza<\/strong> &#8211; Universit\u00e9 de La Rochelle, LIENSs UMR 7266           [<em>&#x6a;&#x65;&#x61;&#x6e;&#x2d;&#109;&#105;chel&#46;&#x63;&#x61;&#x72;&#x6f;&#x7a;&#x7a;&#97;&#64;univ&#x2d;&#x6c;&#x72;&#x2e;&#x66;&#x72;<\/em>]<\/p>\n\n\n\n<p><strong>Laurent Carozza<\/strong> &#8211; UMR 5602 GEODE, Universit\u00e9 Toulouse 2 Jean Jaur\u00e8s                    [<em>c&#x61;ro&#x7a;za&#x2e;l&#97;&#x75;r&#101;&#x6e;t&#64;&#x77;a&#110;&#x61;d&#111;&#x6f;&#46;&#102;&#x72;<\/em>]<\/p>\n\n\n\n<p><strong>Emmanuel Chapron<\/strong> &#8211; UMR 5602 GEODE, Universit\u00e9 Toulouse 2 Jean Jaur\u00e8s         <em> [e&#x6d;m&#x61;&#x6e;u&#x65;l&#46;&#x63;h&#x61;p&#114;&#x6f;n&#x40;u&#110;&#x69;v&#x2d;&#x74;l&#x73;e&#50;&#x2e;f&#x72;<\/em>]<\/p>\n\n\n\n<p><strong>Florin  Ciulavu<\/strong>&nbsp;&#8211; ICEM &nbsp;Institut Gravila Simion                    [<em>f&#108;&#x6f;&#x72;in&#99;&#x69;&#x75;l&#97;&#x76;&#x75;&#64;y&#97;&#x68;&#x6f;o&#46;&#x63;&#x6f;m<\/em>]<\/p>\n\n\n\n<p><strong>Mihaela Danu<\/strong>  &#8211; Universit\u00e9 Ioan Cuza de Iasi         [<em>&#x64;&#x61;&#x6e;&#x75;&#x6d;&#x32;&#x30;&#x30;&#x37;&#x40;&#x79;&#97;&#104;&#111;&#111;&#46;com<\/em>]<\/p>\n\n\n\n<p><strong>Madalina Dimache<\/strong>&nbsp;&#8211; Universit\u00e9 de Bucarest         [<em>&#x64;&#x69;&#x6d;&#x61;&#99;&#104;ema&#x64;&#x61;&#x6c;&#x69;&#x6e;&#97;&#64;yah&#x6f;&#x6f;&#x2e;&#x63;&#x6f;&#109;<\/em>]<\/p>\n\n\n\n<p><strong>Adeline Darie<\/strong>&nbsp;&#8211; Universit\u00e9 de Bucarest        [a<em>&#x64;&#x65;&#108;in&#x61;&#x2e;&#100;ar&#x69;&#x65;&#64;ya&#x68;&#x6f;&#x6f;&#46;co&#x6d;<\/em>]<\/p>\n\n\n\n<p><strong>Ligia Dima<\/strong>&nbsp;&#8211; ICEM &nbsp;Institut Gravila Simion                 [<em>&#x64;i&#x6d;&#97;l&#x69;g&#x69;&#x61;&#64;&#x79;&#97;h&#x6f;o&#x2e;&#99;o&#x6d;<\/em>]<\/p>\n\n\n\n<p><strong>Mihail Florea<\/strong> &#8211; Universit\u00e9 de Bucarest&nbsp;          [<em>&#x6d;i&#x68;&#97;&#x69;&#x6d;f&#x73;&#64;&#x79;&#x61;h&#x6f;&#111;&#x2e;&#x63;o&#x6d;<\/em>]          <\/p>\n\n\n\n<p><strong>Didier Galop<\/strong> &#8211; UMR 5602 GEODE, Universit\u00e9 Toulouse 2 Jean Jaur\u00e8s               [<em>&#100;&#x69;d&#x69;e&#x72;&#46;&#103;&#x61;l&#x6f;p&#x40;u&#110;&#x69;v&#x2d;t&#x6c;s&#101;&#x32;&#46;&#x66;r<\/em>]<\/p>\n\n\n\n<p><strong>Ga\u00ebl Guillou<\/strong> &#8211; Universit\u00e9 de La Rochelle, LIENSs UMR 7266         [<em>&#x67;a&#x65;l&#x2e;&#103;&#x75;&#x69;l&#x6c;o&#x75;&#48;&#x31;&#64;u&#x6e;i&#x76;&#45;&#x6c;&#114;&#46;&#x66;r<\/em>]<\/p>\n\n\n\n<p><strong>Mihaelas Golea<\/strong>&nbsp;&#8211; Acad\u00e9mie Roumaine, Institut d&rsquo;Arch\u00e9ologie Vasile Parvan          <em>[&#x6d;&#x69;&#x68;&#x61;&#x65;&#x6c;&#x61;&#x73;&#x2e;&#x67;&#x6f;&#x6c;&#x65;&#x61;&#x40;&#x79;&#x61;&#x68;&#x6f;&#x6f;&#x2e;&#x63;&#x6f;&#x6d;<\/em>]<\/p>\n\n\n\n<p>C<strong>onstantin Ha\u00efta<\/strong>&nbsp;&#8211; Acad\u00e9mie Roumaine, Institut d&rsquo;Arch\u00e9ologie Vasile Parvan             [<em>c&#x6f;&#x73;t&#101;&#x6c;&#x5f;h&#97;&#x69;ta&#x40;&#x79;a&#104;&#x6f;o&#46;&#x63;&#x6f;m<\/em>]<\/p>\n\n\n\n<p><strong>Theodor Ignat<\/strong>&nbsp;&#8211; Universit\u00e9 de Bucarest         [<em>&#x74;&#104;e&#x6f;&#100;o&#x72;&#x5f;ig&#x6e;&#97;t&#x40;&#x79;ah&#x6f;&#111;&#46;&#x63;&#x6f;m<\/em>]<\/p>\n\n\n\n<p><strong>Catalin Lazar<\/strong>&nbsp;&#8211; Universit\u00e9 de Bucarest              [<em>&#x63;a&#x74;&#97;&#x6c;&#x69;n&#x6c;&#97;&#x7a;&#x61;r&#x32;&#48;&#x31;&#x34;&#64;&#x67;&#109;&#x61;&#x69;l&#x2e;&#99;&#x6f;&#x6d;<\/em>]<\/p>\n\n\n\n<p><strong>Beno\u00eet Lebreton<\/strong> &#8211; Universit\u00e9 de La Rochelle, LIENSs UMR 7266          [<em>&#x62;&#x65;&#x6e;&#x6f;&#x69;&#116;&#46;lebre&#x74;&#x6f;&#x6e;&#x40;&#x75;&#x6e;&#105;&#118;-lr&#46;&#x66;&#x72;<\/em>]<\/p>\n\n\n\n<p><strong>Emilie Lerigoleur<\/strong> &#8211; UMR 5602 GEODE, Universit\u00e9 Toulouse 2 Jean Jaur\u00e8s                [<em>&#x65;m&#x69;&#108;i&#x65;&#46;&#x6c;&#x65;r&#x69;&#103;o&#x6c;e&#x75;&#114;&#64;&#x75;&#110;i&#x76;-&#x74;&#108;s&#x65;2&#x2e;&#x66;r<\/em>]<\/p>\n\n\n\n<p><strong>Sergiu-Adi Loghin<\/strong>  &#8211; Universit\u00e9 Ioan Cuza de Iasi          [<em>&#x6c;&#x6f;&#x67;&#x68;&#105;&#110;_serg&#x69;&#x75;&#x40;&#x79;&#x61;&#104;oo&#46;co&#x6d;<\/em>]<\/p>\n\n\n\n<p><strong>Fran\u00e7ois Lev\u00eaque<\/strong> &#8211; Universit\u00e9 de La Rochelle, LIENSs UMR 7266    [<em>&#x66;l&#x65;&#x76;e&#x71;&#117;e&#x40;&#117;n&#x69;v&#x2d;&#x6c;r&#x2e;&#102;r<\/em>]<\/p>\n\n\n\n<p><strong>Florica Matau<\/strong>  &#8211; Universit\u00e9 Ioan Cuza de Iasi          [<em>&#x66;&#108;or&#x69;&#x63;a&#46;&#x6d;&#x61;ta&#x75;&#x40;&#117;a&#x69;&#x63;&#46;r&#x6f;<\/em>]<\/p>\n\n\n\n<p><strong>Vivien Math\u00e9<\/strong> &#8211; Universit\u00e9 de La Rochelle, LIENSs UMR 7266           [<em>viv&#105;&#101;&#x6e;&#x2e;&#x6d;&#x61;the&#64;&#117;&#x6e;&#x69;&#x76;&#x2d;lr&#46;&#102;&#114;<\/em>]<\/p>\n\n\n\n<p><strong>Cristian Micu<\/strong>&nbsp;&#8211; ICEM &nbsp;Institut Gravila Simion              [<em>cristianmicu7&#50;&#64;&#103;&#109;&#97;&#x69;&#x6c;&#x2e;&#x63;&#x6f;&#x6d;<\/em>]<\/p>\n\n\n\n<p><strong>Florian Mihail<\/strong>&nbsp;&#8211; ICEM &nbsp;Institut Gravila Simion                  [<em>&#x66;&#x6c;&#x6f;&#x72;&#x69;&#97;&#110;haman&#x67;&#x69;&#x61;&#x40;&#x79;&#x61;&#104;&#111;o&#46;co&#x6d;<\/em>]<\/p>\n\n\n\n<p><strong>Petronela Moisii<\/strong>  &#8211; Universit\u00e9 Ioan Cuza de Iasi          [<em>&#x67;&#x61;&#x62;&#x72;&#x69;&#x65;&#x6c;&#x61;&#x31;&#x32;&#x70;&#x65;&#x40;&#x79;&#x61;&#x68;&#x6f;&#x6f;&#x2e;&#x63;&#x6f;&#x6d;<\/em>]<\/p>\n\n\n\n<p><strong>Nicusor Necula<\/strong>&nbsp; &#8211; Universit\u00e9 Ioan Cuza de Iasi         [<em>&#x6e;ec&#x75;&#108;a&#x6e;&#105;c&#x75;&#x73;o&#x72;&#x40;gm&#x61;&#105;l&#x2e;&#99;o&#x6d;<\/em>]<\/p>\n\n\n\n<p><strong>C. Nicolae<\/strong>&nbsp;&#8211; Acad\u00e9mie Roumaine, Institut d&rsquo;Arch\u00e9ologie Vasile Parvan         [<em>nik&#111;&#x74;&#x6b;&#x40;&#x67;mai&#108;&#x2e;&#x63;&#x6f;&#x6d;<\/em>]<\/p>\n\n\n\n<p><strong>Mihai Niculita <\/strong>&#8211; Universit\u00e9 Ioan Cuza de Iasi         [<em>&#x6d;&#x6e;&#x5f;&#103;eog&#x72;&#x40;&#x79;&#x61;&#104;oo&#46;&#x63;&#x6f;&#x6d;<\/em>]<\/p>\n\n\n\n<p><strong>Vasile Opris<\/strong>&nbsp;&#8211; Universit\u00e9 de Bucarest         [<em>va&#115;&#x69;&#x6c;&#x65;&#x6f;pr&#105;&#115;&#x40;&#x79;&#x61;hoo&#46;&#x63;&#x6f;&#x6d;<\/em>]<\/p>\n\n\n\n<p><strong>Ozana Petraru<\/strong>\u00a0 &#8211; Universit\u00e9 Ioan Cuza de Iasi         [<em>&#111;&#x7a;a&#x6e;a&#x2e;p&#x65;t&#114;&#x61;&#114;&#x75;&#64;&#x79;a&#x68;o&#111;&#x2e;&#99;&#x6f;m<\/em>]<\/p>\n\n\n\n<p><strong>Magali Philippe<\/strong> &#8211; UMR 5602 GEODE, Universit\u00e9 Toulouse 2 Jean Jaur\u00e8s                [<em>&#x6d;&#x61;&#103;al&#x69;&#x2e;&#x70;hil&#x69;&#x70;&#112;e&#64;&#x75;&#x6e;&#x69;&#118;-t&#x6c;&#x73;&#101;2&#46;&#x66;&#x72;<\/em>]<\/p>\n\n\n\n<p><strong>Gabriel Popescu<\/strong>&nbsp;&#8211; Universit\u00e9 de Bucarest         [<em>&#103;a&#x62;r&#x69;e&#x6c;&#46;&#x70;&#111;p&#x65;s&#x63;u&#x40;i&#x63;&#117;&#x62;&#46;u&#x6e;i&#x62;u&#x63;&#46;&#x72;&#111;<\/em>]<\/p>\n\n\n\n<p><strong>Valentin Radu<\/strong>&nbsp;&#8211; Acad\u00e9mie Roumaine, Institut d&rsquo;Arch\u00e9ologie Vasile Parvan         [<em>v&#97;&#x6c;&#x69;pe&#115;&#x74;&#x65;&#64;&#121;&#x61;&#x68;oo&#46;&#x63;&#x6f;m<\/em>]<\/p>\n\n\n\n<p><strong>Mehdi Saqualli<\/strong> &#8211; UMR 5602 GEODE, Universit\u00e9 Toulouse 2 Jean Jaur\u00e8s                [<em>&#x6d;&#x65;&#x68;&#x64;&#x69;&#x2e;&#115;&#97;qalli&#64;&#x75;&#x6e;&#x69;&#x76;&#x2d;&#x74;&#108;&#115;e2&#46;fr<\/em>]<\/p>\n\n\n\n<p><strong>Alexandra Stoleriu<\/strong>  &#8211; Universit\u00e9 Ioan Cuza de Iasi         [<em>stole&#114;&#105;&#x75;&#x61;&#x6c;&#x65;&#x78;&#x61;&#x6e;dra&#64;y&#97;&#104;&#111;&#x6f;&#x2e;&#x63;&#x6f;&#x6d;<\/em>]<\/p>\n\n\n\n<p><strong>Gabi Vasile<\/strong>&nbsp;&nbsp;&#8211; Acad\u00e9mie Roumaine, Institut d&rsquo;Arch\u00e9ologie Vasile Parvan         [<em>g&#x73;&#x76;a&#115;&#x69;&#x6c;e&#64;&#x79;ah&#x6f;&#x6f;&#46;&#99;&#x6f;m<\/em>]<\/p>\n\n\n\n<p><strong>Alfred Vespremeanu-Stroe<\/strong> &#8211; Universit\u00e9 de Bucarest         [<em>&#x66;&#x72;&#x65;&#x64;&#x69;&#x40;&#x67;&#x65;&#x6f;&#x2e;&#x75;&#x6e;&#x69;&#x62;&#x75;&#x63;&#x2e;&#x72;&#x6f;<\/em>]<\/p>\n\n\n\n<p><\/p>\n","protected":false},"excerpt":{"rendered":"<p>Responsables du projet \/ Project managers Laurent Carozza (CNRS &#8211; UMR 5602 GEODE, Toulouse, France) Mihaela Danu (Universit\u00e9 de Iasi, Roumanie) Le Comit\u00e9 de Pilotage \/ Steering Commitee Adrian Balasescu &#8211; Acad\u00e9mie Roumaine, Institut d&rsquo;Arch\u00e9ologie Vasile Parvan , Bucarest Albane Burens &#8211; CNRS, UMR 5602 GEODE, Universit\u00e9 Toulouse 2 Jean Jaur\u00e8s Jean-Michel Carozza &#8211; Universit\u00e9 &hellip; <a href=\"https:\/\/blogs.univ-tlse2.fr\/irp-danube\/les-membres\/\" class=\"more-link\">Continuer la lecture de <span class=\"screen-reader-text\">Les membres et la gouvernance de l&rsquo;IRP<\/span>  <span class=\"meta-nav\">&rarr;<\/span><\/a><\/p>\n","protected":false},"author":782,"featured_media":0,"parent":0,"menu_order":0,"comment_status":"closed","ping_status":"closed","template":"","meta":{"footnotes":""},"class_list":["post-34","page","type-page","status-publish","hentry"],"_links":{"self":[{"href":"https:\/\/blogs.univ-tlse2.fr\/irp-danube\/wp-json\/wp\/v2\/pages\/34","targetHints":{"allow":["GET"]}}],"collection":[{"href":"https:\/\/blogs.univ-tlse2.fr\/irp-danube\/wp-json\/wp\/v2\/pages"}],"about":[{"href":"https:\/\/blogs.univ-tlse2.fr\/irp-danube\/wp-json\/wp\/v2\/types\/page"}],"author":[{"embeddable":true,"href":"https:\/\/blogs.univ-tlse2.fr\/irp-danube\/wp-json\/wp\/v2\/users\/782"}],"replies":[{"embeddable":true,"href":"https:\/\/blogs.univ-tlse2.fr\/irp-danube\/wp-json\/wp\/v2\/comments?post=34"}],"version-history":[{"count":27,"href":"https:\/\/blogs.univ-tlse2.fr\/irp-danube\/wp-json\/wp\/v2\/pages\/34\/revisions"}],"predecessor-version":[{"id":129,"href":"https:\/\/blogs.univ-tlse2.fr\/irp-danube\/wp-json\/wp\/v2\/pages\/34\/revisions\/129"}],"wp:attachment":[{"href":"https:\/\/blogs.univ-tlse2.fr\/irp-danube\/wp-json\/wp\/v2\/media?parent=34"}],"curies":[{"name":"wp","href":"https:\/\/api.w.org\/{rel}","templated":true}]}}