 {"id":65,"date":"2020-01-16T16:00:35","date_gmt":"2020-01-16T15:00:35","guid":{"rendered":"https:\/\/blogs.univ-tlse2.fr\/irp-danube\/?page_id=65"},"modified":"2020-01-16T17:38:29","modified_gmt":"2020-01-16T16:38:29","slug":"le-projet-en-quelques-mots","status":"publish","type":"page","link":"https:\/\/blogs.univ-tlse2.fr\/irp-danube\/le-projet-en-quelques-mots\/","title":{"rendered":"Le projet en quelques mots"},"content":{"rendered":"\n<p>l&rsquo;IRP GOCHE \u00ab\u00a0<strong>G\u00e9Oarch\u00e9ologie des CHangements Environnementaux dans la zone du bas Danube<\/strong>\u201d r\u00e9unit sous un m\u00eame dispositif un collectif des sp\u00e9cialistes des g\u00e9osciences de l\u2019environnement, de la bio-arch\u00e9ologie, des arch\u00e9ologues, des historiens et des g\u00e9ographes, afin de constituer un p\u00f4le international et interdisciplinaire de recherche, formation et information scientifique autour de la probl\u00e9matique des changements environnementaux et de leur impact pour les soci\u00e9t\u00e9s dans la zone du bas Danube, en Roumanie.\u00a0<\/p>\n\n\n\n<p>Ce projet vient consolider des collaborations d\u00e9j\u00e0 \u00e9tablies de longue date entre ces deux pays dans le cadre 1- du Site d\u2019Etude en Ecologie Globale \u201c<strong>SEEG Danube<\/strong>\u201d de l\u2019Institut Ecologie Environnement du CNRS et 2- de la <strong>Mission \u201cArch\u00e9ologie du delta du Danube<\/strong>\u201d port\u00e9e par Laurent Carozza (CNRS UMR 5602 GEODE, Toulouse) et Cristian Micu (ICEM, Tulcea) . Il a pour objet de permettre l\u2019organisation de r\u00e9unions de travail ou de s\u00e9minaires, le d\u00e9veloppement d\u2019activit\u00e9s de recherche communes y compris des recherches de terrain, et l\u2019encadrement d\u2019\u00e9tudiants.\u00a0<\/p>\n\n\n\n<figure class=\"wp-block-image size-large\"><img loading=\"lazy\" decoding=\"async\" width=\"1024\" height=\"683\" src=\"https:\/\/blogs.univ-tlse2.fr\/irp-danube\/files\/2020\/01\/vue-fouille-1024x683.jpg\" alt=\"\" class=\"wp-image-87\" srcset=\"https:\/\/blogs.univ-tlse2.fr\/irp-danube\/files\/2020\/01\/vue-fouille-1024x683.jpg 1024w, https:\/\/blogs.univ-tlse2.fr\/irp-danube\/files\/2020\/01\/vue-fouille-300x200.jpg 300w, https:\/\/blogs.univ-tlse2.fr\/irp-danube\/files\/2020\/01\/vue-fouille-768x512.jpg 768w, https:\/\/blogs.univ-tlse2.fr\/irp-danube\/files\/2020\/01\/vue-fouille-1536x1025.jpg 1536w, https:\/\/blogs.univ-tlse2.fr\/irp-danube\/files\/2020\/01\/vue-fouille.jpg 1772w\" sizes=\"auto, (max-width: 1024px) 100vw, 1024px\" \/><figcaption>photo : Albane Burens UMR 5602 CNRS<\/figcaption><\/figure>\n\n\n\n<figure class=\"wp-block-image size-large\"><img loading=\"lazy\" decoding=\"async\" width=\"1024\" height=\"683\" src=\"https:\/\/blogs.univ-tlse2.fr\/irp-danube\/files\/2020\/01\/3D-1024x683.jpg\" alt=\"\" class=\"wp-image-89\" srcset=\"https:\/\/blogs.univ-tlse2.fr\/irp-danube\/files\/2020\/01\/3D-1024x683.jpg 1024w, https:\/\/blogs.univ-tlse2.fr\/irp-danube\/files\/2020\/01\/3D-300x200.jpg 300w, https:\/\/blogs.univ-tlse2.fr\/irp-danube\/files\/2020\/01\/3D-768x512.jpg 768w, https:\/\/blogs.univ-tlse2.fr\/irp-danube\/files\/2020\/01\/3D-1536x1025.jpg 1536w, https:\/\/blogs.univ-tlse2.fr\/irp-danube\/files\/2020\/01\/3D.jpg 1772w\" sizes=\"auto, (max-width: 1024px) 100vw, 1024px\" \/><figcaption><em>photo : Albane Burens UMR 5602 CNRS<\/em><\/figcaption><\/figure>\n\n\n\n<p><em>R\u00e9sum\u00e9 du projet scientifique :<\/em><\/p>\n\n\n\n<p>Les littoraux et les deltas sont des \u201chot spots\u201d pour la biodiversit\u00e9. Ces milieux, soumis aux changements globaux, constituent des \u00e9cosyst\u00e8mes sensibles dont la gestion requiert de comprendre les m\u00e9canismes de formation et de fonctionnement. L\u2019objectif du Laboratoire international Associ\u00e9 est de reconstituer, dans la longue dur\u00e9e historique, les trajectoires d\u2019\u00e9volution de l\u2019un des&nbsp;plus vastes ensembles hydrologiques : le Bas Danube et son delta.&nbsp;<\/p>\n\n\n\n<figure class=\"wp-block-image size-large\"><img loading=\"lazy\" decoding=\"async\" width=\"1024\" height=\"524\" src=\"https:\/\/blogs.univ-tlse2.fr\/irp-danube\/files\/2020\/01\/nenuphars-1024x524.jpg\" alt=\"\" class=\"wp-image-69\" srcset=\"https:\/\/blogs.univ-tlse2.fr\/irp-danube\/files\/2020\/01\/nenuphars-1024x524.jpg 1024w, https:\/\/blogs.univ-tlse2.fr\/irp-danube\/files\/2020\/01\/nenuphars-300x153.jpg 300w, https:\/\/blogs.univ-tlse2.fr\/irp-danube\/files\/2020\/01\/nenuphars-768x393.jpg 768w, https:\/\/blogs.univ-tlse2.fr\/irp-danube\/files\/2020\/01\/nenuphars-1536x785.jpg 1536w, https:\/\/blogs.univ-tlse2.fr\/irp-danube\/files\/2020\/01\/nenuphars.jpg 1772w\" sizes=\"auto, (max-width: 1024px) 100vw, 1024px\" \/><figcaption>photo : Albane Burens UMR 5602 CNRS<\/figcaption><\/figure>\n\n\n\n<p>Il s\u2019agira de mettre en \u00e9vidence le r\u00f4le des for\u00e7ages hydro-climatiques comme facteur de contr\u00f4le, et l\u2019impact des interventions humaines anciennes ou r\u00e9centes sur la construction de la plus vaste zone humide europ\u00e9enne. Les travaux r\u00e9cents montrent que les premi\u00e8res interventions&nbsp;humaines apparaissent dans le delta du Danube vers 7000 BP. L\u2019enjeu est d\u2019appr\u00e9hender les modalit\u00e9s du&nbsp;passage d\u2019un syst\u00e8me naturel anthropis\u00e9 (pal\u00e9o-anthropoc\u00e8ne), d\u00e9fini comme un syst\u00e8me co-construit, vers un anthropoc\u00e8ne dans lequel l\u2019anthropisation devient le facteur de for\u00e7age d\u00e9terminent.<\/p>\n\n\n\n<p>La mani\u00e8re dont la Mer Noire a \u00e9volu\u00e9 au cours du Post-glaciaire est un objet de controverse aussi bien en ce qui concerne la date de reconnexion avec le syst\u00e8me m\u00e9diterran\u00e9en via la Mer de Marmara, que l\u2019ampleur des transformations que cette reconnexion \u00e0 induit ou encore sur les cons\u00e9quences sur les dynamiques de peuplement des rivages occidentaux et orientaux de cette mer marginale. Les tentatives de reconstitution ant\u00e9rieures se basent principalement sur l\u2019\u00e9tude des enregistrements marins- aussi bien des donn\u00e9es de carottages que des donn\u00e9es de sismique r\u00e9flexion pour la p\u00e9riode ancienne (&lt; 6000 BP). Ces mod\u00e8les ont peu mobilis\u00e9 les donn\u00e9es continentales, i.e. les deltas, pour mieux contraindre cette \u00e9volution alors qu\u2019ils sont susceptibles de fournir des donn\u00e9es de premi\u00e8re importance. Ce projet se propose de discuter les diff\u00e9rents scenarii qui ont \u00e9t\u00e9 propos\u00e9s \u00e0 partir des connaissances sur l\u2019\u00e9volution d\u2019un syst\u00e8me delta\u00efque, le delta du Danube, tel qu\u2019elle peut \u00eatre reconstitu\u00e9e par une approche couplant donn\u00e9es g\u00e9omorphologiques, arch\u00e9ologiques et pal\u00e9o-\u00e9cologiques. Les donn\u00e9es sur l\u2019\u00e9volution des paysages, du peuplement et des \u00e9cosyst\u00e8mes ainsi recueillies seront ensuite utilis\u00e9es pour tester des scenarii d\u2019\u00e9volution du peuplement du delta du Danube au cours de l\u2019Holoc\u00e8ne et permettre ainsi une validation.&nbsp;<\/p>\n\n\n\n<figure class=\"wp-block-image size-large\"><img loading=\"lazy\" decoding=\"async\" width=\"685\" height=\"1024\" src=\"https:\/\/blogs.univ-tlse2.fr\/irp-danube\/files\/2020\/01\/carottage-TARA-685x1024.jpg\" alt=\"\" class=\"wp-image-88\" srcset=\"https:\/\/blogs.univ-tlse2.fr\/irp-danube\/files\/2020\/01\/carottage-TARA-685x1024.jpg 685w, https:\/\/blogs.univ-tlse2.fr\/irp-danube\/files\/2020\/01\/carottage-TARA-201x300.jpg 201w, https:\/\/blogs.univ-tlse2.fr\/irp-danube\/files\/2020\/01\/carottage-TARA-768x1148.jpg 768w, https:\/\/blogs.univ-tlse2.fr\/irp-danube\/files\/2020\/01\/carottage-TARA-1028x1536.jpg 1028w, https:\/\/blogs.univ-tlse2.fr\/irp-danube\/files\/2020\/01\/carottage-TARA-1370x2048.jpg 1370w, https:\/\/blogs.univ-tlse2.fr\/irp-danube\/files\/2020\/01\/carottage-TARA.jpg 1535w\" sizes=\"auto, (max-width: 685px) 100vw, 685px\" \/><figcaption><em>photo : Albane Burens UMR 5602 CNRS<\/em><\/figcaption><\/figure>\n\n\n\n<figure class=\"wp-block-image size-large\"><img loading=\"lazy\" decoding=\"async\" width=\"1024\" height=\"632\" src=\"https:\/\/blogs.univ-tlse2.fr\/irp-danube\/files\/2020\/01\/log-relev\u00e9-1024x632.jpg\" alt=\"\" class=\"wp-image-90\" srcset=\"https:\/\/blogs.univ-tlse2.fr\/irp-danube\/files\/2020\/01\/log-relev\u00e9-1024x632.jpg 1024w, https:\/\/blogs.univ-tlse2.fr\/irp-danube\/files\/2020\/01\/log-relev\u00e9-300x185.jpg 300w, https:\/\/blogs.univ-tlse2.fr\/irp-danube\/files\/2020\/01\/log-relev\u00e9-768x474.jpg 768w, https:\/\/blogs.univ-tlse2.fr\/irp-danube\/files\/2020\/01\/log-relev\u00e9-1536x949.jpg 1536w, https:\/\/blogs.univ-tlse2.fr\/irp-danube\/files\/2020\/01\/log-relev\u00e9.jpg 1773w\" sizes=\"auto, (max-width: 1024px) 100vw, 1024px\" \/><figcaption><em>photo : Albane Burens UMR 5602 CNRS<\/em><\/figcaption><\/figure>\n\n\n\n<p>Dans ce projet, l\u2019ensemble de l\u2019histoire du delta Holoc\u00e8ne, depuis la reconnexion avec la Mer M\u00e9diterran\u00e9e jusqu\u2019\u00e0 la p\u00e9riode contemporaine est prise en consid\u00e9ration. Loin d\u2019\u00eatre un espace naturel, le delta du Danube est une mosa\u00efque d\u2019\u00e9cosyst\u00e8mes anthropis\u00e9s (chenaux principaux et secondaires, lacs, dunes, zones humides interdunaires\u2026) dont le processus de production reste encore largement sous-estim\u00e9 par les gestionnaires (Commission Protection du Danube, CPD, cr\u00e9\u00e9e en 1994 \u00e0 Sofia et effective depuis 1998 ou R\u00e9serve du Delta du Danube).<\/p>\n\n\n\n<p>L\u2019enjeu de ce projet sera de reconstituer l\u2019\u00e9volution g\u00e9o-historique environnementale de cet espace et de mettre en lumi\u00e8re le r\u00f4le des interventions humaines anciennes ou r\u00e9centes dans le fonctionnement du milieu, son alt\u00e9ration et son \u00e9ventuelle d\u00e9gradation dans l\u2019optique de sa prise en compte dans la gestion de ce milieu. Son originalit\u00e9 est de se&nbsp;positionner \u00e0 l\u2019interface entre approche g\u00e9o-historique et approche g\u00e9omorphologique, c\u2019est \u00e0 dire de coupler l\u2019approche&nbsp;par la documentation ancienne aux sources de terrain en les validant et les compl\u00e9tant. Il s\u2019appuiera pour les approches g\u00e9o-historiques sur une documentation exceptionnelle et in\u00e9dites issues des archives communistes en cours de d\u00e9classification et sur la connaissance du delta par l\u2019\u00e9quipe support et les organismes partenaires pour le volet terrain.<\/p>\n\n\n\n<figure class=\"wp-block-image size-large\"><img loading=\"lazy\" decoding=\"async\" width=\"1024\" height=\"683\" src=\"https:\/\/blogs.univ-tlse2.fr\/irp-danube\/files\/2020\/01\/danube-1024x683.jpg\" alt=\"\" class=\"wp-image-71\" srcset=\"https:\/\/blogs.univ-tlse2.fr\/irp-danube\/files\/2020\/01\/danube-1024x683.jpg 1024w, https:\/\/blogs.univ-tlse2.fr\/irp-danube\/files\/2020\/01\/danube-300x200.jpg 300w, https:\/\/blogs.univ-tlse2.fr\/irp-danube\/files\/2020\/01\/danube-768x512.jpg 768w, https:\/\/blogs.univ-tlse2.fr\/irp-danube\/files\/2020\/01\/danube-1536x1025.jpg 1536w, https:\/\/blogs.univ-tlse2.fr\/irp-danube\/files\/2020\/01\/danube.jpg 1772w\" sizes=\"auto, (max-width: 1024px) 100vw, 1024px\" \/><figcaption>photo : Albane Burens UMR 5602 CNRS<\/figcaption><\/figure>\n\n\n\n<p><\/p>\n","protected":false},"excerpt":{"rendered":"<p>l&rsquo;IRP GOCHE \u00ab\u00a0G\u00e9Oarch\u00e9ologie des CHangements Environnementaux dans la zone du bas Danube\u201d r\u00e9unit sous un m\u00eame dispositif un collectif des sp\u00e9cialistes des g\u00e9osciences de l\u2019environnement, de la bio-arch\u00e9ologie, des arch\u00e9ologues, des historiens et des g\u00e9ographes, afin de constituer un p\u00f4le international et interdisciplinaire de recherche, formation et information scientifique autour de la probl\u00e9matique des changements &hellip; <a href=\"https:\/\/blogs.univ-tlse2.fr\/irp-danube\/le-projet-en-quelques-mots\/\" class=\"more-link\">Continuer la lecture de <span class=\"screen-reader-text\">Le projet en quelques mots<\/span>  <span class=\"meta-nav\">&rarr;<\/span><\/a><\/p>\n","protected":false},"author":782,"featured_media":0,"parent":0,"menu_order":0,"comment_status":"closed","ping_status":"closed","template":"","meta":{"footnotes":""},"class_list":["post-65","page","type-page","status-publish","hentry"],"_links":{"self":[{"href":"https:\/\/blogs.univ-tlse2.fr\/irp-danube\/wp-json\/wp\/v2\/pages\/65","targetHints":{"allow":["GET"]}}],"collection":[{"href":"https:\/\/blogs.univ-tlse2.fr\/irp-danube\/wp-json\/wp\/v2\/pages"}],"about":[{"href":"https:\/\/blogs.univ-tlse2.fr\/irp-danube\/wp-json\/wp\/v2\/types\/page"}],"author":[{"embeddable":true,"href":"https:\/\/blogs.univ-tlse2.fr\/irp-danube\/wp-json\/wp\/v2\/users\/782"}],"replies":[{"embeddable":true,"href":"https:\/\/blogs.univ-tlse2.fr\/irp-danube\/wp-json\/wp\/v2\/comments?post=65"}],"version-history":[{"count":4,"href":"https:\/\/blogs.univ-tlse2.fr\/irp-danube\/wp-json\/wp\/v2\/pages\/65\/revisions"}],"predecessor-version":[{"id":93,"href":"https:\/\/blogs.univ-tlse2.fr\/irp-danube\/wp-json\/wp\/v2\/pages\/65\/revisions\/93"}],"wp:attachment":[{"href":"https:\/\/blogs.univ-tlse2.fr\/irp-danube\/wp-json\/wp\/v2\/media?parent=65"}],"curies":[{"name":"wp","href":"https:\/\/api.w.org\/{rel}","templated":true}]}}