 {"id":1180,"date":"2022-02-16T11:07:15","date_gmt":"2022-02-16T10:07:15","guid":{"rendered":"https:\/\/blogs.univ-tlse2.fr\/it-alien\/?page_id=1180"},"modified":"2024-04-03T09:49:35","modified_gmt":"2024-04-03T07:49:35","slug":"eccoci","status":"publish","type":"page","link":"https:\/\/blogs.univ-tlse2.fr\/it-alien\/eccoci\/","title":{"rendered":"Eccoci !"},"content":{"rendered":"\n<figure class=\"wp-block-image is-resized is-style-rounded\"><img decoding=\"async\" src=\"https:\/\/blogs.univ-tlse2.fr\/it-alien\/files\/2021\/05\/Arche-UT2J-300x169.jpg\" alt=\"L\u2019attribut alt de cette image est vide, son nom de fichier est Arche-UT2J-300x169.jpg.\" style=\"width:463px;height:261px\" \/><\/figure>\n\n\n\n<p>    Les \u00e9tudiantes et \u00e9tudiants int\u00e9ress\u00e9\u00b7e\u00b7s pour <strong>s&rsquo;exprimer<\/strong> <strong>sur ce blog<\/strong> peuvent se renseigner aupr\u00e8s du <strong>lecteur<\/strong> \/ de la <strong>lectrice<\/strong> de la section d&rsquo;italien ou de l&rsquo;une \/ l&rsquo;un de ses <strong>coll\u00e8gues<\/strong>. <strong>N&rsquo;h\u00e9sitez pas \u00e0 vous faire conna\u00eetre !<\/strong><\/p>\n\n\n\n<p> Ci-dessous, les fondatrices du blog qui ont particip\u00e9 \u00e0 la p\u00e9riode 2018-2019 aux c\u00f4t\u00e9s de la lectrice et d&rsquo;un enseignant, et avec l&rsquo;appui de deux informaticiens de la DTICE*, aujourd&rsquo;hui devenue la MIN**. <\/p>\n\n\n\n<p>* D\u00e9partement des Technologies de l&rsquo;Information et des Enseignements<br \/>** Maison de l&rsquo;Image et du Num\u00e9rique<\/p>\n\n\n<div class=\"wp-block-image is-style-rounded\">\n<figure class=\"alignleft is-resized\"><img loading=\"lazy\" decoding=\"async\" width=\"225\" height=\"300\" src=\"https:\/\/blogs.univ-tlse2.fr\/it-alien\/files\/2019\/03\/Anaelle-e1553799451311-225x300.jpg\" alt=\"\" class=\"wp-image-123\" style=\"width:74px;height:98px\" srcset=\"https:\/\/blogs.univ-tlse2.fr\/it-alien\/files\/2019\/03\/Anaelle-e1553799451311-225x300.jpg 225w, https:\/\/blogs.univ-tlse2.fr\/it-alien\/files\/2019\/03\/Anaelle-e1553799451311-768x1024.jpg 768w, https:\/\/blogs.univ-tlse2.fr\/it-alien\/files\/2019\/03\/Anaelle-e1553799451311.jpg 1944w\" sizes=\"auto, (max-width: 225px) 100vw, 225px\" \/><\/figure>\n<\/div>\n\n\n<p><strong>Ana\u00eblle<\/strong><\/p>\n\n\n<div class=\"wp-block-image is-style-rounded\">\n<figure class=\"alignleft is-resized\"><img loading=\"lazy\" decoding=\"async\" width=\"300\" height=\"273\" src=\"https:\/\/blogs.univ-tlse2.fr\/it-alien\/files\/2019\/03\/Tania2-300x273.jpg\" alt=\"\" class=\"wp-image-124\" style=\"width:94px;height:86px\" srcset=\"https:\/\/blogs.univ-tlse2.fr\/it-alien\/files\/2019\/03\/Tania2-300x273.jpg 300w, https:\/\/blogs.univ-tlse2.fr\/it-alien\/files\/2019\/03\/Tania2-768x698.jpg 768w, https:\/\/blogs.univ-tlse2.fr\/it-alien\/files\/2019\/03\/Tania2-1024x930.jpg 1024w\" sizes=\"auto, (max-width: 300px) 100vw, 300px\" \/><\/figure>\n<\/div>\n\n\n<p><strong>Tania<\/strong> <\/p>\n\n\n<div class=\"wp-block-image is-style-rounded\">\n<figure class=\"alignleft is-resized\"><img loading=\"lazy\" decoding=\"async\" width=\"169\" height=\"300\" src=\"https:\/\/blogs.univ-tlse2.fr\/it-alien\/files\/2019\/04\/elea-169x300.png\" alt=\"\" class=\"wp-image-150\" style=\"width:57px;height:102px\" srcset=\"https:\/\/blogs.univ-tlse2.fr\/it-alien\/files\/2019\/04\/elea-169x300.png 169w, https:\/\/blogs.univ-tlse2.fr\/it-alien\/files\/2019\/04\/elea-576x1024.png 576w, https:\/\/blogs.univ-tlse2.fr\/it-alien\/files\/2019\/04\/elea.png 750w\" sizes=\"auto, (max-width: 169px) 100vw, 169px\" \/><\/figure>\n<\/div>\n\n\n<p><strong>\u00c9l\u00e9a<\/strong>  <\/p>\n\n\n<div class=\"wp-block-image is-style-rounded\">\n<figure class=\"alignleft is-resized\"><img loading=\"lazy\" decoding=\"async\" width=\"225\" height=\"300\" src=\"https:\/\/blogs.univ-tlse2.fr\/it-alien\/files\/2019\/04\/Ilenia-225x300.jpg\" alt=\"\" class=\"wp-image-166\" style=\"width:73px;height:97px\" srcset=\"https:\/\/blogs.univ-tlse2.fr\/it-alien\/files\/2019\/04\/Ilenia-225x300.jpg 225w, https:\/\/blogs.univ-tlse2.fr\/it-alien\/files\/2019\/04\/Ilenia-768x1024.jpg 768w, https:\/\/blogs.univ-tlse2.fr\/it-alien\/files\/2019\/04\/Ilenia.jpg 1920w\" sizes=\"auto, (max-width: 225px) 100vw, 225px\" \/><\/figure>\n<\/div>\n\n\n<p><strong>Il\u00e9nia<\/strong> <\/p>\n\n\n\n<p><\/p>\n\n\n\n<p><\/p>\n\n\n\n<p><\/p>\n","protected":false},"excerpt":{"rendered":"<p>Les \u00e9tudiantes et \u00e9tudiants int\u00e9ress\u00e9\u00b7e\u00b7s pour s&rsquo;exprimer sur ce blog peuvent se renseigner aupr\u00e8s du lecteur \/ de la lectrice de la section d&rsquo;italien ou de l&rsquo;une \/ l&rsquo;un de ses coll\u00e8gues. N&rsquo;h\u00e9sitez pas \u00e0 vous faire conna\u00eetre ! Ci-dessous, les fondatrices du blog qui ont particip\u00e9 \u00e0 la p\u00e9riode 2018-2019 aux c\u00f4t\u00e9s de la &hellip; <\/p>\n<p class=\"link-more\"><a href=\"https:\/\/blogs.univ-tlse2.fr\/it-alien\/eccoci\/\" class=\"more-link\">Continuer la lecture<span class=\"screen-reader-text\"> de &laquo;&nbsp;Eccoci !&nbsp;&raquo;<\/span><\/a><\/p>\n","protected":false},"author":682,"featured_media":0,"parent":0,"menu_order":0,"comment_status":"closed","ping_status":"closed","template":"","meta":{"footnotes":""},"class_list":["post-1180","page","type-page","status-publish","hentry"],"_links":{"self":[{"href":"https:\/\/blogs.univ-tlse2.fr\/it-alien\/wp-json\/wp\/v2\/pages\/1180","targetHints":{"allow":["GET"]}}],"collection":[{"href":"https:\/\/blogs.univ-tlse2.fr\/it-alien\/wp-json\/wp\/v2\/pages"}],"about":[{"href":"https:\/\/blogs.univ-tlse2.fr\/it-alien\/wp-json\/wp\/v2\/types\/page"}],"author":[{"embeddable":true,"href":"https:\/\/blogs.univ-tlse2.fr\/it-alien\/wp-json\/wp\/v2\/users\/682"}],"replies":[{"embeddable":true,"href":"https:\/\/blogs.univ-tlse2.fr\/it-alien\/wp-json\/wp\/v2\/comments?post=1180"}],"version-history":[{"count":29,"href":"https:\/\/blogs.univ-tlse2.fr\/it-alien\/wp-json\/wp\/v2\/pages\/1180\/revisions"}],"predecessor-version":[{"id":1900,"href":"https:\/\/blogs.univ-tlse2.fr\/it-alien\/wp-json\/wp\/v2\/pages\/1180\/revisions\/1900"}],"wp:attachment":[{"href":"https:\/\/blogs.univ-tlse2.fr\/it-alien\/wp-json\/wp\/v2\/media?parent=1180"}],"curies":[{"name":"wp","href":"https:\/\/api.w.org\/{rel}","templated":true}]}}