 {"id":1183,"date":"2022-02-16T10:42:28","date_gmt":"2022-02-16T09:42:28","guid":{"rendered":"https:\/\/blogs.univ-tlse2.fr\/it-alien\/?page_id=1183"},"modified":"2025-12-05T08:34:12","modified_gmt":"2025-12-05T07:34:12","slug":"buongiorno-a-tutti-2","status":"publish","type":"page","link":"https:\/\/blogs.univ-tlse2.fr\/it-alien\/","title":{"rendered":"Benvenuti !"},"content":{"rendered":"<div class=\"wp-block-image\">\n<figure class=\"alignright size-full\"><img loading=\"lazy\" decoding=\"async\" width=\"232\" height=\"300\" src=\"https:\/\/blogs.univ-tlse2.fr\/it-alien\/files\/2022\/02\/CRL-UT2J-window-232x300-2.jpg\" alt=\"\" class=\"wp-image-1190\" \/><\/figure>\n<\/div>\n\n\n<p>Nous avons le plaisir de vous accueillir dans ce blog et nous esp\u00e9rons que vous y faites d&rsquo;agr\u00e9ables promenades&nbsp;! <\/p>\n\n\n\n<p>Durant le lointain 2018, quelques-unes et quelques-uns des enseignantes et enseignants de la section d&rsquo;italien ont lanc\u00e9 l\u2019id\u00e9e de la cr\u00e9ation d\u2019un blog pour les \u00e9tudiantes et \u00e9tudiants de cette composante, sur la base du volontariat. Depuis, ce <strong>blog bilingue<\/strong> est ouvert aux \u00e9tudiantes et \u00e9tudiants qui ont la langue italienne dans leur cursus universitaire. La structure du site permet de pratiquer la langue italienne mais aussi la fran\u00e7aise, apportant ainsi un certain cachet aux contenus. <br \/><strong>Les italophones tout comme les francophones peuvent participer activement aux publications sur le site<\/strong>. <br \/><br \/>Dans les diff\u00e9rentes <strong>rubriques<\/strong>, vous trouverez des <em>focus<\/em> dans la p\u00e9ninsule, des histoires d\u2019Italiennes et d&rsquo;Italiens avec qui partager un bout de notre parcours \u00e0 l\u2019universit\u00e9, des critiques concernant la <strong>cultu<\/strong>re italienne, des <strong>lectures<\/strong> (les v\u00f4tres), et des <strong>actualit\u00e9s<\/strong> italiennes au fil des mois.<\/p>\n\n\n<div class=\"is-default-size alignright wp-block-site-logo\"><a href=\"https:\/\/blogs.univ-tlse2.fr\/it-alien\/\" class=\"custom-logo-link\" rel=\"home\"><img loading=\"lazy\" decoding=\"async\" width=\"694\" height=\"390\" src=\"https:\/\/blogs.univ-tlse2.fr\/it-alien\/files\/2024\/04\/roma.jpg\" class=\"custom-logo\" alt=\"Ita-lien\" srcset=\"https:\/\/blogs.univ-tlse2.fr\/it-alien\/files\/2024\/04\/roma.jpg 694w, https:\/\/blogs.univ-tlse2.fr\/it-alien\/files\/2024\/04\/roma-300x169.jpg 300w\" sizes=\"auto, 100vw\" \/><\/a><\/div>\n\n\n<p><strong>Si \u00eates int\u00e9ress\u00e9<\/strong>\u2022<strong>es pour participer au blog<\/strong> (articles, billets, &#8230;), <strong><mark class=\"has-inline-color has-light-green-cyan-color\"><code><kbd>contactez-nous<\/kbd><\/code><\/mark> !<\/strong>  <\/p>\n\n\n\n<ul class=\"wp-block-social-links is-layout-flex wp-block-social-links-is-layout-flex\"><li class=\"wp-social-link wp-social-link-mail  wp-block-social-link\"><a href=\"mailto:&#106;ea&#110;.&#110;&#105;mis&#064;un&#105;v-tls&#101;2.&#102;&#114;\" class=\"wp-block-social-link-anchor\"><svg width=\"24\" height=\"24\" viewBox=\"0 0 24 24\" version=\"1.1\" xmlns=\"http:\/\/www.w3.org\/2000\/svg\" aria-hidden=\"true\" focusable=\"false\"><path d=\"M19,5H5c-1.1,0-2,.9-2,2v10c0,1.1.9,2,2,2h14c1.1,0,2-.9,2-2V7c0-1.1-.9-2-2-2zm.5,12c0,.3-.2.5-.5.5H5c-.3,0-.5-.2-.5-.5V9.8l7.5,5.6,7.5-5.6V17zm0-9.1L12,13.6,4.5,7.9V7c0-.3.2-.5.5-.5h14c.3,0,.5.2.5.5v.9z\"><\/path><\/svg><span class=\"wp-block-social-link-label screen-reader-text\">E-mail<\/span><\/a><\/li><\/ul>\n\n\n\n<figure class=\"wp-block-image\"><img loading=\"lazy\" decoding=\"async\" width=\"1024\" height=\"220\" src=\"https:\/\/blogs.univ-tlse2.fr\/it-alien\/files\/2022\/02\/panorama_Venezia-1024x220.jpg\" alt=\"\" class=\"wp-image-1129\" srcset=\"https:\/\/blogs.univ-tlse2.fr\/it-alien\/files\/2022\/02\/panorama_Venezia-1024x220.jpg 1024w, https:\/\/blogs.univ-tlse2.fr\/it-alien\/files\/2022\/02\/panorama_Venezia-300x65.jpg 300w, https:\/\/blogs.univ-tlse2.fr\/it-alien\/files\/2022\/02\/panorama_Venezia-768x165.jpg 768w, https:\/\/blogs.univ-tlse2.fr\/it-alien\/files\/2022\/02\/panorama_Venezia-1536x331.jpg 1536w, https:\/\/blogs.univ-tlse2.fr\/it-alien\/files\/2022\/02\/panorama_Venezia-2048x441.jpg 2048w\" sizes=\"auto, (max-width: 767px) 89vw, (max-width: 1000px) 54vw, (max-width: 1071px) 543px, 580px\" \/><\/figure>\n\n\n\n<figure class=\"wp-block-image\"><img loading=\"lazy\" decoding=\"async\" width=\"1024\" height=\"339\" src=\"https:\/\/blogs.univ-tlse2.fr\/it-alien\/files\/2022\/02\/panorama_Milano-1-1024x339.jpg\" alt=\"\" class=\"wp-image-1132\" srcset=\"https:\/\/blogs.univ-tlse2.fr\/it-alien\/files\/2022\/02\/panorama_Milano-1-1024x339.jpg 1024w, https:\/\/blogs.univ-tlse2.fr\/it-alien\/files\/2022\/02\/panorama_Milano-1-300x99.jpg 300w, https:\/\/blogs.univ-tlse2.fr\/it-alien\/files\/2022\/02\/panorama_Milano-1-768x254.jpg 768w, https:\/\/blogs.univ-tlse2.fr\/it-alien\/files\/2022\/02\/panorama_Milano-1.jpg 1272w\" sizes=\"auto, (max-width: 767px) 89vw, (max-width: 1000px) 54vw, (max-width: 1071px) 543px, 580px\" \/><\/figure>\n\n\n\n<figure class=\"wp-block-image\"><img loading=\"lazy\" decoding=\"async\" width=\"1024\" height=\"235\" src=\"https:\/\/blogs.univ-tlse2.fr\/it-alien\/files\/2022\/02\/panorama_Firenze_1-1024x235.jpg\" alt=\"\" class=\"wp-image-1133\" srcset=\"https:\/\/blogs.univ-tlse2.fr\/it-alien\/files\/2022\/02\/panorama_Firenze_1-1024x235.jpg 1024w, https:\/\/blogs.univ-tlse2.fr\/it-alien\/files\/2022\/02\/panorama_Firenze_1-300x69.jpg 300w, https:\/\/blogs.univ-tlse2.fr\/it-alien\/files\/2022\/02\/panorama_Firenze_1-768x176.jpg 768w, https:\/\/blogs.univ-tlse2.fr\/it-alien\/files\/2022\/02\/panorama_Firenze_1-1536x352.jpg 1536w, https:\/\/blogs.univ-tlse2.fr\/it-alien\/files\/2022\/02\/panorama_Firenze_1.jpg 1901w\" sizes=\"auto, (max-width: 767px) 89vw, (max-width: 1000px) 54vw, (max-width: 1071px) 543px, 580px\" \/><\/figure>\n\n\n\n<figure class=\"wp-block-image size-large\"><img loading=\"lazy\" decoding=\"async\" width=\"990\" height=\"302\" src=\"https:\/\/blogs.univ-tlse2.fr\/it-alien\/files\/2022\/06\/Messina-990x302.jpg\" alt=\"\" class=\"wp-image-1371\" srcset=\"https:\/\/blogs.univ-tlse2.fr\/it-alien\/files\/2022\/06\/Messina-990x302.jpg 990w, https:\/\/blogs.univ-tlse2.fr\/it-alien\/files\/2022\/06\/Messina-300x91.jpg 300w, https:\/\/blogs.univ-tlse2.fr\/it-alien\/files\/2022\/06\/Messina-768x234.jpg 768w, https:\/\/blogs.univ-tlse2.fr\/it-alien\/files\/2022\/06\/Messina.jpg 1024w\" sizes=\"auto, (max-width: 767px) 89vw, (max-width: 1000px) 54vw, (max-width: 1071px) 543px, 580px\" \/><\/figure>\n","protected":false},"excerpt":{"rendered":"<p>Nous avons le plaisir de vous accueillir dans ce blog et nous esp\u00e9rons que vous y faites d&rsquo;agr\u00e9ables promenades&nbsp;! Durant le lointain 2018, quelques-unes et quelques-uns des enseignantes et enseignants de la section d&rsquo;italien ont lanc\u00e9 l\u2019id\u00e9e de la cr\u00e9ation d\u2019un blog pour les \u00e9tudiantes et \u00e9tudiants de cette composante, sur la base du volontariat. &hellip; <\/p>\n<p class=\"link-more\"><a href=\"https:\/\/blogs.univ-tlse2.fr\/it-alien\/\" class=\"more-link\">Continuer la lecture<span class=\"screen-reader-text\"> de &laquo;&nbsp;Benvenuti !&nbsp;&raquo;<\/span><\/a><\/p>\n","protected":false},"author":682,"featured_media":0,"parent":0,"menu_order":0,"comment_status":"closed","ping_status":"closed","template":"","meta":{"footnotes":""},"class_list":["post-1183","page","type-page","status-publish","hentry"],"_links":{"self":[{"href":"https:\/\/blogs.univ-tlse2.fr\/it-alien\/wp-json\/wp\/v2\/pages\/1183","targetHints":{"allow":["GET"]}}],"collection":[{"href":"https:\/\/blogs.univ-tlse2.fr\/it-alien\/wp-json\/wp\/v2\/pages"}],"about":[{"href":"https:\/\/blogs.univ-tlse2.fr\/it-alien\/wp-json\/wp\/v2\/types\/page"}],"author":[{"embeddable":true,"href":"https:\/\/blogs.univ-tlse2.fr\/it-alien\/wp-json\/wp\/v2\/users\/682"}],"replies":[{"embeddable":true,"href":"https:\/\/blogs.univ-tlse2.fr\/it-alien\/wp-json\/wp\/v2\/comments?post=1183"}],"version-history":[{"count":34,"href":"https:\/\/blogs.univ-tlse2.fr\/it-alien\/wp-json\/wp\/v2\/pages\/1183\/revisions"}],"predecessor-version":[{"id":1987,"href":"https:\/\/blogs.univ-tlse2.fr\/it-alien\/wp-json\/wp\/v2\/pages\/1183\/revisions\/1987"}],"wp:attachment":[{"href":"https:\/\/blogs.univ-tlse2.fr\/it-alien\/wp-json\/wp\/v2\/media?parent=1183"}],"curies":[{"name":"wp","href":"https:\/\/api.w.org\/{rel}","templated":true}]}}