 {"id":179,"date":"2012-03-12T14:04:50","date_gmt":"2012-03-12T13:04:50","guid":{"rendered":"https:\/\/blogs.univ-tlse2.fr\/iup-projetsterritoires\/?page_id=179"},"modified":"2025-03-25T17:00:15","modified_gmt":"2025-03-25T16:00:15","slug":"master","status":"publish","type":"page","link":"https:\/\/blogs.univ-tlse2.fr\/iup-projetsterritoires\/master\/","title":{"rendered":"Organisation"},"content":{"rendered":"<h3 style=\"text-align: left\"><\/h3>\n<h3 style=\"text-align: center\"><strong>La Licence 3 APTER<br \/>\n<\/strong><\/h3>\n<p>La Licence 3\u00a0 APTER est une premi\u00e8re \u00e9tape vers un Master en Urbanisme, Am\u00e9nagement, D\u00e9veloppement territorial, ou d&rsquo;autres Masters disciplinaires . Elle apporte un socle de connaissances<\/p>\n<ul>\n<li>sur les dynamiques territoriales dans les diff\u00e9rents types de territoires (m\u00e9tropoles, villes petites et moyennes, territoires de faible densit\u00e9, approche r\u00e9gionale)<\/li>\n<li>sur les grandes politiques d\u2019am\u00e9nagement et d&rsquo;action locale : d\u00e9marche de d\u00e9veloppement local, projets urbains, politiques environnementales et de transitions<\/li>\n<li>sur les principaux instruments de l&rsquo;intervention territoriale, le droit des collectivit\u00e9s territoriales, les finances locales,<\/li>\n<li>sur des outils en cartographie, la cr\u00e9ation de supports de communication, la pratique de l&rsquo;anglais appliqu\u00e9 \u00e0 l\u2019am\u00e9nagement.<\/li>\n<\/ul>\n<p>La formation Licence 3 APTER est professionnalisante\u00a0; elle s\u2019appuie sur diff\u00e9rents temps d\u2019apprentissage et de d\u00e9veloppement de comp\u00e9tences\u00a0:<\/p>\n<ul>\n<li>des enseignements d\u2019ordre g\u00e9n\u00e9ral et th\u00e9orique sur les dynamiques territoriales, les enjeux et d\u00e9fis contemporains (transitions, r\u00e9silience, coop\u00e9ration)<\/li>\n<li>l\u2019intervention de professionnels pour s&rsquo;initier aux m\u00e9tiers par des \u00e9tudes de cas et mises en situation<\/li>\n<li>des sorties de terrain,<\/li>\n<li>des mises en situation sur le terrain (un <a href=\"https:\/\/blogs.univ-tlse2.fr\/iup-projetsterritoires\/stages-et-ateliers\/\">Atelier<\/a> , \u00e9tudes de cas, stage)<\/li>\n<\/ul>\n<p><a href=\"https:\/\/blogs.univ-tlse2.fr\/iup-projetsterritoires\/files\/2025\/02\/2025-Comm-L3-APTER.pdf\">2025 Comm L3 APTER<\/a><\/p>\n<p><strong><em>Dossier de candidature Licence 3 (6 mars-22 mai 2024) : <a href=\"https:\/\/ecandidat.univ-tlse2.fr\">Candidature sur ecandida<\/a><a href=\"https:\/\/ecandidat.univ-tlse2.fr\">t<\/a><\/em><\/strong><\/p>\n<hr \/>\n<h3 style=\"text-align: center\"><strong>Le MASTER APTER<br \/>\n<\/strong><\/h3>\n<p><a href=\"https:\/\/blogs.univ-tlse2.fr\/iup-projetsterritoires\/files\/2025\/02\/2025-Presentation-Master-APTER.pdf\">2025 Pre\u0301sentation Master APTER<\/a><\/p>\n<p>Le Master APTER renforce les connaissances des dynamiques territoriales, et de la compr\u00e9hension des syst\u00e8mes d\u2019action et d\u2019acteurs complexes. Il alterne des situations d\u2019acquisition de connaissances et des situations d\u2019apprentissage sur le terrain, afin de construire un parcours concret de professionnalisation. Les apprentissages des savoirs-\u00eatre, savoirs-faire et savoirs th\u00e9oriques se combinent pour permettre aux futurs dipl\u00f4m\u00e9s d\u2019\u00eatre pr\u00e9par\u00e9s \u00e0 la diversit\u00e9 des projets de territoire.<\/p>\n<p><strong>Le Master APTER apporte les connaissances et les comp\u00e9tences n\u00e9cessaires \u00e0 la conception, l\u2019animation, le pilotage de projets \u00e0 l\u2019\u00e9chelle locale (de la r\u00e9gion au quartier, des espaces de faible densit\u00e9 \u00e0 l\u2019\u00e9chelle m\u00e9tropolitaine). Le projet local est consid\u00e9r\u00e9 comme une d\u00e9marche ascendante, fond\u00e9e sur la connaissance et la maitrise des ressources, dans la proximit\u00e9 et l\u2019interterritorialit\u00e9.<\/strong><\/p>\n<p>L&rsquo;objectif est de former les \u00e9tudiants aux comp\u00e9tences propres \u00e0 l\u2019accompagnement de projet de territoire et d\u00e9veloppement territorial\u00a0: diagnostic strat\u00e9gique et prospective, dispositifs de participation et d\u2019intelligence collective, conduite et animation de projet, \u00e9valuation, gestion et programmation, recherche en sciences humaines.<\/p>\n<p><strong>Plusieurs exp\u00e9riences de professionnalisation par an :<\/strong><br \/>\nAtelier collectif + stage indiviuel de 12 \u00e0 14 semaines en M1<br \/>\nAtelier collectif + stage individuel de 16 \u00e0 20 semaines en M2<\/p>\n<p><a href=\"https:\/\/blogs.univ-tlse2.fr\/iup-projetsterritoires\/files\/2024\/03\/2024-De\u0301tail-UE-Master-APTER-.pdf\">2024 De\u0301tail UE Master APTER<\/a><\/p>\n<ul>\n<li><strong><em>Dossier de candidature Master 1\u00a0 : <a href=\"https:\/\/www.monmaster.gouv.fr\/recherche\">Plateforme MON MASTER<\/a><\/em><\/strong><\/li>\n<li><em><strong>Dossier de candidature Master 2\u00a0 :<a href=\"https:\/\/ecandidat.univ-tlse2.fr\"> Candidature sur ecandidat<\/a><\/strong><\/em><\/li>\n<\/ul>\n<p><strong>\u00a0<\/strong><\/p>\n<hr \/>\n","protected":false},"excerpt":{"rendered":"<p>La Licence 3 APTER La Licence 3\u00a0 APTER est une premi\u00e8re \u00e9tape vers un Master en Urbanisme, Am\u00e9nagement, D\u00e9veloppement territorial, ou d&rsquo;autres Masters disciplinaires . Elle apporte un socle de connaissances sur les dynamiques territoriales dans les diff\u00e9rents types de &hellip; <a href=\"https:\/\/blogs.univ-tlse2.fr\/iup-projetsterritoires\/master\/\">Continuer la lecture <span class=\"meta-nav\">&rarr;<\/span><\/a><\/p>\n","protected":false},"author":107,"featured_media":0,"parent":0,"menu_order":0,"comment_status":"closed","ping_status":"closed","template":"","meta":{"footnotes":""},"class_list":["post-179","page","type-page","status-publish","hentry"],"_links":{"self":[{"href":"https:\/\/blogs.univ-tlse2.fr\/iup-projetsterritoires\/wp-json\/wp\/v2\/pages\/179","targetHints":{"allow":["GET"]}}],"collection":[{"href":"https:\/\/blogs.univ-tlse2.fr\/iup-projetsterritoires\/wp-json\/wp\/v2\/pages"}],"about":[{"href":"https:\/\/blogs.univ-tlse2.fr\/iup-projetsterritoires\/wp-json\/wp\/v2\/types\/page"}],"author":[{"embeddable":true,"href":"https:\/\/blogs.univ-tlse2.fr\/iup-projetsterritoires\/wp-json\/wp\/v2\/users\/107"}],"replies":[{"embeddable":true,"href":"https:\/\/blogs.univ-tlse2.fr\/iup-projetsterritoires\/wp-json\/wp\/v2\/comments?post=179"}],"version-history":[{"count":43,"href":"https:\/\/blogs.univ-tlse2.fr\/iup-projetsterritoires\/wp-json\/wp\/v2\/pages\/179\/revisions"}],"predecessor-version":[{"id":1889,"href":"https:\/\/blogs.univ-tlse2.fr\/iup-projetsterritoires\/wp-json\/wp\/v2\/pages\/179\/revisions\/1889"}],"wp:attachment":[{"href":"https:\/\/blogs.univ-tlse2.fr\/iup-projetsterritoires\/wp-json\/wp\/v2\/media?parent=179"}],"curies":[{"name":"wp","href":"https:\/\/api.w.org\/{rel}","templated":true}]}}