 {"id":21,"date":"2012-02-29T08:55:55","date_gmt":"2012-02-29T07:55:55","guid":{"rendered":"https:\/\/blogs.univ-tlse2.fr\/iup-projetsterritoires\/?page_id=21"},"modified":"2021-11-12T16:14:58","modified_gmt":"2021-11-12T15:14:58","slug":"modalites-de-recrutement","status":"publish","type":"page","link":"https:\/\/blogs.univ-tlse2.fr\/iup-projetsterritoires\/presentation-de-la-formation\/modalites-de-recrutement\/","title":{"rendered":"Modalit\u00e9s de recrutement"},"content":{"rendered":"<p><strong>Les trois ann\u00e9es de la formation APTER pr\u00e9sentent des conditions et des modalit\u00e9s d\u2019admission diff\u00e9rentes.<\/strong><\/p>\n<p><strong>1 &#8211; Public vis\u00e9<\/strong><\/p>\n<ul>\n<li>L\u2019ann\u00e9e de L3 est ouverte \u00e0 tous les dipl\u00f4m\u00e9s de L2 universitaires et aux dipl\u00f4m\u00e9s de DUT, BTS avec la volont\u00e9 de maintenir un recrutement issu de disciplines et dipl\u00f4mes diff\u00e9rents. Ex. : L2 de g\u00e9ographie, de biologie, BTS agricoles \u00e0 sp\u00e9cialit\u00e9 \u00ab\u00a0environnement\u00a0\u00bb, DUT gestion urbaine, DUT g\u00e9nie civil, BTS gestion de l\u2019eau, etc.<\/li>\n<li>L\u2019ann\u00e9e de Master 1 est ouverte aux d\u00e9tenteurs d\u2019un dipl\u00f4me de niveau L3 en g\u00e9ographie, am\u00e9nagement, d\u00e9veloppement territorial, urbanisme prioritairement. Quelques places peuvent \u00eatre attribu\u00e9es \u00e0 des \u00e9tudiants d\u00e9tenteurs d\u2019autres L3 comme des L3 de droit, \u00e9cologie, \u00e9conomie, sociologie.<\/li>\n<li>L\u2019ann\u00e9e de Master 2 est ouverte aux d\u00e9tenteurs d\u2019un dipl\u00f4me de niveau M1, de pr\u00e9f\u00e9rence dans le domaine de l\u2019am\u00e9nagement et du d\u00e9veloppement territorial. Mais toutes les candidatures sont \u00e9tudi\u00e9es (droit, \u00e9conomie, architecture&#8230;)<\/li>\n<\/ul>\n<p><strong>2 &#8211; Modalit\u00e9s de recrutement<\/strong><\/p>\n<p>L\u2019admission en L3, Master 1 et Master 2 s\u2019effectue sur dossier et entretien fin juin. La motivation et la qualit\u00e9 du parcours de l\u2019\u00e9tudiant sont deux crit\u00e8res essentiels de s\u00e9lection.<br \/>\nL\u2019admission par la voie de la formation continue s\u2019effectue sur dossier et entretien avec un effectif d\u2019entr\u00e9e limit\u00e9 \u00e0 5 \u00e9tudiants par niveau : le dossier administratif est instruit par le service de la formation continue de l\u2019Universit\u00e9.<\/p>\n<p><em><strong>A T T E N T I O N :<\/strong><\/em><br \/>\nLes candidats \u00e9trangers (titulaires de dipl\u00f4mes \u00e9trangers) doivent obligatoirement se connecter sur le lien suivant : <a title=\"http:\/\/www.univ-tlse2.fr\/accueil\/publics\/devenir-etudiant-a-l-utm-32110.kjsp\" href=\"http:\/\/www.univ-tlse2.fr\/accueil\/publics\/devenir-etudiant-a-l-utm-32110.kjsp\">http:\/\/www.univ-tlse2.fr\/52396050\/0\/fiche___pagelibre<\/a>, proc\u00e9dure sp\u00e9cifique.<\/p>\n<p><strong>3 &#8211; <a title=\"Recrutements 2015-2016\" href=\"https:\/\/blogs.univ-tlse2.fr\/iup-projetsterritoires\/recrutements-2015-2016\/\">Calendrier du recrutement 2015-2016<\/a><br \/>\n<\/strong><\/p>\n<p><strong>Contact\u00a0 :<\/strong><\/p>\n<blockquote><p>Haniifah HAIDAR<\/p>\n<p>&#x68;&#x61;ni&#x69;&#x66;&#97;h&#46;&#x68;&#x61;id&#x61;&#x72;&#64;un&#x69;&#x76;-t&#x6c;&#x73;&#101;2&#46;&#x66;&#x72;<br \/>\nD\u00e9partement de G\u00e9ographie, Am\u00e9nagement et Environnement<br \/>\nLicence et Master APTER Action locale et Projets de Territoire<br \/>\nUniversit\u00e9 de Toulouse-Le Mirail<br \/>\n5, all\u00e9es Antonio Machado<br \/>\n31058 TOULOUSE Cedex 9.<\/p><\/blockquote>\n","protected":false},"excerpt":{"rendered":"<p>Les trois ann\u00e9es de la formation APTER pr\u00e9sentent des conditions et des modalit\u00e9s d\u2019admission diff\u00e9rentes. 1 &#8211; Public vis\u00e9 L\u2019ann\u00e9e de L3 est ouverte \u00e0 tous les dipl\u00f4m\u00e9s de L2 universitaires et aux dipl\u00f4m\u00e9s de DUT, BTS avec la volont\u00e9 &hellip; <a href=\"https:\/\/blogs.univ-tlse2.fr\/iup-projetsterritoires\/presentation-de-la-formation\/modalites-de-recrutement\/\">Continuer la lecture <span class=\"meta-nav\">&rarr;<\/span><\/a><\/p>\n","protected":false},"author":107,"featured_media":0,"parent":4,"menu_order":0,"comment_status":"closed","ping_status":"closed","template":"","meta":{"footnotes":""},"class_list":["post-21","page","type-page","status-publish","hentry"],"_links":{"self":[{"href":"https:\/\/blogs.univ-tlse2.fr\/iup-projetsterritoires\/wp-json\/wp\/v2\/pages\/21","targetHints":{"allow":["GET"]}}],"collection":[{"href":"https:\/\/blogs.univ-tlse2.fr\/iup-projetsterritoires\/wp-json\/wp\/v2\/pages"}],"about":[{"href":"https:\/\/blogs.univ-tlse2.fr\/iup-projetsterritoires\/wp-json\/wp\/v2\/types\/page"}],"author":[{"embeddable":true,"href":"https:\/\/blogs.univ-tlse2.fr\/iup-projetsterritoires\/wp-json\/wp\/v2\/users\/107"}],"replies":[{"embeddable":true,"href":"https:\/\/blogs.univ-tlse2.fr\/iup-projetsterritoires\/wp-json\/wp\/v2\/comments?post=21"}],"version-history":[{"count":33,"href":"https:\/\/blogs.univ-tlse2.fr\/iup-projetsterritoires\/wp-json\/wp\/v2\/pages\/21\/revisions"}],"predecessor-version":[{"id":1599,"href":"https:\/\/blogs.univ-tlse2.fr\/iup-projetsterritoires\/wp-json\/wp\/v2\/pages\/21\/revisions\/1599"}],"up":[{"embeddable":true,"href":"https:\/\/blogs.univ-tlse2.fr\/iup-projetsterritoires\/wp-json\/wp\/v2\/pages\/4"}],"wp:attachment":[{"href":"https:\/\/blogs.univ-tlse2.fr\/iup-projetsterritoires\/wp-json\/wp\/v2\/media?parent=21"}],"curies":[{"name":"wp","href":"https:\/\/api.w.org\/{rel}","templated":true}]}}