 {"id":925,"date":"2016-03-25T09:44:18","date_gmt":"2016-03-25T08:44:18","guid":{"rendered":"https:\/\/blogs.univ-tlse2.fr\/iup-projetsterritoires\/?page_id=925"},"modified":"2021-11-12T16:16:36","modified_gmt":"2021-11-12T15:16:36","slug":"equipe-et-partenaires","status":"publish","type":"page","link":"https:\/\/blogs.univ-tlse2.fr\/iup-projetsterritoires\/equipe-et-partenaires\/","title":{"rendered":"\u00c9quipe\/partenaires"},"content":{"rendered":"<h3><strong>Coordination p\u00e9dagogique<\/strong><\/h3>\n<ul>\n<li>Mariette Sibertin-Blanc (MCF- Hdr Urbanisme-Am\u00e9nagement) : Parcours APTER et Master 2<\/li>\n<li>Laurence Barthe (MCF Urbanisme-Am\u00e9nagement) : Master 1<\/li>\n<li>C\u00e9cile Jebeili (MCF Droit public) : Licence 3<\/li>\n<\/ul>\n<h3><strong>Administration<\/strong><\/h3>\n<p>Haniifah HAIDAR<\/p>\n<p>&#104;&#x61;n&#x69;i&#102;&#x61;h&#x2e;h&#97;&#x69;d&#x61;r&#x40;&#x75;n&#x69;v&#x2d;t&#108;&#x73;e&#x32;&#46;&#102;&#x72; (responsable administrative Licence 3 et Master APTER)<\/p>\n<h3><strong>Enseignants-chercheurs<\/strong><\/h3>\n<ul>\n<li>Laurence BARTHE , DYNAMIQUES RURALES<\/li>\n<li>Philippe DUGOT , LISST CIEU<\/li>\n<li>Fabrice ESCAFFRE , LISST CIEU<\/li>\n<li>M\u00e9lanie GAMBINO , DYNAMIQUES RURALES<\/li>\n<li>C\u00e9cile JEBEILI , DYNAMIQUES RURALES<\/li>\n<li>Laurent J\u00c9GOU , LISST CIEU<\/li>\n<li>Florence LAUMIERE , LISST CIEU<\/li>\n<li>S\u00e9bastien LECORRE , LISST CIEU<\/li>\n<li>Bruno REVELLI, LISST-CIEU<\/li>\n<li>L\u00e9a S\u00c9BASTIEN, GEODE<\/li>\n<li>Mariette SIBERTIN-BLANC , LISST CIEU<\/li>\n<li>Corine SIINO , LISST CIEU<\/li>\n<li>Fran\u00e7ois TAULELLE , LISST CIEU<\/li>\n<li>Jean-Pierre WOLFF , LISST CIEU<\/li>\n<li>Jean-Marc ZULIANI , LISST CIEU<\/li>\n<\/ul>\n<h3><strong>Professionnels associ\u00e9s <\/strong><\/h3>\n<ul>\n<li>Pierre ALBERT, Bureau d&rsquo;\u00e9tude CITTANOVA, responsable de l&rsquo;agence Occitanie<\/li>\n<li>Beno\u00eet BOLDRON, Chef de service Habitat public, Direction G\u00e9n\u00e9rale D\u00e9l\u00e9gu\u00e9e aux Espaces publics, Toulouse M\u00e9tropole<\/li>\n<li>Benoit COMBES, Communaut\u00e9 de communes Pays d&rsquo;Olmes<\/li>\n<li>Daniel MARC, Conservatoire des espaces naturels Midi-Pyr\u00e9n\u00e9es-Occitanie<\/li>\n<\/ul>\n<h3><strong>Nos partenaires <\/strong><\/h3>\n<p>Outre l\u2019<a href=\"http:\/\/www.aperau.org\/\">APERAU<\/a> dont la formation APTER est membre fondateur, de nombreux partenariats existent entre la formation et des structures de l\u2019am\u00e9nagement et du d\u00e9veloppement territorial, gr\u00e2ce \u00e0 des interventions dans la formation, \u00a0aux offres de stages, d\u2019Ateliers\u00a0:<\/p>\n<ul>\n<li>Toulouse M\u00e9tropole, SICOVAL, CC Pamiers, CC du Pays d\u2019Olmes, CC Gascogne toulousaine, etc.<\/li>\n<li>Villes de Toulouse, Foix, Auch, <a href=\"https:\/\/blogs.univ-tlse2.fr\/iup-projetsterritoires\/files\/2015\/11\/article_LDDM_1115.pdf\">Revel<\/a>, Lavelanet, etc.<\/li>\n<li>SGAR Midi-Pyr\u00e9n\u00e9es, Direction R\u00e9gionale Jeunesse Sports, Culture et Coh\u00e9sion Sociale<\/li>\n<li>Conseil R\u00e9gional Occitanie<\/li>\n<li>Conseils D\u00e9partementaux (31, 09,33 &#8230;)<\/li>\n<li>La 27<sup>e<\/sup> R\u00e9gion<\/li>\n<li>Bureaux d\u2019\u00e9tudes\u00a0: Anne Ruffat, CRT, Citadia<\/li>\n<li>CCI 82<\/li>\n<li>TISSEO<\/li>\n<li>SEM d\u2019am\u00e9nagement OPPIDEA<\/li>\n<li>PETR Sud Toulousain, Midi Quercy, Portes de Gascogne, Pays Pyr\u00e9n\u00e9es M\u00e9diterran\u00e9e<\/li>\n<li><a href=\"http:\/\/www.parc-causses-du-quercy.fr\/files\/pnr-quercy\/files\/brochures\/pdf\/regards_nvs_arrivantsv3.pdf\">PNR des Causses du Quercy<\/a>, des Grands Causses, Pyr\u00e9n\u00e9es ari\u00e9geoises<\/li>\n<li><\/li>\n<\/ul>\n","protected":false},"excerpt":{"rendered":"<p>Coordination p\u00e9dagogique Mariette Sibertin-Blanc (MCF- Hdr Urbanisme-Am\u00e9nagement) : Parcours APTER et Master 2 Laurence Barthe (MCF Urbanisme-Am\u00e9nagement) : Master 1 C\u00e9cile Jebeili (MCF Droit public) : Licence 3 Administration Haniifah HAIDAR han&#105;&#105;&#x66;&#x61;&#x68;&#x2e;&#x68;aid&#97;&#114;&#x40;&#x75;&#x6e;&#x69;&#x76;-tl&#115;&#101;&#x32;&#x2e;&#x66;&#x72; (responsable administrative Licence 3 et Master APTER) Enseignants-chercheurs &hellip; <a href=\"https:\/\/blogs.univ-tlse2.fr\/iup-projetsterritoires\/equipe-et-partenaires\/\">Continuer la lecture <span class=\"meta-nav\">&rarr;<\/span><\/a><\/p>\n","protected":false},"author":107,"featured_media":0,"parent":0,"menu_order":0,"comment_status":"closed","ping_status":"closed","template":"","meta":{"footnotes":""},"class_list":["post-925","page","type-page","status-publish","hentry"],"_links":{"self":[{"href":"https:\/\/blogs.univ-tlse2.fr\/iup-projetsterritoires\/wp-json\/wp\/v2\/pages\/925","targetHints":{"allow":["GET"]}}],"collection":[{"href":"https:\/\/blogs.univ-tlse2.fr\/iup-projetsterritoires\/wp-json\/wp\/v2\/pages"}],"about":[{"href":"https:\/\/blogs.univ-tlse2.fr\/iup-projetsterritoires\/wp-json\/wp\/v2\/types\/page"}],"author":[{"embeddable":true,"href":"https:\/\/blogs.univ-tlse2.fr\/iup-projetsterritoires\/wp-json\/wp\/v2\/users\/107"}],"replies":[{"embeddable":true,"href":"https:\/\/blogs.univ-tlse2.fr\/iup-projetsterritoires\/wp-json\/wp\/v2\/comments?post=925"}],"version-history":[{"count":12,"href":"https:\/\/blogs.univ-tlse2.fr\/iup-projetsterritoires\/wp-json\/wp\/v2\/pages\/925\/revisions"}],"predecessor-version":[{"id":1601,"href":"https:\/\/blogs.univ-tlse2.fr\/iup-projetsterritoires\/wp-json\/wp\/v2\/pages\/925\/revisions\/1601"}],"wp:attachment":[{"href":"https:\/\/blogs.univ-tlse2.fr\/iup-projetsterritoires\/wp-json\/wp\/v2\/media?parent=925"}],"curies":[{"name":"wp","href":"https:\/\/api.w.org\/{rel}","templated":true}]}}