 {"id":935,"date":"2016-03-25T09:57:40","date_gmt":"2016-03-25T08:57:40","guid":{"rendered":"https:\/\/blogs.univ-tlse2.fr\/iup-projetsterritoires\/?page_id=935"},"modified":"2026-02-23T16:21:02","modified_gmt":"2026-02-23T15:21:02","slug":"seminaire-europeen","status":"publish","type":"page","link":"https:\/\/blogs.univ-tlse2.fr\/iup-projetsterritoires\/seminaire-europeen\/","title":{"rendered":"Voyages d&rsquo;\u00e9tude : le terrain pour explorer les possibles"},"content":{"rendered":"<h3>Les s\u00e9minaires europ\u00e9ens<\/h3>\n<h3>Chaque ann\u00e9e, un s\u00e9jour sur un terrain \u00e0 enjeux, autour d&rsquo;un projet de territoire, de probl\u00e9matiques de d\u00e9veloppement, d&rsquo;innovations op\u00e9rationnelles.<\/h3>\n<p><strong>2026 : <\/strong>Saragosse, une capitale r\u00e9gionale au mod\u00e8le de d\u00e9veloppement en question (densit\u00e9 et proximit\u00e9, internationalisation de l&rsquo;\u00e9conomie, changement climatique)<\/p>\n<p><strong>2025 : <\/strong>Pau et Pampelune, deux villes moyennes sous l&rsquo;injonction des transitions<\/p>\n<p><strong>2024 : <\/strong>Perpignan et G\u00e9rone, la Catalogne nord et sud et ses enjeux socio-environnementaux<\/p>\n<p><strong>2023<\/strong> : Bruxelles, Capitale europ\u00e9enne : R\u00e9alit\u00e9 territoriale de la ville et identit\u00e9s d&rsquo;une capitale europ\u00e9enne<\/p>\n<p><strong>2022\u00a0: <\/strong>Pays basque fran\u00e7ais et Bilbao : des territoireS de projetS. Culture, \u00e9conomie, social et urbanisme : la transversalit\u00e9 au service du d\u00e9veloppement local<\/p>\n<p><strong>2019<\/strong> : Paris &#8211; De la capitale internationale \u00e0 la ville v\u00e9cue au quotidien : acteurs, projets, tensions<\/p>\n<p><strong>2018 :<\/strong> Santander &#8211; Des projets \u00e0 diff\u00e9rentes \u00e9chelles &#8211; Eclairage particulier sur les initiatives d&rsquo;envergure europ\u00e9enne (Leader, Interreg)<\/p>\n<p>Le voyage d&rsquo;\u00e9tude a fait l&rsquo;objet d&rsquo;une exposition pr\u00e9sent\u00e9e au Centre de documentation d&rsquo;Olympe de Gouges (UTJJ)<\/p>\n<p><img loading=\"lazy\" decoding=\"async\" class=\" wp-image-1327 aligncenter\" src=\"https:\/\/blogs.univ-tlse2.fr\/iup-projetsterritoires\/files\/2019\/02\/Capture-d\u2019e\u0301cran-2019-02-05-a\u0300-15.14.18-212x300.png\" alt=\"\" width=\"152\" height=\"215\" srcset=\"https:\/\/blogs.univ-tlse2.fr\/iup-projetsterritoires\/files\/2019\/02\/Capture-d\u2019e\u0301cran-2019-02-05-a\u0300-15.14.18-212x300.png 212w, https:\/\/blogs.univ-tlse2.fr\/iup-projetsterritoires\/files\/2019\/02\/Capture-d\u2019e\u0301cran-2019-02-05-a\u0300-15.14.18-768x1087.png 768w, https:\/\/blogs.univ-tlse2.fr\/iup-projetsterritoires\/files\/2019\/02\/Capture-d\u2019e\u0301cran-2019-02-05-a\u0300-15.14.18-723x1024.png 723w, https:\/\/blogs.univ-tlse2.fr\/iup-projetsterritoires\/files\/2019\/02\/Capture-d\u2019e\u0301cran-2019-02-05-a\u0300-15.14.18.png 1000w\" sizes=\"auto, (max-width: 152px) 100vw, 152px\" \/><\/p>\n<p><strong>2017<\/strong> : Saragosse<\/p>\n<p><strong>2016<\/strong> : Barcelone : tensions entre internationalisation (\u00e9conomie portuaire, nouvelle \u00e9conomie du num\u00e9rique, tourisme) et ambition inclusive (probl\u00e9matiques r\u00e9sidentielles, culturelles, participation citoyenne).<\/p>\n<p><img loading=\"lazy\" decoding=\"async\" class=\"size-medium wp-image-1103 alignleft\" src=\"https:\/\/blogs.univ-tlse2.fr\/iup-projetsterritoires\/files\/2017\/01\/Capture-d\u2019e\u0301cran-2017-01-23-a\u0300-16.41.32-300x237.png\" alt=\"\" width=\"300\" height=\"237\" srcset=\"https:\/\/blogs.univ-tlse2.fr\/iup-projetsterritoires\/files\/2017\/01\/Capture-d\u2019e\u0301cran-2017-01-23-a\u0300-16.41.32-300x237.png 300w, https:\/\/blogs.univ-tlse2.fr\/iup-projetsterritoires\/files\/2017\/01\/Capture-d\u2019e\u0301cran-2017-01-23-a\u0300-16.41.32-768x607.png 768w, https:\/\/blogs.univ-tlse2.fr\/iup-projetsterritoires\/files\/2017\/01\/Capture-d\u2019e\u0301cran-2017-01-23-a\u0300-16.41.32-1024x809.png 1024w, https:\/\/blogs.univ-tlse2.fr\/iup-projetsterritoires\/files\/2017\/01\/Capture-d\u2019e\u0301cran-2017-01-23-a\u0300-16.41.32.png 1126w\" sizes=\"auto, (max-width: 300px) 100vw, 300px\" \/> <img loading=\"lazy\" decoding=\"async\" class=\"alignnone wp-image-1144\" src=\"https:\/\/blogs.univ-tlse2.fr\/iup-projetsterritoires\/files\/2016\/03\/master-300x209.jpeg\" alt=\"\" width=\"300\" height=\"209\" srcset=\"https:\/\/blogs.univ-tlse2.fr\/iup-projetsterritoires\/files\/2016\/03\/master-300x209.jpeg 300w, https:\/\/blogs.univ-tlse2.fr\/iup-projetsterritoires\/files\/2016\/03\/master-768x536.jpeg 768w, https:\/\/blogs.univ-tlse2.fr\/iup-projetsterritoires\/files\/2016\/03\/master-1024x714.jpeg 1024w\" sizes=\"auto, (max-width: 300px) 100vw, 300px\" \/> <img loading=\"lazy\" decoding=\"async\" class=\"size-medium wp-image-1145 aligncenter\" src=\"https:\/\/blogs.univ-tlse2.fr\/iup-projetsterritoires\/files\/2016\/03\/photo-10-300x200.jpeg\" alt=\"\" width=\"300\" height=\"200\" srcset=\"https:\/\/blogs.univ-tlse2.fr\/iup-projetsterritoires\/files\/2016\/03\/photo-10-300x200.jpeg 300w, https:\/\/blogs.univ-tlse2.fr\/iup-projetsterritoires\/files\/2016\/03\/photo-10-768x512.jpeg 768w, https:\/\/blogs.univ-tlse2.fr\/iup-projetsterritoires\/files\/2016\/03\/photo-10-1024x683.jpeg 1024w\" sizes=\"auto, (max-width: 300px) 100vw, 300px\" \/><\/p>\n<p><strong>2015<\/strong> : Fronti\u00e8re franco-suisse, dynamiques sociales et \u00e9conomiques<\/p>\n<p><strong>2014<\/strong> : Le Pays-Basque franco-espagnol\u00a0: perspectives et projets de coop\u00e9ration<\/p>\n<p><img loading=\"lazy\" decoding=\"async\" class=\"alignnone size-medium wp-image-1000\" src=\"https:\/\/blogs.univ-tlse2.fr\/iup-projetsterritoires\/files\/2016\/03\/P1040306-300x225.jpg\" alt=\"P1040306\" width=\"300\" height=\"225\" srcset=\"https:\/\/blogs.univ-tlse2.fr\/iup-projetsterritoires\/files\/2016\/03\/P1040306-300x225.jpg 300w, https:\/\/blogs.univ-tlse2.fr\/iup-projetsterritoires\/files\/2016\/03\/P1040306-768x576.jpg 768w, https:\/\/blogs.univ-tlse2.fr\/iup-projetsterritoires\/files\/2016\/03\/P1040306-1024x768.jpg 1024w\" sizes=\"auto, (max-width: 300px) 100vw, 300px\" \/> <img loading=\"lazy\" decoding=\"async\" class=\"alignnone size-medium wp-image-999\" src=\"https:\/\/blogs.univ-tlse2.fr\/iup-projetsterritoires\/files\/2016\/03\/P1040301-1-300x225.jpg\" alt=\"P1040301\" width=\"300\" height=\"225\" srcset=\"https:\/\/blogs.univ-tlse2.fr\/iup-projetsterritoires\/files\/2016\/03\/P1040301-1-300x225.jpg 300w, https:\/\/blogs.univ-tlse2.fr\/iup-projetsterritoires\/files\/2016\/03\/P1040301-1-768x576.jpg 768w, https:\/\/blogs.univ-tlse2.fr\/iup-projetsterritoires\/files\/2016\/03\/P1040301-1-1024x768.jpg 1024w\" sizes=\"auto, (max-width: 300px) 100vw, 300px\" \/> <img loading=\"lazy\" decoding=\"async\" class=\"size-medium wp-image-998 aligncenter\" src=\"https:\/\/blogs.univ-tlse2.fr\/iup-projetsterritoires\/files\/2016\/03\/P1040299-1-225x300.jpg\" alt=\"P1040299\" width=\"225\" height=\"300\" srcset=\"https:\/\/blogs.univ-tlse2.fr\/iup-projetsterritoires\/files\/2016\/03\/P1040299-1-225x300.jpg 225w, https:\/\/blogs.univ-tlse2.fr\/iup-projetsterritoires\/files\/2016\/03\/P1040299-1-768x1024.jpg 768w\" sizes=\"auto, (max-width: 225px) 100vw, 225px\" \/><\/p>\n<p><strong>2013<\/strong> : Valencia, la ville sans projet\u00a0? La huerta\u00a0: production agricole et enjeux environnementaux<\/p>\n<p><img loading=\"lazy\" decoding=\"async\" class=\"alignnone size-medium wp-image-994\" src=\"https:\/\/blogs.univ-tlse2.fr\/iup-projetsterritoires\/files\/2016\/03\/photo-P1010117-300x225.jpg\" alt=\"photo P1010117\" width=\"300\" height=\"225\" srcset=\"https:\/\/blogs.univ-tlse2.fr\/iup-projetsterritoires\/files\/2016\/03\/photo-P1010117-300x225.jpg 300w, https:\/\/blogs.univ-tlse2.fr\/iup-projetsterritoires\/files\/2016\/03\/photo-P1010117-768x576.jpg 768w, https:\/\/blogs.univ-tlse2.fr\/iup-projetsterritoires\/files\/2016\/03\/photo-P1010117-1024x768.jpg 1024w\" sizes=\"auto, (max-width: 300px) 100vw, 300px\" \/> <img loading=\"lazy\" decoding=\"async\" class=\"alignnone size-medium wp-image-993\" src=\"https:\/\/blogs.univ-tlse2.fr\/iup-projetsterritoires\/files\/2016\/03\/photo-P1010106-300x225.jpg\" alt=\"photo P1010106\" width=\"300\" height=\"225\" srcset=\"https:\/\/blogs.univ-tlse2.fr\/iup-projetsterritoires\/files\/2016\/03\/photo-P1010106-300x225.jpg 300w, https:\/\/blogs.univ-tlse2.fr\/iup-projetsterritoires\/files\/2016\/03\/photo-P1010106-768x576.jpg 768w, https:\/\/blogs.univ-tlse2.fr\/iup-projetsterritoires\/files\/2016\/03\/photo-P1010106-1024x768.jpg 1024w\" sizes=\"auto, (max-width: 300px) 100vw, 300px\" \/> <img loading=\"lazy\" decoding=\"async\" class=\"size-medium wp-image-992 aligncenter\" src=\"https:\/\/blogs.univ-tlse2.fr\/iup-projetsterritoires\/files\/2016\/03\/photo-P1010104-300x225.jpg\" alt=\"photo P1010104\" width=\"300\" height=\"225\" srcset=\"https:\/\/blogs.univ-tlse2.fr\/iup-projetsterritoires\/files\/2016\/03\/photo-P1010104-300x225.jpg 300w, https:\/\/blogs.univ-tlse2.fr\/iup-projetsterritoires\/files\/2016\/03\/photo-P1010104-768x576.jpg 768w, https:\/\/blogs.univ-tlse2.fr\/iup-projetsterritoires\/files\/2016\/03\/photo-P1010104-1024x768.jpg 1024w\" sizes=\"auto, (max-width: 300px) 100vw, 300px\" \/><\/p>\n<p><strong>2012<\/strong> : Freiburg\u00a0: approche contrast\u00e9e du d\u00e9veloppement urbain durable<\/p>\n<blockquote><p>Un film r\u00e9alis\u00e9 par la promotion M1 APTER<\/p>\n<div id='gallery-1' class='gallery galleryid-935 gallery-columns-3 gallery-size-thumbnail'><dl class='gallery-item'>\n\t\t\t<dt class='gallery-icon landscape'>\n\t\t\t\t<a href='https:\/\/blogs.univ-tlse2.fr\/iup-projetsterritoires\/seminaire-europeen\/freigburg1\/'><img loading=\"lazy\" decoding=\"async\" width=\"150\" height=\"150\" src=\"https:\/\/blogs.univ-tlse2.fr\/iup-projetsterritoires\/files\/2016\/03\/Freigburg1-150x150.png\" class=\"attachment-thumbnail size-thumbnail\" alt=\"\" \/><\/a>\n\t\t\t<\/dt><\/dl><dl class='gallery-item'>\n\t\t\t<dt class='gallery-icon landscape'>\n\t\t\t\t<a href='https:\/\/blogs.univ-tlse2.fr\/iup-projetsterritoires\/seminaire-europeen\/freiburg2\/'><img loading=\"lazy\" decoding=\"async\" width=\"150\" height=\"150\" src=\"https:\/\/blogs.univ-tlse2.fr\/iup-projetsterritoires\/files\/2016\/03\/Freiburg2-150x150.png\" class=\"attachment-thumbnail size-thumbnail\" alt=\"\" \/><\/a>\n\t\t\t<\/dt><\/dl><dl class='gallery-item'>\n\t\t\t<dt class='gallery-icon landscape'>\n\t\t\t\t<a href='https:\/\/blogs.univ-tlse2.fr\/iup-projetsterritoires\/seminaire-europeen\/freiburg4\/'><img loading=\"lazy\" decoding=\"async\" width=\"150\" height=\"150\" src=\"https:\/\/blogs.univ-tlse2.fr\/iup-projetsterritoires\/files\/2016\/03\/Freiburg4-150x150.png\" class=\"attachment-thumbnail size-thumbnail\" alt=\"\" \/><\/a>\n\t\t\t<\/dt><\/dl><br style=\"clear: both\" \/><dl class='gallery-item'>\n\t\t\t<dt class='gallery-icon landscape'>\n\t\t\t\t<a href='https:\/\/blogs.univ-tlse2.fr\/iup-projetsterritoires\/seminaire-europeen\/freiburg3\/'><img loading=\"lazy\" decoding=\"async\" width=\"150\" height=\"150\" src=\"https:\/\/blogs.univ-tlse2.fr\/iup-projetsterritoires\/files\/2016\/03\/Freiburg3-150x150.png\" class=\"attachment-thumbnail size-thumbnail\" alt=\"\" \/><\/a>\n\t\t\t<\/dt><\/dl><dl class='gallery-item'>\n\t\t\t<dt class='gallery-icon landscape'>\n\t\t\t\t<a href='https:\/\/blogs.univ-tlse2.fr\/iup-projetsterritoires\/seminaire-europeen\/freiburg5\/'><img loading=\"lazy\" decoding=\"async\" width=\"150\" height=\"150\" src=\"https:\/\/blogs.univ-tlse2.fr\/iup-projetsterritoires\/files\/2016\/03\/Freiburg5-150x150.png\" class=\"attachment-thumbnail size-thumbnail\" alt=\"\" \/><\/a>\n\t\t\t<\/dt><\/dl><dl class='gallery-item'>\n\t\t\t<dt class='gallery-icon landscape'>\n\t\t\t\t<a href='https:\/\/blogs.univ-tlse2.fr\/iup-projetsterritoires\/seminaire-europeen\/freiburg6\/'><img loading=\"lazy\" decoding=\"async\" width=\"150\" height=\"150\" src=\"https:\/\/blogs.univ-tlse2.fr\/iup-projetsterritoires\/files\/2016\/03\/Freiburg6-150x150.png\" class=\"attachment-thumbnail size-thumbnail\" alt=\"\" \/><\/a>\n\t\t\t<\/dt><\/dl><br style=\"clear: both\" \/>\n\t\t<\/div>\n<\/blockquote>\n","protected":false},"excerpt":{"rendered":"<p>Les s\u00e9minaires europ\u00e9ens Chaque ann\u00e9e, un s\u00e9jour sur un terrain \u00e0 enjeux, autour d&rsquo;un projet de territoire, de probl\u00e9matiques de d\u00e9veloppement, d&rsquo;innovations op\u00e9rationnelles. 2026 : Saragosse, une capitale r\u00e9gionale au mod\u00e8le de d\u00e9veloppement en question (densit\u00e9 et proximit\u00e9, internationalisation de &hellip; <a href=\"https:\/\/blogs.univ-tlse2.fr\/iup-projetsterritoires\/seminaire-europeen\/\">Continuer la lecture <span class=\"meta-nav\">&rarr;<\/span><\/a><\/p>\n","protected":false},"author":107,"featured_media":0,"parent":0,"menu_order":0,"comment_status":"closed","ping_status":"closed","template":"","meta":{"footnotes":""},"class_list":["post-935","page","type-page","status-publish","hentry"],"_links":{"self":[{"href":"https:\/\/blogs.univ-tlse2.fr\/iup-projetsterritoires\/wp-json\/wp\/v2\/pages\/935","targetHints":{"allow":["GET"]}}],"collection":[{"href":"https:\/\/blogs.univ-tlse2.fr\/iup-projetsterritoires\/wp-json\/wp\/v2\/pages"}],"about":[{"href":"https:\/\/blogs.univ-tlse2.fr\/iup-projetsterritoires\/wp-json\/wp\/v2\/types\/page"}],"author":[{"embeddable":true,"href":"https:\/\/blogs.univ-tlse2.fr\/iup-projetsterritoires\/wp-json\/wp\/v2\/users\/107"}],"replies":[{"embeddable":true,"href":"https:\/\/blogs.univ-tlse2.fr\/iup-projetsterritoires\/wp-json\/wp\/v2\/comments?post=935"}],"version-history":[{"count":12,"href":"https:\/\/blogs.univ-tlse2.fr\/iup-projetsterritoires\/wp-json\/wp\/v2\/pages\/935\/revisions"}],"predecessor-version":[{"id":1913,"href":"https:\/\/blogs.univ-tlse2.fr\/iup-projetsterritoires\/wp-json\/wp\/v2\/pages\/935\/revisions\/1913"}],"wp:attachment":[{"href":"https:\/\/blogs.univ-tlse2.fr\/iup-projetsterritoires\/wp-json\/wp\/v2\/media?parent=935"}],"curies":[{"name":"wp","href":"https:\/\/api.w.org\/{rel}","templated":true}]}}