 {"id":21,"date":"2024-02-17T19:50:22","date_gmt":"2024-02-17T18:50:22","guid":{"rendered":"https:\/\/blogs.univ-tlse2.fr\/japonais\/?page_id=21"},"modified":"2024-04-21T04:04:05","modified_gmt":"2024-04-21T02:04:05","slug":"equipe","status":"publish","type":"page","link":"https:\/\/blogs.univ-tlse2.fr\/japonais\/equipe\/","title":{"rendered":"\u00c9QUIPE enseignant-e-s chercheur-e-s"},"content":{"rendered":"\n<figure class=\"wp-block-table alignleft is-style-stripes\"><table><tbody><tr><td class=\"has-text-align-left\" data-align=\"left\"><strong>Christian GALAN<\/strong> (PU)<\/td><td><strong><a href=\"https:\/\/www.yves-cadot.fr\/\">Yves CADOT<\/a> <\/strong>(MCF)<br><a href=\"https:\/\/corpsjapon.hypotheses.org\/\">Carnet de chercheur<\/a><\/td><td><img decoding=\"async\" src=\"https:\/\/blogs.univ-tlse2.fr\/japonais\/files\/2024\/03\/dan-215x300.jpg\" alt=\"\" style=\"width: 70px\"><br><strong><a href=\"https:\/\/orcid.org\/0000-0002-3010-0868\">Dan FUJIWARA<\/a><\/strong> (MCF)<\/td><td> <figure class=\"wp-block-image size-medium is-resized\"><img loading=\"lazy\" decoding=\"async\" width=\"215\" height=\"300\" class=\"wp-image-198\" style=\"width:70px\" src=\"https:\/\/blogs.univ-tlse2.fr\/japonais\/files\/2024\/03\/Melanie-Hours_BW-copie-215x300.jpeg\" alt=\"\" srcset=\"https:\/\/blogs.univ-tlse2.fr\/japonais\/files\/2024\/03\/Melanie-Hours_BW-copie-215x300.jpeg 215w, https:\/\/blogs.univ-tlse2.fr\/japonais\/files\/2024\/03\/Melanie-Hours_BW-copie.jpeg 286w\" sizes=\"auto, (max-width: 215px) 100vw, 215px\" \/><\/figure><strong>M\u00e9lanie HOURS<\/strong> (MCF) <\/td><\/tr><tr><td class=\"has-text-align-left\" data-align=\"left\"><img decoding=\"async\" src=\"https:\/\/blogs.univ-tlse2.fr\/japonais\/files\/2024\/03\/T-1-215x300.jpg\" alt=\"\" style=\"width: 70px\"><br><strong>Tomomi \u00d4TA<\/strong> (MCF) <\/td><td><img decoding=\"async\" src=\"https:\/\/blogs.univ-tlse2.fr\/japonais\/files\/2024\/03\/Marie-214x300.jpg\" alt=\"\" style=\"width: 70px\"><br><strong>Marie PARMENTIER<\/strong> (MCF)<\/td><td><strong>Tom RIGAULT-GONSHO<\/strong> (PRAG)<\/td><td><strong><img decoding=\"async\" style=\"width: 70px\" src=\"https:\/\/blogs.univ-tlse2.fr\/japonais\/files\/2024\/03\/RS-215x300.jpg\" alt=\"\"><\/strong><br><strong><a href=\"https:\/\/sway.cloud.microsoft\/oBeR5nriT3pKq1IZ?ref=Link&amp;loc=play\" target=\"_blank\" rel=\"noreferrer noopener\">R\u00e9mi SCOCCIMARRO<\/a><\/strong> (MCF)<br><a href=\"https:\/\/japgeo.hypotheses.org\/\" target=\"_blank\" rel=\"noreferrer noopener\">Carnet de chercheur<\/a><\/td><\/tr><\/tbody><\/table><\/figure>\n\n\n\n<p><\/p>\n\n\n\n<p><strong>Yves-Marie ALLIOUX<\/strong> (1948-2018)<br><a href=\"https:\/\/www.editions-picquier.com\/traducteur\/yves-marie-allioux\/\">Publications chez Picquier<\/a><br><a href=\"https:\/\/www.babelio.com\/auteur\/Yves-Marie-Allioux\/567254\">Quelques \u00e9l\u00e9ments biographiques<\/a><br><\/p>\n\n\n\n<p><\/p>\n","protected":false},"excerpt":{"rendered":"<p>Christian GALAN (PU) Yves CADOT (MCF)Carnet de chercheur Dan FUJIWARA (MCF) M\u00e9lanie HOURS (MCF) Tomomi \u00d4TA (MCF) Marie PARMENTIER (MCF) Tom RIGAULT-GONSHO (PRAG) R\u00e9mi SCOCCIMARRO (MCF)Carnet de chercheur Yves-Marie ALLIOUX (1948-2018)Publications chez PicquierQuelques \u00e9l\u00e9ments&#46;&#46;&#46;<\/p>\n","protected":false},"author":1420,"featured_media":0,"parent":0,"menu_order":0,"comment_status":"closed","ping_status":"closed","template":"","meta":{"footnotes":""},"class_list":["post-21","page","type-page","status-publish","hentry"],"_links":{"self":[{"href":"https:\/\/blogs.univ-tlse2.fr\/japonais\/wp-json\/wp\/v2\/pages\/21","targetHints":{"allow":["GET"]}}],"collection":[{"href":"https:\/\/blogs.univ-tlse2.fr\/japonais\/wp-json\/wp\/v2\/pages"}],"about":[{"href":"https:\/\/blogs.univ-tlse2.fr\/japonais\/wp-json\/wp\/v2\/types\/page"}],"author":[{"embeddable":true,"href":"https:\/\/blogs.univ-tlse2.fr\/japonais\/wp-json\/wp\/v2\/users\/1420"}],"replies":[{"embeddable":true,"href":"https:\/\/blogs.univ-tlse2.fr\/japonais\/wp-json\/wp\/v2\/comments?post=21"}],"version-history":[{"count":24,"href":"https:\/\/blogs.univ-tlse2.fr\/japonais\/wp-json\/wp\/v2\/pages\/21\/revisions"}],"predecessor-version":[{"id":229,"href":"https:\/\/blogs.univ-tlse2.fr\/japonais\/wp-json\/wp\/v2\/pages\/21\/revisions\/229"}],"wp:attachment":[{"href":"https:\/\/blogs.univ-tlse2.fr\/japonais\/wp-json\/wp\/v2\/media?parent=21"}],"curies":[{"name":"wp","href":"https:\/\/api.w.org\/{rel}","templated":true}]}}