 {"id":40,"date":"2024-02-17T21:18:13","date_gmt":"2024-02-17T20:18:13","guid":{"rendered":"https:\/\/blogs.univ-tlse2.fr\/japonais\/?page_id=40"},"modified":"2024-07-05T12:04:05","modified_gmt":"2024-07-05T10:04:05","slug":"revue-etude-japonaises","status":"publish","type":"page","link":"https:\/\/blogs.univ-tlse2.fr\/japonais\/revue-etude-japonaises\/","title":{"rendered":"Revue \u00c9tudes japonaises"},"content":{"rendered":"\n<figure class=\"wp-block-image size-large\"><img loading=\"lazy\" decoding=\"async\" width=\"1024\" height=\"167\" src=\"https:\/\/blogs.univ-tlse2.fr\/japonais\/files\/2024\/07\/bandeau_v4_1940-1024x167.png\" alt=\"\" class=\"wp-image-230\" srcset=\"https:\/\/blogs.univ-tlse2.fr\/japonais\/files\/2024\/07\/bandeau_v4_1940-1024x167.png 1024w, https:\/\/blogs.univ-tlse2.fr\/japonais\/files\/2024\/07\/bandeau_v4_1940-300x49.png 300w, https:\/\/blogs.univ-tlse2.fr\/japonais\/files\/2024\/07\/bandeau_v4_1940-768x125.png 768w, https:\/\/blogs.univ-tlse2.fr\/japonais\/files\/2024\/07\/bandeau_v4_1940-1536x251.png 1536w, https:\/\/blogs.univ-tlse2.fr\/japonais\/files\/2024\/07\/bandeau_v4_1940.png 1940w\" sizes=\"auto, (max-width: 1024px) 100vw, 1024px\" \/><\/figure>\n\n\n\n<p>Publication semestrielle en ligne h\u00e9berg\u00e9e sur le site des revues \u00e9lectroniques de l\u2019Universit\u00e9 Toulouse-Jean Jaur\u00e8s, la revue <em>\u00c9tudes japonaises<\/em> est une fen\u00eatre ouverte sur la recherche fran\u00e7aise en langue et civilisation japonaises et a vocation \u00e0 en repr\u00e9senter la pluralit\u00e9 comme le dynamisme.<\/p>\n\n\n\n<h2 class=\"wp-block-heading\"><a href=\"https:\/\/interfas.univ-tlse2.fr\/etudes-japonaises\/71\">2024 n\u00b001<\/a><\/h2>\n","protected":false},"excerpt":{"rendered":"<p>Publication semestrielle en ligne h\u00e9berg\u00e9e sur le site des revues \u00e9lectroniques de l\u2019Universit\u00e9 Toulouse-Jean Jaur\u00e8s, la revue \u00c9tudes japonaises est une fen\u00eatre ouverte sur la recherche fran\u00e7aise en langue et civilisation japonaises et a&#46;&#46;&#46;<\/p>\n","protected":false},"author":1420,"featured_media":230,"parent":0,"menu_order":0,"comment_status":"closed","ping_status":"closed","template":"","meta":{"footnotes":""},"class_list":["post-40","page","type-page","status-publish","has-post-thumbnail","hentry"],"_links":{"self":[{"href":"https:\/\/blogs.univ-tlse2.fr\/japonais\/wp-json\/wp\/v2\/pages\/40","targetHints":{"allow":["GET"]}}],"collection":[{"href":"https:\/\/blogs.univ-tlse2.fr\/japonais\/wp-json\/wp\/v2\/pages"}],"about":[{"href":"https:\/\/blogs.univ-tlse2.fr\/japonais\/wp-json\/wp\/v2\/types\/page"}],"author":[{"embeddable":true,"href":"https:\/\/blogs.univ-tlse2.fr\/japonais\/wp-json\/wp\/v2\/users\/1420"}],"replies":[{"embeddable":true,"href":"https:\/\/blogs.univ-tlse2.fr\/japonais\/wp-json\/wp\/v2\/comments?post=40"}],"version-history":[{"count":4,"href":"https:\/\/blogs.univ-tlse2.fr\/japonais\/wp-json\/wp\/v2\/pages\/40\/revisions"}],"predecessor-version":[{"id":234,"href":"https:\/\/blogs.univ-tlse2.fr\/japonais\/wp-json\/wp\/v2\/pages\/40\/revisions\/234"}],"wp:featuredmedia":[{"embeddable":true,"href":"https:\/\/blogs.univ-tlse2.fr\/japonais\/wp-json\/wp\/v2\/media\/230"}],"wp:attachment":[{"href":"https:\/\/blogs.univ-tlse2.fr\/japonais\/wp-json\/wp\/v2\/media?parent=40"}],"curies":[{"name":"wp","href":"https:\/\/api.w.org\/{rel}","templated":true}]}}