 {"id":23,"date":"2014-01-20T13:31:31","date_gmt":"2014-01-20T12:31:31","guid":{"rendered":"https:\/\/blogs.univ-tlse2.fr\/jmel\/?page_id=23"},"modified":"2017-07-21T11:02:09","modified_gmt":"2017-07-21T09:02:09","slug":"stages","status":"publish","type":"page","link":"https:\/\/blogs.univ-tlse2.fr\/jmel\/stages\/","title":{"rendered":"Stages"},"content":{"rendered":"<p>Quelques sujets propos\u00e9s et co-encadr\u00e9s jusqu&rsquo;\u00e0 pr\u00e9sent<\/p>\n<ul>\n<li>Analyse d\u2019une enqu\u00eate europ\u00e9enne sur les risques d\u2019usage d\u2019internet par les enfants<\/li>\n<\/ul>\n<ul>\n<li>Analyse et traitement statistique de donn\u00e9es psychologiques<\/li>\n<\/ul>\n<ul>\n<li>Application de l\u2019Analyse Factorielle Multiple au traitement d\u2019\u00e9chelles de type likert en Psychologie<\/li>\n<\/ul>\n<ul>\n<li>Etude et application de la m\u00e9thode du positionnement multidimensionnel PROXSCAL en psychologie &#8230;<\/li>\n<\/ul>\n<p>&nbsp;<\/p>\n","protected":false},"excerpt":{"rendered":"<p>Quelques sujets propos\u00e9s et co-encadr\u00e9s jusqu&rsquo;\u00e0 pr\u00e9sent Analyse d\u2019une enqu\u00eate europ\u00e9enne sur les risques d\u2019usage d\u2019internet par les enfants Analyse et traitement statistique de donn\u00e9es psychologiques Application de l\u2019Analyse Factorielle Multiple au traitement d\u2019\u00e9chelles de type likert en Psychologie Etude et application de la m\u00e9thode du positionnement multidimensionnel PROXSCAL en psychologie &#8230; &nbsp;<\/p>\n","protected":false},"author":1,"featured_media":0,"parent":0,"menu_order":0,"comment_status":"closed","ping_status":"closed","template":"","meta":{"footnotes":""},"class_list":["post-23","page","type-page","status-publish","hentry"],"_links":{"self":[{"href":"https:\/\/blogs.univ-tlse2.fr\/jmel\/wp-json\/wp\/v2\/pages\/23","targetHints":{"allow":["GET"]}}],"collection":[{"href":"https:\/\/blogs.univ-tlse2.fr\/jmel\/wp-json\/wp\/v2\/pages"}],"about":[{"href":"https:\/\/blogs.univ-tlse2.fr\/jmel\/wp-json\/wp\/v2\/types\/page"}],"author":[{"embeddable":true,"href":"https:\/\/blogs.univ-tlse2.fr\/jmel\/wp-json\/wp\/v2\/users\/1"}],"replies":[{"embeddable":true,"href":"https:\/\/blogs.univ-tlse2.fr\/jmel\/wp-json\/wp\/v2\/comments?post=23"}],"version-history":[{"count":11,"href":"https:\/\/blogs.univ-tlse2.fr\/jmel\/wp-json\/wp\/v2\/pages\/23\/revisions"}],"predecessor-version":[{"id":359,"href":"https:\/\/blogs.univ-tlse2.fr\/jmel\/wp-json\/wp\/v2\/pages\/23\/revisions\/359"}],"wp:attachment":[{"href":"https:\/\/blogs.univ-tlse2.fr\/jmel\/wp-json\/wp\/v2\/media?parent=23"}],"curies":[{"name":"wp","href":"https:\/\/api.w.org\/{rel}","templated":true}]}}