 {"id":27,"date":"2014-01-20T13:33:01","date_gmt":"2014-01-20T12:33:01","guid":{"rendered":"https:\/\/blogs.univ-tlse2.fr\/jmel\/?page_id=27"},"modified":"2022-02-17T11:21:56","modified_gmt":"2022-02-17T10:21:56","slug":"enseignement","status":"publish","type":"page","link":"https:\/\/blogs.univ-tlse2.fr\/jmel\/enseignement\/","title":{"rendered":"Enseignement"},"content":{"rendered":"<ul>\n<li><strong>\u00a0<\/strong><em>Statistique descriptive et \u00e9tudes de cas avec R en <strong>Licence 1 <\/strong><\/em><strong>MIASHS<\/strong> (Math\u00e9matiques et Informatique Appliqu\u00e9es aux Sciences Humaines et Sociales), 2021-2022<\/li>\n<\/ul>\n<ul>\n<li>Atelier Analyse de donn\u00e9es en <strong>M1 sciences de l&rsquo;\u00e9ducation et de la formation, <\/strong>2016-2019<\/li>\n<\/ul>\n<ul>\n<li>M\u00e9thodologie d&rsquo;analyse de donn\u00e9es en psychologie\u00a0 en <b>MASTER 2 R ET MASTER 2 PRO DE PSYCHOLOGIE SOCIALE DU TRAVAIL ET DES ORGANISATIONS (UT2J), <\/b>2014-2015<b><br \/>\n<\/b><\/li>\n<\/ul>\n<ul>\n<li>Formation en statistique et analyse de donn\u00e9es avec SPSS \u00e0 la <b><a href=\"https:\/\/www.uca.ma\/flshm\">FACULTE DES LETTRES ET DES SCIENCES HUMAINES DE MARRAKECH<\/a>, <\/b>2007<\/li>\n<\/ul>\n<ul>\n<li>\u00a0Analyse de Donn\u00e9es (2006, 2007) :\u00a0 <strong>ECOLES DOCTORALES <a href=\"http:\/\/clesco.univ-tlse2.fr\/\">CLESCO<\/a> et <a href=\"http:\/\/tesc.univ-tlse2.fr\">TESC, <\/a><\/strong>2005-2006 et 2006-2007<\/li>\n<\/ul>\n<ul>\n<li><b><b>\u00a0<\/b><\/b>Mod\u00e8les d&rsquo;\u00e9quations structurelles (2002-2004, 2006- 2008) : <strong>ECOLES DOCTORALES <a href=\"http:\/\/clesco.univ-tlse2.fr\/\">CLESCO<\/a> et <a href=\"http:\/\/tesc.univ-tlse2.fr\">TESC <\/a><\/strong><\/li>\n<\/ul>\n<ul>\n<li><b><b> <\/b><\/b>Initiation \u00e0 la statistique et \u00e0 la pratique du logiciel SPSS (1999-2005) : <strong>ECOLES DOCTORALES <a href=\"http:\/\/clesco.univ-tlse2.fr\/\">CLESCO<\/a> et <a href=\"http:\/\/tesc.univ-tlse2.fr\">TESC <\/a><\/strong><\/li>\n<\/ul>\n<ul>\n<li>Cours et travaux dirig\u00e9s d&rsquo;analyse de donn\u00e9es\u00a0 (1999-2006) : <b>LICENCE de GEOGRAPHIE<\/b><\/li>\n<\/ul>\n<ul>\n<li>Cours et Travaux Pratiques de l&rsquo;analyse des donn\u00e9es (2002-2004) : <b>DEA de GEOGRAPHIE \u00ab\u00a0ENVIRONNEMENT et PAYSAGE\u00a0\u00bb<\/b><\/li>\n<\/ul>\n<ul>\n<li>Cours et Travaux Pratiques sur les m\u00e9thodes quantitatives (2002-2003) :\u00a0 <b>LICENCE de SOCIOLOGIE<\/b><\/li>\n<\/ul>\n<ul>\n<li>Cours et Travaux Pratiques d&rsquo;analyse et traitement statistique de donn\u00e9es (2002-2003) : <strong><b>DESS de PSYCHOLOGIE et ACCOMPAGNEMENT de la TRAJECTOIRE PROFESSIONNELLE\u00a0\u00bb (<a href=\"http:\/\/www.univ-jfc.fr\/\"> Albi <\/a>)<\/b><\/strong><\/li>\n<\/ul>\n","protected":false},"excerpt":{"rendered":"<p>\u00a0Statistique descriptive et \u00e9tudes de cas avec R en Licence 1 MIASHS (Math\u00e9matiques et Informatique Appliqu\u00e9es aux Sciences Humaines et Sociales), 2021-2022 Atelier Analyse de donn\u00e9es en M1 sciences de l&rsquo;\u00e9ducation et de la formation, 2016-2019 M\u00e9thodologie d&rsquo;analyse de donn\u00e9es en psychologie\u00a0 en MASTER 2 R ET MASTER 2 PRO DE PSYCHOLOGIE SOCIALE DU TRAVAIL &hellip; <a href=\"https:\/\/blogs.univ-tlse2.fr\/jmel\/enseignement\/\" class=\"more-link\">Continuer la lecture de <span class=\"screen-reader-text\">Enseignement<\/span>  <span class=\"meta-nav\">&rarr;<\/span><\/a><\/p>\n","protected":false},"author":228,"featured_media":0,"parent":0,"menu_order":0,"comment_status":"closed","ping_status":"closed","template":"","meta":{"footnotes":""},"class_list":["post-27","page","type-page","status-publish","hentry"],"_links":{"self":[{"href":"https:\/\/blogs.univ-tlse2.fr\/jmel\/wp-json\/wp\/v2\/pages\/27","targetHints":{"allow":["GET"]}}],"collection":[{"href":"https:\/\/blogs.univ-tlse2.fr\/jmel\/wp-json\/wp\/v2\/pages"}],"about":[{"href":"https:\/\/blogs.univ-tlse2.fr\/jmel\/wp-json\/wp\/v2\/types\/page"}],"author":[{"embeddable":true,"href":"https:\/\/blogs.univ-tlse2.fr\/jmel\/wp-json\/wp\/v2\/users\/228"}],"replies":[{"embeddable":true,"href":"https:\/\/blogs.univ-tlse2.fr\/jmel\/wp-json\/wp\/v2\/comments?post=27"}],"version-history":[{"count":21,"href":"https:\/\/blogs.univ-tlse2.fr\/jmel\/wp-json\/wp\/v2\/pages\/27\/revisions"}],"predecessor-version":[{"id":467,"href":"https:\/\/blogs.univ-tlse2.fr\/jmel\/wp-json\/wp\/v2\/pages\/27\/revisions\/467"}],"wp:attachment":[{"href":"https:\/\/blogs.univ-tlse2.fr\/jmel\/wp-json\/wp\/v2\/media?parent=27"}],"curies":[{"name":"wp","href":"https:\/\/api.w.org\/{rel}","templated":true}]}}