 {"id":6,"date":"2014-01-20T11:49:22","date_gmt":"2014-01-20T10:49:22","guid":{"rendered":"https:\/\/blogs.univ-tlse2.fr\/jmel\/?page_id=6"},"modified":"2019-09-23T16:41:54","modified_gmt":"2019-09-23T14:41:54","slug":"curriculum","status":"publish","type":"page","link":"https:\/\/blogs.univ-tlse2.fr\/jmel\/curriculum\/","title":{"rendered":"Curriculum"},"content":{"rendered":"<p><span style=\"font-size: xx-small\">Titres Universitaires :<\/span><\/p>\n<ul>\n<li>DOCTORAT de l&rsquo;<a href=\"http:\/\/www.ups-tlse.fr\/\">Universit\u00e9 Toulouse III<\/a> en <strong>STATISTIQUE<\/strong> : 1992<\/li>\n<\/ul>\n<ul>\n<li>DEA de MATHEMATIQUES APPLIQUEES de l&rsquo;<a href=\"http:\/\/www.ups-tlse.fr\/\">Universit\u00e9 Toulouse III<\/a>, option <strong>STATISTIQUE<\/strong> : 1988<\/li>\n<\/ul>\n<ul>\n<li>MAITRISE de MATHEMATIQUES et APPLICATIONS FONDAMENTALES de l&rsquo;<a href=\"https:\/\/www.umontpellier.fr\/universite\/composantes\/faculte-des-sciences\">Universit\u00e9 Montpellier II<\/a> : 1987<\/li>\n<\/ul>\n<ul>\n<li>LICENCE de MATHEMATIQUES de l&rsquo;<a href=\"http:\/\/www.univ-perp.fr\/\">Universit\u00e9 Perpignan <\/a>: 1986<\/li>\n<\/ul>\n<ul>\n<li>DEUG A de l&rsquo;<a href=\"http:\/\/www.univ-perp.fr\/\">Universit\u00e9 de Perpignan <\/a>: 1984<\/li>\n<\/ul>\n","protected":false},"excerpt":{"rendered":"<p>Titres Universitaires : DOCTORAT de l&rsquo;Universit\u00e9 Toulouse III en STATISTIQUE : 1992 DEA de MATHEMATIQUES APPLIQUEES de l&rsquo;Universit\u00e9 Toulouse III, option STATISTIQUE : 1988 MAITRISE de MATHEMATIQUES et APPLICATIONS FONDAMENTALES de l&rsquo;Universit\u00e9 Montpellier II : 1987 LICENCE de MATHEMATIQUES de l&rsquo;Universit\u00e9 Perpignan : 1986 DEUG A de l&rsquo;Universit\u00e9 de Perpignan : 1984<\/p>\n","protected":false},"author":1,"featured_media":0,"parent":0,"menu_order":0,"comment_status":"closed","ping_status":"closed","template":"","meta":{"footnotes":""},"class_list":["post-6","page","type-page","status-publish","hentry"],"_links":{"self":[{"href":"https:\/\/blogs.univ-tlse2.fr\/jmel\/wp-json\/wp\/v2\/pages\/6","targetHints":{"allow":["GET"]}}],"collection":[{"href":"https:\/\/blogs.univ-tlse2.fr\/jmel\/wp-json\/wp\/v2\/pages"}],"about":[{"href":"https:\/\/blogs.univ-tlse2.fr\/jmel\/wp-json\/wp\/v2\/types\/page"}],"author":[{"embeddable":true,"href":"https:\/\/blogs.univ-tlse2.fr\/jmel\/wp-json\/wp\/v2\/users\/1"}],"replies":[{"embeddable":true,"href":"https:\/\/blogs.univ-tlse2.fr\/jmel\/wp-json\/wp\/v2\/comments?post=6"}],"version-history":[{"count":8,"href":"https:\/\/blogs.univ-tlse2.fr\/jmel\/wp-json\/wp\/v2\/pages\/6\/revisions"}],"predecessor-version":[{"id":431,"href":"https:\/\/blogs.univ-tlse2.fr\/jmel\/wp-json\/wp\/v2\/pages\/6\/revisions\/431"}],"wp:attachment":[{"href":"https:\/\/blogs.univ-tlse2.fr\/jmel\/wp-json\/wp\/v2\/media?parent=6"}],"curies":[{"name":"wp","href":"https:\/\/api.w.org\/{rel}","templated":true}]}}