 {"id":90,"date":"2015-04-11T11:07:43","date_gmt":"2015-04-11T09:07:43","guid":{"rendered":"https:\/\/blogs.univ-tlse2.fr\/jmel\/?page_id=90"},"modified":"2026-03-11T17:10:41","modified_gmt":"2026-03-11T16:10:41","slug":"loisirs","status":"publish","type":"page","link":"https:\/\/blogs.univ-tlse2.fr\/jmel\/loisirs\/","title":{"rendered":"Loisirs"},"content":{"rendered":"<p><strong>Course \u00e0 pied : mon nouveau club<a href=\"http:\/\/uscolomiers.athle.fr\/\"> Grand Toulouse Athletisme* &#8211; S\/l Us Colomiers<\/a><\/strong><\/p>\n<ul>\n<li><strong>Semi Marathon des Pyramides<\/strong> \u00e0 la Grande-Motte le 8 mars 2026 en 1:26:23<a href=\"https:\/\/blogs.univ-tlse2.fr\/jmel\/files\/2026\/03\/1130139-scaled.jpg\"><img loading=\"lazy\" decoding=\"async\" class=\"size-medium wp-image-549 aligncenter\" src=\"https:\/\/blogs.univ-tlse2.fr\/jmel\/files\/2026\/03\/1130139-200x300.jpg\" alt=\"\" width=\"200\" height=\"300\" srcset=\"https:\/\/blogs.univ-tlse2.fr\/jmel\/files\/2026\/03\/1130139-200x300.jpg 200w, https:\/\/blogs.univ-tlse2.fr\/jmel\/files\/2026\/03\/1130139-683x1024.jpg 683w, https:\/\/blogs.univ-tlse2.fr\/jmel\/files\/2026\/03\/1130139-768x1152.jpg 768w, https:\/\/blogs.univ-tlse2.fr\/jmel\/files\/2026\/03\/1130139-1024x1536.jpg 1024w, https:\/\/blogs.univ-tlse2.fr\/jmel\/files\/2026\/03\/1130139-1365x2048.jpg 1365w, https:\/\/blogs.univ-tlse2.fr\/jmel\/files\/2026\/03\/1130139-scaled.jpg 1707w\" sizes=\"auto, (max-width: 200px) 100vw, 200px\" \/><\/a><\/li>\n<li><strong>Semi Marathon de Bordeaux<\/strong> le 9 novembre 2025 en <strong>1:23:01<\/strong><\/li>\n<\/ul>\n<p><a href=\"https:\/\/blogs.univ-tlse2.fr\/jmel\/files\/2025\/11\/010138908-VWDxcq-scaled.jpg\"><img loading=\"lazy\" decoding=\"async\" class=\"size-medium wp-image-546 aligncenter\" src=\"https:\/\/blogs.univ-tlse2.fr\/jmel\/files\/2025\/11\/010138908-VWDxcq-200x300.jpg\" alt=\"\" width=\"200\" height=\"300\" srcset=\"https:\/\/blogs.univ-tlse2.fr\/jmel\/files\/2025\/11\/010138908-VWDxcq-200x300.jpg 200w, https:\/\/blogs.univ-tlse2.fr\/jmel\/files\/2025\/11\/010138908-VWDxcq-683x1024.jpg 683w, https:\/\/blogs.univ-tlse2.fr\/jmel\/files\/2025\/11\/010138908-VWDxcq-768x1152.jpg 768w, https:\/\/blogs.univ-tlse2.fr\/jmel\/files\/2025\/11\/010138908-VWDxcq-1024x1536.jpg 1024w, https:\/\/blogs.univ-tlse2.fr\/jmel\/files\/2025\/11\/010138908-VWDxcq-1365x2048.jpg 1365w, https:\/\/blogs.univ-tlse2.fr\/jmel\/files\/2025\/11\/010138908-VWDxcq-scaled.jpg 1707w\" sizes=\"auto, (max-width: 200px) 100vw, 200px\" \/><\/a><\/p>\n<ul>\n<li><strong>Semi Marathon de Saint S\u00e9bastien<\/strong> en Espagne le 5 octobre 2025 en <strong>1:24:07<\/strong><\/li>\n<\/ul>\n<ul>\n<li><strong>Marathon Bruxelles &#8211; Louvain<\/strong> (course open Championnats d&rsquo;Europe de Running) le 13 avril 2025 en <strong>2:59:14<\/strong><a href=\"https:\/\/blogs.univ-tlse2.fr\/jmel\/files\/2025\/04\/IMG-20250413-WA0011.jpg\"><img loading=\"lazy\" decoding=\"async\" class=\"size-medium wp-image-527 aligncenter\" src=\"https:\/\/blogs.univ-tlse2.fr\/jmel\/files\/2025\/04\/IMG-20250413-WA0011-174x300.jpg\" alt=\"\" width=\"174\" height=\"300\" srcset=\"https:\/\/blogs.univ-tlse2.fr\/jmel\/files\/2025\/04\/IMG-20250413-WA0011-174x300.jpg 174w, https:\/\/blogs.univ-tlse2.fr\/jmel\/files\/2025\/04\/IMG-20250413-WA0011-594x1024.jpg 594w, https:\/\/blogs.univ-tlse2.fr\/jmel\/files\/2025\/04\/IMG-20250413-WA0011.jpg 649w\" sizes=\"auto, (max-width: 174px) 100vw, 174px\" \/><\/a><\/li>\n<li><strong>Semi marathon de Saragosse<\/strong> en Espagne le 16 mars 2025 en <strong>1:24:12<\/strong><\/li>\n<\/ul>\n<ul>\n<li><strong>Marathon de Vienne<\/strong> en Autriche le 23 avril 2023 en <strong>2:56:57<\/strong><\/li>\n<\/ul>\n<p><a href=\"https:\/\/blogs.univ-tlse2.fr\/jmel\/files\/2023\/04\/272410326-scaled.jpg\"><img loading=\"lazy\" decoding=\"async\" class=\" wp-image-496 aligncenter\" src=\"https:\/\/blogs.univ-tlse2.fr\/jmel\/files\/2023\/04\/272410326-300x200.jpg\" alt=\"\" width=\"332\" height=\"221\" srcset=\"https:\/\/blogs.univ-tlse2.fr\/jmel\/files\/2023\/04\/272410326-300x200.jpg 300w, https:\/\/blogs.univ-tlse2.fr\/jmel\/files\/2023\/04\/272410326-1024x682.jpg 1024w, https:\/\/blogs.univ-tlse2.fr\/jmel\/files\/2023\/04\/272410326-768x512.jpg 768w, https:\/\/blogs.univ-tlse2.fr\/jmel\/files\/2023\/04\/272410326-1536x1024.jpg 1536w, https:\/\/blogs.univ-tlse2.fr\/jmel\/files\/2023\/04\/272410326-2048x1365.jpg 2048w\" sizes=\"auto, (max-width: 332px) 100vw, 332px\" \/><\/a><\/p>\n<ul>\n<li><strong>Championnat d&rsquo;Occitanie Semi-Marathon<\/strong> Lourdes Tarbes en <strong>1:22:13<\/strong>, 1er M5M<\/li>\n<\/ul>\n<p><a href=\"https:\/\/blogs.univ-tlse2.fr\/jmel\/files\/2022\/11\/Semi-LT1.jpg\"><img loading=\"lazy\" decoding=\"async\" class=\"size-medium wp-image-487 aligncenter\" src=\"https:\/\/blogs.univ-tlse2.fr\/jmel\/files\/2022\/11\/Semi-LT1-254x300.jpg\" alt=\"\" width=\"254\" height=\"300\" srcset=\"https:\/\/blogs.univ-tlse2.fr\/jmel\/files\/2022\/11\/Semi-LT1-254x300.jpg 254w, https:\/\/blogs.univ-tlse2.fr\/jmel\/files\/2022\/11\/Semi-LT1-867x1024.jpg 867w, https:\/\/blogs.univ-tlse2.fr\/jmel\/files\/2022\/11\/Semi-LT1-768x908.jpg 768w, https:\/\/blogs.univ-tlse2.fr\/jmel\/files\/2022\/11\/Semi-LT1.jpg 941w\" sizes=\"auto, (max-width: 254px) 100vw, 254px\" \/><\/a><\/p>\n<ul>\n<li><strong>Championnats d&rsquo;Europe d&rsquo;Athl\u00e9tisme Masters 2022 \u00e0 Grosseto en Italie : Semi-Marathon en 1:23:52, 11\u00e8me M55 sur 34 !<br \/>\n<\/strong><\/li>\n<\/ul>\n<p><a href=\"https:\/\/blogs.univ-tlse2.fr\/jmel\/files\/2022\/06\/GROSSETO2-scaled.jpg\"><img loading=\"lazy\" decoding=\"async\" class=\"size-medium wp-image-476 aligncenter\" src=\"https:\/\/blogs.univ-tlse2.fr\/jmel\/files\/2022\/06\/GROSSETO2-200x300.jpg\" alt=\"\" width=\"200\" height=\"300\" srcset=\"https:\/\/blogs.univ-tlse2.fr\/jmel\/files\/2022\/06\/GROSSETO2-200x300.jpg 200w, https:\/\/blogs.univ-tlse2.fr\/jmel\/files\/2022\/06\/GROSSETO2-683x1024.jpg 683w, https:\/\/blogs.univ-tlse2.fr\/jmel\/files\/2022\/06\/GROSSETO2-768x1152.jpg 768w, https:\/\/blogs.univ-tlse2.fr\/jmel\/files\/2022\/06\/GROSSETO2-1024x1536.jpg 1024w, https:\/\/blogs.univ-tlse2.fr\/jmel\/files\/2022\/06\/GROSSETO2-1365x2048.jpg 1365w, https:\/\/blogs.univ-tlse2.fr\/jmel\/files\/2022\/06\/GROSSETO2-scaled.jpg 1707w\" sizes=\"auto, (max-width: 200px) 100vw, 200px\" \/><\/a><\/p>\n<ul>\n<li><strong>Championnats d&rsquo;Europe d&rsquo;Athl\u00e9tisme Masters 2019 du c\u00f4t\u00e9 de Venise en Italie : Semi-Marathon en 1:26:49, m\u00e9daille d&rsquo;argent par \u00e9quipe M55 !<\/strong><\/li>\n<\/ul>\n<p><a href=\"https:\/\/blogs.univ-tlse2.fr\/jmel\/files\/2019\/09\/P1000003.jpg\"><img loading=\"lazy\" decoding=\"async\" class=\"size-medium wp-image-427 aligncenter\" src=\"https:\/\/blogs.univ-tlse2.fr\/jmel\/files\/2019\/09\/P1000003-300x200.jpg\" alt=\"\" width=\"300\" height=\"200\" srcset=\"https:\/\/blogs.univ-tlse2.fr\/jmel\/files\/2019\/09\/P1000003-300x200.jpg 300w, https:\/\/blogs.univ-tlse2.fr\/jmel\/files\/2019\/09\/P1000003-768x512.jpg 768w, https:\/\/blogs.univ-tlse2.fr\/jmel\/files\/2019\/09\/P1000003-1024x683.jpg 1024w\" sizes=\"auto, (max-width: 300px) 100vw, 300px\" \/><\/a><\/p>\n<ul>\n<li><strong>Marathon de Barcelone<\/strong> le 11 mars 2018 en <strong>2:51:58<\/strong><\/li>\n<\/ul>\n<p><a href=\"https:\/\/blogs.univ-tlse2.fr\/jmel\/files\/2020\/01\/20x30-ZBMC2231-scaled.jpeg\"><img loading=\"lazy\" decoding=\"async\" class=\"size-medium wp-image-449 aligncenter\" src=\"https:\/\/blogs.univ-tlse2.fr\/jmel\/files\/2020\/01\/20x30-ZBMC2231-200x300.jpeg\" alt=\"\" width=\"200\" height=\"300\" srcset=\"https:\/\/blogs.univ-tlse2.fr\/jmel\/files\/2020\/01\/20x30-ZBMC2231-200x300.jpeg 200w, https:\/\/blogs.univ-tlse2.fr\/jmel\/files\/2020\/01\/20x30-ZBMC2231-683x1024.jpeg 683w, https:\/\/blogs.univ-tlse2.fr\/jmel\/files\/2020\/01\/20x30-ZBMC2231-768x1152.jpeg 768w, https:\/\/blogs.univ-tlse2.fr\/jmel\/files\/2020\/01\/20x30-ZBMC2231-1024x1536.jpeg 1024w, https:\/\/blogs.univ-tlse2.fr\/jmel\/files\/2020\/01\/20x30-ZBMC2231-1365x2048.jpeg 1365w, https:\/\/blogs.univ-tlse2.fr\/jmel\/files\/2020\/01\/20x30-ZBMC2231-scaled.jpeg 1707w\" sizes=\"auto, (max-width: 200px) 100vw, 200px\" \/><\/a><\/p>\n<ul>\n<li><strong>Semi-marathon de Barcelone<\/strong> le 11 f\u00e9vrier 2018 en <strong>1:21:12<\/strong><\/li>\n<\/ul>\n<ul>\n<li><strong>10 km<\/strong> du \u00ab\u00a0Marathon de Toulouse M\u00e9tropole\u00a0\u00bb en <strong>36:55 <\/strong>le 22 octobre 2017<\/li>\n<\/ul>\n<ul>\n<li><strong>Championnats d&rsquo;Europe Masters 2017 \u00e0\u00a0 Aarhus au Denmark : Semi-Marathon en 1:21:01, 16\u00e8me M50 sur 55 !<\/strong><\/li>\n<\/ul>\n<p><a href=\"https:\/\/blogs.univ-tlse2.fr\/jmel\/files\/2015\/04\/P1100081.jpg\"><img loading=\"lazy\" decoding=\"async\" class=\"size-medium wp-image-362 aligncenter\" src=\"https:\/\/blogs.univ-tlse2.fr\/jmel\/files\/2015\/04\/P1100081-300x225.jpg\" alt=\"\" width=\"300\" height=\"225\" srcset=\"https:\/\/blogs.univ-tlse2.fr\/jmel\/files\/2015\/04\/P1100081-300x225.jpg 300w, https:\/\/blogs.univ-tlse2.fr\/jmel\/files\/2015\/04\/P1100081-768x576.jpg 768w, https:\/\/blogs.univ-tlse2.fr\/jmel\/files\/2015\/04\/P1100081-1024x768.jpg 1024w\" sizes=\"auto, (max-width: 300px) 100vw, 300px\" \/><\/a><\/p>\n<ul>\n<li>Semi-Marathon de Bordeaux le 15 avril 2017 en <strong>1:21:20<\/strong><\/li>\n<\/ul>\n<ul>\n<li>Championnats de France Semi-Marathon \u00e0 Bourg-en-Bresse le 12 mars 2017 en <strong>1:22:42<\/strong><\/li>\n<\/ul>\n<ul>\n<li>Semi-marathon de Barcelone le 12 f\u00e9vrier 2017 en <strong>1:21:16<\/strong><\/li>\n<\/ul>\n<ul>\n<li><strong>Championnats du Monde d&rsquo;Athl\u00e9tisme V\u00e9t\u00e9rans 2015 \u00e0 Lyon<\/strong> : Marathon termin\u00e9 en <strong>2:59:55<\/strong> \u00e0 la 17\u00e8me place de ma cat\u00e9gorie M50<\/li>\n<\/ul>\n<p><a href=\"https:\/\/blogs.univ-tlse2.fr\/jmel\/files\/2015\/03\/Said-Lyon-2015-2.jpg\"><img loading=\"lazy\" decoding=\"async\" class=\"size-medium wp-image-274 aligncenter\" src=\"https:\/\/blogs.univ-tlse2.fr\/jmel\/files\/2015\/03\/Said-Lyon-2015-2-200x300.jpg\" alt=\"\" width=\"200\" height=\"300\" srcset=\"https:\/\/blogs.univ-tlse2.fr\/jmel\/files\/2015\/03\/Said-Lyon-2015-2-200x300.jpg 200w, https:\/\/blogs.univ-tlse2.fr\/jmel\/files\/2015\/03\/Said-Lyon-2015-2-683x1024.jpg 683w\" sizes=\"auto, (max-width: 200px) 100vw, 200px\" \/><\/a><\/p>\n<p><strong>Mes records personnels :<\/strong><\/p>\n<ul>\n<li><strong>2:48:42<\/strong> au Marathon de Paris en 2010,<\/li>\n<li><strong>1:18:09<\/strong> au Semi Marathon de Seissan &#8211; Auch en 2011,<\/li>\n<li><strong>35:46<\/strong>\u00a0 sur 10km \u00e0 la ronde du feu 2011 (Ramonville),<\/li>\n<li><strong>1:15:45<\/strong> aux 20km de Paris en 2014,<\/li>\n<li>10&rsquo;05 sur 3000m piste aux interclubs 2009 \u00e0 Muret<\/li>\n<li>17&rsquo;51 sur 5000m piste aux interclubs 2015 \u00e0 Toulouse ,<\/li>\n<li>2&rsquo;24&Prime;47 sur 800m \u00e0 Tournefeuille en 2016<\/li>\n<li>3&rsquo;07&Prime;85 sur 1000m \u00e0 Tournefeuille en 2016 et<\/li>\n<li>4&rsquo;48&Prime;00 sur 1500m \u00e0 Toulouse en\u00a0 2017!<\/li>\n<\/ul>\n","protected":false},"excerpt":{"rendered":"<p>Course \u00e0 pied : mon nouveau club Grand Toulouse Athletisme* &#8211; S\/l Us Colomiers Semi Marathon des Pyramides \u00e0 la Grande-Motte le 8 mars 2026 en 1:26:23 Semi Marathon de Bordeaux le 9 novembre 2025 en 1:23:01 Semi Marathon de Saint S\u00e9bastien en Espagne le 5 octobre 2025 en 1:24:07 Marathon Bruxelles &#8211; Louvain (course &hellip; <a href=\"https:\/\/blogs.univ-tlse2.fr\/jmel\/loisirs\/\" class=\"more-link\">Continuer la lecture de <span class=\"screen-reader-text\">Loisirs<\/span>  <span class=\"meta-nav\">&rarr;<\/span><\/a><\/p>\n","protected":false},"author":228,"featured_media":0,"parent":0,"menu_order":0,"comment_status":"closed","ping_status":"closed","template":"","meta":{"footnotes":""},"class_list":["post-90","page","type-page","status-publish","hentry"],"_links":{"self":[{"href":"https:\/\/blogs.univ-tlse2.fr\/jmel\/wp-json\/wp\/v2\/pages\/90","targetHints":{"allow":["GET"]}}],"collection":[{"href":"https:\/\/blogs.univ-tlse2.fr\/jmel\/wp-json\/wp\/v2\/pages"}],"about":[{"href":"https:\/\/blogs.univ-tlse2.fr\/jmel\/wp-json\/wp\/v2\/types\/page"}],"author":[{"embeddable":true,"href":"https:\/\/blogs.univ-tlse2.fr\/jmel\/wp-json\/wp\/v2\/users\/228"}],"replies":[{"embeddable":true,"href":"https:\/\/blogs.univ-tlse2.fr\/jmel\/wp-json\/wp\/v2\/comments?post=90"}],"version-history":[{"count":117,"href":"https:\/\/blogs.univ-tlse2.fr\/jmel\/wp-json\/wp\/v2\/pages\/90\/revisions"}],"predecessor-version":[{"id":551,"href":"https:\/\/blogs.univ-tlse2.fr\/jmel\/wp-json\/wp\/v2\/pages\/90\/revisions\/551"}],"wp:attachment":[{"href":"https:\/\/blogs.univ-tlse2.fr\/jmel\/wp-json\/wp\/v2\/media?parent=90"}],"curies":[{"name":"wp","href":"https:\/\/api.w.org\/{rel}","templated":true}]}}