 {"id":129,"date":"2021-11-25T17:52:55","date_gmt":"2021-11-25T16:52:55","guid":{"rendered":"https:\/\/blogs.univ-tlse2.fr\/journeesanstia\/?page_id=129"},"modified":"2022-01-02T09:45:02","modified_gmt":"2022-01-02T08:45:02","slug":"jour-1","status":"publish","type":"page","link":"https:\/\/blogs.univ-tlse2.fr\/journeesanstia\/jour-1\/","title":{"rendered":"Jour 1"},"content":{"rendered":"\n<p>24 novembre 2021<\/p>\n\n\n\n<p><\/p>\n\n\n\n<p><\/p>\n\n\n\n<div class=\"wp-block-media-text alignwide is-stacked-on-mobile\" style=\"grid-template-columns:48% auto\"><figure class=\"wp-block-media-text__media\"><img loading=\"lazy\" decoding=\"async\" width=\"1024\" height=\"668\" src=\"https:\/\/blogs.univ-tlse2.fr\/journeesanstia\/files\/2021\/11\/DSC_6778-1024x668.jpg\" alt=\"\" class=\"wp-image-140 size-full\" srcset=\"https:\/\/blogs.univ-tlse2.fr\/journeesanstia\/files\/2021\/11\/DSC_6778-1024x668.jpg 1024w, https:\/\/blogs.univ-tlse2.fr\/journeesanstia\/files\/2021\/11\/DSC_6778-300x196.jpg 300w, https:\/\/blogs.univ-tlse2.fr\/journeesanstia\/files\/2021\/11\/DSC_6778-768x501.jpg 768w, https:\/\/blogs.univ-tlse2.fr\/journeesanstia\/files\/2021\/11\/DSC_6778-1536x1003.jpg 1536w, https:\/\/blogs.univ-tlse2.fr\/journeesanstia\/files\/2021\/11\/DSC_6778-2048x1337.jpg 2048w, https:\/\/blogs.univ-tlse2.fr\/journeesanstia\/files\/2021\/11\/DSC_6778-140x90.jpg 140w\" sizes=\"auto, (max-width: 1024px) 100vw, 1024px\" \/><\/figure><div class=\"wp-block-media-text__content\">\n<p>A la suite de la conf\u00e9rence de pr\u00e9sentation tenue dans un amphith\u00e9\u00e2tre de l&rsquo;universit\u00e9 et de la pause caf\u00e9, les participants ont \u00e9t\u00e9 d\u00e9partag\u00e9s en trois groupes, chacun comptant une dizaine d&rsquo;adh\u00e9rents. Ils ont pris part \u00e0 des jeux de r\u00e9flexion propos\u00e9s par trois bin\u00f4mes, choisis au pr\u00e9alable au sein du conseil d&rsquo;administration. <\/p>\n<\/div><\/div>\n\n\n\n<p><\/p>\n\n\n\n<p><span class=\"has-inline-color has-white-color\">gdgdgdg<\/span><\/p>\n\n\n\n<figure class=\"wp-block-gallery columns-3 is-cropped wp-block-gallery-1 is-layout-flex wp-block-gallery-is-layout-flex\"><ul class=\"blocks-gallery-grid\"><li class=\"blocks-gallery-item\"><figure><img loading=\"lazy\" decoding=\"async\" width=\"1024\" height=\"723\" src=\"https:\/\/blogs.univ-tlse2.fr\/journeesanstia\/files\/2021\/11\/IMG_0037-1-1024x723.jpg\" alt=\"\" data-id=\"176\" data-full-url=\"https:\/\/blogs.univ-tlse2.fr\/journeesanstia\/files\/2021\/11\/IMG_0037-1-scaled.jpg\" data-link=\"https:\/\/blogs.univ-tlse2.fr\/journeesanstia\/?attachment_id=176\" class=\"wp-image-176\" srcset=\"https:\/\/blogs.univ-tlse2.fr\/journeesanstia\/files\/2021\/11\/IMG_0037-1-1024x723.jpg 1024w, https:\/\/blogs.univ-tlse2.fr\/journeesanstia\/files\/2021\/11\/IMG_0037-1-300x212.jpg 300w, https:\/\/blogs.univ-tlse2.fr\/journeesanstia\/files\/2021\/11\/IMG_0037-1-768x543.jpg 768w, https:\/\/blogs.univ-tlse2.fr\/journeesanstia\/files\/2021\/11\/IMG_0037-1-1536x1085.jpg 1536w, https:\/\/blogs.univ-tlse2.fr\/journeesanstia\/files\/2021\/11\/IMG_0037-1-2048x1447.jpg 2048w, https:\/\/blogs.univ-tlse2.fr\/journeesanstia\/files\/2021\/11\/IMG_0037-1-100x70.jpg 100w\" sizes=\"auto, (max-width: 1024px) 100vw, 1024px\" \/><\/figure><\/li><li class=\"blocks-gallery-item\"><figure><img loading=\"lazy\" decoding=\"async\" width=\"1024\" height=\"641\" src=\"https:\/\/blogs.univ-tlse2.fr\/journeesanstia\/files\/2021\/11\/DSC_6779-1024x641.png\" alt=\"\" data-id=\"174\" data-full-url=\"https:\/\/blogs.univ-tlse2.fr\/journeesanstia\/files\/2021\/11\/DSC_6779.png\" data-link=\"https:\/\/blogs.univ-tlse2.fr\/journeesanstia\/jour-1\/dsc_6779\/\" class=\"wp-image-174\" srcset=\"https:\/\/blogs.univ-tlse2.fr\/journeesanstia\/files\/2021\/11\/DSC_6779-1024x641.png 1024w, https:\/\/blogs.univ-tlse2.fr\/journeesanstia\/files\/2021\/11\/DSC_6779-300x188.png 300w, https:\/\/blogs.univ-tlse2.fr\/journeesanstia\/files\/2021\/11\/DSC_6779-768x481.png 768w, https:\/\/blogs.univ-tlse2.fr\/journeesanstia\/files\/2021\/11\/DSC_6779-1536x962.png 1536w, https:\/\/blogs.univ-tlse2.fr\/journeesanstia\/files\/2021\/11\/DSC_6779-2048x1282.png 2048w\" sizes=\"auto, (max-width: 1024px) 100vw, 1024px\" \/><\/figure><\/li><li class=\"blocks-gallery-item\"><figure><img loading=\"lazy\" decoding=\"async\" width=\"1024\" height=\"745\" src=\"https:\/\/blogs.univ-tlse2.fr\/journeesanstia\/files\/2021\/11\/IMG_0048-2-1024x745.jpg\" alt=\"\" data-id=\"175\" data-full-url=\"https:\/\/blogs.univ-tlse2.fr\/journeesanstia\/files\/2021\/11\/IMG_0048-2-scaled.jpg\" data-link=\"https:\/\/blogs.univ-tlse2.fr\/journeesanstia\/jour-1\/img_0048-2\/\" class=\"wp-image-175\" srcset=\"https:\/\/blogs.univ-tlse2.fr\/journeesanstia\/files\/2021\/11\/IMG_0048-2-1024x745.jpg 1024w, https:\/\/blogs.univ-tlse2.fr\/journeesanstia\/files\/2021\/11\/IMG_0048-2-300x218.jpg 300w, https:\/\/blogs.univ-tlse2.fr\/journeesanstia\/files\/2021\/11\/IMG_0048-2-768x559.jpg 768w, https:\/\/blogs.univ-tlse2.fr\/journeesanstia\/files\/2021\/11\/IMG_0048-2-1536x1118.jpg 1536w, https:\/\/blogs.univ-tlse2.fr\/journeesanstia\/files\/2021\/11\/IMG_0048-2-2048x1491.jpg 2048w\" sizes=\"auto, (max-width: 1024px) 100vw, 1024px\" \/><\/figure><\/li><\/ul><\/figure>\n\n\n\n<p><span class=\"has-inline-color has-white-color\">gdgdgd<\/span><\/p>\n\n\n\n<p><span class=\"has-inline-color has-white-color\">gdgdgd<\/span><\/p>\n\n\n\n<p><span class=\"has-inline-color has-white-color\">gdgdgd<\/span><\/p>\n\n\n\n<p><\/p>\n\n\n\n<p><\/p>\n\n\n\n<p><strong><em>Ateliers : nos m\u00e9tiers, nos missions\u2026<\/em><\/strong><\/p>\n\n\n\n<p><\/p>\n\n\n\n<p><span class=\"has-inline-color has-white-color\">gdgdgd<\/span><\/p>\n\n\n\n<p><\/p>\n\n\n\n<p><span class=\"has-inline-color has-primary-color\">\u00ab\u00a0Travailler ensemble\u00a0\u00bb anim\u00e9 par J. Gallot et C. Parvery<\/span><\/p>\n\n\n\n<div class=\"wp-block-media-text alignwide has-media-on-the-right is-stacked-on-mobile\"><figure class=\"wp-block-media-text__media\"><img loading=\"lazy\" decoding=\"async\" width=\"1024\" height=\"917\" src=\"https:\/\/blogs.univ-tlse2.fr\/journeesanstia\/files\/2021\/11\/DSC_6770-8-1024x917.jpg\" alt=\"\" class=\"wp-image-182 size-full\" srcset=\"https:\/\/blogs.univ-tlse2.fr\/journeesanstia\/files\/2021\/11\/DSC_6770-8-1024x917.jpg 1024w, https:\/\/blogs.univ-tlse2.fr\/journeesanstia\/files\/2021\/11\/DSC_6770-8-300x269.jpg 300w, https:\/\/blogs.univ-tlse2.fr\/journeesanstia\/files\/2021\/11\/DSC_6770-8-768x688.jpg 768w, https:\/\/blogs.univ-tlse2.fr\/journeesanstia\/files\/2021\/11\/DSC_6770-8-1536x1376.jpg 1536w, https:\/\/blogs.univ-tlse2.fr\/journeesanstia\/files\/2021\/11\/DSC_6770-8-2048x1834.jpg 2048w\" sizes=\"auto, (max-width: 1024px) 100vw, 1024px\" \/><\/figure><div class=\"wp-block-media-text__content\">\n<p><\/p>\n\n\n\n<p class=\"has-text-align-left\">Ces deux ing\u00e9nieurs p\u00e9dagogiques ont propos\u00e9 la r\u00e9alisation d&rsquo;un workcafe de 25 minutes avec \u00e9changes et poursuite du travail de l&rsquo;autre. Autrement dit, leur th\u00e8me \u00e9tant l&rsquo;entraide au travail, ils ont incit\u00e9 la collaboration entre trois groupes distincts centr\u00e9s chacun sur un sujet d&rsquo;\u00e9tude pr\u00e9cis : <\/p>\n\n\n\n<ol class=\"wp-block-list\"><li><em>Lister des entit\u00e9s ou personnes <\/em><\/li><li><em>Lister le mat\u00e9riel ou les moyens utilis\u00e9s <\/em><\/li><li><em>Lister de grands projets <\/em><\/li><\/ol>\n\n\n\n<p class=\"has-text-align-left\">L&rsquo;id\u00e9e principale derri\u00e8re cet atelier \u00e9tait donc de d\u00e9montrer l&rsquo;importance des solutions lorsqu&rsquo;elles sont mises en commun. <\/p>\n<\/div><\/div>\n\n\n\n<p><span class=\"has-inline-color has-white-color\">gdgdgd<\/span><\/p>\n\n\n\n<p><\/p>\n\n\n\n<p><\/p>\n\n\n\n<p><span class=\"has-inline-color has-primary-color\">\u00ab\u00a0Bonnes pratiques par rapport \u00e0 nos m\u00e9tiers\u00a0\u00bb anim\u00e9 par V. Lissillour et V. Martel  <\/span><\/p>\n\n\n\n<p><\/p>\n\n\n\n<div class=\"wp-block-media-text alignwide is-stacked-on-mobile\"><figure class=\"wp-block-media-text__media\"><img loading=\"lazy\" decoding=\"async\" width=\"1024\" height=\"958\" src=\"https:\/\/blogs.univ-tlse2.fr\/journeesanstia\/files\/2021\/11\/DSC_6777-1024x958.jpg\" alt=\"\" class=\"wp-image-198 size-full\" srcset=\"https:\/\/blogs.univ-tlse2.fr\/journeesanstia\/files\/2021\/11\/DSC_6777-1024x958.jpg 1024w, https:\/\/blogs.univ-tlse2.fr\/journeesanstia\/files\/2021\/11\/DSC_6777-300x281.jpg 300w, https:\/\/blogs.univ-tlse2.fr\/journeesanstia\/files\/2021\/11\/DSC_6777-768x718.jpg 768w, https:\/\/blogs.univ-tlse2.fr\/journeesanstia\/files\/2021\/11\/DSC_6777-1536x1437.jpg 1536w, https:\/\/blogs.univ-tlse2.fr\/journeesanstia\/files\/2021\/11\/DSC_6777-2048x1915.jpg 2048w\" sizes=\"auto, (max-width: 1024px) 100vw, 1024px\" \/><\/figure><div class=\"wp-block-media-text__content\">\n<p>Ces deux membres du conseil d&rsquo;administration de l&rsquo;association ont propos\u00e9 un atelier collaboratif. Gr\u00e2ce \u00e0 une m\u00e9thodologie dites de \u00ab\u00a0co design\u00a0\u00bb ils ont invit\u00e9s les participants \u00e0 \u00e9laborer une intelligence collective. <\/p>\n\n\n\n<p>L&rsquo;inter\u00eat et le but de cet atelier a donc \u00e9t\u00e9 de d\u00e9finir et d&rsquo;\u00e9changer sur les diff\u00e9rentes pratiques et services li\u00e9s au m\u00e9tiers pr\u00e9sents dans ces journ\u00e9es. <\/p>\n\n\n\n<p><\/p>\n<\/div><\/div>\n\n\n\n<p><span class=\"has-inline-color has-white-color\">gdgdgd<\/span><\/p>\n\n\n\n<p><span class=\"has-inline-color has-white-color\">gdgdgd<\/span><\/p>\n\n\n\n<p><\/p>\n\n\n\n<p><\/p>\n\n\n\n<p><span class=\"has-inline-color has-primary-color\">\u00ab\u00a0Bonnes pratiques par rapport \u00e0 nos services\u00a0\u00bb anim\u00e9 par S. Karam et S. L\u00e9d\u00e9 <\/span><\/p>\n\n\n\n<div class=\"wp-block-media-text alignwide has-media-on-the-right is-stacked-on-mobile\"><figure class=\"wp-block-media-text__media\"><img loading=\"lazy\" decoding=\"async\" width=\"1018\" height=\"1024\" src=\"https:\/\/blogs.univ-tlse2.fr\/journeesanstia\/files\/2021\/11\/DSC_6764-6-1018x1024.jpg\" alt=\"\" class=\"wp-image-195 size-full\" srcset=\"https:\/\/blogs.univ-tlse2.fr\/journeesanstia\/files\/2021\/11\/DSC_6764-6-1018x1024.jpg 1018w, https:\/\/blogs.univ-tlse2.fr\/journeesanstia\/files\/2021\/11\/DSC_6764-6-298x300.jpg 298w, https:\/\/blogs.univ-tlse2.fr\/journeesanstia\/files\/2021\/11\/DSC_6764-6-150x150.jpg 150w, https:\/\/blogs.univ-tlse2.fr\/journeesanstia\/files\/2021\/11\/DSC_6764-6-768x773.jpg 768w, https:\/\/blogs.univ-tlse2.fr\/journeesanstia\/files\/2021\/11\/DSC_6764-6-1527x1536.jpg 1527w, https:\/\/blogs.univ-tlse2.fr\/journeesanstia\/files\/2021\/11\/DSC_6764-6-2036x2048.jpg 2036w\" sizes=\"auto, (max-width: 1018px) 100vw, 1018px\" \/><\/figure><div class=\"wp-block-media-text__content\">\n<p>Le dernier atelier de cette premi\u00e8re journ\u00e9e de rencontre s&rsquo;est d\u00e9roul\u00e9 dans une organisation dite de \u00ab\u00a0fish ball\u00a0\u00bb. Autrement dit les participants de cet atelier interactif \u00e9taient invit\u00e9s par les animateurs \u00e0 \u00e9changer sur des probl\u00e9matiques autour des services du num\u00e9rique. <\/p>\n\n\n\n<p>S&rsquo;organisant en cercle, chacun des membres du groupe ont pu participer, en se positionnant au centre du cercle de quatre chaises lorsqu&rsquo;ils le souhaitaient. Bien s\u00fbr la participation n&rsquo;\u00e9tait pas obligatoire, certains participants ont donc simplement assist\u00e9 au d\u00e9bat propos\u00e9 dans cet atelier. <\/p>\n<\/div><\/div>\n\n\n\n<p><span class=\"has-inline-color has-white-color\">gdgdgd<\/span><\/p>\n\n\n\n<p><span class=\"has-inline-color has-white-color\">gdgdgd<\/span><\/p>\n\n\n\n<p><span class=\"has-inline-color has-white-color\">gdgdgd<\/span><\/p>\n\n\n\n<p><\/p>\n\n\n\n<p>Cette journ\u00e9e s&rsquo;est achev\u00e9e dans une atmosph\u00e8re gourmande et d\u00e9tendue avec un ap\u00e9ritif d\u00e9ambulatoire au sein de l&rsquo;open space. Les participants ont pu d\u00e9couvrir diff\u00e9rentes innovations technico-p\u00e9dagogiques pr\u00e9sent\u00e9es par les partenaires. <\/p>\n\n\n\n<figure class=\"wp-block-gallery columns-3 is-cropped wp-block-gallery-2 is-layout-flex wp-block-gallery-is-layout-flex\"><ul class=\"blocks-gallery-grid\"><li class=\"blocks-gallery-item\"><figure><img loading=\"lazy\" decoding=\"async\" width=\"1024\" height=\"696\" src=\"https:\/\/blogs.univ-tlse2.fr\/journeesanstia\/files\/2021\/11\/DSC_6787-1024x696.jpg\" alt=\"\" data-id=\"212\" data-full-url=\"https:\/\/blogs.univ-tlse2.fr\/journeesanstia\/files\/2021\/11\/DSC_6787-scaled.jpg\" data-link=\"https:\/\/blogs.univ-tlse2.fr\/journeesanstia\/?attachment_id=212\" class=\"wp-image-212\" srcset=\"https:\/\/blogs.univ-tlse2.fr\/journeesanstia\/files\/2021\/11\/DSC_6787-1024x696.jpg 1024w, https:\/\/blogs.univ-tlse2.fr\/journeesanstia\/files\/2021\/11\/DSC_6787-300x204.jpg 300w, https:\/\/blogs.univ-tlse2.fr\/journeesanstia\/files\/2021\/11\/DSC_6787-768x522.jpg 768w, https:\/\/blogs.univ-tlse2.fr\/journeesanstia\/files\/2021\/11\/DSC_6787-1536x1044.jpg 1536w\" sizes=\"auto, (max-width: 1024px) 100vw, 1024px\" \/><\/figure><\/li><li class=\"blocks-gallery-item\"><figure><img loading=\"lazy\" decoding=\"async\" width=\"1024\" height=\"733\" src=\"https:\/\/blogs.univ-tlse2.fr\/journeesanstia\/files\/2021\/11\/DSC_6870-1024x733.jpg\" alt=\"\" data-id=\"210\" data-full-url=\"https:\/\/blogs.univ-tlse2.fr\/journeesanstia\/files\/2021\/11\/DSC_6870-scaled.jpg\" data-link=\"https:\/\/blogs.univ-tlse2.fr\/journeesanstia\/?attachment_id=210\" class=\"wp-image-210\" srcset=\"https:\/\/blogs.univ-tlse2.fr\/journeesanstia\/files\/2021\/11\/DSC_6870-1024x733.jpg 1024w, https:\/\/blogs.univ-tlse2.fr\/journeesanstia\/files\/2021\/11\/DSC_6870-300x215.jpg 300w, https:\/\/blogs.univ-tlse2.fr\/journeesanstia\/files\/2021\/11\/DSC_6870-768x550.jpg 768w, https:\/\/blogs.univ-tlse2.fr\/journeesanstia\/files\/2021\/11\/DSC_6870-1536x1099.jpg 1536w, https:\/\/blogs.univ-tlse2.fr\/journeesanstia\/files\/2021\/11\/DSC_6870-2048x1465.jpg 2048w\" sizes=\"auto, (max-width: 1024px) 100vw, 1024px\" \/><\/figure><\/li><li class=\"blocks-gallery-item\"><figure><img loading=\"lazy\" decoding=\"async\" width=\"1024\" height=\"851\" src=\"https:\/\/blogs.univ-tlse2.fr\/journeesanstia\/files\/2021\/11\/DSC_6846-1024x851.jpg\" alt=\"\" data-id=\"211\" data-full-url=\"https:\/\/blogs.univ-tlse2.fr\/journeesanstia\/files\/2021\/11\/DSC_6846-scaled.jpg\" data-link=\"https:\/\/blogs.univ-tlse2.fr\/journeesanstia\/?attachment_id=211\" class=\"wp-image-211\" srcset=\"https:\/\/blogs.univ-tlse2.fr\/journeesanstia\/files\/2021\/11\/DSC_6846-1024x851.jpg 1024w, https:\/\/blogs.univ-tlse2.fr\/journeesanstia\/files\/2021\/11\/DSC_6846-300x249.jpg 300w, https:\/\/blogs.univ-tlse2.fr\/journeesanstia\/files\/2021\/11\/DSC_6846-768x638.jpg 768w, https:\/\/blogs.univ-tlse2.fr\/journeesanstia\/files\/2021\/11\/DSC_6846-1536x1276.jpg 1536w, https:\/\/blogs.univ-tlse2.fr\/journeesanstia\/files\/2021\/11\/DSC_6846-2048x1701.jpg 2048w\" sizes=\"auto, (max-width: 1024px) 100vw, 1024px\" \/><\/figure><\/li><\/ul><\/figure>\n","protected":false},"excerpt":{"rendered":"<p>24 novembre 2021 A la suite de la conf\u00e9rence de pr\u00e9sentation tenue dans un amphith\u00e9\u00e2tre de l&rsquo;universit\u00e9 et de la pause caf\u00e9, les participants ont \u00e9t\u00e9 d\u00e9partag\u00e9s en trois groupes, chacun comptant une dizaine d&rsquo;adh\u00e9rents. Ils ont pris part \u00e0 des jeux de r\u00e9flexion propos\u00e9s par trois bin\u00f4mes, choisis au pr\u00e9alable au sein du conseil d&rsquo;administration. gdgdgdg gdgdgd gdgdgd gdgdgd [&hellip;]<\/p>\n","protected":false},"author":1075,"featured_media":0,"parent":0,"menu_order":0,"comment_status":"closed","ping_status":"closed","template":"","meta":{"footnotes":""},"class_list":["post-129","page","type-page","status-publish","hentry"],"_links":{"self":[{"href":"https:\/\/blogs.univ-tlse2.fr\/journeesanstia\/wp-json\/wp\/v2\/pages\/129","targetHints":{"allow":["GET"]}}],"collection":[{"href":"https:\/\/blogs.univ-tlse2.fr\/journeesanstia\/wp-json\/wp\/v2\/pages"}],"about":[{"href":"https:\/\/blogs.univ-tlse2.fr\/journeesanstia\/wp-json\/wp\/v2\/types\/page"}],"author":[{"embeddable":true,"href":"https:\/\/blogs.univ-tlse2.fr\/journeesanstia\/wp-json\/wp\/v2\/users\/1075"}],"replies":[{"embeddable":true,"href":"https:\/\/blogs.univ-tlse2.fr\/journeesanstia\/wp-json\/wp\/v2\/comments?post=129"}],"version-history":[{"count":46,"href":"https:\/\/blogs.univ-tlse2.fr\/journeesanstia\/wp-json\/wp\/v2\/pages\/129\/revisions"}],"predecessor-version":[{"id":627,"href":"https:\/\/blogs.univ-tlse2.fr\/journeesanstia\/wp-json\/wp\/v2\/pages\/129\/revisions\/627"}],"wp:attachment":[{"href":"https:\/\/blogs.univ-tlse2.fr\/journeesanstia\/wp-json\/wp\/v2\/media?parent=129"}],"curies":[{"name":"wp","href":"https:\/\/api.w.org\/{rel}","templated":true}]}}