 {"id":133,"date":"2021-11-25T17:54:26","date_gmt":"2021-11-25T16:54:26","guid":{"rendered":"https:\/\/blogs.univ-tlse2.fr\/journeesanstia\/?page_id=133"},"modified":"2021-12-01T13:32:14","modified_gmt":"2021-12-01T12:32:14","slug":"jour-3","status":"publish","type":"page","link":"https:\/\/blogs.univ-tlse2.fr\/journeesanstia\/jour-3\/","title":{"rendered":"Jour 3"},"content":{"rendered":"\n<p>26 novembre 2021<\/p>\n\n\n\n<p><span class=\"has-inline-color has-white-color\">Les chercheurs en psychologie o<\/span><\/p>\n\n\n\n<div class=\"wp-block-media-text alignwide is-stacked-on-mobile\"><figure class=\"wp-block-media-text__media\"><img loading=\"lazy\" decoding=\"async\" width=\"1024\" height=\"712\" src=\"https:\/\/blogs.univ-tlse2.fr\/journeesanstia\/files\/2021\/11\/IMG_0064-1024x712.jpg\" alt=\"\" class=\"wp-image-230 size-full\" srcset=\"https:\/\/blogs.univ-tlse2.fr\/journeesanstia\/files\/2021\/11\/IMG_0064-1024x712.jpg 1024w, https:\/\/blogs.univ-tlse2.fr\/journeesanstia\/files\/2021\/11\/IMG_0064-300x209.jpg 300w, https:\/\/blogs.univ-tlse2.fr\/journeesanstia\/files\/2021\/11\/IMG_0064-768x534.jpg 768w, https:\/\/blogs.univ-tlse2.fr\/journeesanstia\/files\/2021\/11\/IMG_0064-1536x1069.jpg 1536w, https:\/\/blogs.univ-tlse2.fr\/journeesanstia\/files\/2021\/11\/IMG_0064-2048x1425.jpg 2048w, https:\/\/blogs.univ-tlse2.fr\/journeesanstia\/files\/2021\/11\/IMG_0064-100x70.jpg 100w\" sizes=\"auto, (max-width: 1024px) 100vw, 1024px\" \/><\/figure><div class=\"wp-block-media-text__content\">\n<p class=\"has-text-align-center\">Les participants se sont retrouv\u00e9s, en ce dernier jour, autour d&rsquo;un caf\u00e9 matinal. S&rsquo;en est suivie une cartographie collaborative des formations et d&rsquo;une table ronde autour des fili\u00e8res de formations. Tous les adh\u00e9rents \u00e9taient pr\u00e9sents. Ce s\u00e9minaire prenant fin, certains participants se sont retrouv\u00e9s pour d\u00e9jeuner au restaurant universitaire, d&rsquo;autres ont pr\u00e9f\u00e9r\u00e9 utiliser ce dernier jour \u00e0 des fins touristiques. Les journ\u00e9es ont donc pris fin en ce vendredi pluvieux de novembre apr\u00e8s une conf\u00e9rence de cl\u00f4ture. <\/p>\n<\/div><\/div>\n\n\n\n<p><span class=\"has-inline-color has-white-color\">Les chercheurs en psychologie o<\/span><\/p>\n\n\n\n<figure class=\"wp-block-gallery columns-3 is-cropped wp-block-gallery-1 is-layout-flex wp-block-gallery-is-layout-flex\"><ul class=\"blocks-gallery-grid\"><li class=\"blocks-gallery-item\"><figure><img loading=\"lazy\" decoding=\"async\" width=\"1024\" height=\"683\" src=\"https:\/\/blogs.univ-tlse2.fr\/journeesanstia\/files\/2021\/11\/DSC_6813-1024x683.jpg\" alt=\"\" data-id=\"106\" data-full-url=\"https:\/\/blogs.univ-tlse2.fr\/journeesanstia\/files\/2021\/11\/DSC_6813-scaled.jpg\" data-link=\"https:\/\/blogs.univ-tlse2.fr\/journeesanstia\/2021\/11\/25\/ouvertures-des-journees-nationales-de-lanstia\/dsc_6813\/\" class=\"wp-image-106\" srcset=\"https:\/\/blogs.univ-tlse2.fr\/journeesanstia\/files\/2021\/11\/DSC_6813-1024x683.jpg 1024w, https:\/\/blogs.univ-tlse2.fr\/journeesanstia\/files\/2021\/11\/DSC_6813-300x200.jpg 300w, https:\/\/blogs.univ-tlse2.fr\/journeesanstia\/files\/2021\/11\/DSC_6813-768x513.jpg 768w, https:\/\/blogs.univ-tlse2.fr\/journeesanstia\/files\/2021\/11\/DSC_6813-1536x1025.jpg 1536w, https:\/\/blogs.univ-tlse2.fr\/journeesanstia\/files\/2021\/11\/DSC_6813-2048x1367.jpg 2048w\" sizes=\"auto, (max-width: 1024px) 100vw, 1024px\" \/><\/figure><\/li><li class=\"blocks-gallery-item\"><figure><img loading=\"lazy\" decoding=\"async\" width=\"1024\" height=\"641\" src=\"https:\/\/blogs.univ-tlse2.fr\/journeesanstia\/files\/2021\/11\/DSC_6779-2-1024x641.png\" alt=\"\" data-id=\"343\" data-full-url=\"https:\/\/blogs.univ-tlse2.fr\/journeesanstia\/files\/2021\/11\/DSC_6779-2.png\" data-link=\"https:\/\/blogs.univ-tlse2.fr\/journeesanstia\/?attachment_id=343\" class=\"wp-image-343\" srcset=\"https:\/\/blogs.univ-tlse2.fr\/journeesanstia\/files\/2021\/11\/DSC_6779-2-1024x641.png 1024w, https:\/\/blogs.univ-tlse2.fr\/journeesanstia\/files\/2021\/11\/DSC_6779-2-300x188.png 300w, https:\/\/blogs.univ-tlse2.fr\/journeesanstia\/files\/2021\/11\/DSC_6779-2-768x481.png 768w, https:\/\/blogs.univ-tlse2.fr\/journeesanstia\/files\/2021\/11\/DSC_6779-2-1536x962.png 1536w, https:\/\/blogs.univ-tlse2.fr\/journeesanstia\/files\/2021\/11\/DSC_6779-2-2048x1282.png 2048w\" sizes=\"auto, (max-width: 1024px) 100vw, 1024px\" \/><\/figure><\/li><li class=\"blocks-gallery-item\"><figure><img loading=\"lazy\" decoding=\"async\" width=\"1024\" height=\"730\" src=\"https:\/\/blogs.univ-tlse2.fr\/journeesanstia\/files\/2021\/11\/DSC_6829-1024x730.jpg\" alt=\"\" data-id=\"342\" data-full-url=\"https:\/\/blogs.univ-tlse2.fr\/journeesanstia\/files\/2021\/11\/DSC_6829-scaled.jpg\" data-link=\"https:\/\/blogs.univ-tlse2.fr\/journeesanstia\/?attachment_id=342\" class=\"wp-image-342\" srcset=\"https:\/\/blogs.univ-tlse2.fr\/journeesanstia\/files\/2021\/11\/DSC_6829-1024x730.jpg 1024w, https:\/\/blogs.univ-tlse2.fr\/journeesanstia\/files\/2021\/11\/DSC_6829-300x214.jpg 300w, https:\/\/blogs.univ-tlse2.fr\/journeesanstia\/files\/2021\/11\/DSC_6829-768x547.jpg 768w, https:\/\/blogs.univ-tlse2.fr\/journeesanstia\/files\/2021\/11\/DSC_6829-1536x1094.jpg 1536w, https:\/\/blogs.univ-tlse2.fr\/journeesanstia\/files\/2021\/11\/DSC_6829-2048x1459.jpg 2048w, https:\/\/blogs.univ-tlse2.fr\/journeesanstia\/files\/2021\/11\/DSC_6829-100x70.jpg 100w\" sizes=\"auto, (max-width: 1024px) 100vw, 1024px\" \/><\/figure><\/li><li class=\"blocks-gallery-item\"><figure><img loading=\"lazy\" decoding=\"async\" width=\"1024\" height=\"759\" src=\"https:\/\/blogs.univ-tlse2.fr\/journeesanstia\/files\/2021\/11\/IMG_0060-1024x759.jpg\" alt=\"\" data-id=\"340\" data-full-url=\"https:\/\/blogs.univ-tlse2.fr\/journeesanstia\/files\/2021\/11\/IMG_0060-scaled.jpg\" data-link=\"https:\/\/blogs.univ-tlse2.fr\/journeesanstia\/?attachment_id=340\" class=\"wp-image-340\" srcset=\"https:\/\/blogs.univ-tlse2.fr\/journeesanstia\/files\/2021\/11\/IMG_0060-1024x759.jpg 1024w, https:\/\/blogs.univ-tlse2.fr\/journeesanstia\/files\/2021\/11\/IMG_0060-300x222.jpg 300w, https:\/\/blogs.univ-tlse2.fr\/journeesanstia\/files\/2021\/11\/IMG_0060-768x569.jpg 768w, https:\/\/blogs.univ-tlse2.fr\/journeesanstia\/files\/2021\/11\/IMG_0060-1536x1138.jpg 1536w, https:\/\/blogs.univ-tlse2.fr\/journeesanstia\/files\/2021\/11\/IMG_0060-2048x1518.jpg 2048w\" sizes=\"auto, (max-width: 1024px) 100vw, 1024px\" \/><\/figure><\/li><li class=\"blocks-gallery-item\"><figure><img loading=\"lazy\" decoding=\"async\" width=\"1024\" height=\"683\" src=\"https:\/\/blogs.univ-tlse2.fr\/journeesanstia\/files\/2021\/11\/IMG_0052-1024x683.jpg\" alt=\"\" data-id=\"335\" data-full-url=\"https:\/\/blogs.univ-tlse2.fr\/journeesanstia\/files\/2021\/11\/IMG_0052-scaled.jpg\" data-link=\"https:\/\/blogs.univ-tlse2.fr\/journeesanstia\/?attachment_id=335\" class=\"wp-image-335\" srcset=\"https:\/\/blogs.univ-tlse2.fr\/journeesanstia\/files\/2021\/11\/IMG_0052-1024x683.jpg 1024w, https:\/\/blogs.univ-tlse2.fr\/journeesanstia\/files\/2021\/11\/IMG_0052-300x200.jpg 300w, https:\/\/blogs.univ-tlse2.fr\/journeesanstia\/files\/2021\/11\/IMG_0052-768x512.jpg 768w, https:\/\/blogs.univ-tlse2.fr\/journeesanstia\/files\/2021\/11\/IMG_0052-1536x1024.jpg 1536w, https:\/\/blogs.univ-tlse2.fr\/journeesanstia\/files\/2021\/11\/IMG_0052-2048x1365.jpg 2048w\" sizes=\"auto, (max-width: 1024px) 100vw, 1024px\" \/><\/figure><\/li><li class=\"blocks-gallery-item\"><figure><img loading=\"lazy\" decoding=\"async\" width=\"1024\" height=\"683\" src=\"https:\/\/blogs.univ-tlse2.fr\/journeesanstia\/files\/2021\/11\/IMG_0065-1024x683.jpg\" alt=\"\" data-id=\"339\" data-full-url=\"https:\/\/blogs.univ-tlse2.fr\/journeesanstia\/files\/2021\/11\/IMG_0065-scaled.jpg\" data-link=\"https:\/\/blogs.univ-tlse2.fr\/journeesanstia\/?attachment_id=339\" class=\"wp-image-339\" srcset=\"https:\/\/blogs.univ-tlse2.fr\/journeesanstia\/files\/2021\/11\/IMG_0065-1024x683.jpg 1024w, https:\/\/blogs.univ-tlse2.fr\/journeesanstia\/files\/2021\/11\/IMG_0065-300x200.jpg 300w, https:\/\/blogs.univ-tlse2.fr\/journeesanstia\/files\/2021\/11\/IMG_0065-768x512.jpg 768w, https:\/\/blogs.univ-tlse2.fr\/journeesanstia\/files\/2021\/11\/IMG_0065-1536x1024.jpg 1536w, https:\/\/blogs.univ-tlse2.fr\/journeesanstia\/files\/2021\/11\/IMG_0065-2048x1365.jpg 2048w\" sizes=\"auto, (max-width: 1024px) 100vw, 1024px\" \/><\/figure><\/li><\/ul><\/figure>\n","protected":false},"excerpt":{"rendered":"<p>26 novembre 2021 Les chercheurs en psychologie o Les participants se sont retrouv\u00e9s, en ce dernier jour, autour d&rsquo;un caf\u00e9 matinal. S&rsquo;en est suivie une cartographie collaborative des formations et d&rsquo;une table ronde autour des fili\u00e8res de formations. Tous les adh\u00e9rents \u00e9taient pr\u00e9sents. Ce s\u00e9minaire prenant fin, certains participants se sont retrouv\u00e9s pour d\u00e9jeuner au restaurant universitaire, d&rsquo;autres ont pr\u00e9f\u00e9r\u00e9 [&hellip;]<\/p>\n","protected":false},"author":1075,"featured_media":0,"parent":0,"menu_order":0,"comment_status":"closed","ping_status":"closed","template":"","meta":{"footnotes":""},"class_list":["post-133","page","type-page","status-publish","hentry"],"_links":{"self":[{"href":"https:\/\/blogs.univ-tlse2.fr\/journeesanstia\/wp-json\/wp\/v2\/pages\/133","targetHints":{"allow":["GET"]}}],"collection":[{"href":"https:\/\/blogs.univ-tlse2.fr\/journeesanstia\/wp-json\/wp\/v2\/pages"}],"about":[{"href":"https:\/\/blogs.univ-tlse2.fr\/journeesanstia\/wp-json\/wp\/v2\/types\/page"}],"author":[{"embeddable":true,"href":"https:\/\/blogs.univ-tlse2.fr\/journeesanstia\/wp-json\/wp\/v2\/users\/1075"}],"replies":[{"embeddable":true,"href":"https:\/\/blogs.univ-tlse2.fr\/journeesanstia\/wp-json\/wp\/v2\/comments?post=133"}],"version-history":[{"count":13,"href":"https:\/\/blogs.univ-tlse2.fr\/journeesanstia\/wp-json\/wp\/v2\/pages\/133\/revisions"}],"predecessor-version":[{"id":409,"href":"https:\/\/blogs.univ-tlse2.fr\/journeesanstia\/wp-json\/wp\/v2\/pages\/133\/revisions\/409"}],"wp:attachment":[{"href":"https:\/\/blogs.univ-tlse2.fr\/journeesanstia\/wp-json\/wp\/v2\/media?parent=133"}],"curies":[{"name":"wp","href":"https:\/\/api.w.org\/{rel}","templated":true}]}}