 {"id":222,"date":"2021-11-26T09:56:47","date_gmt":"2021-11-26T08:56:47","guid":{"rendered":"https:\/\/blogs.univ-tlse2.fr\/journeesanstia\/?page_id=222"},"modified":"2021-11-29T14:54:14","modified_gmt":"2021-11-29T13:54:14","slug":"portraits","status":"publish","type":"page","link":"https:\/\/blogs.univ-tlse2.fr\/journeesanstia\/portraits\/","title":{"rendered":"Portraits"},"content":{"rendered":"\n<p><span class=\"has-inline-color has-white-color\">est dans l&rsquo;universit\u00e9 ch\u00e8re \u00e0 l&rsquo;organisateur des journ\u00e9es nationales <\/span> <\/p>\n\n\n\n<p><span class=\"has-inline-color has-white-color\">est dans l&rsquo;universit\u00e9 ch\u00e8re \u00e0 l&rsquo;organisateur des journ\u00e9es nationales <\/span><\/p>\n\n\n\n<div class=\"wp-block-media-text alignwide is-stacked-on-mobile\" style=\"grid-template-columns:44% auto\"><figure class=\"wp-block-media-text__media\"><img loading=\"lazy\" decoding=\"async\" width=\"946\" height=\"1024\" src=\"https:\/\/blogs.univ-tlse2.fr\/journeesanstia\/files\/2021\/11\/IMG_0073-1-946x1024.jpg\" alt=\"\" class=\"wp-image-351 size-full\" srcset=\"https:\/\/blogs.univ-tlse2.fr\/journeesanstia\/files\/2021\/11\/IMG_0073-1-946x1024.jpg 946w, https:\/\/blogs.univ-tlse2.fr\/journeesanstia\/files\/2021\/11\/IMG_0073-1-277x300.jpg 277w, https:\/\/blogs.univ-tlse2.fr\/journeesanstia\/files\/2021\/11\/IMG_0073-1-768x831.jpg 768w, https:\/\/blogs.univ-tlse2.fr\/journeesanstia\/files\/2021\/11\/IMG_0073-1-1419x1536.jpg 1419w, https:\/\/blogs.univ-tlse2.fr\/journeesanstia\/files\/2021\/11\/IMG_0073-1-1892x2048.jpg 1892w\" sizes=\"auto, (max-width: 946px) 100vw, 946px\" \/><\/figure><div class=\"wp-block-media-text__content\">\n<p><\/p>\n\n\n\n<p><strong>Sophie Guichard  <\/strong>                                                    <em>(pr\u00e9sidente de l&rsquo;ANSTIA) <\/em><\/p>\n\n\n\n<p class=\"has-text-align-left\">L&rsquo;association ANSTIA cr\u00e9\u00e9e il y a 26 ans est partie d&rsquo;une envie de regrouper les g\u00e9rants de services audiovisuels de l&rsquo;enseignement sup\u00e9rieur et de la recherche. Aujourd&rsquo;hui, elle compte plus de 825 adh\u00e9rents de 101 \u00e9tablissements distincts. Depuis la crise sanitaire, celle-ci a connu une augmentation de 10% de ses adh\u00e9rents. De plus, gr\u00e2ce aux modifications de l&rsquo;enseignement li\u00e9es au distanciel, le m\u00e9tier d&rsquo;ing\u00e9nieur p\u00e9dagogique a pris une importance consid\u00e9rable dans l&rsquo;\u00e9laboration de nouvelles structures p\u00e9dagogiques. Selon la pr\u00e9sidente, l&rsquo;importance des journ\u00e9es repose justement sur la n\u00e9cessit\u00e9 de se retrouver, d&rsquo;\u00e9changer et d&rsquo;avoir une r\u00e9flexion sur le m\u00e9tier mis en lumi\u00e8re et \u00ab\u00a0sous tension\u00a0\u00bb. <\/p>\n\n\n\n<p><\/p>\n\n\n\n<p><\/p>\n<\/div><\/div>\n\n\n\n<p><span class=\"has-inline-color has-white-color\">Depuis la crise sanitaire, celle ci a connu une augmentation de 10% de ses adh\u00e9rents.<\/span><\/p>\n\n\n\n<p><span class=\"has-inline-color has-white-color\">est dans l&rsquo;universit\u00e9 ch\u00e8re \u00e0 l&rsquo;organisateur des journ\u00e9es nationales <\/span><\/p>\n\n\n\n<div class=\"wp-block-media-text alignwide has-media-on-the-right is-stacked-on-mobile\"><figure class=\"wp-block-media-text__media\"><img loading=\"lazy\" decoding=\"async\" width=\"568\" height=\"600\" src=\"https:\/\/blogs.univ-tlse2.fr\/journeesanstia\/files\/2021\/11\/261100237_260214362755489_5945499751027100476_n.jpg\" alt=\"\" class=\"wp-image-400 size-full\" srcset=\"https:\/\/blogs.univ-tlse2.fr\/journeesanstia\/files\/2021\/11\/261100237_260214362755489_5945499751027100476_n.jpg 568w, https:\/\/blogs.univ-tlse2.fr\/journeesanstia\/files\/2021\/11\/261100237_260214362755489_5945499751027100476_n-284x300.jpg 284w\" sizes=\"auto, (max-width: 568px) 100vw, 568px\" \/><\/figure><div class=\"wp-block-media-text__content\">\n<p><strong>Eric Castex <\/strong><em>(organisateur journ\u00e9es ANSTIA 2021)<\/em><\/p>\n\n\n\n<p>Responsable du p\u00f4le Atelier Du num\u00e9rique du Service Commun la maison de l&rsquo;image et du num\u00e9rique, cet ing\u00e9nieur a pour charge la transition et l&rsquo;accompagnement au num\u00e9rique dans l&rsquo;enseignement sup\u00e9rieur de l&rsquo;universit\u00e9 Jean Jaur\u00e8s. Pour l&rsquo;ann\u00e9e 2021, M. Castex a organis\u00e9 les 15\u00e8me journ\u00e9es de l&rsquo;ANSTIA dans son universit\u00e9, \u00e0 Toulouse. Association qu&rsquo;il a co-fond\u00e9e en 2007 et dont il est rest\u00e9 vice pr\u00e9sident jusqu&rsquo;\u00e0 l&rsquo;ann\u00e9e derni\u00e8re. Cette ann\u00e9e les rencontres se sont centr\u00e9es sur l&rsquo;\u00e9closion des m\u00e9tiers de l&rsquo;audiovisuel et du num\u00e9rique d\u00fb \u00e0 la pand\u00e9mie. L&rsquo;enjeu de ces journ\u00e9es, \u00e9tant pour son organisateur, de transmettre un sentiment de convivialit\u00e9 apr\u00e8s une ann\u00e9e d&rsquo;une charge incessante de travail pour le secteur.  <\/p>\n<\/div><\/div>\n\n\n\n<p><span class=\"has-inline-color has-white-color\">Depuis la crise sanitaire, celle ci a connu une augmentation de 10% de ses adh\u00e9rents.<\/span><\/p>\n\n\n\n<p><span class=\"has-inline-color has-white-color\">est dans l&rsquo;universit\u00e9 ch\u00e8re \u00e0 l&rsquo;organisateur des journ\u00e9es nationales <\/span><\/p>\n\n\n\n<div class=\"wp-block-media-text alignwide is-stacked-on-mobile\" style=\"grid-template-columns:44% auto\"><figure class=\"wp-block-media-text__media\"><img loading=\"lazy\" decoding=\"async\" width=\"1024\" height=\"973\" src=\"https:\/\/blogs.univ-tlse2.fr\/journeesanstia\/files\/2021\/11\/DSC_6803-1024x973.jpg\" alt=\"\" class=\"wp-image-310 size-full\" srcset=\"https:\/\/blogs.univ-tlse2.fr\/journeesanstia\/files\/2021\/11\/DSC_6803-1024x973.jpg 1024w, https:\/\/blogs.univ-tlse2.fr\/journeesanstia\/files\/2021\/11\/DSC_6803-300x285.jpg 300w, https:\/\/blogs.univ-tlse2.fr\/journeesanstia\/files\/2021\/11\/DSC_6803-768x730.jpg 768w, https:\/\/blogs.univ-tlse2.fr\/journeesanstia\/files\/2021\/11\/DSC_6803-1536x1460.jpg 1536w, https:\/\/blogs.univ-tlse2.fr\/journeesanstia\/files\/2021\/11\/DSC_6803-2048x1946.jpg 2048w\" sizes=\"auto, (max-width: 1024px) 100vw, 1024px\" \/><\/figure><div class=\"wp-block-media-text__content\">\n<p><strong>Christian Allio<\/strong> (directeur service audiovisuel Rennes 2)<\/p>\n\n\n\n<p>Ce membre de l&rsquo;association ANSTIA a organis\u00e9 un salon de rencontre avec diff\u00e9rents fabricants pr\u00e9sents. Cet open space, ouvert \u00e0 tous les adh\u00e9rents de l&rsquo;association pendant les trois jours de rencontre, \u00e0 pour but de cr\u00e9er le contact direct entre utilisateurs et cr\u00e9ateurs de ressources audiovisuelles ou num\u00e9rico-p\u00e9dagogiques. En offrant ce type de rencontre aux diff\u00e9rents professionnels, M. Allio esp\u00e8re fluidifier les \u00e9changes et les contacts. Ce qui pourrait favoriser \u00e0 la longue, l&rsquo;\u00e9quipement et le d\u00e9veloppement des infrastructures des universit\u00e9s au num\u00e9rique.  <\/p>\n<\/div><\/div>\n\n\n\n<p><span class=\"has-inline-color has-white-color\">Depuis la crise sanitaire, celle ci a connu une augmentation de 10% de ses adh\u00e9rents.<\/span><\/p>\n\n\n\n<p><span class=\"has-inline-color has-white-color\">est dans l&rsquo;universit\u00e9 ch\u00e8re \u00e0 l&rsquo;organisateur des journ\u00e9es nationales <\/span><\/p>\n\n\n\n<div class=\"wp-block-media-text alignwide has-media-on-the-right is-stacked-on-mobile\" style=\"grid-template-columns:auto 45%\"><figure class=\"wp-block-media-text__media\"><img loading=\"lazy\" decoding=\"async\" width=\"972\" height=\"1024\" src=\"https:\/\/blogs.univ-tlse2.fr\/journeesanstia\/files\/2021\/11\/IMG_0006-972x1024.jpg\" alt=\"\" class=\"wp-image-309 size-full\" srcset=\"https:\/\/blogs.univ-tlse2.fr\/journeesanstia\/files\/2021\/11\/IMG_0006-972x1024.jpg 972w, https:\/\/blogs.univ-tlse2.fr\/journeesanstia\/files\/2021\/11\/IMG_0006-285x300.jpg 285w, https:\/\/blogs.univ-tlse2.fr\/journeesanstia\/files\/2021\/11\/IMG_0006-768x809.jpg 768w, https:\/\/blogs.univ-tlse2.fr\/journeesanstia\/files\/2021\/11\/IMG_0006-1458x1536.jpg 1458w, https:\/\/blogs.univ-tlse2.fr\/journeesanstia\/files\/2021\/11\/IMG_0006-1945x2048.jpg 1945w\" sizes=\"auto, (max-width: 972px) 100vw, 972px\" \/><\/figure><div class=\"wp-block-media-text__content\">\n<p><strong>S\u00e9bastien Lebbe<\/strong>                                                               <em>(cr\u00e9ateur de Wooclap et Wooflash) <\/em><\/p>\n\n\n\n<p>Wooclap se pr\u00e9sente au corps professoral comme un v\u00e9ritable \u00ab\u00a0outil anti-ennui\u00a0\u00bb. En effet, cette plateforme interactive, cr\u00e9e en 2015, permet aux professeurs de capter l&rsquo;attention de leurs \u00e9tudiants et de mesurer leur compr\u00e9hension en temps r\u00e9el.  Suite \u00e0 ce succ\u00e8s, utilis\u00e9 par pr\u00e8s d&rsquo;un million de professeurs aujourd&rsquo;hui, le fondateur et son associ\u00e9 ont \u00e9labor\u00e9 un nouvel outil r\u00e9pondant aux demandes des \u00e9tudiants : Wooflash. A l&rsquo;aide de carte m\u00e9moires, qcm&#8230; cr\u00e9\u00e9s par les utilisateurs eux m\u00eames, cette nouvelle plateforme \u00ab\u00a0fond\u00e9e sur des principes de neuro\u00e9ducation, permet d&rsquo;am\u00e9liorer drastiquement la qualit\u00e9 des sessions d&rsquo;\u00e9tudes\u00a0\u00bb.  <\/p>\n<\/div><\/div>\n\n\n\n<p><\/p>\n","protected":false},"excerpt":{"rendered":"<p>est dans l&rsquo;universit\u00e9 ch\u00e8re \u00e0 l&rsquo;organisateur des journ\u00e9es nationales est dans l&rsquo;universit\u00e9 ch\u00e8re \u00e0 l&rsquo;organisateur des journ\u00e9es nationales Sophie Guichard (pr\u00e9sidente de l&rsquo;ANSTIA) L&rsquo;association ANSTIA cr\u00e9\u00e9e il y a 26 ans est partie d&rsquo;une envie de regrouper les g\u00e9rants de services audiovisuels de l&rsquo;enseignement sup\u00e9rieur et de la recherche. Aujourd&rsquo;hui, elle compte plus de 825 adh\u00e9rents de 101 \u00e9tablissements distincts. [&hellip;]<\/p>\n","protected":false},"author":1075,"featured_media":0,"parent":0,"menu_order":0,"comment_status":"closed","ping_status":"closed","template":"","meta":{"footnotes":""},"class_list":["post-222","page","type-page","status-publish","hentry"],"_links":{"self":[{"href":"https:\/\/blogs.univ-tlse2.fr\/journeesanstia\/wp-json\/wp\/v2\/pages\/222","targetHints":{"allow":["GET"]}}],"collection":[{"href":"https:\/\/blogs.univ-tlse2.fr\/journeesanstia\/wp-json\/wp\/v2\/pages"}],"about":[{"href":"https:\/\/blogs.univ-tlse2.fr\/journeesanstia\/wp-json\/wp\/v2\/types\/page"}],"author":[{"embeddable":true,"href":"https:\/\/blogs.univ-tlse2.fr\/journeesanstia\/wp-json\/wp\/v2\/users\/1075"}],"replies":[{"embeddable":true,"href":"https:\/\/blogs.univ-tlse2.fr\/journeesanstia\/wp-json\/wp\/v2\/comments?post=222"}],"version-history":[{"count":71,"href":"https:\/\/blogs.univ-tlse2.fr\/journeesanstia\/wp-json\/wp\/v2\/pages\/222\/revisions"}],"predecessor-version":[{"id":406,"href":"https:\/\/blogs.univ-tlse2.fr\/journeesanstia\/wp-json\/wp\/v2\/pages\/222\/revisions\/406"}],"wp:attachment":[{"href":"https:\/\/blogs.univ-tlse2.fr\/journeesanstia\/wp-json\/wp\/v2\/media?parent=222"}],"curies":[{"name":"wp","href":"https:\/\/api.w.org\/{rel}","templated":true}]}}