 {"id":117,"date":"2014-12-21T19:13:04","date_gmt":"2014-12-21T18:13:04","guid":{"rendered":"https:\/\/blogs.univ-tlse2.fr\/jouve\/?page_id=117"},"modified":"2025-09-01T10:21:12","modified_gmt":"2025-09-01T09:21:12","slug":"presentations","status":"publish","type":"page","link":"https:\/\/blogs.univ-tlse2.fr\/jouve\/presentations\/","title":{"rendered":"Main presentations"},"content":{"rendered":"<ol>\n<li><strong>Jouve B.<\/strong> (2022) <a href=\"https:\/\/bilmuh.gtu.edu.tr\/%7Edgozupek\/wgt2022\/\">Assortativity in graphs<\/a>. Workshop on Graph Theory and its Applications, Istambul, 14-15 October 2022.<\/li>\n<li><strong>Jouve B.<\/strong> (2021) <a href=\"https:\/\/blogs.univ-tlse2.fr\/jouve\/files\/2022\/01\/digeing-Bertrand-Jouve-En.pdf\">Which digital smartness for which well-being?<\/a> Reflexion on the challenging question of digital media for the First Digital Media and Human Well-Being Workshop. 22-24 november 2021, Madrid, Spain. (<a href=\"https:\/\/blogs.univ-tlse2.fr\/jouve\/files\/2022\/01\/digeing-Bertrand-Jouve-Fr.pdf\">french version<\/a>)<\/li>\n<li><strong>Jouve B.<\/strong> (2020) <a href=\"https:\/\/blogs.univ-tlse2.fr\/jouve\/files\/2020\/10\/Math_and_covid.pdf\">Mathematics, the pandemic and complex systems<\/a>, WEBMINAR <em>Mathematics for human flourishing in the time of COVID and POST COVID-19, ICMPA-UNESCO chair, <\/em>21 october 2020. (<a href=\"https:\/\/blogs.univ-tlse2.fr\/jouve\/files\/2020\/10\/Math_et_covid.pdf\">french version<\/a>)<\/li>\n<li><strong>Jouve B.<\/strong>, E. Fieux (2020) <a href=\"https:\/\/blogs.univ-tlse2.fr\/jouve\/files\/2020\/02\/ICORES.pdf\">Graph Mining by Vertex Dismantlings<\/a>, ICORES 2020 (9th International Conference on Operations Research and Enterprise Systems), keynote speaker, 22-24 february 2020.<\/li>\n<li>Ellison D., <strong>Jouve B.<\/strong> (2020) <a href=\"https:\/\/graphmodif.ii.uib.no\/pres\/thu-3.pdf\">Switching checkerboards<\/a>, Workshop on Graph Modification, 23-24 january 2020, Bergen, Norway.<\/li>\n<li><strong>Jouve B. <\/strong>(2018) k-dismantlability in graphs, Monash University, Melbourne, <em>23\/03\/2018 <\/em>(<a href=\"http:\/\/users.monash.edu\/%7Egfarr\/research\/slides\/Jouve-MONASH.pdf\">http:\/\/users.monash.edu\/~gfarr\/research\/slides\/Jouve-MONASH.pdf<\/a>)<\/li>\n<li><strong>Jouve B. <\/strong>(2018) Using graph theory for the study of medieval social network, RMIT University, Melbourne, <em>16\/03\/2018<\/em> (<a href=\"https:\/\/sites.rmit.edu.au\/rmitopt\/2018\/03\/10\/talk-by-bertrand-jouve-march-the-16th\/\">https:\/\/sites.rmit.edu.au\/rmitopt\/2018\/03\/10\/talk-by-bertrand-jouve-march-the-16th\/<\/a>)<\/li>\n<li>Djellabi M., Amblard F., <strong>Jouve B.<\/strong> (2017) D\u00e9tection des parties non denses dans un r\u00e9seau complexe, <em>MARAMI 2017, La Rochelle 18-20\/10\/2017.<\/em><\/li>\n<li><strong>Jouve B. <\/strong>(2017) Using graph theory for the study of medieval social network. <em>S\u00e9minaires de l\u2019Institut d\u2019Etudes Avanc\u00e9s de Toulouse, 24\/02\/2017.<\/em><\/li>\n<li><strong>Jouve B<\/strong>. (2016) Mod\u00e9lisation de r\u00e9seaux complexes : application \u00e0 des donn\u00e9es d&#8217;histoire m\u00e9di\u00e9vale. <em>S\u00e9minaire \u00ab Networks and Patterns \u00bb, IXXI, Grenoble, 18\/10\/2016<\/em>.<\/li>\n<li><strong>Jouve B.<\/strong> (2016) Comment \u00e9tudier les r\u00e9seaux sociaux du pass\u00e9 ? <em>Socionet2016, Lyon, 08\/06\/2016.<\/em><\/li>\n<li>Hautefeuille F. &amp; <strong>Jouve B.<\/strong> (2016) La mod\u00e9lisation des liens et des non-liens\u00a0: un cas m\u00e9di\u00e9val. <em>Ateliers Interdisciplinaire IUF, Toulouse, 04\/02\/2016.<\/em><\/li>\n<li><strong>Jouve B. <\/strong>(2015) R\u00e9seaux de sociabilit\u00e9 dans la soci\u00e9t\u00e9 paysanne m\u00e9di\u00e9vale. <em>Journ\u00e9e autour de l\u2019analyse de r\u00e9seaux en sciences sociales, 40<sup>\u00e8me<\/sup> anniversaire de l\u2019EHESS, Paris, 19\/06\/2015 (<\/em><a href=\"http:\/\/crh.ehess.fr\/index.php?4594\"><em>http:\/\/crh.ehess.fr\/index.php?4594<\/em><\/a><em>).<\/em><\/li>\n<li><strong>Jouve B. <\/strong> (2014) Graphs to analyze medieval social networks. <em>Network analysis and applications, School of Advanced Sciences of Luchon, 21\/06\/2014-5\/07\/2014.<\/em><\/li>\n<li><strong>Jouve B. <\/strong> (2014) L&#8217;analyse de r\u00e9seau pour l&#8217;\u00e9tude de donn\u00e9es d&#8217;histoire m\u00e9di\u00e9vale, <em>RNSC 2014, Mulhouse, 17-20\/11\/2014.<\/em><\/li>\n<li><strong>Jouve B. <\/strong> (2014) La dilution des \u00e9lites au passage de la guerre de cent ans dans le sud de la France : une mod\u00e9lisation r\u00e9seau, <em>MASHS 2014<\/em>,<em> Paris, 22-23\/05\/2014<\/em>.<\/li>\n<li><strong>Jouve B. <\/strong> (2014) Graphs to analyze medieval social networks. <em>Network analysis and applications, School of Advanced Sciences of Luchon, 21\/06\/2014-5\/07\/2014.<a href=\"http:\/\/www.quantware.ups-tlse.fr\/ecoleluchon2014\/slides\/jouve.pdf\">[slides]<\/a><\/em><\/li>\n<li><strong>Lumbreras A., Lanagan J., Velcin J., Jouve B. (2013)<\/strong> Analyse des roles dans les communaut\u00e9s virtuelles : definitions et premi\u00e8res experimentations sur IMDb. <em>4<sup>i\u00e8me<\/sup> conf\u00e9rence sur les mod\u00e8les et l\u2019analyse des r\u00e9seaux : approches math\u00e9matiques et informatiques (MARAMI), 16-18 octobre 2013, Saint-Etienne.<a href=\"http:\/\/www-lipn.univ-paris13.fr\/~kanawati\/marami13\/lumbreras.pdf\">[paper]<\/a><\/em><\/li>\n<li><strong>Lumbreras A., Lanagan J, Jouve B., Velcin J. (2013)<\/strong> An insight into the Analysis of Roles in IMDb. <em>Complexity in social systems: from data to models, Cergy Pontoise (95), 27-28 juin 2013. (<\/em><a href=\"http:\/\/complexity-in-social-systems.u-cergy.fr\/?page_id=326\"><em>http:\/\/complexity-in-social-systems.u-cergy.fr\/?page_id=326<\/em><\/a><em>)<\/em><\/li>\n<li><strong>Jouve B. (2013)<\/strong> Social networks and interdisciplinary research. <em>Invited speaker and Chair, 6<sup>th<\/sup> Symposium of the \u201cFrance-Taiwan frontiers of Science (FTFoS)\u201d, 10-12 juin 2013, Margaux (Gironde).<\/em><\/li>\n<li><strong>Jouve B. (2013)<\/strong> Outils math\u00e9matiques pour l\u2019analyse des r\u00e9seaux sociaux<em>. Symposium sur l\u2019Analyse des R\u00e9seaux Sociaux, 6<sup>\u00e8me<\/sup> Congr\u00e8s Biennal de la Soci\u00e9t\u00e9 de Math\u00e9matiques Appliqu\u00e9es et Industrielles, Seignosse (Landes) 27-31 mai 2013.<\/em><\/li>\n<li><strong>Rodier X., Hautefeuille F., Le Couedic M., Leturcq S., Jouve B., Fieux E. (2013)<\/strong> De l\u2019espace aux graphes\u00a0: mesurer les dynamiques spatiales des terroirs villageois. <em>Mesure et Histoire m\u00e9di\u00e9vale, p98\u00a0:119. XLIII<sup>\u00e8me<\/sup> congr\u00e8s de la SHMES, 31 mai-2 juin 2012, Tours, Publications de la Sorbonne.<\/em><\/li>\n<li><strong>Jouve B.<\/strong> <strong>(2012)<\/strong> Th\u00e9orie des graphes pour l&#8217;analyse de r\u00e9seaux r\u00e9els, <em>conf\u00e9rence invit\u00e9e Colloque annuel de la Soci\u00e9t\u00e9 Francophone de Classification, 29-31 octobre 2012, Marseille<\/em>.<a href=\"https:\/\/blogs.univ-tlse2.fr\/jouve\/files\/2014\/12\/SFC2012.pdf\"><em>[slides]<\/em><\/a><\/li>\n<li><strong>Jouve<\/strong> B (2011) Dismantability and pursuit games on a graph, <em>International Conference on Discrete Mathematics &amp; Computer Science, conf\u00e9rence invitee DIMACOS\u201911, Mohamedia Maroc, May 5- 8, 2011 (<\/em><a href=\"http:\/\/www.fstm.ac.ma\/pageweb-DIMACOS11-7-2-11\/index.htm\"><em>http:\/\/www.fstm.ac.ma\/pageweb-DIMACOS11-7-2-11\/index.htm<\/em><\/a><em>)<\/em><\/li>\n<li><strong>Lacomme L, Camps V, Demazeau Y,Hautefeuille F, Jouve B (2011)<\/strong> Middle Age Social Networks: a dynamic organizational study. <em>9th International Conference on Practical Applications of Agents and Multi-Agent Systems<\/em>, <em>Salamanca-Spain, 6-8 avril 2011. Advances on Practical Applications of Agents and Multiagent Systems, Advances in Intelligent and Soft Computing, 2011, Volume 88\/2011, 211-216.<a href=\"https:\/\/blogs.univ-tlse2.fr\/jouve\/files\/2014\/12\/Lacomme-00880211.pdf\">[paper]<\/a><\/em><\/li>\n<li><strong>Boulet R, Mazzega P and Jouve B (2009)<\/strong> Environmental, social and normative networks in the MAELIA Platform. <em>Proc. of<\/em> <em>Legal &amp; Decision Support Systems\u201909, Barcelona \u2013 Spain, (in conjunction with <\/em><em>the 12th International Conference on Artificial Intelligence and Law), 12 juin 2009, M. Poblet, U. Schild, J. Zeleznikow eds., CEUR, p.83-93, <\/em><a href=\"http:\/\/ceur-ws.org\/Vol-482\"><em>http:\/\/ceur-ws.org\/Vol-482<\/em><\/a>.<\/li>\n<li><strong>Boulet R, Fieux E, Jouve B (2008)<\/strong> s-homotopy for finite graph. <em>Electonic Notes in Discrete Mathematics (31) : 123-127. Proceedings of Topological &amp; Geometrical Graph Theory TGGT2008, 19-23 mai 2008.<\/em><\/li>\n<li><strong>Jouve B<\/strong> <strong>(2005)<\/strong> Transitive convex subsets in large tournaments.<em> 7th International Colloquium on Graph Theory ICGT &#8217;05, 12-16 septembre 2005, Hyi\u00e8re-France.<\/em><\/li>\n<li><strong>Culus JF, Jouve B (2004)<\/strong> D\u00e9composition de tournois en classes acycliques. <em>SFC2004, 11\u00e8mes rencontres de la Soci\u00e9t\u00e9 Francophone de Classification, 8-10 septembre 2004, Bordeaux (France)<\/em><\/li>\n<li><strong>Kennedy H, Falchier A, Knoblauch K, Jouve B (2003)<\/strong> Eccentricity has a major influence on cortico-cortical connectivity of areas V1, V2 and V4 in the macaque. <em>4th Annual Meeting of the International Multisensory Research Forum, June 14 &#8211; 17, 2003, Ontario (Canada)<\/em><\/li>\n<li><strong>Luce JM, Jouve B (2003)<\/strong> La r\u00e9partition des offrandes au sol dans le secteur nord du sanctuaire d&#8217;Athena Alea \u00e0 Teggee. <em>Ancient Arcadia, Research seminar organized by the Norwegian Institute at Athens, 7-10 may 2002<\/em>.<\/li>\n<li><strong>Knoblauch K, Jouve B, Falchier A, Cirilli L, Kennedy H (2002)<\/strong> Organization of cortical areas in central and peripheral visual fields as revealed by graph theory analysis. <em>3<sup>rd<\/sup> Forum of European Neuroscience, Paris, 13-17 juillet 2002.<\/em><\/li>\n<li><strong>Jouve B, Knoblauch K (2002)<\/strong> Methods for structure extraction in graphs: example of networks of cortical visual areas. <em>Workshop on Inter-areal Processing in the Cortex, Lyon, 1-3 mars 2002.<\/em><\/li>\n<li><strong>Ferr\u00e9 L, Jouve B, Kuntz P (2002)<\/strong> Une approche g\u00e9om\u00e9trique pour des probl\u00e8mes de Web mining. <em>ROADEF 2002, 4\u00e8me journ\u00e9es internationales de Recherche Op\u00e9rationnelle et d&#8217;Aide \u00e0 la D\u00e9cision, ENST Paris, 20-22 f\u00e9vrier 2002.<\/em><\/li>\n<li><strong>Ferr\u00e9 L, Jouve B (2001)<\/strong> Un exemple de partitionnement de graphe pour la recherche de pseudo-puits : application au World Wide Web. <em>8\u00e8me rencontres de la Soci\u00e9t\u00e9 Francophone de Classification, Pointe-\u00e0 Pitre (Guadeloupe), 17-21 d\u00e9cembre 2001<\/em>.<\/li>\n<li><strong>Jouve B<\/strong> <strong>(1997)<\/strong> Multiplicit\u00e9 des aires corticales et traitement de l&#8217;information visuelle: approche par la th\u00e9orie des graphes. <em>3<sup>\u00e8me<\/sup> colloque de la Soci\u00e9t\u00e9 des Neurosciences, Bordeaux (France), 25-28 Mai 1997.<\/em><\/li>\n<\/ol>\n","protected":false},"excerpt":{"rendered":"<p>Jouve B. (2022) Assortativity in graphs. Workshop on Graph Theory and its Applications, Istambul, 14-15 October 2022. Jouve B. (2021) Which digital smartness for which well-being? Reflexion on the challenging question of digital media for the First Digital Media and Human Well-Being Workshop. 22-24 november 2021, Madrid, Spain. (french version) Jouve B. (2020) Mathematics, the [&hellip;]<\/p>\n","protected":false},"author":254,"featured_media":0,"parent":0,"menu_order":0,"comment_status":"closed","ping_status":"open","template":"","meta":{"footnotes":""},"class_list":["post-117","page","type-page","status-publish","hentry"],"_links":{"self":[{"href":"https:\/\/blogs.univ-tlse2.fr\/jouve\/wp-json\/wp\/v2\/pages\/117","targetHints":{"allow":["GET"]}}],"collection":[{"href":"https:\/\/blogs.univ-tlse2.fr\/jouve\/wp-json\/wp\/v2\/pages"}],"about":[{"href":"https:\/\/blogs.univ-tlse2.fr\/jouve\/wp-json\/wp\/v2\/types\/page"}],"author":[{"embeddable":true,"href":"https:\/\/blogs.univ-tlse2.fr\/jouve\/wp-json\/wp\/v2\/users\/254"}],"replies":[{"embeddable":true,"href":"https:\/\/blogs.univ-tlse2.fr\/jouve\/wp-json\/wp\/v2\/comments?post=117"}],"version-history":[{"count":29,"href":"https:\/\/blogs.univ-tlse2.fr\/jouve\/wp-json\/wp\/v2\/pages\/117\/revisions"}],"predecessor-version":[{"id":649,"href":"https:\/\/blogs.univ-tlse2.fr\/jouve\/wp-json\/wp\/v2\/pages\/117\/revisions\/649"}],"wp:attachment":[{"href":"https:\/\/blogs.univ-tlse2.fr\/jouve\/wp-json\/wp\/v2\/media?parent=117"}],"curies":[{"name":"wp","href":"https:\/\/api.w.org\/{rel}","templated":true}]}}