 {"id":2,"date":"2014-11-25T13:05:05","date_gmt":"2014-11-25T13:05:05","guid":{"rendered":"https:\/\/blogs.univ-tlse2.fr\/jouve\/?page_id=2"},"modified":"2026-04-10T10:31:22","modified_gmt":"2026-04-10T09:31:22","slug":"page-d-exemple","status":"publish","type":"page","link":"https:\/\/blogs.univ-tlse2.fr\/jouve\/page-d-exemple\/","title":{"rendered":"Publications"},"content":{"rendered":"<ol>\n<li><strong>Bouzid S., Turki S. Y., Ayadi N., Ben Amor N., Jouve B. (2025)<\/strong> Analyse des pratiques de<br \/>\nmobilit\u00e9 quotidienne dans les zones d\u2019activit\u00e9s de Tunis. In Mobilit\u00e9s dans les marges :<br \/>\nregards depuis le Sud. S.Y. Turki et al. (dir). ISBN 978-9938-44-079-9<\/li>\n<li><strong>Jouve B., Rochet P., Salifou M. (2024)<\/strong> A comparative study of gravity models to assess the<br \/>\nevolution of urban bicycle mobility. Transactions on Transport Sciences.<br \/>\n<a href=\"https:\/\/tots.upol.cz\/artkey\/tot-202501-0001_a-comparative-study-of-gravity-models-to-assess-the-evolution-of-urban-bicycle-mobility.php\">https:\/\/doi.org\/10.5507\/tots.2024.019<\/a><\/li>\n<li><strong>Furno A., Jouve B., Revelli B., Rochet P. (2024)\u00a0<\/strong> <a href=\"https:\/\/arxiv.org\/abs\/2206.06286\">Impact of the COVID-19 pandemic on bike-sharing uses in two french towns<\/a>.<em> Transportation (accepted for publication)<br \/>\n<\/em><\/li>\n<li><strong>Ellison D., Jouve B., Stone L.<\/strong> (2024) <a href=\"https:\/\/blogs.univ-tlse2.fr\/jouve\/files\/2023\/10\/published-paper.pdf\">Switching checkerboards in (0,1)-matrices<\/a>.\u00a0 <em>Linear Algebra and its Applications 680: 274\u2013292<\/em><\/li>\n<li><strong>Djellabi M. and Jouve B. <\/strong> <strong>() <\/strong><a href=\"https:\/\/arxiv.org\/pdf\/2104.05982\">Clustering of temporal nodes profiles in dynamic networks of contacts<\/a>.<em> arXiv preprint<\/em><\/li>\n<li><strong>Demange M., Ellison D., Jouve B.<\/strong> <strong>(2021)<\/strong> <a href=\"https:\/\/doi.org\/10.1016\/j.tcs.2021.01.003\">Orienteering problem with time-windows and updating delay<\/a>. <em>Theoretical Computer Science 863: 1-18<\/em><\/li>\n<li><strong>Djellabi M., Jouve B. and Amblard F.<\/strong> <strong>(2020) <\/strong><a href=\"https:\/\/doi.org\/10.1093\/comnet\/cnaa021\">Dense and sparse vertex connectivity in networks<\/a>.<em> Journal of Complex Networks 8(3)<\/em><\/li>\n<li><strong>Fieux E, Jouve B (2020)<\/strong> A hierarchy of dismantlings in graphs. <em>Discrete Mathematics 343: 111914<\/em> <em>(online) <a href=\"https:\/\/arxiv.org\/abs\/1902.04508\">[paper] <\/a><\/em><\/li>\n<li><strong>Boulet R, Fieux E, Jouve B (2019)<\/strong> Corrigendum to \u201cSimplicial simple-homotopy of flag complexes in terms of graphs\u201d. <em>In press. Available online 23 May 2019, Article 102974.<\/em><\/li>\n<li><strong>Coupechoux P, Demange M, Ellison D, Jouve B<\/strong> <strong>(2019)<\/strong> Firefighting on trees. <em>Theoretical Computer Science (Special Issue on Theory and Applications of Graph Searching) 794: 69-84. <a href=\"https:\/\/arxiv.org\/pdf\/1902.02159.pdf\">[paper] <\/a><\/em><\/li>\n<li><strong>Coupechou P., Demange M., Ellison D., Jouve B<\/strong>. <strong>(2018)<\/strong> Online Firefighting on Trees, <em>Lecture Notes in Computer Science 10856 (Springer-Verlag)\u00a0: 121-132<\/em>.<\/li>\n<li><strong>Djellabi M., Jouve B. and Amblard F.<\/strong> <strong>(2017)<\/strong> Behind the communities, a focus on the sparse part of a network.<em> C. Cherifi, H. Cherifi, M. Karsai, M. Musolesi (Eds.), Springer, Studies in Computational Intelligence 689: 216-228.<\/em><\/li>\n<li><strong>Lumbreras A, , Jouve B, Velcin J, Guegan M<\/strong> <strong>(2017)<\/strong> Role detection based on thread growth models. <em>Social Network Analysis and Mining<\/em><em> 7 (1): 49. <a href=\"https:\/\/hal.archives-ouvertes.fr\/hal-01665539\/\">[paper]<\/a><\/em><\/li>\n<li class=\"textsmal\"><strong>Lumbreras A, Velcin J, Guegan M, Jouve B (2017)<\/strong> Non-parametric clustering over user features and latent behavioral functions with dual-view mixture models. <em>Computational Statistics 32(1): 145-177 <a href=\"https:\/\/hal.archives-ouvertes.fr\/hal-01341870\/document\">[paper]<\/a><br \/>\n<\/em><\/li>\n<li class=\"textsmal\"><strong>Boudabbous Y, Ille P, Jouve B, Salhi A<\/strong> <strong>(2015)<\/strong> Critically twin primitive 2-structures. <em>Graphs and Combinatorics 31(5): 1223-1247 <a href=\"https:\/\/blogs.univ-tlse2.fr\/jouve\/files\/2014\/12\/BIJSdec13gcom.pdf\">[paper]<\/a><br \/>\n<\/em><\/li>\n<li class=\"textsmal\"><strong>Le Cou\u00e9dic M., Leturcq S., Rodier X., Hautefeuille F., Jouve B., Fieux E.<\/strong> <strong>(2013)<\/strong> From space to graphs to understand spatial changes using medieval and modern fiscal sources,<em> In Archeology in the Digital Era, Amsterdam University Press, p 420:427. <a href=\"https:\/\/blogs.univ-tlse2.fr\/jouve\/files\/2014\/12\/Rodier_etal-CAA2012final-fig.pdf\">[paper]<\/a><br \/>\n<\/em><\/li>\n<li class=\"textsmal\"><strong>Le Couedic M., Leturcq S., Rodier X., Hautefeuille F., Fieux E., Jouve B.<\/strong> <strong>(2012)<\/strong> Du cadastre ancien au graphe. Les dynamiques spatiales dans les sources fiscales m\u00e9di\u00e9vales et modernes. <em>Arch\u00e9oSciences 36\u00a0: 71-84. <a href=\"https:\/\/blogs.univ-tlse2.fr\/jouve\/files\/2014\/12\/Article-Modelespace-Arche\u0301osciences-36.pdf\">[paper]<\/a><br \/>\n<\/em><\/li>\n<li class=\"textsmal\"><strong>Hautefeuille F, Jouve B<\/strong> <strong>(2012)<\/strong> La d\u00e9finition des \u00e9lites rurales (XIII-XV\u00b0 s.) au carrefour des approches : historiques, arch\u00e9ologiques, math\u00e9matiques. <em>M\u00e9langes de l\u2019Ecole Fran\u00e7aise de Rome (MEFRM) 124(2)\u00a0: 383-403. <a href=\"http:\/\/mefrm.revues.org\/843\">[paper]<\/a><br \/>\n<\/em><\/li>\n<li class=\"textsmal\"><strong>Villa-Vialaneix N., Jouve B., Rossi F., Hautefeuille F.<\/strong> <strong>(2012)<\/strong> Spatial correlation in bipartite networks: the impact of the geographical distances on the relations in a corpus of medieval transactions. <em>Revue des Nouvelles Technologies de l&#8217;Information (SHS-1) : 97-110. <a href=\"https:\/\/blogs.univ-tlse2.fr\/jouve\/files\/2014\/12\/villavialaneix_etal_MASHS2012-final.pdf\">[paper]<\/a><br \/>\n<\/em><\/li>\n<li><strong>Lacomme L., Camps V., Demazeau Y., Hautefeuille F., Jouve B. (2011)<\/strong> Middle Age Social Networks: A Dynamic Organizational Study. <em>In: Demazeau Y., P\u011bchouc\u011bk M., Corchado J.M., P\u00e9rez J.B. (eds) Advances on Practical Applications of Agents and Multiagent Systems, 88. Springer: 211-216.<br \/>\n<\/em><\/li>\n<li class=\"textsmal\"><b>Boulet R, Fieux E, Jouve B (2010)<\/b><b> <\/b> Simplicial simple-homotopy of flag complexes in terms of graphs. <em>European Journal of Combinatorics 31: 161-176<\/em> <a href=\"https:\/\/hal.archives-ouvertes.fr\/hal-00740434\/document\"><i><span style=\"font-size: small\">[paper]<\/span><\/i><\/a><\/li>\n<li class=\"textsmal\"><b>Boulet R., Mazzega P., Jouve B. (2009) <\/b>Environmental, social and normative networks in the MAELIA Platform, <em>Proc. Workshop Legal &amp; Decision Support Systems&#8217;09<\/em>, Barcelona, Spain, M. Poblet, U. Schild, J. Zelenikow eds., CEUR, p83-93. <a href=\"http:\/\/ceur-ws.org\/Vol-482\/Paper_8.pdf\"><i><span style=\"font-size: small\">[paper]<\/span><\/i><\/a><\/li>\n<li class=\"textsmal\"><i><kbd><\/kbd><\/i><b>Culus JF, Jouve B (2009) <\/b>Convex circuit free coloration of an oriented graph. <i>European Journal of Combinatorics 30(1): 43-52. <\/i><i><span style=\"font-size: small\"><a href=\"https:\/\/blogs.univ-tlse2.fr\/jouve\/files\/2014\/12\/article-mis-en-forme.pdf\" name=\"top\">[paper]<\/a><\/span><\/i><\/li>\n<li class=\"textsmal\"><strong>Jouve B. (2009) <\/strong>Math\u00e9matiques pour l\u2019\u00e9tude de graphes de tailles moyennes\u00a0: approches th\u00e9oriques et cas d\u2019\u00e9tudes. Habilitation \u00e0 Diriger des Recherches de l&#8217;Universit\u00e9 de Toulouse. <em><a href=\"https:\/\/blogs.univ-tlse2.fr\/jouve\/files\/2014\/12\/habilitation-complete16.pdf\">[HDR]<\/a><\/em><\/li>\n<li class=\"textsmal\"><i><kbd><\/kbd><\/i><b>Boulet R, <\/b><b>Jouve B (2008)<\/b><b> <\/b> The lollipop graph is determined by its spectrum. <em>The Electronic Journal of Combinatorics 15(1): R74<\/em> <a href=\"http:\/\/www.combinatorics.org\/Volume_15\/PDF\/v15i1r74.pdf\"><i><span style=\"font-size: small\">[paper]<\/span><\/i><\/a><\/li>\n<li class=\"textsmal\"><b>Boulet R, <\/b><b>Jouve B,<\/b><b> Rossi F,<\/b><b> Villa N<\/b><b> (2008) <\/b> Batch kernel SOM and related Laplacian methods for social network analysis. <i>Neurocomputing <\/i><em>71 (7-9): 1257-1273<\/em>.<i><a href=\"http:\/\/arxiv.org\/pdf\/0801.0848v1\"><span style=\"font-size: small\">[paper]<\/span><\/a>\u00a0 <\/i><a href=\"http:\/\/www.nature.com\/news\/2008\/080519\/full\/news.2008.839.html\">Papier pr\u00e9sent\u00e9 sur le site de Nature <\/a><\/li>\n<li><strong><b>Boulet R, Fieux E, Jouve B<\/b><\/strong>\u00a0<strong>(2008)<\/strong> s-homotopy for finite graph. <em>Electonic Notes in Discrete Mathematics (31): 123-127. <\/em><\/li>\n<li class=\"textsmal\"><b>Boulet R., Jouve B (2007) <\/b>Partitionnement d\u2019un r\u00e9seau de sociabilit\u00e9 \u00e0 fort coefficient de clustering.<i> Revue des Nouvelles Technologies de l&#8217;Information (9) : 569-574. <\/i><i><kbd><\/kbd><\/i><i><span style=\"font-size: small\"><a href=\"http:\/\/arxiv.org\/abs\/physics\/0610199\" name=\"top\">[paper]<\/a><\/span> <\/i><\/li>\n<li class=\"textsmal\"><b>Culus JF, Jouve B (2005) <\/b>Tournois sans intervalle acyclique.<i> Comptes Rendus de l\u2019Acad\u00e9mie des Sciences de Paris (Ser.1 341) : 465-468.<\/i><i><kbd><\/kbd><\/i><i><span style=\"font-size: small\"><a href=\"http:\/\/hal.inria.fr\/docs\/00\/13\/48\/72\/PDF\/cras.pdf\" name=\"top\">[article]<\/a><\/span> <\/i><\/li>\n<li class=\"textsmal\"><b>Jouve B (2005) <\/b>Transitive convex subsets in large tournaments.<i> Electronic Notes on Discrete Mathematics (22) : 433-437. <a href=\"https:\/\/blogs.univ-tlse2.fr\/jouve\/files\/2014\/12\/JOUVE.pdf\">[paper] <\/a><\/i><span style=\"font-family: Arial;font-size: small\">(7th International Colloquium on Graph Theory ICGT &#8217;05, 12-16 septembre 2005, Hyi\u00e8re-France)<\/span><\/li>\n<li class=\"textsmal\"><b>Vezoli J, Falchier A, Jouve B, Knoblauch K, Young M and Kennedy H (2004) <\/b>Quantitative analysis of connectivity in the visual cortex : extracting function from structure. <em>The Neuroscientist 10 (5) : 476-482 <\/em> <span class=\"textsmal\">,<\/span> SAGE Publ. <a href=\"https:\/\/blogs.univ-tlse2.fr\/jouve\/files\/2014\/12\/neuroscientist.pdf\"><i><kbd><span style=\"font-size: small\">[paper]<\/span><\/kbd><\/i><\/a><i><span style=\"font-size: small\"><a href=\"http:\/\/eric.univ-lyon2.fr\/%7Ebjouve\/papier\/tegee.pdf\" name=\"top\"><\/a><\/span> <\/i><\/li>\n<li class=\"textsmal\"><b>Ferr\u00e9 L, Jouve B (2002) <\/b>Vertex partitioning of a class of digraphs.<i> Mathematics &amp; Social Sciences (158) :<\/i> 59 &#8211; 77. <a href=\"https:\/\/journals.openedition.org\/msh\/2857\"><i><kbd><span style=\"font-size: small\">[paper]<\/span><\/kbd><\/i><\/a><\/li>\n<li class=\"textsmal\"><b>Jouve B, Kuntz P, Velin E (2001)<\/b> Extraction de structures macroscopiques dans des grands graphes par une approche spectrale.<i> In Extraction des Connaissances et Apprentissage, 1 (4<\/i>) : 173-184. Hermes (eds), Paris. <a href=\"https:\/\/blogs.univ-tlse2.fr\/jouve\/files\/2014\/12\/egc2002.pdf\"><i><kbd><span style=\"font-size: small\">[paper]<\/span><\/kbd><\/i><\/a><\/li>\n<li class=\"textsmal\"><b>Jouve B (1999)<\/b> La multiplicit\u00e9 des aires visuelles du cortex: approche par la th\u00e9orie des graphes. <i><span style=\"text-decoration: underline\">Doctorat de L&#8217;Ecole des Hautes Etudes en Sciences Sociales <\/span>(discipline: Sciences Cognitives)<\/i>, sous la direction de Michel Imbert et Pierre Rosenstiehl, soutenue le 11 Janvier 1999. <a href=\"https:\/\/blogs.univ-tlse2.fr\/jouve\/files\/2014\/12\/these1.pdf\">[PhD1]<\/a><a href=\"https:\/\/blogs.univ-tlse2.fr\/jouve\/files\/2014\/12\/these2.pdf\">[PhD2]<\/a><\/li>\n<li class=\"textsmal\"><b>Jouve B, Rosenstiehl P, Imbert M (1998) <\/b>A mathematical approach to the connectivity between the cortical visual areas of the macaque monkey. <i>Cerebral Cortex (8):<\/i> 28-39. <a href=\"http:\/\/cercor.oxfordjournals.org\/content\/8\/1\/28.full.pdf+html?sid=73beb426-d88b-47f9-9940-6a03663ffdd0\"><i><kbd><span style=\"font-size: small\"> [paper]<\/span><\/kbd><\/i><\/a><\/li>\n<\/ol>\n","protected":false},"excerpt":{"rendered":"<p>Bouzid S., Turki S. Y., Ayadi N., Ben Amor N., Jouve B. (2025) Analyse des pratiques de mobilit\u00e9 quotidienne dans les zones d\u2019activit\u00e9s de Tunis. In Mobilit\u00e9s dans les marges : regards depuis le Sud. S.Y. Turki et al. (dir). ISBN 978-9938-44-079-9 Jouve B., Rochet P., Salifou M. (2024) A comparative study of gravity models [&hellip;]<\/p>\n","protected":false},"author":254,"featured_media":0,"parent":0,"menu_order":0,"comment_status":"closed","ping_status":"closed","template":"","meta":{"footnotes":""},"class_list":["post-2","page","type-page","status-publish","hentry"],"_links":{"self":[{"href":"https:\/\/blogs.univ-tlse2.fr\/jouve\/wp-json\/wp\/v2\/pages\/2","targetHints":{"allow":["GET"]}}],"collection":[{"href":"https:\/\/blogs.univ-tlse2.fr\/jouve\/wp-json\/wp\/v2\/pages"}],"about":[{"href":"https:\/\/blogs.univ-tlse2.fr\/jouve\/wp-json\/wp\/v2\/types\/page"}],"author":[{"embeddable":true,"href":"https:\/\/blogs.univ-tlse2.fr\/jouve\/wp-json\/wp\/v2\/users\/254"}],"replies":[{"embeddable":true,"href":"https:\/\/blogs.univ-tlse2.fr\/jouve\/wp-json\/wp\/v2\/comments?post=2"}],"version-history":[{"count":63,"href":"https:\/\/blogs.univ-tlse2.fr\/jouve\/wp-json\/wp\/v2\/pages\/2\/revisions"}],"predecessor-version":[{"id":657,"href":"https:\/\/blogs.univ-tlse2.fr\/jouve\/wp-json\/wp\/v2\/pages\/2\/revisions\/657"}],"wp:attachment":[{"href":"https:\/\/blogs.univ-tlse2.fr\/jouve\/wp-json\/wp\/v2\/media?parent=2"}],"curies":[{"name":"wp","href":"https:\/\/api.w.org\/{rel}","templated":true}]}}