 {"id":46,"date":"2014-12-13T09:36:48","date_gmt":"2014-12-13T08:36:48","guid":{"rendered":"https:\/\/blogs.univ-tlse2.fr\/jouve\/?page_id=46"},"modified":"2025-09-03T09:04:36","modified_gmt":"2025-09-03T08:04:36","slug":"recherche","status":"publish","type":"page","link":"https:\/\/blogs.univ-tlse2.fr\/jouve\/","title":{"rendered":"Research interests"},"content":{"rendered":"\n\n\n<figure class=\"wp-block-table\"><table class=\"has-fixed-layout\"><tbody><tr><td>\n<a href=\"http:\/\/www.cnrs.fr\" target=\"_blank\" rel=\"noopener noreferrer\"><img loading=\"lazy\" decoding=\"async\" class=\"\" src=\"https:\/\/blogs.univ-tlse2.fr\/jouve\/files\/2014\/12\/cnrs_quadri.jpeg\" alt=\"CNRS\" width=\"72\" height=\"72\" align=\"middle\"><\/a>\n<\/td><td>\n<a href=\"https:\/\/www.univ-toulouse.fr\"><img loading=\"lazy\" decoding=\"async\" class=\"alignnone wp-image-305\" src=\"https:\/\/blogs.univ-tlse2.fr\/jouve\/files\/2024\/09\/Universite-de-Toulouse_0.jpg\" alt=\"\" width=\"316\" height=\"75\"><\/a>\n<\/td><td>\n<a href=\"https:\/\/blogs.univ-tlse2.fr\/jouve\/files\/2018\/09\/UT2J.jpg\"><img loading=\"lazy\" decoding=\"async\" class=\"alignnone wp-image-305\" src=\"https:\/\/blogs.univ-tlse2.fr\/jouve\/files\/2018\/09\/UT2J-300x71.jpg\" alt=\"\" width=\"316\" height=\"75\" srcset=\"https:\/\/blogs.univ-tlse2.fr\/jouve\/files\/2018\/09\/UT2J-300x71.jpg 300w, https:\/\/blogs.univ-tlse2.fr\/jouve\/files\/2018\/09\/UT2J.jpg 460w\" sizes=\"auto, (max-width: 316px) 100vw, 316px\" \/><\/a>\n<\/td><td>\n<a href=\"https:\/\/blogs.univ-tlse2.fr\/jouve\/files\/2018\/09\/lisst-1.png\"><img loading=\"lazy\" decoding=\"async\" class=\"alignnone size-medium wp-image-302\" src=\"https:\/\/blogs.univ-tlse2.fr\/jouve\/files\/2018\/09\/lisst-1-300x136.png\" alt=\"\" width=\"167\" height=\"76\" srcset=\"https:\/\/blogs.univ-tlse2.fr\/jouve\/files\/2018\/09\/lisst-1-300x136.png 300w, https:\/\/blogs.univ-tlse2.fr\/jouve\/files\/2018\/09\/lisst-1.png 333w\" sizes=\"auto, (max-width: 167px) 100vw, 167px\" \/><\/a>\n<\/td><\/tr><\/tbody><\/table><\/figure>\n\n\n\n<figure class=\"wp-block-table\"><table><tbody><tr><td>My research mainly focuses on how graph theory can be used to improve our tools to analyze large-scale interaction networks. For partitioning and hierarchizing networks, I have successively used metrics on graphs, spectral graph analysis, combinatorial properties of some classes of graphs, and simplicial topology of clique complexes. I take part and I promote interdisciplinary cooperation of mathematicians with other domains of science. After having worked with neuroscientists for modelling real neuronal networks, I have developed cooperation for more than fifteen years in the field of social network analysis with historians, linguists, geographers or anthropologists. More recently, I was interested in complexity science, and in particular in complex networks and the link between local and global properties.<br><\/td><td><a rel=\"noreferrer noopener\" href=\"http:\/\/www.cnrs.fr\" target=\"_blank\"><\/a><\/td><\/tr><tr><td>I have been director of <a href=\"https:\/\/mshs.univ-toulouse.fr\/\">The Toulouse Social Sciences and Humanities Research Institute<\/a> during 6 years, Scientific Deputy Director for 5 years at the <a href=\"https:\/\/www.inshs.cnrs.fr\/\"> CNRS Institute for Social Sciences and Humanities<\/a>, President of the <a href=\"https:\/\/www.msh-reseau.fr\"> French National Network of Social Science and Humanity Centers during 2 years<\/a>, and Vice-President Treasurer of the <a href=\"https:\/\/cssociety.org\"> Complex Systems Society<\/a> during two years.<br>I have lead a project for a <a href=\"http:\/\/xsys.fr\">Toulouse Institute for Complex Systems Studies.<\/a> <a href=\"https:\/\/cssociety.org\"> <\/a><br><br>Since July 2023, I have been the scientific coordinator of the <a href=\"https:\/\/www.univ-toulouse.fr\/tiris\" data-type=\"link\" data-id=\"https:\/\/www.univ-toulouse.fr\/tiris\">Toulouse Initiative Research&#8217;s Impact on Society<\/a> (TIRIS). TIRIS is the project with which the University of Toulouse won the &#8220;ExcellencEs&#8221; call for projects (PIA 4). I am deputy Vice-President of the University of Toulouse. <\/td><\/tr><\/tbody><\/table><\/figure>\n\n\n\n<p>Member of the <a href=\"https:\/\/cssociety.org\" data-type=\"link\" data-id=\"https:\/\/cssociety.org\">Complex Systems Society<\/a> and of its <a href=\"http:\/\/css-fr.org\/\" data-type=\"link\" data-id=\"http:\/\/css-fr.org\/\">french chapter<\/a><\/p>\n\n\n\n<div class=\"wp-block-columns is-layout-flex wp-container-core-columns-is-layout-9d6595d7 wp-block-columns-is-layout-flex\">\n<div class=\"wp-block-column is-layout-flow wp-block-column-is-layout-flow\">\n<figure class=\"wp-block-image size-full\"><a href=\"https:\/\/cssociety.org\"><img loading=\"lazy\" decoding=\"async\" width=\"216\" height=\"62\" src=\"https:\/\/blogs.univ-tlse2.fr\/jouve\/files\/2023\/12\/logo-CSS-int.jpg\" alt=\"\" class=\"wp-image-585\" \/><\/a><\/figure>\n<\/div>\n\n\n\n<div class=\"wp-block-column is-layout-flow wp-block-column-is-layout-flow\">\n<figure class=\"wp-block-image size-full\"><a href=\"http:\/\/css-fr.org\/\"><img loading=\"lazy\" decoding=\"async\" width=\"78\" height=\"77\" src=\"https:\/\/blogs.univ-tlse2.fr\/jouve\/files\/2023\/12\/logo-CSSFR.png\" alt=\"\" class=\"wp-image-581\" \/><\/a><\/figure>\n<\/div>\n<\/div>\n\n\n\n<p>&#8212;&#8212;&#8212;&#8212;&#8212;&#8212;-<\/p>\n\n\n\n<div class=\"wp-block-group\"><div class=\"wp-block-group__inner-container is-layout-flow wp-block-group-is-layout-flow\">\n<div class=\"wp-block-columns is-layout-flex wp-container-core-columns-is-layout-9d6595d7 wp-block-columns-is-layout-flex\">\n<div class=\"wp-block-column has-background is-layout-flow wp-block-column-is-layout-flow\" style=\"background-color:#72b0cb;flex-basis:100px\">\n<figure class=\"wp-block-image size-full is-style-rounded\"><a href=\"https:\/\/blogs.univ-tlse2.fr\/jouve\/files\/2021\/09\/erdos-e1631798128220.jpg\"><img loading=\"lazy\" decoding=\"async\" width=\"83\" height=\"100\" src=\"https:\/\/blogs.univ-tlse2.fr\/jouve\/files\/2021\/09\/erdos-e1631798128220.jpg\" alt=\"\" class=\"wp-image-465\" \/><\/a><\/figure>\n<\/div>\n\n\n\n<div class=\"wp-block-column has-background is-layout-flow wp-block-column-is-layout-flow\" style=\"background-color:#72b0cb\">\n<div class=\"wp-block-group\"><div class=\"wp-block-group__inner-container is-layout-flow wp-block-group-is-layout-flow\">\n<p>My Erd\u00f6s number is 3: Paul Erd\u00f6s &#8211; Michel Deza &#8211; Pierre Rosenstiehl &#8211; Bertrand Jouve <br><br> But one of my favorite paths to Erd\u00f6s is <\/p>\n<\/div><\/div>\n<\/div>\n<\/div>\n<\/div><\/div>\n\n\n\n<figure class=\"wp-block-table\"><table class=\"has-dark-gray-color has-text-color has-background\" style=\"background-color:#6aafcc\"><tbody><tr><td><strong>Paul Erd\u00f6s &#8211; Fan Chung<\/strong><\/td><td>Alavi Y., Chartrand G., Chung F.R.K., Erd\u00f6s P., Oellermann O.R. (1987) Highly irregular graphs. <em>J. Graph Theory 11 (2): 235-249.<\/em><\/td><\/tr><tr><td><strong>Fan Chung &#8211; Robert Tarjan <\/strong><\/td><td>Chung F., Garey M.R., Tarjan R.E. (1985) Strongly connected orientaitons of mixed multigraphs. <em>Networks 15 (4): 477-484.<\/em><\/td><\/tr><tr><td><strong>Robert Tarjan &#8211; Pierre Rosenstiehl<\/strong><\/td><td>Rosenstiehl P., Tarjan R.E. (1986) Rectilinear planar layouts and bipolar orientations of planar graphs. <em>Discrete Comput. Geom. 1 (4): 343-353.<\/em><\/td><\/tr><tr><td><strong>Pierre Rosenstiehl &#8211; Bertrand Jouve<\/strong><\/td><td>Jouve B., Rosenstiehl P., Imbert M. (1998) A mathematical approach to the connectivity between the cortical visual areas of the macaque monkey. <em>Cerebral Cortex 8 (1): 28-39<\/em>.<\/td><\/tr><\/tbody><\/table><\/figure>\n\n\n\n<hr class=\"wp-block-separator has-text-color has-blue-color has-css-opacity has-blue-background-color has-background is-style-wide\" \/>\n\n\n\n<figure class=\"wp-block-table\"><table><tbody><tr><td><strong>Contact : <\/strong><\/td><td><\/td><td><\/td><\/tr><tr><td>+33 (0) 671576778<\/td><td><a href=\"mailto:&#98;&#101;&#114;&#116;&#x72;&#x61;&#x6e;&#x64;&#x2e;&#x6a;&#x6f;&#x75;&#x76;e&#64;cnrs&#46;&#102;&#114;\">&#x62;e&#x72;t&#x72;a&#x6e;&#100;&#46;&#x6a;o&#x75;v&#x65;&#64;&#x63;&#110;r&#x73;&#46;&#x66;r<\/a><\/td><td><a href=\"https:=\">https:\/\/lisst.univ-tlse2.fr\/annuaire-lisst\/bertrand-jouve&#8211;52811.kjsp<\/a><\/td><\/tr><\/tbody><\/table><\/figure>\n\n\n\n<hr class=\"wp-block-separator has-text-color has-blue-color has-css-opacity has-blue-background-color has-background is-style-wide\" \/>\n","protected":false},"excerpt":{"rendered":"<p>My research mainly focuses on how graph theory can be used to improve our tools to analyze large-scale interaction networks. For partitioning and hierarchizing networks, I have successively used metrics on graphs, spectral graph analysis, combinatorial properties of some classes of graphs, and simplicial topology of clique complexes. I take part and I promote interdisciplinary [&hellip;]<\/p>\n","protected":false},"author":254,"featured_media":0,"parent":0,"menu_order":0,"comment_status":"closed","ping_status":"open","template":"page-templates\/front-page.php","meta":{"footnotes":""},"class_list":["post-46","page","type-page","status-publish","hentry"],"_links":{"self":[{"href":"https:\/\/blogs.univ-tlse2.fr\/jouve\/wp-json\/wp\/v2\/pages\/46","targetHints":{"allow":["GET"]}}],"collection":[{"href":"https:\/\/blogs.univ-tlse2.fr\/jouve\/wp-json\/wp\/v2\/pages"}],"about":[{"href":"https:\/\/blogs.univ-tlse2.fr\/jouve\/wp-json\/wp\/v2\/types\/page"}],"author":[{"embeddable":true,"href":"https:\/\/blogs.univ-tlse2.fr\/jouve\/wp-json\/wp\/v2\/users\/254"}],"replies":[{"embeddable":true,"href":"https:\/\/blogs.univ-tlse2.fr\/jouve\/wp-json\/wp\/v2\/comments?post=46"}],"version-history":[{"count":174,"href":"https:\/\/blogs.univ-tlse2.fr\/jouve\/wp-json\/wp\/v2\/pages\/46\/revisions"}],"predecessor-version":[{"id":651,"href":"https:\/\/blogs.univ-tlse2.fr\/jouve\/wp-json\/wp\/v2\/pages\/46\/revisions\/651"}],"wp:attachment":[{"href":"https:\/\/blogs.univ-tlse2.fr\/jouve\/wp-json\/wp\/v2\/media?parent=46"}],"curies":[{"name":"wp","href":"https:\/\/api.w.org\/{rel}","templated":true}]}}