 {"id":11,"date":"2017-06-22T11:30:13","date_gmt":"2017-06-22T09:30:13","guid":{"rendered":"https:\/\/blogs.univ-tlse2.fr\/julia-hidalgo\/?page_id=11"},"modified":"2019-10-15T22:25:41","modified_gmt":"2019-10-15T20:25:41","slug":"articles","status":"publish","type":"page","link":"https:\/\/blogs.univ-tlse2.fr\/julia-hidalgo\/articles\/","title":{"rendered":"English"},"content":{"rendered":"\n<p> I have studied the dynamical modification of the atmospheric boundary layer in urbanised environments since 2005. During my PhD and postdoc I worked in three types of research structures: a large national research centre specialized in Meteorological and Climate research (<strong>CNRM- M\u00e9t\u00e9o France<\/strong>), a medium-sized <strong>Atmospheric team at the Vigo University<\/strong> (Spain) and in a multidisciplinary group in a big non-profit Research &amp; Development organization (<strong>LABEIN-Tecnalia, Spain<\/strong>). Those experiences gave me a disciplinary and intedisciplinary background covering subjects related to urban climatology. More specifically on atmospheric boundary layer dynamics, urban climate modelling and mesurement (from the meso- to the micro- scale) and urban adaptation to climate change (focusing mainly on thermal stress and wind patterns).  <\/p>\n\n\n\n<p>\nI have\njoined the french <strong>National Center of Scientific Research (CNRS)<\/strong>\nin 2013 to propose ways of linking climate knowledge with urban\nknowledge by using observations, modeling, and analysis of urban\nplanning tools.<\/p>\n\n\n\n<p>\nThe\n<strong>Interdisciplinary\nCentre of Urban Studies (LISST-Cieu)<\/strong>\nbelongs\nto the Toulouse University (UTJJ; Universit\u00e9 Toulouse Jean Jaur\u00e8s)\nand is one of four teams integrated in the Interdisciplinary\nLaboratory, <em>Laboratoire\nInterdisciplinaire Solidarit\u00e9s, Soci\u00e9t\u00e9s, Territoires (LISST)<\/em>.\nThis pluri-disciplinary laboratory associates fundamental sociology,\nethnology and geography studies. The LISST-Cieu, founded in the\nseventies, has three main thematic axes: first; analysing the needs\nof city adaptation in relation to economic competition, second;\nfocusing on the intra-metropolitan dynamics and living modes and\nthird; focusing on the organisation modes, urban management and\nsustainable development.<\/p>\n\n\n\n<p> Please find an updated list of publications here\u00a0:<\/p>\n\n\n\n<p> <a href=\"https:\/\/cv.archives-ouvertes.fr\/julia-hidalgo\">https:\/\/cv.archives-ouvertes.fr\/julia-hidalgo<\/a><\/p>\n\n\n\n<p> <\/p>\n\n\n\n<p><\/p>\n","protected":false},"excerpt":{"rendered":"<p>I have studied the dynamical modification of the atmospheric boundary layer in urbanised environments since 2005. During my PhD and postdoc I worked in three types of research structures: a large national research centre specialized in Meteorological and Climate research (CNRM- M\u00e9t\u00e9o France), a medium-sized Atmospheric team at the Vigo University (Spain) and in a [&hellip;]<\/p>\n","protected":false},"author":407,"featured_media":0,"parent":0,"menu_order":7,"comment_status":"closed","ping_status":"closed","template":"","meta":{"footnotes":""},"class_list":["post-11","page","type-page","status-publish","hentry"],"_links":{"self":[{"href":"https:\/\/blogs.univ-tlse2.fr\/julia-hidalgo\/wp-json\/wp\/v2\/pages\/11","targetHints":{"allow":["GET"]}}],"collection":[{"href":"https:\/\/blogs.univ-tlse2.fr\/julia-hidalgo\/wp-json\/wp\/v2\/pages"}],"about":[{"href":"https:\/\/blogs.univ-tlse2.fr\/julia-hidalgo\/wp-json\/wp\/v2\/types\/page"}],"author":[{"embeddable":true,"href":"https:\/\/blogs.univ-tlse2.fr\/julia-hidalgo\/wp-json\/wp\/v2\/users\/407"}],"replies":[{"embeddable":true,"href":"https:\/\/blogs.univ-tlse2.fr\/julia-hidalgo\/wp-json\/wp\/v2\/comments?post=11"}],"version-history":[{"count":7,"href":"https:\/\/blogs.univ-tlse2.fr\/julia-hidalgo\/wp-json\/wp\/v2\/pages\/11\/revisions"}],"predecessor-version":[{"id":209,"href":"https:\/\/blogs.univ-tlse2.fr\/julia-hidalgo\/wp-json\/wp\/v2\/pages\/11\/revisions\/209"}],"wp:attachment":[{"href":"https:\/\/blogs.univ-tlse2.fr\/julia-hidalgo\/wp-json\/wp\/v2\/media?parent=11"}],"curies":[{"name":"wp","href":"https:\/\/api.w.org\/{rel}","templated":true}]}}