 {"id":142,"date":"2017-10-25T12:43:59","date_gmt":"2017-10-25T10:43:59","guid":{"rendered":"https:\/\/blogs.univ-tlse2.fr\/julia-hidalgo\/?page_id=142"},"modified":"2019-10-13T08:54:21","modified_gmt":"2019-10-13T06:54:21","slug":"encadrement-de-theses","status":"publish","type":"page","link":"https:\/\/blogs.univ-tlse2.fr\/julia-hidalgo\/formation-par-la-recherche\/encadrement-de-theses\/","title":{"rendered":"Encadrement de Th\u00e8ses"},"content":{"rendered":"<p><strong><a href=\"http:\/\/lisst.univ-tlse2.fr\/accueil\/equipes-de-recherche\/centre-interdisciplinaire-d-etudes-urbaines-cieu-\/annuaire\/mhedhbi-zohra-483338.kjsp?RH=1465205902948\">Zohra Mehdbi<\/a>,<\/strong> \u00e9tudiante en quatri\u00e8me ann\u00e9e de th\u00e8se. Co-direction avec\u00a0 Sinda Haou\u00e8s Jouve (LISST) et Val\u00e9ry Masson (CNRM). Financement IDEX. \u00c9quipe d&rsquo;accueil : LISST-Cieu<br \/>\nSujet\u00a0: <strong>\u00ab\u00a0Adapter les Villes du Sud au changement Climatique : quels outils pour accompagner la planification et l&rsquo;am\u00e9nagement urbains ?\u00a0\u00bb<\/strong> Le but principal de la th\u00e8se est de tester la g\u00e9n\u00e9ricit\u00e9 et l\u2019adaptabilit\u00e9 dans un contexte de villes du Sud des outils et des d\u00e9marches permettant de prendre en compte les probl\u00e9matiques climatiques \u00e0 diff\u00e9rentes \u00e9chelles dans la planification et l\u2019am\u00e9nagement urbains. Le terrain d&rsquo;\u00e9tude choisi correspond aux villes de la zone MENA qui pr\u00e9sente des sp\u00e9cificit\u00e9s climatiques, urbanistiques et socio-\u00e9conomiques bien diff\u00e9rentes de celles des villes occidentales pour lesquelles ces outils ont \u00e9t\u00e9 initialement d\u00e9velopp\u00e9s.<\/p>\n<p><strong>Guillaume Dumas<\/strong>, \u00e9tudiant en troisi\u00e8me ann\u00e9e de th\u00e8se. Co-direction : avec Val\u00e9ry Masson (CNRM). Financement Toulouse M\u00e9tropole\/CNRS. \u00c9quipe d&rsquo;accueil : CNRM-Ville.<br \/>\nSujet\u00a0: \u00ab\u00a0<strong>Enrichir un r\u00e9seau de mesures de l&rsquo;\u00eelot de chaleur urbain\u00a0op\u00e9rationnel : apports de la science participative et nouvelles pistes d&rsquo;exploitation par les acteurs.\u00a0<\/strong>\u00bb Cette th\u00e8se se d\u00e9roule en collaboration entre Toulouse-M\u00e9tropole et M\u00e9t\u00e9o-France. Elle se place dans le contexte de l&rsquo;\u00e9laboration du Plan Local d&rsquo;Urbanisme intercommunal et de l&rsquo;Habitat (PLUiH). La diminution de l\u2019\u00eelot de chaleur urbain et de ses effets n\u00e9fastes (notamment en p\u00e9riode chaude) est un enjeu prioritaire pour ce document de planification. Il importe donc d&rsquo;en am\u00e9liorer la connaissance et le suivi. D&rsquo;autre part, ce r\u00e9seau de mesures de l&rsquo;\u00eelot de chaleur urbain contribue au projet de cr\u00e9ation et de d\u00e9veloppement d&rsquo;une fili\u00e8re de services climatiques sur le territoire.<\/p>\n<p><strong>2009-2012<\/strong> <a href=\"https:\/\/www.researchgate.net\/profile\/Iratxe_Gonzalez-Aparicio\">Iratxe Gonzalez-Aparicio<\/a>, \u00ab\u00a0Air Quality and Meteorological Modelling of urban areas in the context of Climate Change\u00a0\u00bb. Co-direction avec Alexander Baklanov (DMI, Denmark)<\/p>\n","protected":false},"excerpt":{"rendered":"<p>Zohra Mehdbi, \u00e9tudiante en quatri\u00e8me ann\u00e9e de th\u00e8se. Co-direction avec\u00a0 Sinda Haou\u00e8s Jouve (LISST) et Val\u00e9ry Masson (CNRM). Financement IDEX. \u00c9quipe d&rsquo;accueil : LISST-Cieu Sujet\u00a0: \u00ab\u00a0Adapter les Villes du Sud au changement Climatique : quels outils pour accompagner la planification et l&rsquo;am\u00e9nagement urbains ?\u00a0\u00bb Le but principal de la th\u00e8se est de tester la g\u00e9n\u00e9ricit\u00e9 [&hellip;]<\/p>\n","protected":false},"author":407,"featured_media":0,"parent":140,"menu_order":1,"comment_status":"closed","ping_status":"closed","template":"","meta":{"footnotes":""},"class_list":["post-142","page","type-page","status-publish","hentry"],"_links":{"self":[{"href":"https:\/\/blogs.univ-tlse2.fr\/julia-hidalgo\/wp-json\/wp\/v2\/pages\/142","targetHints":{"allow":["GET"]}}],"collection":[{"href":"https:\/\/blogs.univ-tlse2.fr\/julia-hidalgo\/wp-json\/wp\/v2\/pages"}],"about":[{"href":"https:\/\/blogs.univ-tlse2.fr\/julia-hidalgo\/wp-json\/wp\/v2\/types\/page"}],"author":[{"embeddable":true,"href":"https:\/\/blogs.univ-tlse2.fr\/julia-hidalgo\/wp-json\/wp\/v2\/users\/407"}],"replies":[{"embeddable":true,"href":"https:\/\/blogs.univ-tlse2.fr\/julia-hidalgo\/wp-json\/wp\/v2\/comments?post=142"}],"version-history":[{"count":7,"href":"https:\/\/blogs.univ-tlse2.fr\/julia-hidalgo\/wp-json\/wp\/v2\/pages\/142\/revisions"}],"predecessor-version":[{"id":175,"href":"https:\/\/blogs.univ-tlse2.fr\/julia-hidalgo\/wp-json\/wp\/v2\/pages\/142\/revisions\/175"}],"up":[{"embeddable":true,"href":"https:\/\/blogs.univ-tlse2.fr\/julia-hidalgo\/wp-json\/wp\/v2\/pages\/140"}],"wp:attachment":[{"href":"https:\/\/blogs.univ-tlse2.fr\/julia-hidalgo\/wp-json\/wp\/v2\/media?parent=142"}],"curies":[{"name":"wp","href":"https:\/\/api.w.org\/{rel}","templated":true}]}}