 {"id":156,"date":"2017-10-25T13:47:49","date_gmt":"2017-10-25T11:47:49","guid":{"rendered":"https:\/\/blogs.univ-tlse2.fr\/julia-hidalgo\/?page_id=156"},"modified":"2017-10-25T13:50:02","modified_gmt":"2017-10-25T11:50:02","slug":"encadrement-et-suivi-de-m2-m1","status":"publish","type":"page","link":"https:\/\/blogs.univ-tlse2.fr\/julia-hidalgo\/formation-par-la-recherche\/encadrement-et-suivi-de-m2-m1\/","title":{"rendered":"Encadrement et suivi d&rsquo;\u00e9tudiants"},"content":{"rendered":"<h2><strong>Niveau Master<\/strong><\/h2>\n<p><strong>2017\u00a0: Guillaume DUMAS, G\u00e9ographe<\/strong><\/p>\n<p>Stage M2 <span class=\"st\">Villes, Habitat et Transition \u00c9cologique<\/span> (VIAHTE), UT2J<\/p>\n<p>Lieu\u00a0: LISST\u00a0; Encadrante\u00a0: Julia HIDALGO, Suivi\u00a0: Sinda HAOUES-JOUVE<\/p>\n<p>Intitul\u00e9 du stage\u00a0: G\u00e9n\u00e9ralisation de la m\u00e9thode MApUCE pour cartographier les Zones Climatiques Locales des villes fran\u00e7aises et comparaison avec les cartes issues du projet WUDAPT.<\/p>\n<p>Dates\u00a0: 01\/04\/2017 au 30\/06\/2017<\/p>\n<p>&nbsp;<\/p>\n<p><strong>2017\u00a0: Thomas GARDES, G\u00e9ographe-G\u00e9omaticien<\/strong><\/p>\n<p>Stage M2 Sciences G\u00e9omatiques en Environnement et Am\u00e9nagement (SIGMA), UT2J<\/p>\n<p>Lieu\u00a0: LISST\u00a0; Encadrante\u00a0: Julia HIDALGO et Najla TOUATI, Suivi\u00a0: S\u00e9bastien LECORRE<\/p>\n<p>Intitul\u00e9 du stage\u00a0: Cr\u00e9ation d&rsquo;un plugin QGIS pour la mod\u00e9lisation g\u00e9ostatistique de l\u2019\u00celot de chaleur urbain<\/p>\n<p>Dates\u00a0: 01\/04\/2017 au 30\/06\/2017<\/p>\n<p>&nbsp;<\/p>\n<p><strong>2016\u00a0: Zahra MHEDHBI, Ing\u00e9nieur g\u00e9nie civil<\/strong><\/p>\n<p>Stage M2 Ville et Territoires, UT2J<\/p>\n<p>Lieu\u00a0: LISST\u00a0; Encadrante\u00a0: Julia HIDALGO, Suivi\u00a0: Sinda HAOUES-JOUVE<\/p>\n<p>Intitul\u00e9 du stage\u00a0: \u00a0Proposition d&rsquo;un cadre m\u00e9thodologique et th\u00e9orique d&rsquo;\u00e9valuation de la vuln\u00e9rabilit\u00e9 urbaine<\/p>\n<p>Dates\u00a0: 01\/03\/2016 au 30\/06\/2016<\/p>\n<p>&nbsp;<\/p>\n<p><strong>2016\u00a0: Guillaume DUMAS, G\u00e9ographe<\/strong><\/p>\n<p>Stage M1 Ville et Territoires, UT2J<\/p>\n<p>Lieu\u00a0: LISST\u00a0; Encadrante\u00a0: Julia HIDALGO, Suivi\u00a0: Fabrice ESCAFRE<\/p>\n<p>Intitul\u00e9 du stage\u00a0: \u00a0Proposition d\u2019une m\u00e9thodologie g\u00e9n\u00e9rale pour cartographier les Zones Climatiques Locales des villes fran\u00e7aises dans le cadre du projets de recherche MAPUCE.<\/p>\n<p>Dates\u00a0: 01\/04\/2016 au 30\/06\/2016<\/p>\n<p>&nbsp;<\/p>\n<p><strong>2016\u00a0: Guillaume PUJOL, Ing\u00e9nieur m\u00e9t\u00e9o<\/strong><\/p>\n<p>Stage Master sp\u00e9cialis\u00e9 \u00e9co-ing\u00e9nierie, INPT<\/p>\n<p>Lieu\u00a0: Toulouse M\u00e9tropole-GAME\u00a0; Encadrant : Val\u00e9ry MASSON, Suivi\u00a0: Julia HIDALGO<\/p>\n<p>Intitul\u00e9 du stage\u00a0: Projet de monitoring de l\u2019\u00eelot de chaleur urbain de l&rsquo;agglom\u00e9ration toulousaine<\/p>\n<p>Dates\u00a0: 01\/03\/2016 au 30\/07\/2016<\/p>\n<p>&nbsp;<\/p>\n<p><strong>2015\u00a0: Guilhem THOMASSET, Ing\u00e9nieur Mat\u00e9riaux sp\u00e9cialis\u00e9 en construction durable<\/strong><\/p>\n<p>Stage Master sp\u00e9cialis\u00e9 \u00e9co-ing\u00e9nierie, INPT<\/p>\n<p>Lieu\u00a0: LISST ; Encadrantes : Julia HIDALGO et Sinda HAOUES-JOUVE<\/p>\n<p>Intitul\u00e9 du stage\u00a0: Place des mat\u00e9riaux dans les strat\u00e9gies d\u2019adaptation climatique des villes.<\/p>\n<p>Dates\u00a0: 16\/03\/15 au 31\/10\/15<\/p>\n<p>&nbsp;<\/p>\n<p><strong>2015\u00a0: Meghan GYAN, G\u00e9ographe<\/strong><\/p>\n<p>Stage M1 Ville et Territoires, UT2J<\/p>\n<p>Lieu\u00a0: LISST ; Encadrante\u00a0: Julia HIDALGO et Sinda HAOUES-JOUVE<\/p>\n<p>Intitul\u00e9 du stage\u00a0: Evolution de la production scientifique dans le domaine de la climatologie urbaine pour l&rsquo;urbanisme.<\/p>\n<p>Dates\u00a0: 18\/05\/15 au 17\/07\/15<\/p>\n<p>&nbsp;<\/p>\n<p><strong>2015\u00a0: Camille FRANCESCHI, G\u00e9ographe<\/strong><\/p>\n<p>Stage M1 Ville et Territoires, UT2J<\/p>\n<p>Lieu\u00a0: LISST\u00a0; Encadrante\u00a0: Sinda HAOUES-JOUVE, Suivi\u00a0: Julia HIDALGO<\/p>\n<p>Intitul\u00e9 du stage\u00a0: Cas exemplaire de villes par rapport \u00e0 leur int\u00e9gration des probl\u00e9matiques climatiques dans leur exercice d&rsquo;urbanisme.<\/p>\n<p>Dates\u00a0: 15\/05\/2015 au 15\/08\/2015<\/p>\n<p>&nbsp;<\/p>\n<p><strong>2015\u00a0: Guillaume DUMAS, G\u00e9ographe<\/strong><\/p>\n<p>Stage Licence en G\u00e9ographie am\u00e9nagement du territoire, UT2J<\/p>\n<p>Lieu\u00a0: LISST\u00a0; Encadrante\u00a0: Julia HIDALGO, Suivi\u00a0: Fabrice ESCAFRE<\/p>\n<p>Intitul\u00e9 du stage\u00a0: \u00a0R\u00e9alisation d&rsquo;une animation \u00e0 partir de 48 interpolations spatiales.<\/p>\n<p>Dates\u00a0: 01\/09\/2015 au 30\/09\/2015<\/p>\n<p>&nbsp;<\/p>\n<p><strong>2014, Corine DELORT, G\u00e9ographe<\/strong><\/p>\n<p>Stage M2 Ville et Territoires, UT2J<\/p>\n<p>Lieu\u00a0: CEREMA\u00a0; Encadrante\u00a0: Geraldine BUR\u00a0; Suivi\u00a0: Sinda HAOUES-JOUVE, Julia HIDALGO<\/p>\n<p>&nbsp;<\/p>\n<h2>Niveau BTS<\/h2>\n<p><strong>2017\u00a0: Cl\u00e9mence ARMANET<\/strong><br \/>\nStage 1\u00e8re ann\u00e9e de BTS Communication, Cit\u00e9 Scolaire Rive Gauche<br \/>\nLieu\u00a0: LISST\u00a0; Encadrante\u00a0: Julia HIDALGO, Suivi\u00a0: Mathilde Bonazzi<br \/>\nIntitul\u00e9 du stage\u00a0: Plan d&rsquo;action pour la valorisation aupr\u00e8s des acteurs de l&rsquo;urbanisme<br \/>\ndes r\u00e9sultats de recherche d&rsquo;un projet interdisciplinaire<\/p>\n<p>Dates\u00a0: 09\/05\/2017 au 30\/06\/2017<\/p>\n<p><strong>2017\u00a0: Loris BOURAT<\/strong><br \/>\nStage 1\u00e8re ann\u00e9e de BTS Communication, Cit\u00e9 Scolaire Rive Gauche<br \/>\nLieu\u00a0: LISST\u00a0; Encadrante\u00a0: Julia HIDALGO, Suivi\u00a0: Mathilde Bonazzi<br \/>\nIntitul\u00e9 du stage\u00a0: Strat\u00e9gie de communication des activit\u00e9s<br \/>\nd&rsquo;un collectif de recherche interdisciplinaire<\/p>\n<p>Dates\u00a0: 09\/05\/2017 au 30\/06\/2017<\/p>\n","protected":false},"excerpt":{"rendered":"<p>Niveau Master 2017\u00a0: Guillaume DUMAS, G\u00e9ographe Stage M2 Villes, Habitat et Transition \u00c9cologique (VIAHTE), UT2J Lieu\u00a0: LISST\u00a0; Encadrante\u00a0: Julia HIDALGO, Suivi\u00a0: Sinda HAOUES-JOUVE Intitul\u00e9 du stage\u00a0: G\u00e9n\u00e9ralisation de la m\u00e9thode MApUCE pour cartographier les Zones Climatiques Locales des villes fran\u00e7aises et comparaison avec les cartes issues du projet WUDAPT. Dates\u00a0: 01\/04\/2017 au 30\/06\/2017 &nbsp; 2017\u00a0: [&hellip;]<\/p>\n","protected":false},"author":407,"featured_media":0,"parent":140,"menu_order":2,"comment_status":"closed","ping_status":"closed","template":"","meta":{"footnotes":""},"class_list":["post-156","page","type-page","status-publish","hentry"],"_links":{"self":[{"href":"https:\/\/blogs.univ-tlse2.fr\/julia-hidalgo\/wp-json\/wp\/v2\/pages\/156","targetHints":{"allow":["GET"]}}],"collection":[{"href":"https:\/\/blogs.univ-tlse2.fr\/julia-hidalgo\/wp-json\/wp\/v2\/pages"}],"about":[{"href":"https:\/\/blogs.univ-tlse2.fr\/julia-hidalgo\/wp-json\/wp\/v2\/types\/page"}],"author":[{"embeddable":true,"href":"https:\/\/blogs.univ-tlse2.fr\/julia-hidalgo\/wp-json\/wp\/v2\/users\/407"}],"replies":[{"embeddable":true,"href":"https:\/\/blogs.univ-tlse2.fr\/julia-hidalgo\/wp-json\/wp\/v2\/comments?post=156"}],"version-history":[{"count":4,"href":"https:\/\/blogs.univ-tlse2.fr\/julia-hidalgo\/wp-json\/wp\/v2\/pages\/156\/revisions"}],"predecessor-version":[{"id":160,"href":"https:\/\/blogs.univ-tlse2.fr\/julia-hidalgo\/wp-json\/wp\/v2\/pages\/156\/revisions\/160"}],"up":[{"embeddable":true,"href":"https:\/\/blogs.univ-tlse2.fr\/julia-hidalgo\/wp-json\/wp\/v2\/pages\/140"}],"wp:attachment":[{"href":"https:\/\/blogs.univ-tlse2.fr\/julia-hidalgo\/wp-json\/wp\/v2\/media?parent=156"}],"curies":[{"name":"wp","href":"https:\/\/api.w.org\/{rel}","templated":true}]}}