 {"id":213,"date":"2022-05-17T11:15:10","date_gmt":"2022-05-17T09:15:10","guid":{"rendered":"https:\/\/blogs.univ-tlse2.fr\/julia-hidalgo\/?page_id=213"},"modified":"2025-08-28T11:07:07","modified_gmt":"2025-08-28T09:07:07","slug":"paendora-2-2022-2025","status":"publish","type":"page","link":"https:\/\/blogs.univ-tlse2.fr\/julia-hidalgo\/les-projets-de-recherche-2\/paendora-2-2022-2025\/","title":{"rendered":"P\u00c6NDORA 2 (2022-2025)"},"content":{"rendered":"\n<p class=\"has-medium-font-size\"><strong>Productions du projet <\/strong><\/p>\n\n\n\n<p class=\"has-text-align-left has-small-font-size\"><strong>Rapport final :<\/strong> <a href=\"https:\/\/sharedocs.huma-num.fr\/wl\/?id=zBlKDNcSHhDHplQXfEqF3mwchEmy7pnK&amp;fmode=download\">https:\/\/sharedocs.huma-num.fr\/wl\/?id=zBlKDNcSHhDHplQXfEqF3mwchEmy7pnK&amp;fmode=download<\/a><\/p>\n\n\n\n<p class=\"has-small-font-size\"><strong>Contenus multim\u00e9dia :<\/strong> trois courtes vid\u00e9os illustrant trois typologies de balades urbaines et climatiques<\/p>\n\n\n\n<div class=\"wp-block-group is-nowrap is-layout-flex wp-container-core-group-is-layout-ad2f72ca wp-block-group-is-layout-flex\">\n<ul class=\"wp-block-list\">\n<li class=\"has-small-font-size\"><strong>Guid\u00e9e : <\/strong><a href=\"https:\/\/prismes.univ-toulouse.fr\/player.php?code=ufkv1oBl&amp;width=100%25&amp;height=100%25\">https:\/\/prismes.univ-toulouse.fr\/player.php?code=ufkv1oBl&amp;width=100%25&amp;height=100%25<\/a><\/li>\n\n\n\n<li class=\"has-small-font-size\"><strong>Instrument\u00e9e :<\/strong> <a href=\"https:\/\/prismes.univ-toulouse.fr\/player.php?code=8f93Wt35&amp;width=100%25&amp;height=100%25\">https:\/\/prismes.univ-toulouse.fr\/player.php?code=8f93Wt35&amp;width=100%25&amp;height=100%25<\/a><\/li>\n\n\n\n<li class=\"has-small-font-size\"><strong>Th\u00e9\u00e2tralis\u00e9e\u00a0:<\/strong> <a href=\"https:\/\/prismes.univ-toulouse.fr\/player.php?code=sS7hqMZS&amp;width=100%25&amp;height=100%25\">https:\/\/prismes.univ-toulouse.fr\/player.php?code=sS7hqMZS&amp;width=100%25&amp;height=100%25<\/a>\u00a0\u00a0\u00a0 \u00a0<\/li>\n<\/ul>\n<\/div>\n\n\n\n<ol start=\"1\" class=\"wp-block-list\"><\/ol>\n\n\n\n<p><\/p>\n\n\n\n<p><strong>Journ\u00e9es Surchauffe urbaine &amp; Recherche Action, Toulouse, 6 et 7 mars<\/strong><\/p>\n\n\n\n<p>lieu: Salle Garonne, B\u00e2timent Belv\u00e9d\u00e8re, 11 Bd. des Recollets<\/p>\n\n\n\n<p>Inscriptions en pr\u00e9sentiel : <em><a href=\"https:\/\/framadate.org\/yHfEggJjfXFgaokO\">https:\/\/framadate.org\/yHfEggJjfXFgaokO<\/a><\/em><\/p>\n\n\n\n<p>Inscriptions en distanciel : La participation en distanciel, mais sans interaction avec la<br>salle, est possible sur les deux sessions pl\u00e9ni\u00e8res du matin. Veuillez vous inscrire :<br><em><a href=\"https:\/\/univ-tlse2.zoom.us\/meeting\/register\/rJYtAXZQS5y4uUhFLmLtMg\">https:\/\/univ-tlse2.zoom.us\/meeting\/register\/rJYtAXZQS5y4uUhFLmLtMg<\/a><\/em><\/p>\n\n\n\n<figure class=\"wp-block-image size-full\"><img loading=\"lazy\" decoding=\"async\" width=\"1754\" height=\"2480\" src=\"https:\/\/blogs.univ-tlse2.fr\/julia-hidalgo\/files\/2025\/01\/Prog-hidalgo1.jpg\" alt=\"\" class=\"wp-image-310\" srcset=\"https:\/\/blogs.univ-tlse2.fr\/julia-hidalgo\/files\/2025\/01\/Prog-hidalgo1.jpg 1754w, https:\/\/blogs.univ-tlse2.fr\/julia-hidalgo\/files\/2025\/01\/Prog-hidalgo1-212x300.jpg 212w, https:\/\/blogs.univ-tlse2.fr\/julia-hidalgo\/files\/2025\/01\/Prog-hidalgo1-724x1024.jpg 724w, https:\/\/blogs.univ-tlse2.fr\/julia-hidalgo\/files\/2025\/01\/Prog-hidalgo1-768x1086.jpg 768w, https:\/\/blogs.univ-tlse2.fr\/julia-hidalgo\/files\/2025\/01\/Prog-hidalgo1-1086x1536.jpg 1086w, https:\/\/blogs.univ-tlse2.fr\/julia-hidalgo\/files\/2025\/01\/Prog-hidalgo1-1448x2048.jpg 1448w\" sizes=\"auto, (max-width: 1754px) 100vw, 1754px\" \/><\/figure>\n\n\n\n<figure class=\"wp-block-image size-full\"><img loading=\"lazy\" decoding=\"async\" width=\"1754\" height=\"2480\" src=\"https:\/\/blogs.univ-tlse2.fr\/julia-hidalgo\/files\/2025\/01\/Prog-hidalgo4.jpg\" alt=\"\" class=\"wp-image-315\" srcset=\"https:\/\/blogs.univ-tlse2.fr\/julia-hidalgo\/files\/2025\/01\/Prog-hidalgo4.jpg 1754w, https:\/\/blogs.univ-tlse2.fr\/julia-hidalgo\/files\/2025\/01\/Prog-hidalgo4-212x300.jpg 212w, https:\/\/blogs.univ-tlse2.fr\/julia-hidalgo\/files\/2025\/01\/Prog-hidalgo4-724x1024.jpg 724w, https:\/\/blogs.univ-tlse2.fr\/julia-hidalgo\/files\/2025\/01\/Prog-hidalgo4-768x1086.jpg 768w, https:\/\/blogs.univ-tlse2.fr\/julia-hidalgo\/files\/2025\/01\/Prog-hidalgo4-1086x1536.jpg 1086w, https:\/\/blogs.univ-tlse2.fr\/julia-hidalgo\/files\/2025\/01\/Prog-hidalgo4-1448x2048.jpg 1448w\" sizes=\"auto, (max-width: 1754px) 100vw, 1754px\" \/><\/figure>\n\n\n\n<figure class=\"wp-block-image size-large is-resized\"><img loading=\"lazy\" decoding=\"async\" width=\"724\" height=\"1024\" src=\"https:\/\/blogs.univ-tlse2.fr\/julia-hidalgo\/files\/2025\/01\/Prog-hidalgo2-2-724x1024.jpg\" alt=\"\" class=\"wp-image-317\" style=\"width:840px;height:auto\" srcset=\"https:\/\/blogs.univ-tlse2.fr\/julia-hidalgo\/files\/2025\/01\/Prog-hidalgo2-2-724x1024.jpg 724w, https:\/\/blogs.univ-tlse2.fr\/julia-hidalgo\/files\/2025\/01\/Prog-hidalgo2-2-212x300.jpg 212w, https:\/\/blogs.univ-tlse2.fr\/julia-hidalgo\/files\/2025\/01\/Prog-hidalgo2-2-768x1086.jpg 768w, https:\/\/blogs.univ-tlse2.fr\/julia-hidalgo\/files\/2025\/01\/Prog-hidalgo2-2-1086x1536.jpg 1086w, https:\/\/blogs.univ-tlse2.fr\/julia-hidalgo\/files\/2025\/01\/Prog-hidalgo2-2-1448x2048.jpg 1448w, https:\/\/blogs.univ-tlse2.fr\/julia-hidalgo\/files\/2025\/01\/Prog-hidalgo2-2.jpg 1754w\" sizes=\"auto, (max-width: 724px) 100vw, 724px\" \/><\/figure>\n\n\n\n<figure class=\"wp-block-image size-large\"><img loading=\"lazy\" decoding=\"async\" width=\"724\" height=\"1024\" src=\"https:\/\/blogs.univ-tlse2.fr\/julia-hidalgo\/files\/2025\/01\/Prog-hidalgo3-1-724x1024.jpg\" alt=\"\" class=\"wp-image-318\" srcset=\"https:\/\/blogs.univ-tlse2.fr\/julia-hidalgo\/files\/2025\/01\/Prog-hidalgo3-1-724x1024.jpg 724w, https:\/\/blogs.univ-tlse2.fr\/julia-hidalgo\/files\/2025\/01\/Prog-hidalgo3-1-212x300.jpg 212w, https:\/\/blogs.univ-tlse2.fr\/julia-hidalgo\/files\/2025\/01\/Prog-hidalgo3-1-768x1086.jpg 768w, https:\/\/blogs.univ-tlse2.fr\/julia-hidalgo\/files\/2025\/01\/Prog-hidalgo3-1-1086x1536.jpg 1086w, https:\/\/blogs.univ-tlse2.fr\/julia-hidalgo\/files\/2025\/01\/Prog-hidalgo3-1-1448x2048.jpg 1448w, https:\/\/blogs.univ-tlse2.fr\/julia-hidalgo\/files\/2025\/01\/Prog-hidalgo3-1.jpg 1754w\" sizes=\"auto, (max-width: 724px) 100vw, 724px\" \/><\/figure>\n\n\n\n<p>&#8212;-*&#8212;-*&#8212;-*&#8212;-*&#8212;-*&#8212;-*&#8212;-*&#8212;-*&#8212;-*&#8212;-*&#8212;-*&#8212;-*&#8212;-*&#8212;-*&#8212;-*&#8212;-*&#8212;-*&#8212;-*&#8212;-*&#8212;-*&#8212;-*&#8212;-*&#8212;-*&#8212;-*&#8212;-*&#8212;-*&#8212;-*<\/p>\n\n\n\n<figure class=\"wp-block-image size-large is-resized\"><img loading=\"lazy\" decoding=\"async\" width=\"1024\" height=\"521\" src=\"https:\/\/blogs.univ-tlse2.fr\/julia-hidalgo\/files\/2022\/05\/PAENDORA22-1024x521.jpg\" alt=\"\" class=\"wp-image-215\" srcset=\"https:\/\/blogs.univ-tlse2.fr\/julia-hidalgo\/files\/2022\/05\/PAENDORA22-1024x521.jpg 1024w, https:\/\/blogs.univ-tlse2.fr\/julia-hidalgo\/files\/2022\/05\/PAENDORA22-300x153.jpg 300w, https:\/\/blogs.univ-tlse2.fr\/julia-hidalgo\/files\/2022\/05\/PAENDORA22-768x391.jpg 768w, https:\/\/blogs.univ-tlse2.fr\/julia-hidalgo\/files\/2022\/05\/PAENDORA22.jpg 1252w\" sizes=\"auto, (max-width: 1024px) 100vw, 1024px\" \/><figcaption class=\"wp-element-caption\"><strong>Pour la gestion du confort estival : Donn\u00e9es, Outils et Recherche-Action<\/strong>. Appel PACT2e 2021. Partenaires : LISST (porteur), CNRM, LabSTICC, LMDC, LRA, Toulouse M\u00e9tropole, FNAU<\/figcaption><\/figure>\n\n\n\n<p><em>contact : &#x6a;u&#x6c;&#x69;a&#x2e;&#x68;i&#x64;&#x61;l&#x67;&#x6f;&#64;&#x75;&#x6e;i&#x76;&#45;t&#x6c;&#115;e&#x32;&#46;f&#x72;<\/em><\/p>\n\n\n\n<p>Le pr\u00e9sent projet est port\u00e9 par cinq laboratoires de recherche publiques (<strong>LISST<\/strong>, CNRM, Lab-STTIC,<br>LMDC, LRA) et deux acteurs institutionnels (FNAU, Toulouse M\u00e9tropole) pour une dur\u00e9e de 40 mois. Il se positionne sur l\u2019Axe 1 de l\u2019appel \u00e0 projets ADEME-PACT2e concernant les objectifs de r\u00e9duction des impacts des al\u00e9as climatiques extr\u00eames aux \u00e9chelles urbaines. <\/p>\n\n\n\n<p>Le projet P\u00c6NDORA 2 se donne trois objectifs principaux :&nbsp;<\/p>\n\n\n\n<ul class=\"wp-block-list\">\n<li>&nbsp;continuer \u00e0 d\u00e9velopper les outils de production de donn\u00e9es urbaines (Geoclimate) et architecturales (DANUBE) d\u00e9velopp\u00e9s lors des projets de recherche MApUCE et P\u00c6NDORA.<\/li>\n\n\n\n<li>&nbsp;de tester les marges d&rsquo;applicabilit\u00e9 des donn\u00e9es produites \u00e0 l&rsquo;urbanisme op\u00e9rationnel \u00e0 l&rsquo;\u00e9chelle de l\u2019am\u00e9nagement. En particulier en accompagnant Toulouse M\u00e9tropole lors de son projet d&rsquo;adaptation climatique de cours d&rsquo;\u00e9cole pour la commune de Toulouse.<\/li>\n\n\n\n<li>de produire des dispositifs de valorisation et communication des r\u00e9sultats du projet innovants. En particulier en cr\u00e9ant de balades microclimatiques urbaines en collaboration avec les \u00e9quipes locales des cas d\u2019\u00e9tude (le LIED \u00e0 Paris, le CEREMA \u00e0 Nancy, le CRC \u00e0 Dijon).<\/li>\n<\/ul>\n\n\n\n<figure class=\"wp-block-image size-large\"><img loading=\"lazy\" decoding=\"async\" width=\"1024\" height=\"768\" src=\"https:\/\/blogs.univ-tlse2.fr\/julia-hidalgo\/files\/2022\/05\/organigramme_projet-1024x768.jpg\" alt=\"\" class=\"wp-image-217\" srcset=\"https:\/\/blogs.univ-tlse2.fr\/julia-hidalgo\/files\/2022\/05\/organigramme_projet-1024x768.jpg 1024w, https:\/\/blogs.univ-tlse2.fr\/julia-hidalgo\/files\/2022\/05\/organigramme_projet-300x225.jpg 300w, https:\/\/blogs.univ-tlse2.fr\/julia-hidalgo\/files\/2022\/05\/organigramme_projet-768x576.jpg 768w, https:\/\/blogs.univ-tlse2.fr\/julia-hidalgo\/files\/2022\/05\/organigramme_projet.jpg 1058w\" sizes=\"auto, (max-width: 1024px) 100vw, 1024px\" \/><\/figure>\n\n\n\n<h2 class=\"wp-block-heading\">R\u00e9sultats attendus<\/h2>\n\n\n\n<figure class=\"wp-block-image size-large\"><img loading=\"lazy\" decoding=\"async\" width=\"1024\" height=\"499\" src=\"https:\/\/blogs.univ-tlse2.fr\/julia-hidalgo\/files\/2022\/05\/image-1024x499.png\" alt=\"\" class=\"wp-image-218\" srcset=\"https:\/\/blogs.univ-tlse2.fr\/julia-hidalgo\/files\/2022\/05\/image-1024x499.png 1024w, https:\/\/blogs.univ-tlse2.fr\/julia-hidalgo\/files\/2022\/05\/image-300x146.png 300w, https:\/\/blogs.univ-tlse2.fr\/julia-hidalgo\/files\/2022\/05\/image-768x374.png 768w, https:\/\/blogs.univ-tlse2.fr\/julia-hidalgo\/files\/2022\/05\/image.png 1203w\" sizes=\"auto, (max-width: 1024px) 100vw, 1024px\" \/><\/figure>\n\n\n\n<figure class=\"wp-block-image size-large\"><img loading=\"lazy\" decoding=\"async\" width=\"1024\" height=\"320\" src=\"https:\/\/blogs.univ-tlse2.fr\/julia-hidalgo\/files\/2022\/05\/image-1-1024x320.png\" alt=\"\" class=\"wp-image-219\" srcset=\"https:\/\/blogs.univ-tlse2.fr\/julia-hidalgo\/files\/2022\/05\/image-1-1024x320.png 1024w, https:\/\/blogs.univ-tlse2.fr\/julia-hidalgo\/files\/2022\/05\/image-1-300x94.png 300w, https:\/\/blogs.univ-tlse2.fr\/julia-hidalgo\/files\/2022\/05\/image-1-768x240.png 768w, https:\/\/blogs.univ-tlse2.fr\/julia-hidalgo\/files\/2022\/05\/image-1.png 1204w\" sizes=\"auto, (max-width: 1024px) 100vw, 1024px\" \/><\/figure>\n\n\n\n<figure class=\"wp-block-image size-large\"><img loading=\"lazy\" decoding=\"async\" width=\"1024\" height=\"314\" src=\"https:\/\/blogs.univ-tlse2.fr\/julia-hidalgo\/files\/2022\/05\/image-2-1024x314.png\" alt=\"\" class=\"wp-image-220\" srcset=\"https:\/\/blogs.univ-tlse2.fr\/julia-hidalgo\/files\/2022\/05\/image-2-1024x314.png 1024w, https:\/\/blogs.univ-tlse2.fr\/julia-hidalgo\/files\/2022\/05\/image-2-300x92.png 300w, https:\/\/blogs.univ-tlse2.fr\/julia-hidalgo\/files\/2022\/05\/image-2-768x235.png 768w, https:\/\/blogs.univ-tlse2.fr\/julia-hidalgo\/files\/2022\/05\/image-2.png 1207w\" sizes=\"auto, (max-width: 1024px) 100vw, 1024px\" \/><\/figure>\n\n\n\n<figure class=\"wp-block-image size-large\"><img loading=\"lazy\" decoding=\"async\" width=\"1024\" height=\"363\" src=\"https:\/\/blogs.univ-tlse2.fr\/julia-hidalgo\/files\/2022\/05\/image-4-1024x363.png\" alt=\"\" class=\"wp-image-222\" srcset=\"https:\/\/blogs.univ-tlse2.fr\/julia-hidalgo\/files\/2022\/05\/image-4-1024x363.png 1024w, https:\/\/blogs.univ-tlse2.fr\/julia-hidalgo\/files\/2022\/05\/image-4-300x106.png 300w, https:\/\/blogs.univ-tlse2.fr\/julia-hidalgo\/files\/2022\/05\/image-4-768x272.png 768w, https:\/\/blogs.univ-tlse2.fr\/julia-hidalgo\/files\/2022\/05\/image-4.png 1207w\" sizes=\"auto, (max-width: 1024px) 100vw, 1024px\" \/><\/figure>\n\n\n\n<figure class=\"wp-block-image size-full\"><img loading=\"lazy\" decoding=\"async\" width=\"729\" height=\"62\" src=\"https:\/\/blogs.univ-tlse2.fr\/julia-hidalgo\/files\/2022\/05\/image-10.png\" alt=\"\" class=\"wp-image-231\" srcset=\"https:\/\/blogs.univ-tlse2.fr\/julia-hidalgo\/files\/2022\/05\/image-10.png 729w, https:\/\/blogs.univ-tlse2.fr\/julia-hidalgo\/files\/2022\/05\/image-10-300x26.png 300w\" sizes=\"auto, (max-width: 729px) 100vw, 729px\" \/><\/figure>\n\n\n\n<p><\/p>\n","protected":false},"excerpt":{"rendered":"<p>Productions du projet Rapport final : https:\/\/sharedocs.huma-num.fr\/wl\/?id=zBlKDNcSHhDHplQXfEqF3mwchEmy7pnK&amp;fmode=download Contenus multim\u00e9dia : trois courtes vid\u00e9os illustrant trois typologies de balades urbaines et climatiques Journ\u00e9es Surchauffe urbaine &amp; Recherche Action, Toulouse, 6 et 7 mars lieu: Salle Garonne, B\u00e2timent Belv\u00e9d\u00e8re, 11 Bd. des Recollets Inscriptions en pr\u00e9sentiel : https:\/\/framadate.org\/yHfEggJjfXFgaokO Inscriptions en distanciel : La participation en distanciel, mais [&hellip;]<\/p>\n","protected":false},"author":407,"featured_media":0,"parent":234,"menu_order":4,"comment_status":"closed","ping_status":"closed","template":"","meta":{"footnotes":""},"class_list":["post-213","page","type-page","status-publish","hentry"],"_links":{"self":[{"href":"https:\/\/blogs.univ-tlse2.fr\/julia-hidalgo\/wp-json\/wp\/v2\/pages\/213","targetHints":{"allow":["GET"]}}],"collection":[{"href":"https:\/\/blogs.univ-tlse2.fr\/julia-hidalgo\/wp-json\/wp\/v2\/pages"}],"about":[{"href":"https:\/\/blogs.univ-tlse2.fr\/julia-hidalgo\/wp-json\/wp\/v2\/types\/page"}],"author":[{"embeddable":true,"href":"https:\/\/blogs.univ-tlse2.fr\/julia-hidalgo\/wp-json\/wp\/v2\/users\/407"}],"replies":[{"embeddable":true,"href":"https:\/\/blogs.univ-tlse2.fr\/julia-hidalgo\/wp-json\/wp\/v2\/comments?post=213"}],"version-history":[{"count":24,"href":"https:\/\/blogs.univ-tlse2.fr\/julia-hidalgo\/wp-json\/wp\/v2\/pages\/213\/revisions"}],"predecessor-version":[{"id":339,"href":"https:\/\/blogs.univ-tlse2.fr\/julia-hidalgo\/wp-json\/wp\/v2\/pages\/213\/revisions\/339"}],"up":[{"embeddable":true,"href":"https:\/\/blogs.univ-tlse2.fr\/julia-hidalgo\/wp-json\/wp\/v2\/pages\/234"}],"wp:attachment":[{"href":"https:\/\/blogs.univ-tlse2.fr\/julia-hidalgo\/wp-json\/wp\/v2\/media?parent=213"}],"curies":[{"name":"wp","href":"https:\/\/api.w.org\/{rel}","templated":true}]}}