 {"id":247,"date":"2022-05-17T12:32:41","date_gmt":"2022-05-17T10:32:41","guid":{"rendered":"https:\/\/blogs.univ-tlse2.fr\/julia-hidalgo\/?page_id=247"},"modified":"2022-05-17T12:34:46","modified_gmt":"2022-05-17T10:34:46","slug":"paendora-2017-2020","status":"publish","type":"page","link":"https:\/\/blogs.univ-tlse2.fr\/julia-hidalgo\/les-projets-de-recherche-2\/paendora-2017-2020\/","title":{"rendered":"P\u00c6NDORA (2017-2020)"},"content":{"rendered":"\n<p><em>contacts : valery m&#x61;&#x73;s&#111;&#x6e;&#64;&#109;&#x65;t&#101;&#x6f;&#46;f&#x72; et &#x6a;&#x75;&#x6c;&#105;a&#46;h&#x69;&#x64;&#x61;&#108;go&#64;&#x75;&#x6e;&#x69;&#118;-tl&#x73;&#x65;&#x32;&#46;fr<\/em><\/p>\n\n\n\n<p><strong>2017-2020 : <a href=\"https:\/\/www.construction21.org\/france\/articles\/fr\/6-laureats-pour-renouveler-les-territoires-de-demain.html\"><u><strong>ADEME\u00a0P\u00c6NDORA<\/strong><\/u><\/a><\/strong> \u00ab\u00a0Planification, Adaptation et \u00c9nergie: Donn\u00e9es territoriales et accompagnement\u00a0\u00bb. Appel MODEVAL 2017-5. Partenaires\u00a0: CNRM (porteur), LABSTTIC, LISST<\/p>\n\n\n\n<p>Le projet P\u00c6NDORA a permis le transfert vers l\u2019op\u00e9rationnel d\u2019un certain nombre de r\u00e9sultats du projet MApUCE. En produisant une base de donn\u00e9es libre et \u00e9volutive \u00e0 l\u2019\u00e9chelle des quartiers pour l\u2019ensemble des communes de France \u00e0 destination des \u00e9tudes environnementales et climatiques. \u00c9galement, en concevant des m\u00e9thodologies d\u2019accompagnement des acteurs de l\u2019urbanisme sur les th\u00e9matiques li\u00e9es \u00e0 l\u2019adaptation au changement climatique<\/p>\n\n\n\n<h2 class=\"wp-block-heading\">Objectifs<\/h2>\n\n\n\n<p>Le projet a r\u00e9pondu \u00e0 trois objectifs\u00a0:<\/p>\n\n\n\n<p>1) g\u00e9n\u00e9raliser une base de donn\u00e9es urbaines libre pour les \u00e9tudes climat-\u00e9nergie \u00e0 l\u2019\u00e9chelle des \u00eelots urbains \u00e0 l\u2019ensemble de la France&nbsp;;<\/p>\n\n\n\n<p>2) d\u00e9velopper des outils de visualisation cartographique, extraction et exploitation op\u00e9rationnels et libres pour les acteurs urbains&nbsp;;<\/p>\n\n\n\n<p>3) Am\u00e9liorer les m\u00e9thodologies d\u2019accompagnement des acteurs de l\u2019urbanisme dans leur \u00e9laboration de documents de planification vis \u00e0 vis de l\u2019adaptation climatique et mettre en place un protocole de suivi associ\u00e9.<\/p>\n\n\n\n<h2 class=\"wp-block-heading\">Apports du LISST<\/h2>\n\n\n\n<ul class=\"wp-block-list\"><li>G\u00e9n\u00e9ralisation de l&rsquo;identification des types de temps sensibles au panel de villes (~50 villes) MApUCE (les fiches sont disponibles sous demande \u00e0 &#x6a;&#x75;&#x6c;&#x69;&#x61;&#x2e;&#104;&#105;dalgo&#64;&#x75;&#x6e;&#x69;&#x76;&#x2d;&#x74;&#108;&#115;e2&#46;fr)<\/li><li>En collaboration avec le collectif de cartographes GEO-VISU, proposition d&rsquo;une s\u00e9miologie graphique et de r\u00e8gles de repr\u00e9sentation pour les cartes climatiques de l&rsquo;environnement urbain. <\/li><li>En collaboration avec Toulouse M\u00e9tropole, proposition de m\u00e9thodologies pour articuler le diagnostic environnemental et socio-\u00e9conomique d&rsquo;un PLU au regard de l&rsquo;adaptation au changement climatique. <\/li><li><em>Quelques productions :<\/em><\/li><li>Kit des donn\u00e9es cl\u00e9s de l\u2019adaptation https:\/\/librairie.ademe.fr\/changement-climatique-et-energie\/3889-kit-des-donnees-cles-de-l-adaptation.html<\/li><\/ul>\n\n\n\n<h2 class=\"wp-block-heading\">P<strong>ublications scientifiques du LISST associ\u00e9es au projet<\/strong><\/h2>\n\n\n\n<p>2022 Hidalgo J., Julia Hidalgo, Najla Touati, Sinda Haou\u00e8s-Jouve, Laurent Jegou, Genevieve Bretagne, Erwan Bocher, Val\u00e9ry Masson, Arnaud Mayis, Renaud Jougla, Gwendall Petit, Robert Schoetter, collectif GEO-VISU. Mapping the urban climate for summer comfort management in urban planning: climate analysis and semiology of graphics. Cybergeo, Open Edition, submitted<\/p>\n\n\n\n<p>2022 J\u00e9gou, L., Najla Touati, Julia Hidalgo. Proposals for the use of graphical models in urban climatic maps. Cybergeo, Open Edition, submitted<\/p>\n\n\n\n<p>2022 Shi Yin, Chao Ren, Xuyi Zhang, Julia Hidalgo, Robert Schoetter, Yu Ting Kwok, Kevin Ka-Lun Lau .. Potential of Synthetizing Climatopes and Local Climate Zones for Urban Climatic Planning Recommendations: A Case Study in Toulouse, France. Cybergeo, Open Edition, submitted<\/p>\n\n\n\n<p>2021 Melis S. Translation of Urban Climate Information Using Chorematic Representation:<br>Case of French Cities. Master Erasmus Mundi MURCS. LAB University of Applied Sciences 2021<\/p>\n\n\n\n<p>2019 Jougla R., Hidalgo J. et Pouponneau B. D\u00e9finition des situations m\u00e9t\u00e9orologiques locales pour une cinquantaine de villes fran\u00e7aises. La M\u00e9t\u00e9orologie (106) <a href=\"http:\/\/hdl.handle.net\/2042\/70370\">http:\/\/hdl.handle.net\/2042\/70370<\/a><\/p>\n\n\n\n<p><\/p>\n\n\n\n<p>Pour plus d&rsquo;information, visiter le site officiel du projet<\/p>\n\n\n\n<p><a href=\"https:\/\/www.umr-cnrm.fr\/spip.php?article1119\">https:\/\/www.umr-cnrm.fr\/spip.php?article1119<\/a><\/p>\n","protected":false},"excerpt":{"rendered":"<p>contacts : valery m&#97;&#x73;&#x73;on&#x40;&#x6d;et&#101;&#x6f;&#x2e;f&#114; et &#x6a;&#x75;&#x6c;&#x69;&#x61;&#x2e;&#x68;&#105;&#100;&#97;lgo&#64;un&#x69;&#x76;&#x2d;&#x74;&#x6c;&#x73;&#x65;&#x32;&#46;&#102;r 2017-2020 : ADEME\u00a0P\u00c6NDORA \u00ab\u00a0Planification, Adaptation et \u00c9nergie: Donn\u00e9es territoriales et accompagnement\u00a0\u00bb. Appel MODEVAL 2017-5. Partenaires\u00a0: CNRM (porteur), LABSTTIC, LISST Le projet P\u00c6NDORA a permis le transfert vers l\u2019op\u00e9rationnel d\u2019un certain nombre de r\u00e9sultats du projet MApUCE. En produisant une base de donn\u00e9es libre et \u00e9volutive \u00e0 l\u2019\u00e9chelle des quartiers [&hellip;]<\/p>\n","protected":false},"author":407,"featured_media":0,"parent":234,"menu_order":3,"comment_status":"closed","ping_status":"closed","template":"","meta":{"footnotes":""},"class_list":["post-247","page","type-page","status-publish","hentry"],"_links":{"self":[{"href":"https:\/\/blogs.univ-tlse2.fr\/julia-hidalgo\/wp-json\/wp\/v2\/pages\/247","targetHints":{"allow":["GET"]}}],"collection":[{"href":"https:\/\/blogs.univ-tlse2.fr\/julia-hidalgo\/wp-json\/wp\/v2\/pages"}],"about":[{"href":"https:\/\/blogs.univ-tlse2.fr\/julia-hidalgo\/wp-json\/wp\/v2\/types\/page"}],"author":[{"embeddable":true,"href":"https:\/\/blogs.univ-tlse2.fr\/julia-hidalgo\/wp-json\/wp\/v2\/users\/407"}],"replies":[{"embeddable":true,"href":"https:\/\/blogs.univ-tlse2.fr\/julia-hidalgo\/wp-json\/wp\/v2\/comments?post=247"}],"version-history":[{"count":2,"href":"https:\/\/blogs.univ-tlse2.fr\/julia-hidalgo\/wp-json\/wp\/v2\/pages\/247\/revisions"}],"predecessor-version":[{"id":253,"href":"https:\/\/blogs.univ-tlse2.fr\/julia-hidalgo\/wp-json\/wp\/v2\/pages\/247\/revisions\/253"}],"up":[{"embeddable":true,"href":"https:\/\/blogs.univ-tlse2.fr\/julia-hidalgo\/wp-json\/wp\/v2\/pages\/234"}],"wp:attachment":[{"href":"https:\/\/blogs.univ-tlse2.fr\/julia-hidalgo\/wp-json\/wp\/v2\/media?parent=247"}],"curies":[{"name":"wp","href":"https:\/\/api.w.org\/{rel}","templated":true}]}}