 {"id":265,"date":"2024-08-28T10:46:56","date_gmt":"2024-08-28T08:46:56","guid":{"rendered":"https:\/\/blogs.univ-tlse2.fr\/julia-hidalgo\/?page_id=265"},"modified":"2025-03-12T10:51:58","modified_gmt":"2025-03-12T09:51:58","slug":"crocus-2022-2025","status":"publish","type":"page","link":"https:\/\/blogs.univ-tlse2.fr\/julia-hidalgo\/les-projets-de-recherche-2\/crocus-2022-2025\/","title":{"rendered":"CRoCuS (2022-2025)"},"content":{"rendered":"\n<figure class=\"wp-block-gallery has-nested-images columns-default is-cropped wp-block-gallery-1 is-layout-flex wp-block-gallery-is-layout-flex\">\n<figure class=\"wp-block-image size-large\"><img loading=\"lazy\" decoding=\"async\" width=\"760\" height=\"549\" data-id=\"268\" src=\"https:\/\/blogs.univ-tlse2.fr\/julia-hidalgo\/files\/2024\/08\/Capture-decran-du-2024-08-28-10-32-44.png\" alt=\"\" class=\"wp-image-268\" srcset=\"https:\/\/blogs.univ-tlse2.fr\/julia-hidalgo\/files\/2024\/08\/Capture-decran-du-2024-08-28-10-32-44.png 760w, https:\/\/blogs.univ-tlse2.fr\/julia-hidalgo\/files\/2024\/08\/Capture-decran-du-2024-08-28-10-32-44-300x217.png 300w\" sizes=\"auto, (max-width: 760px) 100vw, 760px\" \/><\/figure>\n<\/figure>\n\n\n\n<p><em>contacts : juli&#97;&#46;&#x68;&#x69;&#x64;&#x61;&#x6c;&#x67;o&#64;uni&#118;&#45;&#x74;&#x6c;&#x73;&#x65;&#x32;&#x2e;fr ; &#98;&#x72;a&#x69;s&#x2e;e&#115;&#x74;&#101;&#x76;e&#x7a;&#46;&#x76;i&#108;&#x6c;a&#x72;i&#x6e;o&#x40;&#x75;&#115;&#x63;&#46;&#x65;s ; ser&#103;&#x65;&#x2e;&#x66;ara&#117;&#x74;&#x40;&#x74;&#x6f;ulo&#117;&#x73;&#x65;&#x2e;&#x61;rch&#105;&#x2e;&#x66;&#x72;; &#x74;at&#x68;ia&#x6e;e&#46;&#x6d;ar&#x74;in&#x73;&#64;t&#x6f;&#117;l&#x6f;&#117;s&#x65;&#46;a&#x72;&#99;h&#x69;&#46;f&#x72;; &#109;a&#x72;i&#x6f;n&#x2e;&#98;&#x6f;&#110;h&#x6f;m&#x6d;e&#x40;i&#x6e;&#115;&#x61;&#45;t&#x6f;u&#x6c;o&#x75;&#115;&#x65;&#46;f&#x72;; d&#x65;l&#x70;&#x68;i&#x6e;e&#46;&#x63;h&#x6f;u&#105;&#x6c;l&#x6f;u&#64;&#x75;n&#x69;&#x76;-&#x74;l&#115;&#x65;3&#x2e;f&#114;; &#103;&#x75;i&#x6c;l&#97;&#x75;m&#x65;&#46;&#x64;u&#109;&#x61;s&#x40;t&#x6f;&#x75;&#108;&#x6f;u&#x73;e&#45;&#x6d;e&#x74;r&#x6f;p&#111;&#x6c;e&#x2e;f&#114;; p&#x61;u&#108;&#x69;n&#101;&#x2e;s&#x63;&#x68;u&#x70;p&#101;&#x40;u&#110;&#x69;v&#x2d;&#x74;l&#x73;&#x65;2&#x2e;f&#114;; &#x6d;&#97;ri&#x61;&#x6a;os&#x65;&#x2e;&#112;in&#x65;&#105;ra&#x40;&#x75;&#115;c&#x2e;&#x65;&#115;<\/em><\/p>\n\n\n\n<p>This research explores the possibilities of converting the Galician Public Library Network into a Network of Climate Shelters. Slightly transforming existing infrastructures, climate shelters are public spaces that provide thermal comfort to vulnerable citizens, while maintaining other uses and functionalities. <\/p>\n\n\n\n<p><strong>Research problem :<\/strong><br>Critical events linked to the climate emergency threaten in various vays the habitability of the planet. Faced with this, planning policies on climate adaptation and mitigation have recently emerged. At the European level, the EU strategy on Adaptation to Climate Change, approved in February 2021, highlights the need to increase local territorial resilience as one of its key actions. The Global Commission on Adaptation to Climate Change was created in September 2021 with the aim of providing information and specific recommendations in key sectors: food security, natural environment, water, cities and urban areas, infrastructure, disaster risk management and finance. The objective sought by this Commission is to help the territories in the construction of climate resilient<br>trajectories by 2050. In Spain, the integration of adaptation to climate change in territorial and urban planning is also an objective of the National Plan for Adaptation to Climate Change 2021-2030 recently adopted by the Ministry for the Ecological Transition and the Demographic Challenge.<br>Climate-resilient development refers to the combination and deployment of climate change adaptation strategies and socio-technical actions aimed at reducing greenhouse gas (GHG) emissions. Its objective is to provide sustainable development for humans and non-humans, understood as a way of development that does not compromise the possibilities or life horizons of future generations. On the one hand, adaptation to climate change seeks to reduce the exposure and vulnerability of natural environments and of society to the impacts and crises derived from climate change, both in the territories and in our ways of life. Ideally, adaptation initiatives should aspire to build a more just and resilient society, understanding climate change as an opportunity to democratically deepen equality and social justice. In addition, to reduce greenhouse gas emissions, a decarbonization of the economy and society is needed; which seems difficult\u2014if not impossible\u2014without incorporating and developing sobriety policies. Sobriety policies refer to the set of daily measures and practices that avoid the demand for energy, materials, land and water, guaranteeing well-being for everyone within planetary limits. One of the challenges of implementing sobriety policies, particularly in a context of economic contraction and energy crisis, is the uncertain cost and the unknown social distribution or equity of said policies (Charbonnier, 2022).<br>Climate change is causing a general increase in temperatures and an intensification of heat waves that pose risks of extreme temperatures in cities. The impacts are numerous: public health problems, lack of comfort in indoor and outdoor spaces, excessive energy consumption and greenhouse gas (GHG) emissions. In addition, cities are also subject to the urban heat island, a phenomenon that refers to the increase in local temperature due to the accumulation of heat in urban materials (Stewart and Mills, 2021). The combined heat waves and the urban heat island aggravate urban vulnerabilities, especially in summertime. Now, at the same time that we are experiencing longer and hotter summers, other types of anomalies and extreme weather events do not stop to happening: torrential rains, floods, hurricanes, drought, cold waves, etc.<br>Although we have scientific evidence on human responsibility for climate change and, in addition, we have prospective modeling that alerts us to the catastrophic consequences of global warming of more than 2\u00baC, there is still no deep political consensus regarding the necessary adaptation and resilient transformation actions. This disconnect between scientific evidence, citizen and public policies is one of the challenges for the implementation of a territorial resilience agenda. Given that more than<br>half of the world&rsquo;s population lives in cities and that, as stated in the UN-Habitat World Cities Report 2021, this is expected to increase to 68% in 2050. From the positioning of the research in social geography, we understand that urban habitability, in a climate emergency context, is one of the greatest collective challenges we must face. In this sense, we propose to study a type of experimental and emerging urban initiative: climate resilient refuges in public facilities. In particular, we propose to investigate the possibilities for a network of urban public libraries to become a network of climate resilient refuges. A climate refuge is a type of urban resilience initiative against climate change that takes advantage of and adapts pre-existing infrastructure and public equipment, such as libraries, schools or parks, to accommodate vulnerable people &#8211; babies, the elderly or people with chronic illnesses &#8211; during the so-called extreme weather events. At the same time that these spaces<br>maintain their previous uses and functions, in these spaces \u2014closed or open\u2014, people can find welcoming and healthy thermal, environmental, and social conditions thanks to the presence of ventilation, water, or vegetation.<br>In Spain, Barcelona City Council and the Barcelona Metropolitan Area have pioneering initiatives in this regard; but, also, other European cities such as Paris, Rotterdam or Brussels have launched similar initiatives. In the case of Barcelona, since 2020, the City Council has launched a network of climate shelters. Although in 2020, 70 spaces were activated; During the year 2021, 155 were reached and since the summer of 2022, Barcelona has more than 200. It is important to point out that although the Network of Climate Shelters of Barcelona adapts heterogeneous spaces, it enjoys a specific boost through a project of Climate Shelters in schools. <br>In the same way that the Barcelona City Council has adapted a series of educational centers to climate change by doing so in a participatory manner, this project proposes to explore the possibility of converting the Network of Public Libraries of Galicia into a Galician Network of Climate Refuges. In Spain, for more than a decade, public libraries have become important social and citizen condensers mediated by culture (Est\u00e9vez, 2018). Almost all the cities have a good network. Today, public libraries not only lend books but also schedule an infinite number of activities aimed at revitalizing neighborhoods, promoting coexistence and social cohesion. In the years of the economic crisis after the 2008 crash, public libraries had to reinvent themselves and face some challenges related to living together in a time of impoverishment, unemployment and privatization of urban space. We believe that, today, these facilities constitute a type of infrastructure that is especially sensitive and capable of collectively leading, in a democratic and participatory environment, some of the challenges of the climate crisis. In other words, it is not just about using public libraries to organize awareness or informative days about the climate emergency, but rather the libraries themselves can be the scene of socio-material actions for resilience to climate change. However, a large number of autonomous communities have not yet addressed this challenge. This is the case of Galicia (northwest of Spain), the study case proposed for this project.<\/p>\n\n\n\n<p><strong>Research questions:<\/strong><\/p>\n\n\n\n<p>Given that we know that urbanized territories are going to be affected by the context of current and future climate emergencies and energy crises, the general research question that we propose is the following: can regional library networks become public networks of climate refuges? and thus participate in the necessary implementation of territorial resilience policies at the local<br>level?<br>Specific questions<br>Axis 1. What are we talking about when we talk about climate refuges?<br>Axis 2. How is the network of public libraries in Galicia? What are the public policies and governance of library networks in Galicia?<br>How it can dialogue with climate policies?<br>Axis 3. What is the geographical, climatic and social context of the territories covered by the library network?<br>Axis 4. What are the uses of this type of public infrastructure and how does current climate and energy crisis affect its use?<br>Axis 5. What kind of infrastructural transformations would be necessary for them to be used as a climate refuge?<br>Axis 6. Could the Network of Public Libraries of Galicia can lead the regional climate shelter strategy?<\/p>\n\n\n\n<p><strong>Actions carried out in 2022-2023 :<\/strong><br>Axis 1 :<\/p>\n\n\n<div class=\"wp-block-image\">\n<figure class=\"alignleft size-full is-resized\"><img loading=\"lazy\" decoding=\"async\" width=\"99\" height=\"147\" src=\"https:\/\/blogs.univ-tlse2.fr\/julia-hidalgo\/files\/2024\/08\/image.png\" alt=\"\" class=\"wp-image-272\" style=\"width:135px;height:auto\" \/><\/figure>\n<\/div>\n\n\n<p><strong>Book chapter : <\/strong>Estevez B., Hidalgo J. and Bonhomme M. (In press) Anticipatory action and future living in a context of increasing temperatures : an analysis from the Barcelona Climate Shelter Network. Book chapter for Cities as Anticipatory Systems, Springer <\/p>\n\n\n\n<p><\/p>\n\n\n\n<p><\/p>\n\n\n<div class=\"wp-block-image\">\n<figure class=\"alignleft size-full is-resized\"><img loading=\"lazy\" decoding=\"async\" width=\"697\" height=\"949\" src=\"https:\/\/blogs.univ-tlse2.fr\/julia-hidalgo\/files\/2024\/08\/image-1.png\" alt=\"\" class=\"wp-image-273\" style=\"width:203px;height:auto\" srcset=\"https:\/\/blogs.univ-tlse2.fr\/julia-hidalgo\/files\/2024\/08\/image-1.png 697w, https:\/\/blogs.univ-tlse2.fr\/julia-hidalgo\/files\/2024\/08\/image-1-220x300.png 220w\" sizes=\"auto, (max-width: 697px) 100vw, 697px\" \/><\/figure>\n<\/div>\n\n\n<p><strong>Conference session : <\/strong>\u00ab\u00a0Refugios clim\u00e1ticos: experimentaci\u00f3n, redes territoriales y adaptaci\u00f3n resiliente al calor extremo.\u00a0\u00bb \/\/ \u00ab\u00a0Refuges climatiques : exp\u00e9rimentation, r\u00e9seaux territoriaux et adaptation r\u00e9siliente \u00e0 la chaleur extr\u00eame.\u00a0\u00bb <\/p>\n\n\n\n<p>Cuartas jornadas franco-espa\u00f1olas de Geograf\u00eda\/\/Quatri\u00e8mes conf\u00e9rences franco-espagnoles de g\u00e9ographie. Toulouse, 2023<\/p>\n\n\n\n<p><\/p>\n\n\n\n<p><\/p>\n\n\n\n<p><\/p>\n\n\n\n<p><\/p>\n\n\n\n<p>Ponentes &#8211; Interventions<br>(Es) Calor y vulnerabilidad: una mirada desde la ecolog\u00eda pol\u00edtica en la ciudad de Barcelona. Hug<br>March Corbella (Universitat Oberta de Catalunya, UOC)<br>(Es) Dise\u00f1o de una red de refugios clim\u00e1ticos y de itinerarios confortables en el marco del Plan de<br>Adaptaci\u00f3n al Cambio Clim\u00e1tico de Vitoria-Gasteiz 2021-2030 \u2192 Be\u00f1at Abajo y efr\u00e9n Feliu,<br>Tecnalia<br>(Es, Fr) Adaptar la ciudad al calor: los refugios clim\u00e1ticos como dispositivo de recomposici\u00f3n<br>urbana. Brais Vilari\u00f1o, Universidade de Santiago de Compostela (USC)<br>(Fr) Espaces refuge : un projet \u00e9mergent \u00e0 Toulouse autour des espaces culturels. Marion<br>Bonhomme, Intitut National des Sciences Appliqu\u00e9es (INSA)<br>(Es) Contexto clim\u00e1tico y entorno de los refugios clim\u00e1ticos: espacios, calles y hogares en las<br>ciudades mediterr\u00e1neas. Javier Martin Vide, Universidad de Barcelona (UB)<\/p>\n\n\n\n<p><br>Axis 2 : we have worked on two <strong>technical reports <\/strong>on the current regional climate and cultural policies<\/p>\n\n\n\n<ul class=\"wp-block-list\">\n<li>Climate strategy in Galicia (Spain). First summary focusing on heat adaptation strategies. Julia Hidalgo, 14\/12\/2023<\/li>\n<\/ul>\n\n\n\n<ul class=\"wp-block-list\">\n<li>Gobernanza del Sistema de Gallego de Bibliotecas. Brais Estevez, 18\/01\/2024.<br><\/li>\n<\/ul>\n\n\n\n<p><strong>Actions carried out in 2023-2024 :<\/strong><br><\/p>\n\n\n<div class=\"wp-block-image\">\n<figure class=\"alignleft size-large is-resized\"><img loading=\"lazy\" decoding=\"async\" width=\"1024\" height=\"770\" src=\"https:\/\/blogs.univ-tlse2.fr\/julia-hidalgo\/files\/2024\/08\/image-3-1024x770.png\" alt=\"\" class=\"wp-image-276\" style=\"width:404px;height:auto\" srcset=\"https:\/\/blogs.univ-tlse2.fr\/julia-hidalgo\/files\/2024\/08\/image-3-1024x770.png 1024w, https:\/\/blogs.univ-tlse2.fr\/julia-hidalgo\/files\/2024\/08\/image-3-300x226.png 300w, https:\/\/blogs.univ-tlse2.fr\/julia-hidalgo\/files\/2024\/08\/image-3-768x577.png 768w, https:\/\/blogs.univ-tlse2.fr\/julia-hidalgo\/files\/2024\/08\/image-3.png 1032w\" sizes=\"auto, (max-width: 1024px) 100vw, 1024px\" \/><\/figure>\n<\/div>\n\n\n<p>Axis 3 &amp; Axis 4 : <strong>Methodological protocol <\/strong>development to characterize from a physical and social context a library and its environment. The aim is to develop a protocol that is as interdisciplinary and participatory as possible. For that we have developped: hybrid mesurement stations that allows to collect quantitative (atmospheric parameters) and qualitative (through a questionary) data; a questionary for library workers and a protocol of building description.<\/p>\n\n\n\n<p><\/p>\n\n\n\n<figure class=\"wp-block-image size-full\"><img loading=\"lazy\" decoding=\"async\" width=\"925\" height=\"349\" src=\"https:\/\/blogs.univ-tlse2.fr\/julia-hidalgo\/files\/2024\/08\/image-10.png\" alt=\"\" class=\"wp-image-300\" srcset=\"https:\/\/blogs.univ-tlse2.fr\/julia-hidalgo\/files\/2024\/08\/image-10.png 925w, https:\/\/blogs.univ-tlse2.fr\/julia-hidalgo\/files\/2024\/08\/image-10-300x113.png 300w, https:\/\/blogs.univ-tlse2.fr\/julia-hidalgo\/files\/2024\/08\/image-10-768x290.png 768w\" sizes=\"auto, (max-width: 925px) 100vw, 925px\" \/><\/figure>\n\n\n<div class=\"wp-block-image\">\n<figure class=\"alignleft size-full is-resized\"><img loading=\"lazy\" decoding=\"async\" width=\"706\" height=\"987\" src=\"https:\/\/blogs.univ-tlse2.fr\/julia-hidalgo\/files\/2024\/08\/image-7.png\" alt=\"\" class=\"wp-image-280\" style=\"width:211px;height:auto\" srcset=\"https:\/\/blogs.univ-tlse2.fr\/julia-hidalgo\/files\/2024\/08\/image-7.png 706w, https:\/\/blogs.univ-tlse2.fr\/julia-hidalgo\/files\/2024\/08\/image-7-215x300.png 215w\" sizes=\"auto, (max-width: 706px) 100vw, 706px\" \/><\/figure>\n<\/div>\n\n\n<p>Axis 3 &amp; Axis 4 : <\/p>\n\n\n\n<p>Organization of a <strong>week of climate related open activities<\/strong><\/p>\n\n\n\n<p>Project presentation, round tables, cartography workshops, building characterization, climate walk, cinema and public debates.<\/p>\n\n\n\n<p><\/p>\n\n\n\n<p><\/p>\n\n\n<div class=\"wp-block-image\">\n<figure class=\"alignleft size-full is-resized\"><img loading=\"lazy\" decoding=\"async\" width=\"707\" height=\"991\" src=\"https:\/\/blogs.univ-tlse2.fr\/julia-hidalgo\/files\/2024\/08\/image-6.png\" alt=\"\" class=\"wp-image-279\" style=\"width:799px;height:auto\" srcset=\"https:\/\/blogs.univ-tlse2.fr\/julia-hidalgo\/files\/2024\/08\/image-6.png 707w, https:\/\/blogs.univ-tlse2.fr\/julia-hidalgo\/files\/2024\/08\/image-6-214x300.png 214w\" sizes=\"auto, (max-width: 707px) 100vw, 707px\" \/><\/figure>\n<\/div>\n\n\n<p><\/p>\n\n\n\n<p><\/p>\n\n\n\n<p><\/p>\n\n\n\n<p><\/p>\n\n\n\n<p><\/p>\n\n\n\n<p><\/p>\n\n\n\n<p><\/p>\n\n\n\n<p><\/p>\n\n\n\n<p><\/p>\n\n\n\n<p><\/p>\n\n\n\n<p><\/p>\n\n\n\n<p><\/p>\n\n\n\n<p><strong>Planned actions in 2024-2025 :<\/strong><\/p>\n\n\n\n<p>Axis 2 : <strong>Governance of the Galician Library System and Climate resilience analysis<\/strong> at regional scale<\/p>\n\n\n\n<p>Axis 3 : <strong>Database constitution <\/strong>of the whole Galicia&rsquo;s public network of libraries<\/p>\n\n\n\n<p><\/p>\n\n\n\n<p><\/p>\n\n\n\n<p><\/p>\n","protected":false},"excerpt":{"rendered":"<p>contacts : &#106;&#x75;&#108;&#x69;&#97;&#x2e;h&#x69;d&#x61;l&#x67;o&#x40;u&#x6e;i&#x76;-&#x74;l&#x73;e&#50;&#x2e;&#102;&#x72; ; &#x62;&#x72;&#x61;&#x69;&#x73;&#x2e;&#x65;&#x73;&#x74;&#x65;&#x76;&#x65;&#x7a;&#x2e;&#118;&#105;&#108;&#108;&#97;&#114;ino&#64;usc&#46;es ; &#x73;&#x65;&#x72;&#x67;&#x65;&#x2e;&#102;&#97;raut&#64;t&#x6f;&#x75;&#x6c;&#x6f;&#x75;&#x73;&#101;&#46;archi&#46;&#x66;&#x72;; t&#97;&#x74;&#x68;i&#97;&#x6e;&#x65;&#46;&#109;&#x61;&#x72;ti&#x6e;&#x73;&#64;t&#x6f;&#x75;lo&#117;&#x73;&#x65;&#46;&#97;&#x72;&#x63;h&#105;&#x2e;&#x66;r; &#x6d;&#97;r&#x69;&#x6f;&#110;&#46;&#x62;&#x6f;&#110;h&#x6f;&#x6d;me&#x40;&#x69;ns&#x61;&#45;to&#x75;&#108;o&#x75;&#x73;&#101;&#46;&#x66;&#x72;; &#x64;&#x65;&#x6c;&#x70;&#x68;&#x69;&#x6e;&#x65;&#x2e;&#x63;&#x68;&#x6f;&#x75;&#x69;&#x6c;&#x6c;&#x6f;&#x75;&#x40;&#x75;&#x6e;&#x69;&#x76;&#x2d;&#x74;&#x6c;&#x73;&#x65;&#x33;&#x2e;&#x66;&#x72;; &#x67;&#x75;&#x69;&#x6c;&#x6c;&#97;&#117;me&#46;du&#x6d;&#x61;&#x73;&#x40;&#x74;&#x6f;&#117;&#108;ouse&#x2d;&#x6d;&#x65;&#x74;&#x72;&#x6f;&#112;&#111;le&#46;fr; &#x70;&#97;u&#x6c;&#105;n&#x65;&#x2e;sc&#x68;&#117;p&#x70;&#x65;&#64;u&#x6e;&#105;v&#x2d;&#x74;ls&#x65;&#50;&#46;&#x66;&#x72;; &#x6d;&#x61;ri&#x61;&#x6a;&#111;se&#x2e;&#x70;&#105;ne&#x69;&#x72;&#97;&#64;u&#x73;&#x63;&#46;e&#x73; This research explores the possibilities of converting the Galician Public Library Network into a Network of Climate Shelters. Slightly transforming existing infrastructures, climate shelters are public spaces that provide thermal comfort to vulnerable citizens, while maintaining other uses and functionalities. Research problem [&hellip;]<\/p>\n","protected":false},"author":407,"featured_media":0,"parent":234,"menu_order":5,"comment_status":"closed","ping_status":"closed","template":"","meta":{"footnotes":""},"class_list":["post-265","page","type-page","status-publish","hentry"],"_links":{"self":[{"href":"https:\/\/blogs.univ-tlse2.fr\/julia-hidalgo\/wp-json\/wp\/v2\/pages\/265","targetHints":{"allow":["GET"]}}],"collection":[{"href":"https:\/\/blogs.univ-tlse2.fr\/julia-hidalgo\/wp-json\/wp\/v2\/pages"}],"about":[{"href":"https:\/\/blogs.univ-tlse2.fr\/julia-hidalgo\/wp-json\/wp\/v2\/types\/page"}],"author":[{"embeddable":true,"href":"https:\/\/blogs.univ-tlse2.fr\/julia-hidalgo\/wp-json\/wp\/v2\/users\/407"}],"replies":[{"embeddable":true,"href":"https:\/\/blogs.univ-tlse2.fr\/julia-hidalgo\/wp-json\/wp\/v2\/comments?post=265"}],"version-history":[{"count":24,"href":"https:\/\/blogs.univ-tlse2.fr\/julia-hidalgo\/wp-json\/wp\/v2\/pages\/265\/revisions"}],"predecessor-version":[{"id":327,"href":"https:\/\/blogs.univ-tlse2.fr\/julia-hidalgo\/wp-json\/wp\/v2\/pages\/265\/revisions\/327"}],"up":[{"embeddable":true,"href":"https:\/\/blogs.univ-tlse2.fr\/julia-hidalgo\/wp-json\/wp\/v2\/pages\/234"}],"wp:attachment":[{"href":"https:\/\/blogs.univ-tlse2.fr\/julia-hidalgo\/wp-json\/wp\/v2\/media?parent=265"}],"curies":[{"name":"wp","href":"https:\/\/api.w.org\/{rel}","templated":true}]}}