 {"id":28,"date":"2017-06-23T14:27:20","date_gmt":"2017-06-23T12:27:20","guid":{"rendered":"https:\/\/blogs.univ-tlse2.fr\/julia-hidalgo\/?page_id=28"},"modified":"2024-08-28T10:20:08","modified_gmt":"2024-08-28T08:20:08","slug":"les-projets-de-recherche","status":"publish","type":"page","link":"https:\/\/blogs.univ-tlse2.fr\/julia-hidalgo\/les-projets-de-recherche-2\/les-projets-de-recherche\/","title":{"rendered":"TOUS &#8211; RESUME"},"content":{"rendered":"<h2 style=\"text-align: center\"><span style=\"text-decoration: underline\"><b>Les projets de recherche en cours<\/b><\/span><\/h2>\n<p><strong>Chantier de recherche sur les \u00ab\u00a0r\u00e9seaux publics d&rsquo;espaces refuge \u00e0 la chaleur\u00a0\u00bb<\/strong><\/p>\n<p>2024-2026 : <strong>POPSU Transition<\/strong>&#8211; Le confort m\u00e9tropolitain, pivot des transitions en territoire toulousain?<\/p>\n<p>Axe 1 : R\u00e9interroger \/ repenser les politiques publiques par le confort<br \/>\nAxe 2 : Le patrimoine b\u00e2ti du XXe si\u00e8cle : l\u2019incontournable mais difficile am\u00e9lioration \u00e9nerg\u00e9tique<br \/>\n<strong>Axe 3:<\/strong> R\u00e9silience climatique territoriale \u00e0 Toulouse : une analyse des espaces culturels vus comme des refuges climatiques. Partenaires : LRA (porteur), LMDC (Porteur), LISST, Toulouse M\u00e9tropole.<br \/>\nAxe 4 : Faire la m\u00e9tropole par les syst\u00e8mes de parcs : comment r\u00e9int\u00e9grer l\u2019urbain \u00e0 sa g\u00e9ographie ?<\/p>\n<p>2024-2025 <strong>ADEME COMMUNS<\/strong> &#8211; Cartographie participative des refuges climatiques. Partenaires : BE-TRIBU (Porteur), LISST, LMDC, Toulouse M\u00e9tropole<\/p>\n<p>L&rsquo;objectif est de proposer une plateforme cartographique num\u00e9rique de co-caract\u00e9risation des espaces refuges par les habitant\u0387e\u0387s et usagers.<\/p>\n<p>2022-2025 : <strong>LABEX SMS CRoCuS<\/strong> &#8211; Territorial climate resilience: an analysis from cultural spaces seen as climatic refuges from heat and cold. Partenaires : LISST (porteur), LMDC, LRA, Toulouse M\u00e9tropole, Universit\u00e9 de Saint Jacques de Compostelle.<\/p>\n<p>This research explores the possibilities of converting the Galician Public Library Network into a Network of Climate Shelters. The general research question is the following: can regional library networks become public networks of climate refuges? and thus participate in the necessary implementation of territorial resilience policies at the local level?<\/p>\n<p>&nbsp;<\/p>\n<p><strong>Chantier de recherche sur l&rsquo;int\u00e9gration des enjeux climatiques dans l&rsquo;urbanisme op\u00e9rationnel <\/strong><\/p>\n<p>2022-2025 : <a href=\"https:\/\/blogs.univ-tlse2.fr\/julia-hidalgo\/les-projets-de-recherche\/paendora-2-2022-2025\/\">ADEME\u00a0 P\u00c6NDORA 2<\/a>&#8211; Pour la gestion du confort estival : Donn\u00e9es, Outils et Recherche-Action. Appel PACT2e 2021. Partenaires : LISST (porteur), CNRM, LabSTICC, LMDC, LRA, Toulouse M\u00e9tropole, FNAU<\/p>\n<p>Le projet P\u00c6NDORA 2 se donne trois objectifs principaux :<\/p>\n<ul>\n<li>\u00a0continuer \u00e0 d\u00e9velopper les outils de production de donn\u00e9es urbaines (Geoclimate) et architecturales (DANUBE) d\u00e9velopp\u00e9s lors des projets de recherche MApUCE et P\u00c6NDORA.<\/li>\n<li>\u00a0de tester les marges d&rsquo;applicabilit\u00e9 des donn\u00e9es produites \u00e0 l&rsquo;urbanisme op\u00e9rationnel \u00e0 l&rsquo;\u00e9chelle de l\u2019am\u00e9nagement. En particulier en accompagnant Toulouse M\u00e9tropole lors de son projet d&rsquo;adaptation climatique de cours d&rsquo;\u00e9cole pour la commune de Toulouse.<\/li>\n<li>de produire des dispositifs de valorisation et communication des r\u00e9sultats du projet innovants. En particulier en cr\u00e9ant de balades microclimatiques urbaines en collaboration avec les \u00e9quipes locales des cas d\u2019\u00e9tude (le LIED \u00e0 Paris, le CEREMA \u00e0 Nancy, le CRC \u00e0 Dijon).<\/li>\n<\/ul>\n<hr \/>\n<hr \/>\n<h2><b>Les projets de recherche pass\u00e9s<\/b><\/h2>\n<p><strong>2020-2022: LISST URBASUDS I et II<\/strong> &#8211; URBanisme et Adaptation au Changement Climatique dans les villes des SUDS : une approche par la lexicom\u00e9trie et l\u2019analyse des r\u00e9seaux. Participants : Z. Mhedhbi et P. Mazzega (coordinateurs), S. Haoues-Jouve, m\u00e9h\u00e9ret Gaston,\u00a0 J. Hidalgo (LISST),\u00a0 E. Fieux (IMT)<\/p>\n<p>Le projet URBASUDS analyse et exploite les connaissances extraites d\u2019un corpus de m\u00e9tadonn\u00e9es d\u2019articles scientifiques r\u00e9unis autour des questions sur l\u2019urbanisme et le changement climatique (le corpus comporte les m\u00e9tadonn\u00e9es de 24,757 articles du Web of Science, publi\u00e9s entre 1981 et 2021).<\/p>\n<p>&nbsp;<\/p>\n<p align=\"left\"><strong>2017-2020 : <\/strong><strong><a href=\"https:\/\/www.construction21.org\/france\/articles\/fr\/6-laureats-pour-renouveler-les-territoires-de-demain.html\"><u><b>ADEME\u00a0P\u00c6NDORA<\/b><\/u><\/a><\/strong> \u00ab\u00a0Planification, Adaptation et \u00c9nergie: Donn\u00e9es territoriales et accompagnement\u00a0\u00bb. Appel MODEVAL 2017-5. Partenaires\u00a0: CNRM (porteur), LABSTTIC, LISST<\/p>\n<p>Le projet P\u00c6NDORA permettra le transfert vers l\u2019op\u00e9rationnel d&rsquo;un certain nombre de r\u00e9sultats du projet MApUCE. En produisant une base de donn\u00e9es libre et \u00e9volutive \u00e0 l\u2019\u00e9chelle des quartiers pour l\u2019ensemble des communes de France \u00e0 destination des \u00e9tudes environnementales et climatiques. \u00c9galement, en concevant des m\u00e9thodologies d\u2019accompagnement des acteurs de l\u2019urbanisme sur les th\u00e9matiques li\u00e9es \u00e0 l\u2019adaptation au changement climatique<\/p>\n<p>&nbsp;<\/p>\n<p><strong>2014-2019 :<\/strong> <strong><a href=\"http:\/\/www.cnrm.meteo.fr\/ville.climat\/spip.php?rubrique120\" target=\"_blank\" rel=\"noopener\">ANR MAPUCE<\/a><\/strong> &#8211; Mod\u00e9lisation Appliqu\u00e9e et droit de l\u2019Urbanisme : Climat urbain et \u00c9nergie. Appel B\u00e2timents et Villes Durables 2013. Partenaires\u00a0: CNRM (porteur), FNAU, LABSTTIC, LATTS, LIENSs, LIEU, LISST, LRA<\/p>\n<p align=\"justify\">Le projet MApUCE vise \u00e0 am\u00e9liorer les d\u00e9marches d\u2019int\u00e9gration des enjeux climatiques dans les politiques urbaines. On s\u2019attache pour cela \u00e0 obtenir, \u00e0 partir de simulations num\u00e9riques, des donn\u00e9es quantitatives de microclimat urbain, climat et \u00e9nergie pour n\u2019importe quelle ville de France et ce jusqu\u2019\u00e0 l\u2019\u00e9chelle des quartiers, puis \u00e0 d\u00e9finir une m\u00e9thodologie pour les int\u00e9grer dans les documents juridiques et les politiques urbaines les plus pertinentes.<\/p>\n<p><b>2012-2017 : <a href=\"http:\/\/eurequa.univ-tlse2.fr\">EUREQUA<\/a> <strong>&#8211; <\/strong><\/b>\u00c9valuation mUltidisciplinaire et Requalification Environnementale des QUArtiers<\/p>\n<p>Le projet de recherche EUREQUA -coordonn\u00e9 par le LISST (Sinda Haou\u00e8s-Jouve)- a b\u00e9n\u00e9fici\u00e9 d\u2019un financement de l\u2019ANR dans le cadre de l\u2019appel \u00e0 projets B\u00e2timents et villes durables 2011. Il questionne les enjeux de la requalification environnementale du cadre de vie urbain \u00e0 l\u2019\u00e9chelle des quartiers. Il adopte une approche m\u00e9thodologique originale qui s\u2019appuie sur une \u00e9quipe pluridisciplinaire associant g\u00e9ographes, sociologues, physiciens de l\u2019atmosph\u00e8re, acousticiens et architectes, en collaboration avec des responsables du cadre de vie urbain. La question de recherche est : <em>Comment faire \u00e9merger une conception de la qualit\u00e9 environnementale du cadre de vie qui articule une r\u00e9flexion renouvel\u00e9e sur : a) la mat\u00e9rialit\u00e9 de l\u2019environnement urbain ; b) les approches sensible et sociale de la relation \u00e0 l\u2019environnement ?<\/em><\/p>\n<div id=\"gt-res-c\" class=\"g-unit\">\n<div id=\"gt-res-p\">\n<div id=\"gt-res-data\">\n<div id=\"gt-res-wrap\">\n<div id=\"gt-res-content\">\n<div id=\"gt-res-dir-ctr\" class=\"trans-verified-button-small\" dir=\"ltr\">\n<div id=\"tts_button\"><span id=\"result_box\" class=\"\" lang=\"fr\"><span class=\"\">\u2192 Impliqu\u00e9e dans le protocole d&rsquo;observation et l&rsquo;analyse statistique des donn\u00e9es qualitatives et quantitatives.<\/span><\/span><\/div>\n<\/div>\n<\/div>\n<\/div>\n<\/div>\n<\/div>\n<\/div>\n<p><b>2010-2013 : <a href=\"https:\/\/www.umr-cnrm.fr\/ville.climat\/spip.php?rubrique46\">ACCLIMAT<\/a> &#8211; <\/b><b>Adaptation au Changement CLIMatique de l\u2019Agglom\u00e9ration Toulousain<\/b><\/p>\n<p>Ce projet pilot\u00e9 par le CNRM avait pour objectif d&rsquo;\u00e9tudier les interactions entre les processus de d\u00e9veloppement urbain et de microclimat et de quantifier certains impacts du changement climatique pour l\u2019agglom\u00e9ration toulousaine \u00e0 l\u2019horizon de la fin de si\u00e8cle. ACCLIMAT d\u00e9but\u00e9 le 1er f\u00e9vrier 2010, pour une dur\u00e9e de 3 ans. Il a b\u00e9n\u00e9fici\u00e9 d\u2019une aide de la Fondation de Coop\u00e9ration Scientifique \u00ab\u00a0STAE\u00a0\u00bb, Sciences et Technologies de l\u2019A\u00e9ronautique et de l\u2019Espace.<\/p>\n<p><span id=\"result_box\" class=\"\" lang=\"fr\"><span class=\"\">\u2192 post-doc en charge des m\u00e9thodes de descente d&rsquo;\u00e9chelle des projections climatiques<br \/>\n<\/span><\/span><\/p>\n<p><b>2010-2013 : <a href=\"http:\/\/www.umr-cnrm.fr\/muscade\/spip.php?rubrique48\">MUSCADE<\/a> &#8211; M<\/b><b>od\u00e9lisation Urbaine et Strat\u00e9gies d\u2019adaptation au Changement climatique pour Anticiper la Demande et la production \u00c9nerg\u00e9tique<\/b><\/p>\n<p>Ce projet pilot\u00e9 par le CNRM \u00e9tudi\u00e9 les questions de l\u2019\u00e9nergie du b\u00e2ti et du changement climatique en d\u00e9veloppant un mod\u00e8le num\u00e9rique d\u2019expansion urbaine, de simulation du climat urbain et de simulation du couple offre-demande \u00e9nerg\u00e9tique du b\u00e2ti. Celui-ci est appliqu\u00e9 \u00e0 l\u2019aire urbaine de Paris. Le projet a d\u00e9but\u00e9 en 2009, pour une dur\u00e9e de 3 ans. Il a b\u00e9n\u00e9fici\u00e9 d\u2019une aide de l\u2019Agence Nationale de la Recherche portant la r\u00e9f\u00e9rence ANR-09-VILL-0003<\/p>\n<p><span id=\"result_box\" class=\"\" lang=\"fr\"><span class=\"\">\u2192 post-doc en charge des m\u00e9thodes de descente d&rsquo;\u00e9chelle des projections climatiques<\/span><\/span><\/p>\n<p><b>2008-2010 : <a href=\"http:\/\/www.opcc-ctp.org\/fr\/component\/content\/article\/390-sur-le-terrain-k-egokitzen-impacts-et-adaptation-en-pays-basque\">K-EGOKITZEN<\/a> &#8211; <\/b><b>Cambio Clim\u00e1tico : Impactos y Adaptaci\u00f3n <\/b><\/p>\n<p>Ce projet pilot\u00e9 par Tecnalia conceptualisait des strat\u00e9gies d\u2019adaptation pour la soci\u00e9t\u00e9 et pour les syst\u00e8mes naturels, en r\u00e9ponse aux sc\u00e9narios de changements climatiques pr\u00e9vus pour le Pays Basque, en minimisant les effets et en prenant en consid\u00e9ration les opportunit\u00e9s en d\u00e9coulant.<\/p>\n<p><span id=\"result_box\" class=\"\" lang=\"fr\"><span class=\"\">\u2192 coordinateur des t\u00e2ches concernant les impacts du changement climatique et l&rsquo;adaptation des zones urbaines<\/span><\/span><\/p>\n<p><strong>2008 : <a href=\"https:\/\/www.uv.es\/desirex\/\">DESIREX<\/a> &#8211; Dual-use European Security IR Experiment<\/strong><\/p>\n<p>Cette campagne de mesures s\u2019est d\u00e9roul\u00e9e \u00e0 Madrid entre juin et juillet de 2008. Pilot\u00e9e par l\u2019Universit\u00e9 de Valence et\u00a0financ\u00e9 par l\u2019Agence Spatiale Europ\u00e9enne (ESA) avait pour objectif de <span id=\"result_box\" class=\"\" lang=\"fr\"><span class=\"\">soutenir le d\u00e9veloppement de l&rsquo;algorithme g\u00e9ophysique, l&rsquo;\u00e9talonnage, la validation et la simulation de futures missions spatiales d&rsquo;observation de la Terre pour le d\u00e9veloppement d&rsquo;applications li\u00e9es \u00e0 l&rsquo;\u00e9tude de l\u2019\u00eelot de chaleur urbain et la thermographie urbaine. <\/span><\/span><\/p>\n<p><span id=\"result_box\" class=\"\" lang=\"fr\"><span class=\"\">\u2192 coordination de la participation de LABEIN-Tecnalia, Universit\u00e9 de Vigo, Universit\u00e9 Complutense de Madrid et CIEMAT <\/span><\/span><\/p>\n<p><b>2004-2005 : <a href=\"https:\/\/www.umr-cnrm.fr\/spip.php?article260#outil_sommaire_0\">CAPITOUL<\/a> &#8211; <\/b><b>Canopy and Aerosol Particle Interactions in the Toulouse Urban Layer<\/b><\/p>\n<p>Cette campagne d&rsquo;observation pilot\u00e9e par le CNRM poss\u00e9dait plusieurs objectifs :<\/p>\n<ul>\n<li>\u00c9tudier les \u00e9changes d\u2019\u00e9nergie entre la surface urbaine et l\u2019atmosph\u00e8re pour des conditions m\u00e9t\u00e9orologiques vari\u00e9es (conditions estivales, hivernales, pluie, vent etc\u2026).<\/li>\n<li>Observer l\u2019impact de la ville sur l\u2019\u00e9coulement de l\u2019air au-dessus d\u2019elle.<\/li>\n<li>Caract\u00e9riser la formation et la transformation de l\u2019a\u00e9rosol urbain (particules en suspension dans l\u2019atmosph\u00e8re), des zones d\u2019\u00e9missions jusqu\u2019aux zones r\u00e9ceptrices \u00e0 courtes (1 km) et \u00e0 moyennes (50 km) distances.<\/li>\n<li>\u00c9tudier la dispersion \u00e0 courte distance d\u2019une simulation de rejet industriel par un exercice de l\u00e2cher de traceurs (gaz inertes) pour qualifier un syst\u00e8me de mod\u00e9lisation.<\/li>\n<\/ul>\n<p><span id=\"result_box\" class=\"\" lang=\"fr\"><span class=\"\">\u2192 Doctorante impliqu\u00e9e dans le phase exp\u00e9rimentale et l&rsquo;analyse de la base de donn\u00e9es d\u00e9coulant.<\/span><\/span><\/p>\n<h2 style=\"text-align: center\"><\/h2>\n","protected":false},"excerpt":{"rendered":"<p>Les projets de recherche en cours Chantier de recherche sur les \u00ab\u00a0r\u00e9seaux publics d&rsquo;espaces refuge \u00e0 la chaleur\u00a0\u00bb 2024-2026 : POPSU Transition&#8211; Le confort m\u00e9tropolitain, pivot des transitions en territoire toulousain? Axe 1 : R\u00e9interroger \/ repenser les politiques publiques par le confort Axe 2 : Le patrimoine b\u00e2ti du XXe si\u00e8cle : l\u2019incontournable mais [&hellip;]<\/p>\n","protected":false},"author":407,"featured_media":0,"parent":234,"menu_order":1,"comment_status":"closed","ping_status":"closed","template":"","meta":{"footnotes":""},"class_list":["post-28","page","type-page","status-publish","hentry"],"_links":{"self":[{"href":"https:\/\/blogs.univ-tlse2.fr\/julia-hidalgo\/wp-json\/wp\/v2\/pages\/28","targetHints":{"allow":["GET"]}}],"collection":[{"href":"https:\/\/blogs.univ-tlse2.fr\/julia-hidalgo\/wp-json\/wp\/v2\/pages"}],"about":[{"href":"https:\/\/blogs.univ-tlse2.fr\/julia-hidalgo\/wp-json\/wp\/v2\/types\/page"}],"author":[{"embeddable":true,"href":"https:\/\/blogs.univ-tlse2.fr\/julia-hidalgo\/wp-json\/wp\/v2\/users\/407"}],"replies":[{"embeddable":true,"href":"https:\/\/blogs.univ-tlse2.fr\/julia-hidalgo\/wp-json\/wp\/v2\/comments?post=28"}],"version-history":[{"count":20,"href":"https:\/\/blogs.univ-tlse2.fr\/julia-hidalgo\/wp-json\/wp\/v2\/pages\/28\/revisions"}],"predecessor-version":[{"id":264,"href":"https:\/\/blogs.univ-tlse2.fr\/julia-hidalgo\/wp-json\/wp\/v2\/pages\/28\/revisions\/264"}],"up":[{"embeddable":true,"href":"https:\/\/blogs.univ-tlse2.fr\/julia-hidalgo\/wp-json\/wp\/v2\/pages\/234"}],"wp:attachment":[{"href":"https:\/\/blogs.univ-tlse2.fr\/julia-hidalgo\/wp-json\/wp\/v2\/media?parent=28"}],"curies":[{"name":"wp","href":"https:\/\/api.w.org\/{rel}","templated":true}]}}