 {"id":84,"date":"2017-06-27T11:25:19","date_gmt":"2017-06-27T09:25:19","guid":{"rendered":"https:\/\/blogs.univ-tlse2.fr\/julia-hidalgo\/?page_id=84"},"modified":"2024-08-28T10:10:00","modified_gmt":"2024-08-28T08:10:00","slug":"presentation","status":"publish","type":"page","link":"https:\/\/blogs.univ-tlse2.fr\/julia-hidalgo\/","title":{"rendered":"PR\u00c9SENTATION"},"content":{"rendered":"\n<figure class=\"wp-block-image is-resized\"><img loading=\"lazy\" decoding=\"async\" width=\"800\" height=\"498\" src=\"https:\/\/blogs.univ-tlse2.fr\/julia-hidalgo\/files\/2019\/10\/Sans-titre_Mini2-1.png\" alt=\"\" class=\"wp-image-180\" style=\"width:284px;height:177px\" srcset=\"https:\/\/blogs.univ-tlse2.fr\/julia-hidalgo\/files\/2019\/10\/Sans-titre_Mini2-1.png 800w, https:\/\/blogs.univ-tlse2.fr\/julia-hidalgo\/files\/2019\/10\/Sans-titre_Mini2-1-300x187.png 300w, https:\/\/blogs.univ-tlse2.fr\/julia-hidalgo\/files\/2019\/10\/Sans-titre_Mini2-1-768x478.png 768w\" sizes=\"auto, (max-width: 800px) 100vw, 800px\" \/><\/figure>\n\n\n<p class=\"western\" align=\"justify\"><span style=\"font-family: Ubuntu\"><span style=\"font-size: small\"><span lang=\"fr-FR\">Apr\u00e8s une formation universitaire en physique de l\u2019atmosph\u00e8re et l&rsquo;environnement (1998-2004) je me suis sp\u00e9cialis\u00e9 en climatologie et m\u00e9t\u00e9orologie urbaines via une th\u00e8se Europ\u00e9enne binationale France-Espagne (2005-2008). Pendant la p\u00e9riode 2008 \u00e0 2012, en tant que chercheur contractuel, j&rsquo;ai \u00e9largi mon champ de recherche aux volets d&rsquo;impact et d&rsquo;adaptation des villes au changement climatique. <\/span><\/span><\/span><span style=\"font-family: Ubuntu\"><span style=\"font-size: small\"><span lang=\"fr-FR\">Je peux donc apporter les entr\u00e9es disciplinaires qui rel\u00e8vent de l&rsquo;observation et la mod\u00e9lisation du climat global et du climat urbain. <\/span><\/span><\/span><\/p>\n<p class=\"western\" align=\"justify\"><span style=\"font-family: Ubuntu\"><span style=\"font-size: small\"><span lang=\"fr-FR\"> J<\/span><\/span><\/span><span style=\"font-family: Ubuntu\"><span style=\"font-size: small\"><span lang=\"fr-FR\">&lsquo;ai \u00e9t\u00e9 recrut\u00e9e en 2013 par la Commission interdisciplinaire 52 du CNRS sur un poste intitul\u00e9 \u00ab Risques Climatiques : approches mod\u00e9lisateurs \u00bb avec une affectation dans le laboratoire LISST, \u00e9quipe CIEU (Centre Interdisciplinaire d\u2019\u00c9tudes Urbains). Mes recherches <\/span><\/span><\/span><span style=\"font-family: Ubuntu\"><span style=\"font-size: small\"><span lang=\"fr-FR\">visent \u00e0 proposer des modes d\u2019articulation entre savoirs climatiques et savoirs urbanistiques en ayant recours aux observations, \u00e0 la mod\u00e9lisation, et \u00e0 l\u2019analyse du cadre r\u00e9glementaire des outils de planification et d\u2019am\u00e9nagement urbains. J&rsquo;ai obtenu en 2022 une HDR \u00e0 l\u2019ENS de Paris avec une double mention, \u00ab G\u00e9ographie \u00bb et \u00ab G\u00e9osciences &amp; Environnement \u00bb. Je suis Directrice de Recherches depuis 2023 dans le m\u00eame laboratoire ou je d\u00e9veloppe deux chantiers de recherche-action : le premier, initi\u00e9 en 2014, d\u00e9di\u00e9 \u00e0\u00a0 l&rsquo;int\u00e9gration des enjeux climatiques dans la planification et l&rsquo;am\u00e9nagement urbain. Le deuxi\u00e8me, initi\u00e9 en 2022, d\u00e9di\u00e9 aux dispositifs institutionnels d\u2019adaptation \u00e0 la chaleur des milieux urbanis\u00e9s, en particulier, le d\u00e9veloppement de r\u00e9seaux publics d&rsquo;espaces refuge \u00e0 la chaleur.<br \/><\/span><\/span><\/span><\/p>","protected":false},"excerpt":{"rendered":"<p>Apr\u00e8s une formation universitaire en physique de l\u2019atmosph\u00e8re et l&rsquo;environnement (1998-2004) je me suis sp\u00e9cialis\u00e9 en climatologie et m\u00e9t\u00e9orologie urbaines via une th\u00e8se Europ\u00e9enne binationale France-Espagne (2005-2008). Pendant la p\u00e9riode 2008 \u00e0 2012, en tant que chercheur contractuel, j&rsquo;ai \u00e9largi mon champ de recherche aux volets d&rsquo;impact et d&rsquo;adaptation des villes au changement climatique. Je [&hellip;]<\/p>\n","protected":false},"author":407,"featured_media":176,"parent":0,"menu_order":1,"comment_status":"closed","ping_status":"closed","template":"","meta":{"footnotes":""},"class_list":["post-84","page","type-page","status-publish","has-post-thumbnail","hentry"],"_links":{"self":[{"href":"https:\/\/blogs.univ-tlse2.fr\/julia-hidalgo\/wp-json\/wp\/v2\/pages\/84","targetHints":{"allow":["GET"]}}],"collection":[{"href":"https:\/\/blogs.univ-tlse2.fr\/julia-hidalgo\/wp-json\/wp\/v2\/pages"}],"about":[{"href":"https:\/\/blogs.univ-tlse2.fr\/julia-hidalgo\/wp-json\/wp\/v2\/types\/page"}],"author":[{"embeddable":true,"href":"https:\/\/blogs.univ-tlse2.fr\/julia-hidalgo\/wp-json\/wp\/v2\/users\/407"}],"replies":[{"embeddable":true,"href":"https:\/\/blogs.univ-tlse2.fr\/julia-hidalgo\/wp-json\/wp\/v2\/comments?post=84"}],"version-history":[{"count":11,"href":"https:\/\/blogs.univ-tlse2.fr\/julia-hidalgo\/wp-json\/wp\/v2\/pages\/84\/revisions"}],"predecessor-version":[{"id":262,"href":"https:\/\/blogs.univ-tlse2.fr\/julia-hidalgo\/wp-json\/wp\/v2\/pages\/84\/revisions\/262"}],"wp:featuredmedia":[{"embeddable":true,"href":"https:\/\/blogs.univ-tlse2.fr\/julia-hidalgo\/wp-json\/wp\/v2\/media\/176"}],"wp:attachment":[{"href":"https:\/\/blogs.univ-tlse2.fr\/julia-hidalgo\/wp-json\/wp\/v2\/media?parent=84"}],"curies":[{"name":"wp","href":"https:\/\/api.w.org\/{rel}","templated":true}]}}