 {"id":22,"date":"2012-07-25T14:40:59","date_gmt":"2012-07-25T12:40:59","guid":{"rendered":"https:\/\/blogs.univ-tlse2.fr\/cahiers-cetim\/?page_id=22"},"modified":"2015-05-18T10:37:35","modified_gmt":"2015-05-18T08:37:35","slug":"comite-editorial","status":"publish","type":"page","link":"https:\/\/blogs.univ-tlse2.fr\/la-main-de-thot\/comite-editorial\/","title":{"rendered":"Comit\u00e9 Editorial"},"content":{"rendered":"<p><strong>Bureau<\/strong><\/p>\n<p>Solange Hibbs-Lissorgues (UT2J, CeTIM, D\u00e9partement d&rsquo;Etudes Hispaniques et Hispano-Am\u00e9ricaines, LLA-CREATIS)<\/p>\n<p>Karen Meschia (UT2J, CeTIM, D\u00e9partement Etudes du Monde Anglophone)<\/p>\n<p><strong>Directrice<\/strong><\/p>\n<p>Carole Filli\u00e8re\u00a0 (UT2J, CeTIM, LLA-CREATIS)<\/p>\n<p><strong>Membres du comit\u00e9 \u00e9ditorial<\/strong><\/p>\n<p>Fabrice Corrons\u00a0 (UT2J, D\u00e9partement d&rsquo;Etudes Hispaniques et Hispano-Am\u00e9ricaines, LLA-CREATIS)<\/p>\n<p>Alain Cozic (UT2J, CREG)<\/p>\n<p>Juliette Dalle (CNRS , IRIT)<\/p>\n<p>Luis Gonzalez\u00a0(UT2J, D\u00e9partement d&rsquo;Etudes Hispaniques et Hispano-Am\u00e9ricaines, FRAMESPA)<\/p>\n<p>Solange Hibbs \u00a0(UT2J, CeTIM, D\u00e9partement d&rsquo;Etudes Hispaniques et Hispano-Am\u00e9ricaines, LLA-CREATIS)<\/p>\n<p>Hilda Inderwildi\u00a0(UT2J, D\u00e9partement Langues Etrang\u00e8res, Section Allemand, CREG)<\/p>\n<p>Am\u00e9lie Josselin\u00a0(UT2J, CeTIM, D\u00e9partement Etudes du Monde Anglophone, CLLE-ERSS)<\/p>\n<p>\u00c9lise Leroy\u00a0(UT2J, CeTIM, CLLE-ERSS)<\/p>\n<p>Karen Meschia\u00a0(UT2J, CeTIM, D\u00e9partement Etudes du Monde Anglophone, CAS)<\/p>\n<p>Agn\u00e8s Surb\u00e9zy\u00a0(UT2J, D\u00e9partement d&rsquo;Etudes Hispaniques et Hispano-Am\u00e9ricaines, LLA-CREATIS)<\/p>\n<p>Nathalie Vincent-Arnaud\u00a0(UT2J, CeTIM, D\u00e9partement Etudes du Monde Anglophone, CAS)<\/p>\n","protected":false},"excerpt":{"rendered":"<p>Bureau Solange Hibbs-Lissorgues (UT2J, CeTIM, D\u00e9partement d&rsquo;Etudes Hispaniques et Hispano-Am\u00e9ricaines, LLA-CREATIS) Karen Meschia (UT2J, CeTIM, D\u00e9partement Etudes du Monde Anglophone) Directrice Carole Filli\u00e8re\u00a0 (UT2J, CeTIM, LLA-CREATIS) Membres du comit\u00e9 \u00e9ditorial Fabrice Corrons\u00a0 (UT2J, D\u00e9partement d&rsquo;Etudes Hispaniques et Hispano-Am\u00e9ricaines, LLA-CREATIS) Alain &hellip; <a href=\"https:\/\/blogs.univ-tlse2.fr\/la-main-de-thot\/comite-editorial\/\">Continuer la lecture <span class=\"meta-nav\">&rarr;<\/span><\/a><\/p>\n","protected":false},"author":122,"featured_media":0,"parent":0,"menu_order":0,"comment_status":"closed","ping_status":"closed","template":"","meta":{"footnotes":""},"class_list":["post-22","page","type-page","status-publish","hentry"],"_links":{"self":[{"href":"https:\/\/blogs.univ-tlse2.fr\/la-main-de-thot\/wp-json\/wp\/v2\/pages\/22","targetHints":{"allow":["GET"]}}],"collection":[{"href":"https:\/\/blogs.univ-tlse2.fr\/la-main-de-thot\/wp-json\/wp\/v2\/pages"}],"about":[{"href":"https:\/\/blogs.univ-tlse2.fr\/la-main-de-thot\/wp-json\/wp\/v2\/types\/page"}],"author":[{"embeddable":true,"href":"https:\/\/blogs.univ-tlse2.fr\/la-main-de-thot\/wp-json\/wp\/v2\/users\/122"}],"replies":[{"embeddable":true,"href":"https:\/\/blogs.univ-tlse2.fr\/la-main-de-thot\/wp-json\/wp\/v2\/comments?post=22"}],"version-history":[{"count":9,"href":"https:\/\/blogs.univ-tlse2.fr\/la-main-de-thot\/wp-json\/wp\/v2\/pages\/22\/revisions"}],"predecessor-version":[{"id":133,"href":"https:\/\/blogs.univ-tlse2.fr\/la-main-de-thot\/wp-json\/wp\/v2\/pages\/22\/revisions\/133"}],"wp:attachment":[{"href":"https:\/\/blogs.univ-tlse2.fr\/la-main-de-thot\/wp-json\/wp\/v2\/media?parent=22"}],"curies":[{"name":"wp","href":"https:\/\/api.w.org\/{rel}","templated":true}]}}