 {"id":92,"date":"2013-11-19T11:53:07","date_gmt":"2013-11-19T09:53:07","guid":{"rendered":"https:\/\/blogs.univ-tlse2.fr\/la-main-de-thot\/?page_id=92"},"modified":"2013-11-19T11:53:07","modified_gmt":"2013-11-19T09:53:07","slug":"comite-scientifique","status":"publish","type":"page","link":"https:\/\/blogs.univ-tlse2.fr\/la-main-de-thot\/comite-scientifique\/","title":{"rendered":"Comit\u00e9 scientifique"},"content":{"rendered":"<p>Mar\u00eda Teresa Cabr\u00e9, <i>Universidat Pompeu Fabra, Barcelona<\/i><\/p>\n<p>Patrice Dalle, <i>Universit\u00e9 Paul Sabatier, Toulouse<\/i><\/p>\n<p>Christian Cuxac, <i>Universit\u00e9 de Paris 8<\/i><\/p>\n<p>Luise Von Flotow,<i> Universit\u00e9 d\u2019Ottawa<\/i><\/p>\n<p>Marta Gin\u00e9 Janer, <i>Universitat de Lleida <\/i><\/p>\n<p>Maria Bel\u00e9n Lopez Arroyo, <i>Universidad de Valladolid<\/i><\/p>\n<p>Roda P. Roberts, <i>Universit\u00e9 d\u2019Ottawa<\/i><\/p>\n<p>Myriam Salama-Carr, <i>University of Salford<\/i><\/p>\n<p>Anna Sitarova, <i>University of Prague<\/i><\/p>\n","protected":false},"excerpt":{"rendered":"<p>Mar\u00eda Teresa Cabr\u00e9, Universidat Pompeu Fabra, Barcelona Patrice Dalle, Universit\u00e9 Paul Sabatier, Toulouse Christian Cuxac, Universit\u00e9 de Paris 8 Luise Von Flotow, Universit\u00e9 d\u2019Ottawa Marta Gin\u00e9 Janer, Universitat de Lleida Maria Bel\u00e9n Lopez Arroyo, Universidad de Valladolid Roda P. Roberts, &hellip; <a href=\"https:\/\/blogs.univ-tlse2.fr\/la-main-de-thot\/comite-scientifique\/\">Continuer la lecture <span class=\"meta-nav\">&rarr;<\/span><\/a><\/p>\n","protected":false},"author":122,"featured_media":0,"parent":0,"menu_order":0,"comment_status":"closed","ping_status":"closed","template":"","meta":{"footnotes":""},"class_list":["post-92","page","type-page","status-publish","hentry"],"_links":{"self":[{"href":"https:\/\/blogs.univ-tlse2.fr\/la-main-de-thot\/wp-json\/wp\/v2\/pages\/92","targetHints":{"allow":["GET"]}}],"collection":[{"href":"https:\/\/blogs.univ-tlse2.fr\/la-main-de-thot\/wp-json\/wp\/v2\/pages"}],"about":[{"href":"https:\/\/blogs.univ-tlse2.fr\/la-main-de-thot\/wp-json\/wp\/v2\/types\/page"}],"author":[{"embeddable":true,"href":"https:\/\/blogs.univ-tlse2.fr\/la-main-de-thot\/wp-json\/wp\/v2\/users\/122"}],"replies":[{"embeddable":true,"href":"https:\/\/blogs.univ-tlse2.fr\/la-main-de-thot\/wp-json\/wp\/v2\/comments?post=92"}],"version-history":[{"count":1,"href":"https:\/\/blogs.univ-tlse2.fr\/la-main-de-thot\/wp-json\/wp\/v2\/pages\/92\/revisions"}],"predecessor-version":[{"id":93,"href":"https:\/\/blogs.univ-tlse2.fr\/la-main-de-thot\/wp-json\/wp\/v2\/pages\/92\/revisions\/93"}],"wp:attachment":[{"href":"https:\/\/blogs.univ-tlse2.fr\/la-main-de-thot\/wp-json\/wp\/v2\/media?parent=92"}],"curies":[{"name":"wp","href":"https:\/\/api.w.org\/{rel}","templated":true}]}}