 {"id":1087,"date":"2018-06-13T14:10:01","date_gmt":"2018-06-13T12:10:01","guid":{"rendered":"https:\/\/blogs.univ-tlse2.fr\/lapena\/?page_id=1087"},"modified":"2020-09-03T11:10:43","modified_gmt":"2020-09-03T09:10:43","slug":"videos","status":"publish","type":"page","link":"https:\/\/blogs.univ-tlse2.fr\/lapena\/fr\/videos\/","title":{"rendered":"Vid\u00e9os"},"content":{"rendered":"<p><\/p>\n<h1>Inspiration Flamenco 2018<\/h1>\n<p><iframe loading=\"lazy\" src=\"https:\/\/prismes.univ-toulouse.fr\/player.php?code=l31B0793&amp;width=640px&amp;height=360px\" width=\"640px\" height=\"360px\" frameborder=\"0\" scrolling=\"no\" allowfullscreen=\"allowfullscreen\" data-aspectratio=\"0.5625\"><span data-mce-type=\"bookmark\" style=\"display: inline-block; width: 0px; overflow: hidden; line-height: 0;\" class=\"mce_SELRES_start\">\ufeff<\/span><\/iframe><\/p>\n<h1>Voyage de la Pe\u00f1a avril 2017<\/h1>\n<p><iframe loading=\"lazy\" src=\"https:\/\/videos.univ-tlse2.fr\/videos\/?video=MEDIA180618162127197\" width=\"640\" height=\"360\" frameborder=\"0\" marginwidth=\"0\" marginheight=\"0\" scrolling=\"no\" allowfullscreen=\"allowfullscreen\"><\/iframe><\/p>\n<p>&nbsp;<\/p>\n<h1>La fila de la Pe\u00f1a<\/h1>\n<p><iframe loading=\"lazy\" src=\"https:\/\/prismes.univ-toulouse.fr\/player.php?code=0d8R2063&amp;mode=advanced&amp;width=100%&amp;height=100%\" width=\"768px\" height=\"432px\" frameborder=\"0\" scrolling=\"no\" allowfullscreen=\"allowfullscreen\" data-aspectratio=\"0.5625\"><\/iframe><\/p>\n<p>&nbsp;<\/p>\n<h1>Cabezuela<\/h1>\n<p><iframe loading=\"lazy\" src=\"https:\/\/prismes.univ-toulouse.fr\/player.php?code=4m39R7P4&amp;mode=advanced&amp;width=100%&amp;height=100%\" width=\"768px\" height=\"432px\" frameborder=\"0\" scrolling=\"no\" allowfullscreen=\"allowfullscreen\" data-aspectratio=\"0.5625\"><\/iframe><\/p>\n<h2>La Espa\u00f1a de las tres culturas<\/h2>\n<h5>(Presentaci\u00f3n a cargo del \u00a0 Profesor Claude Chauchadis )<\/h5>\n<h2>S\u00e1bado Iero de Abril : TOLEDO<\/h2>\n<h4>Visita de la Mezsquita de Santa Mar\u00eda la Blanca<\/h4>\n<h4>\u00a0\u00a0\u00a0\u00a0\u00a0\u00a0\u00a0\u00a0\u00a0\u00a0\u00a0\u00a0\u00a0\u00a0 de Santo Tom\u00e9 : Entierro del Conde de Orgaz<\/h4>\n<h4>\u00a0\u00a0\u00a0\u00a0\u00a0\u00a0\u00a0\u00a0\u00a0\u00a0\u00a0\u00a0\u00a0\u00a0\u00a0 de San Juan de los Reyes<\/h4>\n<h4>\u00a0\u00a0\u00a0\u00a0\u00a0\u00a0\u00a0\u00a0\u00a0\u00a0\u00a0\u00a0\u00a0\u00a0\u00a0\u00a0 de la Sinagoga del Tr\u00e1nsito<\/h4>\n<h4>\u00a0Noche Toledana<\/h4>\n<h2>Lunes 2\u00a0\u00a0 y Martes 3 de Abril:\u00a0 \u00a0 GRANADA<\/h2>\n<h4>Visita\u00a0 del Palacio de Madraza<\/h4>\n<h4>\u00a0\u00a0\u00a0\u00a0\u00a0\u00a0\u00a0\u00a0\u00a0\u00a0\u00a0\u00a0\u00a0\u00a0\u00a0\u00a0 de la Catedral<\/h4>\n<h4>\u00a0\u00a0\u00a0\u00a0\u00a0\u00a0\u00a0\u00a0\u00a0\u00a0\u00a0\u00a0\u00a0\u00a0\u00a0\u00a0 de la Alhambra<\/h4>\n<h4>\u00a0\u00a0\u00a0\u00a0\u00a0\u00a0\u00a0\u00a0\u00a0\u00a0\u00a0\u00a0\u00a0\u00a0\u00a0\u00a0\u00a0 del Generalife<\/h4>\n<h4>\u00a0\u00a0\u00a0\u00a0\u00a0\u00a0\u00a0\u00a0\u00a0\u00a0\u00a0\u00a0\u00a0\u00a0\u00a0\u00a0\u00a0\u00a0\u00a0 del Albaic\u00edn<\/h4>\n<h4>Noches granadinas<\/h4>\n<h2>Mi\u00e9rcoles 4 de Abril : ALICANTE<\/h2>\n<h4>Visita de Castillo de Santa\u00a0 B\u00e1rbara<\/h4>\n<h4>\u00a0\u00a0\u00a0\u00a0\u00a0\u00a0\u00a0\u00a0\u00a0\u00a0\u00a0\u00a0\u00a0\u00a0\u00a0\u00a0\u00a0\u00a0\u00a0 del Puerto y del\u00a0 Paseo Mar\u00edtimo<\/h4>\n<h4>Noche alicantina<\/h4>\n<h2>Jueves 5 de Abril\u00a0\u00a0\u00a0\u00a0 VILLAJOYOSA Y\u00a0 CASTELL\u00d3N DE LA PLANA<\/h2>\n<h2>\u00a0\u00a0\u00a0\u00a0\u00a0\u00a0\u00a0\u00a0\u00a0\u00a0\u00a0\u00a0\u00a0\u00a0\u00a0\u00a0\u00a0\u00a0\u00a0\u00a0 Presentaci\u00f3n de la Fiesta de Moros y Cristiano de Villajoyosa<\/h2>\n<h4>\u00a0\u00a0\u00a0\u00a0\u00a0\u00a0\u00a0\u00a0\u00a0\u00a0\u00a0\u00a0\u00a0\u00a0\u00a0\u00a0\u00a0\u00a0\u00a0\u00a0 \u00a0 \u00a0 \u00a0 \u00a0\u00a0 Actuaciones\u00a0 de los novatos : humor y creatividad !<\/h4>\n<h4>Cena de fin de viaje<\/h4>\n<h2>Cuando reanuden los cursos presentaremos un corto reportaje de este viaje<\/h2>\n<p><\/p>","protected":false},"excerpt":{"rendered":"<p>Inspiration Flamenco 2018 \ufeff Voyage de la Pe\u00f1a avril 2017 &nbsp; La fila de la Pe\u00f1a &nbsp; Cabezuela La Espa\u00f1a de las tres culturas (Presentaci\u00f3n a cargo del \u00a0 Profesor Claude Chauchadis ) S\u00e1bado Iero de Abril : TOLEDO Visita de la Mezsquita de Santa Mar\u00eda la Blanca \u00a0\u00a0\u00a0\u00a0\u00a0\u00a0\u00a0\u00a0\u00a0\u00a0\u00a0\u00a0\u00a0\u00a0 de Santo Tom\u00e9 : Entierro del [&hellip;]<\/p>\n","protected":false},"author":1,"featured_media":0,"parent":0,"menu_order":0,"comment_status":"closed","ping_status":"closed","template":"","meta":{"footnotes":""},"class_list":["post-1087","page","type-page","status-publish","hentry","post-preview"],"_links":{"self":[{"href":"https:\/\/blogs.univ-tlse2.fr\/lapena\/fr\/wp-json\/wp\/v2\/pages\/1087","targetHints":{"allow":["GET"]}}],"collection":[{"href":"https:\/\/blogs.univ-tlse2.fr\/lapena\/fr\/wp-json\/wp\/v2\/pages"}],"about":[{"href":"https:\/\/blogs.univ-tlse2.fr\/lapena\/fr\/wp-json\/wp\/v2\/types\/page"}],"author":[{"embeddable":true,"href":"https:\/\/blogs.univ-tlse2.fr\/lapena\/fr\/wp-json\/wp\/v2\/users\/1"}],"replies":[{"embeddable":true,"href":"https:\/\/blogs.univ-tlse2.fr\/lapena\/fr\/wp-json\/wp\/v2\/comments?post=1087"}],"version-history":[{"count":11,"href":"https:\/\/blogs.univ-tlse2.fr\/lapena\/fr\/wp-json\/wp\/v2\/pages\/1087\/revisions"}],"predecessor-version":[{"id":1465,"href":"https:\/\/blogs.univ-tlse2.fr\/lapena\/fr\/wp-json\/wp\/v2\/pages\/1087\/revisions\/1465"}],"wp:attachment":[{"href":"https:\/\/blogs.univ-tlse2.fr\/lapena\/fr\/wp-json\/wp\/v2\/media?parent=1087"}],"curies":[{"name":"wp","href":"https:\/\/api.w.org\/{rel}","templated":true}]}}