 {"id":13,"date":"2016-01-15T14:23:17","date_gmt":"2016-01-15T13:23:17","guid":{"rendered":"https:\/\/blogs.univ-tlse2.fr\/lapena\/?page_id=13"},"modified":"2016-03-07T17:32:03","modified_gmt":"2016-03-07T16:32:03","slug":"questionnaire","status":"publish","type":"page","link":"https:\/\/blogs.univ-tlse2.fr\/lapena\/fr\/questionnaire\/","title":{"rendered":"Questionnaire"},"content":{"rendered":"<p>\n<div class=\"wpcf7 no-js\" id=\"wpcf7-f720-o1\" lang=\"fr-FR\" dir=\"ltr\" data-wpcf7-id=\"720\">\n<div class=\"screen-reader-response\"><p role=\"status\" aria-live=\"polite\" aria-atomic=\"true\"><\/p> <ul><\/ul><\/div>\n<form action=\"\/lapena\/fr\/wp-json\/wp\/v2\/pages\/13#wpcf7-f720-o1\" method=\"post\" class=\"wpcf7-form init\" aria-label=\"Formulaire de contact\" novalidate=\"novalidate\" data-status=\"init\">\n<fieldset class=\"hidden-fields-container\"><input type=\"hidden\" name=\"_wpcf7\" value=\"720\" \/><input type=\"hidden\" name=\"_wpcf7_version\" value=\"6.1.5\" \/><input type=\"hidden\" name=\"_wpcf7_locale\" value=\"fr_FR\" \/><input type=\"hidden\" name=\"_wpcf7_unit_tag\" value=\"wpcf7-f720-o1\" \/><input type=\"hidden\" name=\"_wpcf7_container_post\" value=\"0\" \/><input type=\"hidden\" name=\"_wpcf7_posted_data_hash\" value=\"\" \/>\n<\/fieldset>\n<p><span class=\"wpcf7-form-control-wrap\" data-name=\"activites\"><span class=\"wpcf7-form-control wpcf7-checkbox\"><span class=\"wpcf7-list-item first last\"><input type=\"checkbox\" name=\"activites[]\" value=\"1- Assurer une permanence au Bar du Foyer d&#039;Espagnol\" \/><span class=\"wpcf7-list-item-label\">1- Assurer une permanence au Bar du Foyer d&#039;Espagnol<\/span><\/span><\/span><\/span>\n<\/p>\n<p><span class=\"wpcf7-form-control-wrap\" data-name=\"activites\"><span class=\"wpcf7-form-control wpcf7-checkbox\"><span class=\"wpcf7-list-item first last\"><input type=\"checkbox\" name=\"activites[]\" value=\"2- Participer \u00e0 la publicit\u00e9 de nos activit\u00e9s (affichage)\" \/><span class=\"wpcf7-list-item-label\">2- Participer \u00e0 la publicit\u00e9 de nos activit\u00e9s (affichage)<\/span><\/span><\/span><\/span>\n<\/p>\n<p><span class=\"wpcf7-form-control-wrap\" data-name=\"activites\"><span class=\"wpcf7-form-control wpcf7-checkbox\"><span class=\"wpcf7-list-item first last\"><input type=\"checkbox\" name=\"activites[]\" value=\"3- Chants \u00e9tudiants de Tuna\" \/><span class=\"wpcf7-list-item-label\">3- Chants \u00e9tudiants de Tuna<\/span><\/span><\/span><\/span>\n<\/p>\n<p><span class=\"wpcf7-form-control-wrap\" data-name=\"activites\"><span class=\"wpcf7-form-control wpcf7-checkbox\"><span class=\"wpcf7-list-item first last\"><input type=\"checkbox\" name=\"activites[]\" value=\"4-Activit\u00e9 musicale\" \/><span class=\"wpcf7-list-item-label\">4-Activit\u00e9 musicale<\/span><\/span><\/span><\/span>\n<\/p>\n<p><span class=\"wpcf7-form-control-wrap\" data-name=\"activites\"><span class=\"wpcf7-form-control wpcf7-checkbox\"><span class=\"wpcf7-list-item first last\"><input type=\"checkbox\" name=\"activites[]\" value=\"5- Echanges avec des \u00e9tudiants hispanophones de France ou de l&#039;ext\u00e9rieur\" \/><span class=\"wpcf7-list-item-label\">5- Echanges avec des \u00e9tudiants hispanophones de France ou de l&#039;ext\u00e9rieur<\/span><\/span><\/span><\/span>\n<\/p>\n<p><span class=\"wpcf7-form-control-wrap\" data-name=\"activites\"><span class=\"wpcf7-form-control wpcf7-checkbox\"><span class=\"wpcf7-list-item first last\"><input type=\"checkbox\" name=\"activites[]\" value=\"6- Apprentissage de danses: s\u00e9villane, tango, etc\" \/><span class=\"wpcf7-list-item-label\">6- Apprentissage de danses: s\u00e9villane, tango, etc<\/span><\/span><\/span><\/span>\n<\/p>\n<p><span class=\"wpcf7-form-control-wrap\" data-name=\"activites\"><span class=\"wpcf7-form-control wpcf7-checkbox\"><span class=\"wpcf7-list-item first last\"><input type=\"checkbox\" name=\"activites[]\" value=\"7- H\u00f4te ou h\u00f4tesse d&#039;accueil lors des Rencontres Cin\u00e9ma d&#039;Am\u00e9rique Latine\" \/><span class=\"wpcf7-list-item-label\">7- H\u00f4te ou h\u00f4tesse d&#039;accueil lors des Rencontres Cin\u00e9ma d&#039;Am\u00e9rique Latine<\/span><\/span><\/span><\/span>\n<\/p>\n<p><span class=\"wpcf7-form-control-wrap\" data-name=\"activites\"><span class=\"wpcf7-form-control wpcf7-checkbox\"><span class=\"wpcf7-list-item first last\"><input type=\"checkbox\" name=\"activites[]\" value=\"8- Initiation au traitement de texte\" \/><span class=\"wpcf7-list-item-label\">8- Initiation au traitement de texte<\/span><\/span><\/span><\/span>\n<\/p>\n<p><span class=\"wpcf7-form-control-wrap\" data-name=\"activites\"><span class=\"wpcf7-form-control wpcf7-checkbox\"><span class=\"wpcf7-list-item first last\"><input type=\"checkbox\" name=\"activites[]\" value=\"9- Organisation d&#039;atelier de po\u00e9sie, peinture, chants, danses\" \/><span class=\"wpcf7-list-item-label\">9- Organisation d&#039;atelier de po\u00e9sie, peinture, chants, danses<\/span><\/span><\/span><\/span>\n<\/p>\n<p><span class=\"wpcf7-form-control-wrap\" data-name=\"activites\"><span class=\"wpcf7-form-control wpcf7-checkbox\"><span class=\"wpcf7-list-item first last\"><input type=\"checkbox\" name=\"activites[]\" value=\"10- Participation \u00e0 des rencontres avec des \u00e9tudiants hispanophones inscrits \u00e0 l&#039;une des universit\u00e9s de Toulouse\" \/><span class=\"wpcf7-list-item-label\">10- Participation \u00e0 des rencontres avec des \u00e9tudiants hispanophones inscrits \u00e0 l&#039;une des universit\u00e9s de Toulouse<\/span><\/span><\/span><\/span>\n<\/p>\n<p><span class=\"wpcf7-form-control-wrap\" data-name=\"activites\"><span class=\"wpcf7-form-control wpcf7-checkbox\"><span class=\"wpcf7-list-item first last\"><input type=\"checkbox\" name=\"activites[]\" value=\"11- Participer au voyage de la Pe\u00f1a\" \/><span class=\"wpcf7-list-item-label\">11- Participer au voyage de la Pe\u00f1a<\/span><\/span><\/span><\/span>\n<\/p>\n<p><strong>Aurais-tu autre chose \u00e0 proposer ?<\/strong>\n<\/p>\n<p><span class=\"wpcf7-form-control-wrap\" data-name=\"your-message\"><textarea cols=\"40\" rows=\"10\" maxlength=\"2000\" class=\"wpcf7-form-control wpcf7-textarea\" aria-invalid=\"false\" name=\"your-message\"><\/textarea><\/span>\n<\/p>\n<p><strong>Tes coordonn\u00e9es :<\/strong>\n<\/p>\n<p>Votre nom (obligatoire)\n<\/p>\n<p><span class=\"wpcf7-form-control-wrap\" data-name=\"your-name\"><input size=\"40\" maxlength=\"400\" class=\"wpcf7-form-control wpcf7-text wpcf7-validates-as-required\" aria-required=\"true\" aria-invalid=\"false\" value=\"\" type=\"text\" name=\"your-name\" \/><\/span>\n<\/p>\n<p>Votre email (obligatoire)\n<\/p>\n<p><span class=\"wpcf7-form-control-wrap\" data-name=\"your-email\"><input size=\"40\" maxlength=\"400\" class=\"wpcf7-form-control wpcf7-email wpcf7-validates-as-required wpcf7-text wpcf7-validates-as-email\" aria-required=\"true\" aria-invalid=\"false\" value=\"\" type=\"email\" name=\"your-email\" \/><\/span>\n<\/p>\n<p>Ann\u00e9e d'universit\u00e9\n<\/p>\n<p><span class=\"wpcf7-form-control-wrap\" data-name=\"annee-universite\"><input size=\"40\" maxlength=\"400\" class=\"wpcf7-form-control wpcf7-text\" aria-invalid=\"false\" value=\"\" type=\"text\" name=\"annee-universite\" \/><\/span>\n<\/p>\n<p>Adresse\n<\/p>\n<p><span class=\"wpcf7-form-control-wrap\" data-name=\"adresse\"><input size=\"40\" maxlength=\"400\" class=\"wpcf7-form-control wpcf7-text\" aria-invalid=\"false\" value=\"\" type=\"text\" name=\"adresse\" \/><\/span>\n<\/p>\n<p>Courriel ou t\u00e9l\u00e9phone\n<\/p>\n<p><span class=\"wpcf7-form-control-wrap\" data-name=\"courriel-telephone\"><input size=\"40\" maxlength=\"400\" class=\"wpcf7-form-control wpcf7-text\" aria-invalid=\"false\" value=\"\" type=\"text\" name=\"courriel-telephone\" \/><\/span>\n<\/p>\n<p><input class=\"wpcf7-form-control wpcf7-submit has-spinner\" type=\"submit\" value=\"Envoyer\" \/>\n<\/p><div class=\"wpcf7-response-output\" aria-hidden=\"true\"><\/div>\n<\/form>\n<\/div>\n<\/p>","protected":false},"excerpt":{"rendered":"","protected":false},"author":1,"featured_media":0,"parent":0,"menu_order":0,"comment_status":"closed","ping_status":"closed","template":"","meta":{"footnotes":""},"class_list":["post-13","page","type-page","status-publish","hentry","post-preview"],"_links":{"self":[{"href":"https:\/\/blogs.univ-tlse2.fr\/lapena\/fr\/wp-json\/wp\/v2\/pages\/13","targetHints":{"allow":["GET"]}}],"collection":[{"href":"https:\/\/blogs.univ-tlse2.fr\/lapena\/fr\/wp-json\/wp\/v2\/pages"}],"about":[{"href":"https:\/\/blogs.univ-tlse2.fr\/lapena\/fr\/wp-json\/wp\/v2\/types\/page"}],"author":[{"embeddable":true,"href":"https:\/\/blogs.univ-tlse2.fr\/lapena\/fr\/wp-json\/wp\/v2\/users\/1"}],"replies":[{"embeddable":true,"href":"https:\/\/blogs.univ-tlse2.fr\/lapena\/fr\/wp-json\/wp\/v2\/comments?post=13"}],"version-history":[{"count":5,"href":"https:\/\/blogs.univ-tlse2.fr\/lapena\/fr\/wp-json\/wp\/v2\/pages\/13\/revisions"}],"predecessor-version":[{"id":722,"href":"https:\/\/blogs.univ-tlse2.fr\/lapena\/fr\/wp-json\/wp\/v2\/pages\/13\/revisions\/722"}],"wp:attachment":[{"href":"https:\/\/blogs.univ-tlse2.fr\/lapena\/fr\/wp-json\/wp\/v2\/media?parent=13"}],"curies":[{"name":"wp","href":"https:\/\/api.w.org\/{rel}","templated":true}]}}